
{"id":5242,"date":"2018-06-29T09:33:22","date_gmt":"2018-06-29T07:33:22","guid":{"rendered":"http:\/\/www.fjardhundraland.se\/?page_id=5242"},"modified":"2020-08-13T23:16:06","modified_gmt":"2020-08-13T21:16:06","slug":"fjardhundralandsleden","status":"publish","type":"page","link":"https:\/\/www.fjardhundraland.se\/es\/cykla\/fjardhundralandsleden\/","title":{"rendered":"Fj\u00e4rdhundralands"},"content":{"rendered":"<p><strong>Fj\u00e4rdhundralandsleden es nuestra ruta ciclista<\/strong> por el centro de nuestra regi\u00f3n. La primera etapa, de 38 km, discurre entre Fj\u00e4rdhundra y \u00d6rsundsbro, por buenas carreteras con multitud de oportunidades para parar a tomar un caf\u00e9, desviarse o darse un ba\u00f1o. Tambi\u00e9n est\u00e1 cerca de otros destinos en Fj\u00e4rdhundraland, por lo que puede utilizar el sendero como base para su propia ruta.<\/p>\n<p>El sendero discurre en su mayor parte por asfalto, pero tambi\u00e9n tiene algunos kil\u00f3metros por caminos de grava poco transitados. Si desea asfalto 100%, hay una <a href=\"https:\/\/bit.ly\/fjh-asfalt\" target=\"_blank\" rel=\"noopener\">ruta alternativa aqu\u00ed<\/a>.<\/p>\n<h2>Nueve sitios con audiogu\u00eda<\/h2>\n<p>En nueve puntos del sendero, la historia se cuenta en la aplicaci\u00f3n <a href=\"https:\/\/www.fjardhundraland.se\/es\/2019\/03\/guias-de-storyspot-en-fjardhundralandia\/\">Storyspot<\/a>. <a href=\"https:\/\/www.storyspot.se\/sv\/\" target=\"_blank\" rel=\"noopener noreferrer\">Descargar y escuchar<\/a>!<\/p>\n<h2>Una ruta ciclista cerca de Uppsala, Estocolmo, Sala y V\u00e4ster\u00e5s<\/h2>\n<p>El sendero empieza y termina en una parada de autob\u00fas. <a href=\"https:\/\/www.ul.se\/reseinfo\/resa-med-oss\/vad-galler-ombord\/\" target=\"_blank\" rel=\"noopener\">Puede llevar su bicicleta a bordo<\/a> en los autobuses sujetos a disponibilidad - autob\u00fas 804 a \u00d6rsundsbro y 225 a Fj\u00e4rdhundra.<\/p>\n<p><strong>Desde Uppsala\u00a0<\/strong>se puede recorrer en bicicleta la \u201dC55\u201d por el antiguo terrapl\u00e9n del ferrocarril <strong> a \u00d6rsundsbro\u00a0<\/strong>o elija su propia ruta por la campi\u00f1a al este de los 55, por ejemplo pasando por el castillo de Wik.<\/p>\n<p><strong>Desde V\u00e4ster\u00e5s<\/strong> puede tomar la carretera por Tortuna en direcci\u00f3n a K\u00e4rsta\/Bred y seguir las indicaciones hacia Fj\u00e4rdhundra justo despu\u00e9s de Sag\u00e5n.<\/p>\n<p><strong>Desde Estocolmo<\/strong> puede tomar <a href=\"https:\/\/sl.se\/sv\/info\/resa\/regler\/cykel\/\" target=\"_blank\" rel=\"noopener noreferrer\">ir en bici al trabajo<\/a> hacia B\u00e5lsta y tomar <a href=\"https:\/\/www.google.se\/maps\/dir\/B%C3%A5lsta+station,+746+33+B%C3%A5lsta\/%C3%96rsundsbro+centrum,+%C3%96rsundsbro\/@59.6514317,17.2782124,11z\/data=!3m1!4b1!4m14!4m13!1m5!1m1!1s0x465fae3566714395:0xff2d5f6bb3642209!2m2!1d17.531016!2d59.5692486!1m5!1m1!1s0x465e4b9bb209a301:0xc0f995bc743d6015!2m2!1d17.3077897!2d59.7338649!3e1\" target=\"_blank\" rel=\"noopener noreferrer\">peque\u00f1as carreteras v\u00eda Hj\u00e4lsta a \u00d6rsundsbro<\/a> 25 kil\u00f3metros. Si quiere recorrer un largo trecho en bicicleta, tambi\u00e9n hay buenas carreteras desde Kungs\u00e4ngen.<\/p>\n<h2>Encuentre el adecuado<\/h2>\n<p>Estos son los miembros de <a href=\"https:\/\/drive.google.com\/open?id=1CxRdRV4IPx4dBWTHZIWCFXfTdDA0y4Hy&amp;usp=sharing\" target=\"_blank\" rel=\"noopener noreferrer\">Google Maps.<\/a>\u00a0Descargar <a href=\"https:\/\/www.fjardhundraland.se\/wp-content\/uploads\/2018\/07\/Fjardhundralandsleden.pdf\">en PDF<\/a>. El sendero no est\u00e1 se\u00f1alizado.<\/p>\n<p><iframe style=\"border: 1px #d5d5d5 solid; min-height: 300px;\" src=\"https:\/\/embed.alpacamaps.com\/journey\/d1cfbc4d-6898-11e8-a4a7-024bc0398b11\/default\" width=\"100%\" height=\"850\" allowfullscreen=\"allowfullscreen\"><\/iframe><\/p>\n<p><em>Las obras del sendero y del Storyspot se han financiado en parte con una subvenci\u00f3n de Leader M\u00e4lardalen.<\/em><\/p>\n<p><img decoding=\"async\" data-attachment-id=\"5257\" data-permalink=\"https:\/\/www.fjardhundraland.se\/es\/cykla\/fjardhundralandsleden\/attachment\/logo-leader_malardalen\/\" data-orig-file=\"https:\/\/www.fjardhundraland.se\/wp-content\/uploads\/2018\/06\/logo-leader_malardalen.jpg\" data-orig-size=\"2330,696\" data-comments-opened=\"0\" data-image-meta=\"{&quot;aperture&quot;:&quot;0&quot;,&quot;credit&quot;:&quot;&quot;,&quot;camera&quot;:&quot;&quot;,&quot;caption&quot;:&quot;&quot;,&quot;created_timestamp&quot;:&quot;0&quot;,&quot;copyright&quot;:&quot;&quot;,&quot;focal_length&quot;:&quot;0&quot;,&quot;iso&quot;:&quot;0&quot;,&quot;shutter_speed&quot;:&quot;0&quot;,&quot;title&quot;:&quot;&quot;,&quot;orientation&quot;:&quot;0&quot;}\" data-image-title=\"Logo LEADER_MALARDALEN\" data-image-description=\"\" data-image-caption=\"\" data-large-file=\"https:\/\/www.fjardhundraland.se\/wp-content\/uploads\/2018\/06\/logo-leader_malardalen.jpg\" class=\"alignnone size-medium wp-image-5257\" src=\"https:\/\/www.fjardhundraland.se\/wp-content\/uploads\/2018\/06\/logo-leader_malardalen-300x90.jpg\" alt=\"\" width=\"300\" height=\"90\" title=\"\"> <img decoding=\"async\" data-attachment-id=\"5258\" data-permalink=\"https:\/\/www.fjardhundraland.se\/es\/cykla\/fjardhundralandsleden\/attachment\/eu-flagga\/\" data-orig-file=\"https:\/\/www.fjardhundraland.se\/wp-content\/uploads\/2018\/06\/eu-flagga.jpg\" data-orig-size=\"278,271\" data-comments-opened=\"0\" data-image-meta=\"{&quot;aperture&quot;:&quot;0&quot;,&quot;credit&quot;:&quot;&quot;,&quot;camera&quot;:&quot;&quot;,&quot;caption&quot;:&quot;&quot;,&quot;created_timestamp&quot;:&quot;0&quot;,&quot;copyright&quot;:&quot;&quot;,&quot;focal_length&quot;:&quot;0&quot;,&quot;iso&quot;:&quot;0&quot;,&quot;shutter_speed&quot;:&quot;0&quot;,&quot;title&quot;:&quot;&quot;,&quot;orientation&quot;:&quot;0&quot;}\" data-image-title=\"EU-flagga\" data-image-description=\"\" data-image-caption=\"\" data-large-file=\"https:\/\/www.fjardhundraland.se\/wp-content\/uploads\/2018\/06\/eu-flagga.jpg\" class=\"alignnone size-thumbnail wp-image-5258\" src=\"https:\/\/www.fjardhundraland.se\/wp-content\/uploads\/2018\/06\/eu-flagga-150x150.jpg\" alt=\"\" width=\"150\" height=\"150\" title=\"\"> <img decoding=\"async\" data-attachment-id=\"5259\" data-permalink=\"https:\/\/www.fjardhundraland.se\/es\/cykla\/fjardhundralandsleden\/attachment\/leader\/\" data-orig-file=\"https:\/\/www.fjardhundraland.se\/wp-content\/uploads\/2018\/06\/leader.jpg\" data-orig-size=\"763,764\" data-comments-opened=\"0\" data-image-meta=\"{&quot;aperture&quot;:&quot;0&quot;,&quot;credit&quot;:&quot;&quot;,&quot;camera&quot;:&quot;&quot;,&quot;caption&quot;:&quot;&quot;,&quot;created_timestamp&quot;:&quot;0&quot;,&quot;copyright&quot;:&quot;&quot;,&quot;focal_length&quot;:&quot;0&quot;,&quot;iso&quot;:&quot;0&quot;,&quot;shutter_speed&quot;:&quot;0&quot;,&quot;title&quot;:&quot;&quot;,&quot;orientation&quot;:&quot;0&quot;}\" data-image-title=\"Leader\" data-image-description=\"\" data-image-caption=\"\" data-large-file=\"https:\/\/www.fjardhundraland.se\/wp-content\/uploads\/2018\/06\/leader.jpg\" class=\"alignnone size-thumbnail wp-image-5259\" src=\"https:\/\/www.fjardhundraland.se\/wp-content\/uploads\/2018\/06\/leader-150x150.jpg\" alt=\"\" width=\"150\" height=\"150\" title=\"\"><\/p>","protected":false},"excerpt":{"rendered":"<p>Fj\u00e4rdhundralandsleden \u00e4r v\u00e5r cykelrutt genom k\u00e4rnan av v\u00e5rt omr\u00e5de. Den f\u00f6rsta etappen, p\u00e5 38 km, g\u00e5r mellan Fj\u00e4rdhundra och \u00d6rsundsbro, p\u00e5 fina v\u00e4gar med goda m\u00f6jligheter till pauser f\u00f6r fika, avstickare eller ett dopp. Du har dessutom n\u00e4ra till flera andra bes\u00f6ksm\u00e5l i Fj\u00e4rdhundraland, s\u00e5 att du kan anv\u00e4nda leden som en bas f\u00f6r din [&hellip;]<\/p>\n","protected":false},"author":1,"featured_media":5238,"parent":5231,"menu_order":8,"comment_status":"closed","ping_status":"closed","template":"","meta":{"_acf_changed":false,"_relevanssi_hide_post":"","_relevanssi_hide_content":"","_relevanssi_pin_for_all":"","_relevanssi_pin_keywords":"","_relevanssi_unpin_keywords":"","_relevanssi_related_keywords":"","_relevanssi_related_include_ids":"","_relevanssi_related_exclude_ids":"","_relevanssi_related_no_append":"","_relevanssi_related_not_related":"","_relevanssi_related_posts":"5638,18099,16006,13215,14540,19177","_relevanssi_noindex_reason":"","_genesis_hide_title":false,"_genesis_hide_breadcrumbs":false,"_genesis_hide_singular_image":false,"_genesis_hide_footer_widgets":false,"_genesis_custom_body_class":"","_genesis_custom_post_class":"","_genesis_layout":"","footnotes":""},"categories":[263,290,25,87],"tags":[],"class_list":{"0":"post-5242","1":"page","2":"type-page","3":"status-publish","4":"has-post-thumbnail","6":"category-cykling","7":"category-hemester","8":"category-upplevelser","9":"category-utflykt","10":"entry"},"acf":[],"visa":null,"geo_latitude":null,"geo_longitude":null,"featured_image_src":"https:\/\/www.fjardhundraland.se\/wp-content\/uploads\/2018\/06\/cykling.jpg","featured_image_src_square":"https:\/\/www.fjardhundraland.se\/wp-content\/uploads\/2018\/06\/cykling.jpg","jetpack-related-posts":[],"jetpack_sharing_enabled":true,"_links":{"self":[{"href":"https:\/\/www.fjardhundraland.se\/es\/wp-json\/wp\/v2\/pages\/5242","targetHints":{"allow":["GET"]}}],"collection":[{"href":"https:\/\/www.fjardhundraland.se\/es\/wp-json\/wp\/v2\/pages"}],"about":[{"href":"https:\/\/www.fjardhundraland.se\/es\/wp-json\/wp\/v2\/types\/page"}],"author":[{"embeddable":true,"href":"https:\/\/www.fjardhundraland.se\/es\/wp-json\/wp\/v2\/users\/1"}],"replies":[{"embeddable":true,"href":"https:\/\/www.fjardhundraland.se\/es\/wp-json\/wp\/v2\/comments?post=5242"}],"version-history":[{"count":0,"href":"https:\/\/www.fjardhundraland.se\/es\/wp-json\/wp\/v2\/pages\/5242\/revisions"}],"up":[{"embeddable":true,"href":"https:\/\/www.fjardhundraland.se\/es\/wp-json\/wp\/v2\/pages\/5231"}],"wp:featuredmedia":[{"embeddable":true,"href":"https:\/\/www.fjardhundraland.se\/es\/wp-json\/wp\/v2\/media\/5238"}],"wp:attachment":[{"href":"https:\/\/www.fjardhundraland.se\/es\/wp-json\/wp\/v2\/media?parent=5242"}],"wp:term":[{"taxonomy":"category","embeddable":true,"href":"https:\/\/www.fjardhundraland.se\/es\/wp-json\/wp\/v2\/categories?post=5242"},{"taxonomy":"post_tag","embeddable":true,"href":"https:\/\/www.fjardhundraland.se\/es\/wp-json\/wp\/v2\/tags?post=5242"}],"curies":[{"name":"wp","href":"https:\/\/api.w.org\/{rel}","templated":true}]}}