
{"id":5231,"date":"2018-06-28T17:11:59","date_gmt":"2018-06-28T15:11:59","guid":{"rendered":"http:\/\/www.fjardhundraland.se\/?page_id=5231"},"modified":"2023-04-28T15:31:04","modified_gmt":"2023-04-28T13:31:04","slug":"ciclo","status":"publish","type":"page","link":"https:\/\/www.fjardhundraland.se\/es\/cykla\/","title":{"rendered":"En bicicleta por el campo, cerca de la naturaleza y la cultura"},"content":{"rendered":"<h2>Peque\u00f1as carreteras en bicicleta cerca de Estocolmo, Uppsala y V\u00e4ster\u00e5s<\/h2>\n<p><strong>Vistas, caf\u00e9s, buena comida, monumentos... pero, sobre todo, todas esas peque\u00f1as carreteras serpenteantes que atraviesan un hermoso paisaje agr\u00edcola, acompa\u00f1adas por el canto de los p\u00e1jaros y los sonidos de la historia. Fj\u00e4rdhundraland le da la bienvenida como ciclista.<\/strong><\/p>\n<p>Las carreteras secundarias est\u00e1n por todas partes, y no es casualidad. Los antiguos y medievales las recorr\u00edan a pie y a caballo, y a\u00fan hoy se disfrutan mejor a un ritmo pausado. La bicicleta es perfecta. Los olores son diferentes a los del coche y la ciudad. Aqu\u00ed hay heno, flores y esti\u00e9rcol de vaca.<\/p>\n<h2>En bicicleta por el campo<\/h2>\n<p>Hay muchas combinaciones posibles. Puedes apuntar <a href=\"https:\/\/www.fjardhundraland.se\/es\/los-sitios\/ata\/cafes\/\">cafeter\u00eda<\/a> que suene interesante y busca una ruta utilizando Google maps, por ejemplo. Evita las carreteras principales (70, 72, 55) y es muy probable que el paseo sea agradable. Pero es a\u00fan mejor con una ruta o carril bici de calidad garantizada.<\/p>\n<h3>Un nuevo carril bici<\/h3>\n<p><a href=\"https:\/\/www.fjardhundraland.se\/es\/ciclo\/fjardhundralandsleden\/\">Primera fase de la ruta Fj\u00e4rdhundraland<\/a> ya est\u00e1 en marcha. Funciona entre Fj\u00e4rdhundra y \u00d6rsundsbro. <a href=\"https:\/\/www.fjardhundraland.se\/es\/ciclo\/fjardhundralandsleden\/\">M\u00e1s informaci\u00f3n<\/a>!<\/p>\n<h3>Fj\u00e4rdhundraland en Suecia en Bicicleta<\/h3>\n<p>Sweden by Bike invierte en Fj\u00e4rdhundraland con nuevas excursiones en bicicleta por la zona. Aqu\u00ed encontrar\u00e1 <a href=\"https:\/\/swedenbybike.com\/resmal\/enkoping-o-fjardhundraland\/\" target=\"_blank\" rel=\"noopener\">ciclismo en Fj\u00e4rdhundraland<\/a>!<\/p>","protected":false},"excerpt":{"rendered":"<p>Cykla sm\u00e5v\u00e4gar n\u00e4ra Stockholm, Uppsala och V\u00e4ster\u00e5s Utsikter, kaf\u00e9er, god mat, sev\u00e4rdheter\u00a0\u2013 men framf\u00f6rallt alla dessa kurviga sm\u00e5 v\u00e4gar genom ett vackert jordbrukslandskap, ackompanjerade av f\u00e5gels\u00e5ng och historiens vingslag! Fj\u00e4rdhundraland\u00a0v\u00e4lkomnar dig som cyklar. Sm\u00e5v\u00e4garna finns \u00f6verallt, och det \u00e4r ingen slump. Forntidens och medeltidens m\u00e4nniskor r\u00f6rde sig till fots och till h\u00e4st p\u00e5 de h\u00e4r [&hellip;]<\/p>\n","protected":false},"author":1,"featured_media":5238,"parent":0,"menu_order":7,"comment_status":"closed","ping_status":"closed","template":"","meta":{"_acf_changed":false,"_relevanssi_hide_post":"","_relevanssi_hide_content":"","_relevanssi_pin_for_all":"","_relevanssi_pin_keywords":"","_relevanssi_unpin_keywords":"","_relevanssi_related_keywords":"","_relevanssi_related_include_ids":"","_relevanssi_related_exclude_ids":"","_relevanssi_related_no_append":"","_relevanssi_related_not_related":"","_relevanssi_related_posts":"12584,8656,10783,3619,3905,13560","_relevanssi_noindex_reason":"","_genesis_hide_title":false,"_genesis_hide_breadcrumbs":false,"_genesis_hide_singular_image":false,"_genesis_hide_footer_widgets":false,"_genesis_custom_body_class":"","_genesis_custom_post_class":"","_genesis_layout":"","footnotes":""},"categories":[263,290,280,89,87],"tags":[],"class_list":{"0":"post-5231","1":"page","2":"type-page","3":"status-publish","4":"has-post-thumbnail","6":"category-cykling","7":"category-hemester","8":"category-svensk-landsbygd","9":"category-turistinformation","10":"category-utflykt","11":"entry"},"acf":[],"visa":null,"geo_latitude":null,"geo_longitude":null,"featured_image_src":"https:\/\/www.fjardhundraland.se\/wp-content\/uploads\/2018\/06\/cykling.jpg","featured_image_src_square":"https:\/\/www.fjardhundraland.se\/wp-content\/uploads\/2018\/06\/cykling.jpg","jetpack-related-posts":[],"jetpack_sharing_enabled":true,"_links":{"self":[{"href":"https:\/\/www.fjardhundraland.se\/es\/wp-json\/wp\/v2\/pages\/5231","targetHints":{"allow":["GET"]}}],"collection":[{"href":"https:\/\/www.fjardhundraland.se\/es\/wp-json\/wp\/v2\/pages"}],"about":[{"href":"https:\/\/www.fjardhundraland.se\/es\/wp-json\/wp\/v2\/types\/page"}],"author":[{"embeddable":true,"href":"https:\/\/www.fjardhundraland.se\/es\/wp-json\/wp\/v2\/users\/1"}],"replies":[{"embeddable":true,"href":"https:\/\/www.fjardhundraland.se\/es\/wp-json\/wp\/v2\/comments?post=5231"}],"version-history":[{"count":0,"href":"https:\/\/www.fjardhundraland.se\/es\/wp-json\/wp\/v2\/pages\/5231\/revisions"}],"wp:featuredmedia":[{"embeddable":true,"href":"https:\/\/www.fjardhundraland.se\/es\/wp-json\/wp\/v2\/media\/5238"}],"wp:attachment":[{"href":"https:\/\/www.fjardhundraland.se\/es\/wp-json\/wp\/v2\/media?parent=5231"}],"wp:term":[{"taxonomy":"category","embeddable":true,"href":"https:\/\/www.fjardhundraland.se\/es\/wp-json\/wp\/v2\/categories?post=5231"},{"taxonomy":"post_tag","embeddable":true,"href":"https:\/\/www.fjardhundraland.se\/es\/wp-json\/wp\/v2\/tags?post=5231"}],"curies":[{"name":"wp","href":"https:\/\/api.w.org\/{rel}","templated":true}]}}