
{"id":4572,"date":"2017-07-26T19:02:57","date_gmt":"2017-07-26T17:02:57","guid":{"rendered":"http:\/\/www.fjardhundraland.se\/?page_id=4572"},"modified":"2017-09-24T09:02:23","modified_gmt":"2017-09-24T07:02:23","slug":"navegar-con-google-maps","status":"publish","type":"page","link":"https:\/\/www.fjardhundraland.se\/es\/evenemang\/rebusrundan10\/navigera-med-google-maps\/","title":{"rendered":"Navegar con Google Maps"},"content":{"rendered":"<p>Hay muchas carreteras secundarias sinuosas en Fj\u00e4rdhundraland. Son hermosas y forman parte del viaje, pero a veces es dif\u00edcil saber cu\u00e1l es la correcta para llegar a su destino. Navegar con Google Maps te ayudar\u00e1 a encontrar el camino.<\/p>\n<p>As\u00ed se hace:<\/p>\n<ul>\n<li>Abra el mapa por el que desea navegar: <a href=\"https:\/\/www.google.com\/maps\/d\/viewer?mid=118eaKAWvuCzmyU_cdhcvt0vee4M&amp;usp=sharing\" target=\"_blank\" rel=\"noopener\">Comida y gente 2017<\/a>.\u00a0<a href=\"https:\/\/drive.google.com\/open?id=1ppGvNp6Mmt7biv11-hflyIMF5JQ&amp;usp=sharing\" target=\"_blank\" rel=\"noopener\">El mapa redondo de rebus<\/a>. <a href=\"https:\/\/drive.google.com\/open?id=1XI-J11yQyJcbIVSGo-1zKJfCcCw&amp;usp=sharing\" target=\"_blank\" rel=\"noopener\">El mapa del rebus infantil<\/a>. Sugerencias de viajes para los que empiezan en <a href=\"https:\/\/drive.google.com\/open?id=1ofs3lwO-mxTIcbh0WJZrhTg4nb4&amp;usp=sharing\" target=\"_blank\" rel=\"noopener\">Uppsala<\/a>, <a href=\"https:\/\/drive.google.com\/open?id=1IfsSWbacSCU7bbFUgrFGEiGnqm8&amp;usp=sharing\" target=\"_blank\" rel=\"noopener\">V\u00e4ster\u00e5s<\/a>,\u00a0 <a href=\"https:\/\/drive.google.com\/open?id=1xBSYIdNTXndJeFSMN07em_jAnqQ&amp;usp=sharing\" target=\"_blank\" rel=\"noopener\">B\u00e5lsta-Estocolmo<\/a>, <a href=\"https:\/\/drive.google.com\/open?id=11PO6gTOWTDjCXlkKYmM7w6wM1KA&amp;usp=sharing\" target=\"_blank\" rel=\"noopener\">Sala-Heby<\/a>.<\/li>\n<li>Haga clic en el lugar al que desea ir.<\/li>\n<li>Obtendr\u00e1 m\u00e1s informaci\u00f3n sobre el lugar. Al hacer clic en el s\u00edmbolo de wayfinding (una flecha en \u00e1ngulo dentro de un rombo) se inicia la navegaci\u00f3n.<\/li>\n<li>Recibir\u00e1 indicaciones para llegar a su destino desde su ubicaci\u00f3n actual. A veces se le ofrecen varias opciones entre las que elegir.<\/li>\n<li>Cuando quieras viajar a un nuevo lugar, haz clic en \u00e9l y obtendr\u00e1s nuevas instrucciones de conducci\u00f3n.<\/li>\n<\/ul>","protected":false},"excerpt":{"rendered":"<p>Det finns m\u00e5nga slingrande sm\u00e5v\u00e4gar i Fj\u00e4rdhundraland. De \u00e4r vackra och en del av utflykten, men ibland \u00e4r det sv\u00e5rt att veta vilken som \u00e4r den r\u00e4tta f\u00f6r att komma till m\u00e5let. Navigerar du med hj\u00e4lp av Google Maps f\u00e5r du hj\u00e4lp att hitta. S\u00e5 h\u00e4r g\u00f6r du: \u00d6ppna den karta du vill navigera efter: [&hellip;]<\/p>\n","protected":false},"author":4,"featured_media":0,"parent":2394,"menu_order":19,"comment_status":"closed","ping_status":"closed","template":"","meta":{"_acf_changed":false,"_relevanssi_hide_post":"","_relevanssi_hide_content":"","_relevanssi_pin_for_all":"","_relevanssi_pin_keywords":"","_relevanssi_unpin_keywords":"","_relevanssi_related_keywords":"","_relevanssi_related_include_ids":"","_relevanssi_related_exclude_ids":"","_relevanssi_related_no_append":"","_relevanssi_related_not_related":"","_relevanssi_related_posts":"","_relevanssi_noindex_reason":"","_genesis_hide_title":false,"_genesis_hide_breadcrumbs":false,"_genesis_hide_singular_image":false,"_genesis_hide_footer_widgets":false,"_genesis_custom_body_class":"","_genesis_custom_post_class":"","_genesis_layout":"","footnotes":""},"categories":[],"tags":[],"class_list":{"0":"post-4572","1":"page","2":"type-page","3":"status-publish","5":"entry"},"acf":[],"visa":null,"geo_latitude":null,"geo_longitude":null,"featured_image_src":null,"featured_image_src_square":null,"jetpack-related-posts":[{"id":4533,"url":"https:\/\/www.fjardhundraland.se\/es\/evenemang\/rebusrundan10\/vasterasrundan-med-12-stopp\/","url_meta":{"origin":4572,"position":0},"title":"V\u00e4ster\u00e5s ida y vuelta con 12 paradas","author":"Ylva Fontell","date":"25 julio 2017","format":false,"excerpt":"Esta es una sugerencia de ruta para Rebusrundan que es adecuada para los que vienen de V\u00e4ster\u00e5s. La ruta se extiende por el paisaje agr\u00edcola de Fj\u00e4rdhundraland mezclado con bosques y hermosos valles. Le esperan muchas experiencias en la naturaleza. Una ronda con de todo, \u00a1desde dise\u00f1o de interiores hasta coches antiguos!  Artesan\u00eda alimentaria en diversas formas, como danza del ternero y chocolate. Venta de...","rel":"","context":"Entrada similar","block_context":{"text":"Entrada similar","link":""},"img":{"alt_text":"","src":"","width":0,"height":0},"classes":[]},{"id":4539,"url":"https:\/\/www.fjardhundraland.se\/es\/evenemang\/rebusrundan10\/balsta-stockholmsrundan-med-11-stopp\/","url_meta":{"origin":4572,"position":1},"title":"B\u00e5lsta-Estocolmo ida y vuelta con 11 paradas","author":"Ylva Fontell","date":"25 julio 2017","format":false,"excerpt":"Esta es una ruta sugerida para Rebusrundan que es adecuada para los que vienen de Estocolmo. La ruta se extiende por el paisaje agr\u00edcola de Fj\u00e4rdhundraland mezclado con bosques y hermosos valles. Le esperan muchas experiencias en la naturaleza. Varias paradas con artesan\u00eda alimentaria ecol\u00f3gica, como quesos, mermeladas, charcuter\u00eda, zumo de manzana y reposter\u00eda. Tambi\u00e9n puede comprar huevos, flores y plantas de jard\u00edn ....","rel":"","context":"Entrada similar","block_context":{"text":"Entrada similar","link":""},"img":{"alt_text":"","src":"","width":0,"height":0},"classes":[]},{"id":4530,"url":"https:\/\/www.fjardhundraland.se\/es\/evenemang\/rebusrundan10\/uppsalarundan-med-12-stopp\/","url_meta":{"origin":4572,"position":2},"title":"Uppsalaour con 12 paradas","author":"Ylva Fontell","date":"25 julio 2017","format":false,"excerpt":"Esta es una sugerencia de ruta para la ronda Rebus que es adecuada para los que vienen de Uppsala. La ruta discurre por el paisaje agr\u00edcola de Fj\u00e4rdhundraland mezclado con bosques y hermosos valles. Le esperan muchas experiencias en la naturaleza. Encontrar\u00e1 artesan\u00eda alimentaria en diversas formas, como quesos, mermeladas, charcuter\u00eda y reposter\u00eda. Tambi\u00e9n podr\u00e1 comprar huevos, flores y plantas de jard\u00edn....","rel":"","context":"Entrada similar","block_context":{"text":"Entrada similar","link":""},"img":{"alt_text":"","src":"","width":0,"height":0},"classes":[]},{"id":4537,"url":"https:\/\/www.fjardhundraland.se\/es\/evenemang\/rebusrundan10\/sala-hebyrundan-med-13-stopp\/","url_meta":{"origin":4572,"position":3},"title":"Sala-Hebyrundan con 13 paradas","author":"Ylva Fontell","date":"25 julio 2017","format":false,"excerpt":"Esta es una sugerencia de ruta para Rebusrundan que es adecuada para los que vienen de Sala o Heby. La ruta se extiende por el paisaje agr\u00edcola de Fj\u00e4rdhundraland mezclado con bosques y hermosos valles. Le esperan muchas experiencias en plena naturaleza. Varias paradas tienen mucha historia que contar sobre piedras r\u00fanicas, pueblos de soldados y antiguas escuelas de pueblo. En varios lugares hay...","rel":"","context":"Entrada similar","block_context":{"text":"Entrada similar","link":""},"img":{"alt_text":"","src":"","width":0,"height":0},"classes":[]},{"id":4517,"url":"https:\/\/www.fjardhundraland.se\/es\/evenemang\/rebusrundan10\/barnrebusrundan\/","url_meta":{"origin":4572,"position":4},"title":"Recorrido en autob\u00fas para ni\u00f1os","author":"Ylva Fontell","date":"23 julio 2017","format":false,"excerpt":"Doce lugares del recorrido del rebus tienen en mente a los m\u00e1s peque\u00f1os de la familia. Hay acertijos especiales adecuados para ni\u00f1os de 5 a 11 a\u00f1os. Adem\u00e1s, en cada parada se puede hacer algo divertido: en los Establos Amarillos, el perro Ojja ense\u00f1a a los ni\u00f1os los conejos, patos y gallinas de los establos. La Oveja Feliz tiene...","rel":"","context":"Entrada similar","block_context":{"text":"Entrada similar","link":""},"img":{"alt_text":"","src":"https:\/\/i0.wp.com\/www.fjardhundraland.se\/wp-content\/uploads\/2017\/07\/algar.jpg?resize=350%2C200&ssl=1","width":350,"height":200,"srcset":"https:\/\/i0.wp.com\/www.fjardhundraland.se\/wp-content\/uploads\/2017\/07\/algar.jpg?resize=350%2C200&ssl=1 1x, https:\/\/i0.wp.com\/www.fjardhundraland.se\/wp-content\/uploads\/2017\/07\/algar.jpg?resize=525%2C300&ssl=1 1.5x, https:\/\/i0.wp.com\/www.fjardhundraland.se\/wp-content\/uploads\/2017\/07\/algar.jpg?resize=700%2C400&ssl=1 2x, https:\/\/i0.wp.com\/www.fjardhundraland.se\/wp-content\/uploads\/2017\/07\/algar.jpg?resize=1050%2C600&ssl=1 3x, https:\/\/i0.wp.com\/www.fjardhundraland.se\/wp-content\/uploads\/2017\/07\/algar.jpg?resize=1400%2C800&ssl=1 4x"},"classes":[]},{"id":3963,"url":"https:\/\/www.fjardhundraland.se\/es\/evenemang\/djurens-dag\/","url_meta":{"origin":4572,"position":5},"title":"D\u00eda de los Animales 2017","author":"Ylva Fontell","date":"17 febrero 2017","format":false,"excerpt":"Corderos traviesos, simp\u00e1ticas gallinas o cerdos felices. \u00bfHay algo m\u00e1s bonito de ver que animales disfrutando del sol, el calor y el verde fresco? La primavera es tiempo de animales. Por cuarto a\u00f1o, algunas de las granjas de Fj\u00e4rdhundraland le invitan al D\u00eda de los Animales, el s\u00e1bado 27 de mayo de 11.00 a 16.00 h. Recorra...","rel":"","context":"Entrada similar","block_context":{"text":"Entrada similar","link":""},"img":{"alt_text":"","src":"https:\/\/i0.wp.com\/www.fjardhundraland.se\/wp-content\/uploads\/2017\/02\/18157411_1484046814959071_3875511745731358846_n.jpg?resize=350%2C200&ssl=1","width":350,"height":200,"srcset":"https:\/\/i0.wp.com\/www.fjardhundraland.se\/wp-content\/uploads\/2017\/02\/18157411_1484046814959071_3875511745731358846_n.jpg?resize=350%2C200&ssl=1 1x, https:\/\/i0.wp.com\/www.fjardhundraland.se\/wp-content\/uploads\/2017\/02\/18157411_1484046814959071_3875511745731358846_n.jpg?resize=525%2C300&ssl=1 1.5x, https:\/\/i0.wp.com\/www.fjardhundraland.se\/wp-content\/uploads\/2017\/02\/18157411_1484046814959071_3875511745731358846_n.jpg?resize=700%2C400&ssl=1 2x"},"classes":[]}],"jetpack_sharing_enabled":true,"_links":{"self":[{"href":"https:\/\/www.fjardhundraland.se\/es\/wp-json\/wp\/v2\/pages\/4572","targetHints":{"allow":["GET"]}}],"collection":[{"href":"https:\/\/www.fjardhundraland.se\/es\/wp-json\/wp\/v2\/pages"}],"about":[{"href":"https:\/\/www.fjardhundraland.se\/es\/wp-json\/wp\/v2\/types\/page"}],"author":[{"embeddable":true,"href":"https:\/\/www.fjardhundraland.se\/es\/wp-json\/wp\/v2\/users\/4"}],"replies":[{"embeddable":true,"href":"https:\/\/www.fjardhundraland.se\/es\/wp-json\/wp\/v2\/comments?post=4572"}],"version-history":[{"count":0,"href":"https:\/\/www.fjardhundraland.se\/es\/wp-json\/wp\/v2\/pages\/4572\/revisions"}],"up":[{"embeddable":true,"href":"https:\/\/www.fjardhundraland.se\/es\/wp-json\/wp\/v2\/pages\/2394"}],"wp:attachment":[{"href":"https:\/\/www.fjardhundraland.se\/es\/wp-json\/wp\/v2\/media?parent=4572"}],"wp:term":[{"taxonomy":"category","embeddable":true,"href":"https:\/\/www.fjardhundraland.se\/es\/wp-json\/wp\/v2\/categories?post=4572"},{"taxonomy":"post_tag","embeddable":true,"href":"https:\/\/www.fjardhundraland.se\/es\/wp-json\/wp\/v2\/tags?post=4572"}],"curies":[{"name":"wp","href":"https:\/\/api.w.org\/{rel}","templated":true}]}}