
{"id":4537,"date":"2017-07-25T23:49:53","date_gmt":"2017-07-25T21:49:53","guid":{"rendered":"http:\/\/www.fjardhundraland.se\/?page_id=4537"},"modified":"2017-08-02T14:00:42","modified_gmt":"2017-08-02T12:00:42","slug":"sala-hebyrundan-con-13-paradas","status":"publish","type":"page","link":"https:\/\/www.fjardhundraland.se\/es\/evenemang\/rebusrundan10\/sala-hebyrundan-med-13-stopp\/","title":{"rendered":"Sala-Hebyrundan con 13 paradas"},"content":{"rendered":"<p>Esta es una ruta sugerida para <a href=\"https:\/\/www.fjardhundraland.se\/es\/eventos\/rebus-redondo-2\/\">El tour de la vid<\/a> adecuado para los que vienen de Sala o Heby. La ruta se extiende por el paisaje agr\u00edcola de Fj\u00e4rdhundraland mezclado con bosques y hermosos valles. Le esperan muchas experiencias en plena naturaleza.<\/p>\n<p>Varias paradas tienen mucha historia que contar sobre piedras r\u00fanicas, pueblos de soldados y antiguas escuelas de pueblo. Varios lugares venden productos ecol\u00f3gicos, como carne, verduras, t\u00e9 y reposter\u00eda. Encontrar\u00e1 puestos de artesan\u00eda, como textiles, alfombras y velas. En un lugar podr\u00e1 comprar ropa vintage, en otro flores y plantas de jard\u00edn. Si le gustan los gnomos, se saciar\u00e1 en un museo de gnomos. En muchos lugares podr\u00e1 tomar un caf\u00e9 y un tentempi\u00e9 en un ambiente acogedor.<\/p>\n<p><a href=\"https:\/\/drive.google.com\/open?id=11PO6gTOWTDjCXlkKYmM7w6wM1KA&amp;usp=sharing\" target=\"_blank\" rel=\"noopener\">Abre el mapa.<\/a><\/p>\n<p>Si sigue la numeraci\u00f3n del mapa en orden ascendente o descendente, recorrer\u00e1 la ruta de la forma m\u00e1s inteligente. Utilice su tel\u00e9fono m\u00f3vil y Google Map para navegar y obtener informaci\u00f3n m\u00e1s detallada sobre las empresas\/organizaciones que visite.<\/p>\n<p>\u00bfNunca has navegado con Google Maps? <a href=\"https:\/\/www.fjardhundraland.se\/es\/eventos\/rebus-redondo-2\/navegar-con-google-maps\/\">He aqu\u00ed c\u00f3mo hacerlo<\/a>.<\/p>\n<p>El recorrido Rebus incluye 40 lugares, \u00a1as\u00ed que hay mucho m\u00e1s por descubrir! M\u00e1s informaci\u00f3n <a href=\"https:\/\/www.fjardhundraland.se\/es\/eventos\/rebus-redondo-2\/\">El rebus tour y ver todas las ubicaciones.<\/a><\/p>\n<p><iframe src=\"https:\/\/www.google.com\/maps\/d\/embed?mid=11PO6gTOWTDjCXlkKYmM7w6wM1KA\" width=\"100%\" height=\"700\"><\/iframe><\/p>","protected":false},"excerpt":{"rendered":"<p>Detta \u00e4r ett ruttf\u00f6rslag f\u00f6r Rebusrundan som passar dig som kommer fr\u00e5n Sala eller Heby. Rundan str\u00e4cker sig genom Fj\u00e4rdhundralands jordbrukslandskap blandat med skog och vackra dalg\u00e5ngar. M\u00e5nga fina naturupplevelser v\u00e4ntar dig! Flera stopp har mycket historia att ber\u00e4tta om runstenar, soldattorp och gamla byskolor. P\u00e5 flera st\u00e4llen finns ekologiska produkter, som k\u00f6tt, gr\u00f6nsaker, te [&hellip;]<\/p>\n","protected":false},"author":4,"featured_media":0,"parent":2394,"menu_order":22,"comment_status":"closed","ping_status":"closed","template":"","meta":{"_acf_changed":false,"_relevanssi_hide_post":"","_relevanssi_hide_content":"","_relevanssi_pin_for_all":"","_relevanssi_pin_keywords":"","_relevanssi_unpin_keywords":"","_relevanssi_related_keywords":"","_relevanssi_related_include_ids":"","_relevanssi_related_exclude_ids":"","_relevanssi_related_no_append":"","_relevanssi_related_not_related":"","_relevanssi_related_posts":"","_relevanssi_noindex_reason":"","_genesis_hide_title":false,"_genesis_hide_breadcrumbs":false,"_genesis_hide_singular_image":false,"_genesis_hide_footer_widgets":false,"_genesis_custom_body_class":"","_genesis_custom_post_class":"","_genesis_layout":"","footnotes":""},"categories":[],"tags":[],"class_list":{"0":"post-4537","1":"page","2":"type-page","3":"status-publish","5":"entry"},"acf":[],"visa":null,"geo_latitude":null,"geo_longitude":null,"featured_image_src":null,"featured_image_src_square":null,"jetpack-related-posts":[{"id":4533,"url":"https:\/\/www.fjardhundraland.se\/es\/evenemang\/rebusrundan10\/vasterasrundan-med-12-stopp\/","url_meta":{"origin":4537,"position":0},"title":"V\u00e4ster\u00e5s ida y vuelta con 12 paradas","author":"Ylva Fontell","date":"25 julio 2017","format":false,"excerpt":"Esta es una sugerencia de ruta para Rebusrundan que es adecuada para los que vienen de V\u00e4ster\u00e5s. La ruta se extiende por el paisaje agr\u00edcola de Fj\u00e4rdhundraland mezclado con bosques y hermosos valles. Le esperan muchas experiencias en la naturaleza. Una ronda con de todo, \u00a1desde dise\u00f1o de interiores hasta coches antiguos!  Artesan\u00eda alimentaria en diversas formas, como danza del ternero y chocolate. Venta de...","rel":"","context":"Entrada similar","block_context":{"text":"Entrada similar","link":""},"img":{"alt_text":"","src":"","width":0,"height":0},"classes":[]},{"id":4539,"url":"https:\/\/www.fjardhundraland.se\/es\/evenemang\/rebusrundan10\/balsta-stockholmsrundan-med-11-stopp\/","url_meta":{"origin":4537,"position":1},"title":"B\u00e5lsta-Estocolmo ida y vuelta con 11 paradas","author":"Ylva Fontell","date":"25 julio 2017","format":false,"excerpt":"Esta es una ruta sugerida para Rebusrundan que es adecuada para los que vienen de Estocolmo. La ruta se extiende por el paisaje agr\u00edcola de Fj\u00e4rdhundraland mezclado con bosques y hermosos valles. Le esperan muchas experiencias en la naturaleza. Varias paradas con artesan\u00eda alimentaria ecol\u00f3gica, como quesos, mermeladas, charcuter\u00eda, zumo de manzana y reposter\u00eda. Tambi\u00e9n puede comprar huevos, flores y plantas de jard\u00edn ....","rel":"","context":"Entrada similar","block_context":{"text":"Entrada similar","link":""},"img":{"alt_text":"","src":"","width":0,"height":0},"classes":[]},{"id":4530,"url":"https:\/\/www.fjardhundraland.se\/es\/evenemang\/rebusrundan10\/uppsalarundan-med-12-stopp\/","url_meta":{"origin":4537,"position":2},"title":"Uppsalaour con 12 paradas","author":"Ylva Fontell","date":"25 julio 2017","format":false,"excerpt":"Esta es una sugerencia de ruta para la ronda Rebus que es adecuada para los que vienen de Uppsala. La ruta discurre por el paisaje agr\u00edcola de Fj\u00e4rdhundraland mezclado con bosques y hermosos valles. Le esperan muchas experiencias en la naturaleza. Encontrar\u00e1 artesan\u00eda alimentaria en diversas formas, como quesos, mermeladas, charcuter\u00eda y reposter\u00eda. Tambi\u00e9n podr\u00e1 comprar huevos, flores y plantas de jard\u00edn....","rel":"","context":"Entrada similar","block_context":{"text":"Entrada similar","link":""},"img":{"alt_text":"","src":"","width":0,"height":0},"classes":[]},{"id":18106,"url":"https:\/\/www.fjardhundraland.se\/es\/magasin-fjardhundraland\/","url_meta":{"origin":4537,"position":3},"title":"Revista Fj\u00e4rdhundraland","author":"Mats Thorburn","date":"3 mayo 2025","format":false,"excerpt":"Revista y mapa Fj\u00e4rdhundraland Ya est\u00e1 disponible la revista de este a\u00f1o, junto con un mapa en papel actualizado. La revista Fj\u00e4rdhundraland cuenta las historias de las personas que regentan negocios en la zona y los lugares que visitan. Cada n\u00famero suele incluir art\u00edculos sobre gastronom\u00eda, caf\u00e9, jardiner\u00eda, artesan\u00eda, cultura e historia. Junto con la revista, hemos creado un mapa, donde...","rel":"","context":"Entrada similar","block_context":{"text":"Entrada similar","link":""},"img":{"alt_text":"","src":"https:\/\/i0.wp.com\/www.fjardhundraland.se\/wp-content\/uploads\/2025\/05\/magasin-2025-framsida.jpg?resize=350%2C200&ssl=1","width":350,"height":200,"srcset":"https:\/\/i0.wp.com\/www.fjardhundraland.se\/wp-content\/uploads\/2025\/05\/magasin-2025-framsida.jpg?resize=350%2C200&ssl=1 1x, https:\/\/i0.wp.com\/www.fjardhundraland.se\/wp-content\/uploads\/2025\/05\/magasin-2025-framsida.jpg?resize=525%2C300&ssl=1 1.5x, https:\/\/i0.wp.com\/www.fjardhundraland.se\/wp-content\/uploads\/2025\/05\/magasin-2025-framsida.jpg?resize=700%2C400&ssl=1 2x, https:\/\/i0.wp.com\/www.fjardhundraland.se\/wp-content\/uploads\/2025\/05\/magasin-2025-framsida.jpg?resize=1050%2C600&ssl=1 3x, https:\/\/i0.wp.com\/www.fjardhundraland.se\/wp-content\/uploads\/2025\/05\/magasin-2025-framsida.jpg?resize=1400%2C800&ssl=1 4x"},"classes":[]},{"id":4572,"url":"https:\/\/www.fjardhundraland.se\/es\/evenemang\/rebusrundan10\/navigera-med-google-maps\/","url_meta":{"origin":4537,"position":4},"title":"Navegar con Google Maps","author":"Ylva Fontell","date":"26 julio 2017","format":false,"excerpt":"Hay muchas carreteras secundarias sinuosas en Fj\u00e4rdhundraland. Son hermosas y forman parte del viaje, pero a veces es dif\u00edcil saber cu\u00e1l es la correcta para llegar a su destino. La navegaci\u00f3n con Google Maps le ayudar\u00e1 a encontrar el camino. A continuaci\u00f3n te explicamos c\u00f3mo hacerlo: Abre la...","rel":"","context":"Entrada similar","block_context":{"text":"Entrada similar","link":""},"img":{"alt_text":"","src":"","width":0,"height":0},"classes":[]},{"id":12299,"url":"https:\/\/www.fjardhundraland.se\/es\/sdfsdf\/","url_meta":{"origin":4537,"position":5},"title":"Registro de vendedores particulares Loppisrundan","author":"Mats Thorburn","date":"23 marzo 2023","format":false,"excerpt":"\u00a1Novedad! En 2023, aunque no seas miembro de Fj\u00e4rdhundraland, podr\u00e1s participar en la Ronda del Rastro, \u00a1en tu propia casa! Rellena el siguiente formulario. El coste es de 500 SEK, y se paga a trav\u00e9s de Swish o bakgiro a Fj\u00e4rdhundraland despu\u00e9s de la inscripci\u00f3n. Tu ubicaci\u00f3n se incluir\u00e1 en el mapa publicado en la web en primavera...","rel":"","context":"Entrada similar","block_context":{"text":"Entrada similar","link":""},"img":{"alt_text":"","src":"","width":0,"height":0},"classes":[]}],"jetpack_sharing_enabled":true,"_links":{"self":[{"href":"https:\/\/www.fjardhundraland.se\/es\/wp-json\/wp\/v2\/pages\/4537","targetHints":{"allow":["GET"]}}],"collection":[{"href":"https:\/\/www.fjardhundraland.se\/es\/wp-json\/wp\/v2\/pages"}],"about":[{"href":"https:\/\/www.fjardhundraland.se\/es\/wp-json\/wp\/v2\/types\/page"}],"author":[{"embeddable":true,"href":"https:\/\/www.fjardhundraland.se\/es\/wp-json\/wp\/v2\/users\/4"}],"replies":[{"embeddable":true,"href":"https:\/\/www.fjardhundraland.se\/es\/wp-json\/wp\/v2\/comments?post=4537"}],"version-history":[{"count":0,"href":"https:\/\/www.fjardhundraland.se\/es\/wp-json\/wp\/v2\/pages\/4537\/revisions"}],"up":[{"embeddable":true,"href":"https:\/\/www.fjardhundraland.se\/es\/wp-json\/wp\/v2\/pages\/2394"}],"wp:attachment":[{"href":"https:\/\/www.fjardhundraland.se\/es\/wp-json\/wp\/v2\/media?parent=4537"}],"wp:term":[{"taxonomy":"category","embeddable":true,"href":"https:\/\/www.fjardhundraland.se\/es\/wp-json\/wp\/v2\/categories?post=4537"},{"taxonomy":"post_tag","embeddable":true,"href":"https:\/\/www.fjardhundraland.se\/es\/wp-json\/wp\/v2\/tags?post=4537"}],"curies":[{"name":"wp","href":"https:\/\/api.w.org\/{rel}","templated":true}]}}