
{"id":4530,"date":"2017-07-25T23:19:29","date_gmt":"2017-07-25T21:19:29","guid":{"rendered":"http:\/\/www.fjardhundraland.se\/?page_id=4530"},"modified":"2017-08-02T12:18:33","modified_gmt":"2017-08-02T10:18:33","slug":"el-viaje-de-ida-y-vuelta-a-uppsala-con-12-paradas","status":"publish","type":"page","link":"https:\/\/www.fjardhundraland.se\/es\/evenemang-rundor\/rebusrundan10\/uppsalarundan-med-12-stopp\/","title":{"rendered":"Uppsalaour con 12 paradas"},"content":{"rendered":"<p>Esta es una ruta sugerida para <a href=\"https:\/\/www.fjardhundraland.se\/es\/eventos\/rebus-redondo-2\/\">El tour de la vid<\/a> que es adecuada para los que vienen de Uppsala. La ruta se extiende por el paisaje agr\u00edcola de Fj\u00e4rdhundraland mezclado con bosques y hermosos valles. Le esperan muchas experiencias en plena naturaleza.<\/p>\n<p>Encontrar\u00e1 artesan\u00eda alimentaria en diversas formas, como quesos, mermeladas, charcuter\u00eda y reposter\u00eda. Tambi\u00e9n podr\u00e1 comprar huevos, flores y plantas de jard\u00edn. En varias granjas encontrar\u00e1 cabras, ovejas, caballos, vacas, cerdos o gallinas. Si le interesan el arte y la historia, podr\u00e1 visitar una galer\u00eda, contemplar las pinturas de una iglesia y contemplar un castillo del siglo XVII. En muchos de los lugares podr\u00e1 tomar un caf\u00e9 y un tentempi\u00e9.<\/p>\n<p><a href=\"https:\/\/drive.google.com\/open?id=1ofs3lwO-mxTIcbh0WJZrhTg4nb4&amp;usp=sharing\" target=\"_blank\" rel=\"noopener\">Abre el mapa.<\/a><\/p>\n<p>Si sigue la numeraci\u00f3n del mapa en orden ascendente o descendente, recorrer\u00e1 la ruta de la forma m\u00e1s inteligente. Utilice su tel\u00e9fono m\u00f3vil y Google Map para navegar y obtener informaci\u00f3n m\u00e1s detallada sobre las empresas\/organizaciones que visite.<\/p>\n<p>\u00bfNunca has navegado con Google Maps? <a href=\"https:\/\/www.fjardhundraland.se\/es\/eventos\/rebus-redondo-2\/navegar-con-google-maps\/\">He aqu\u00ed c\u00f3mo hacerlo<\/a>.<\/p>\n<p>El recorrido Rebus incluye 40 lugares, \u00a1as\u00ed que hay mucho m\u00e1s por descubrir! M\u00e1s informaci\u00f3n <a href=\"https:\/\/www.fjardhundraland.se\/es\/eventos\/rebus-redondo-2\/\">El rebus tour y ver todas las ubicaciones.<\/a><\/p>\n<p><iframe src=\"https:\/\/www.google.com\/maps\/d\/embed?mid=1ofs3lwO-mxTIcbh0WJZrhTg4nb4\" width=\"100%\" height=\"480\"><\/iframe><\/p>","protected":false},"excerpt":{"rendered":"<p>Detta \u00e4r ett ruttf\u00f6rslag f\u00f6r Rebusrundan som passar dig som kommer fr\u00e5n Uppsala. Rundan str\u00e4cker sig genom Fj\u00e4rdhundralands jordbrukslandskap blandat med skog och vackra dalg\u00e5ngar. M\u00e5nga fina naturupplevelser v\u00e4ntar dig! Du hittar mathantverk i olika former som ostar, marmelader, charkuterier och bakverk. Du kan ocks\u00e5 handla \u00e4gg, blommor och tr\u00e4dg\u00e5rdsv\u00e4xter. P\u00e5 flera g\u00e5rdar tr\u00e4ffar du [&hellip;]<\/p>\n","protected":false},"author":4,"featured_media":0,"parent":2394,"menu_order":23,"comment_status":"closed","ping_status":"closed","template":"","meta":{"_acf_changed":false,"_relevanssi_hide_post":"","_relevanssi_hide_content":"","_relevanssi_pin_for_all":"","_relevanssi_pin_keywords":"","_relevanssi_unpin_keywords":"","_relevanssi_related_keywords":"","_relevanssi_related_include_ids":"","_relevanssi_related_exclude_ids":"","_relevanssi_related_no_append":"","_relevanssi_related_not_related":"","_relevanssi_related_posts":"","_relevanssi_noindex_reason":"","_genesis_hide_title":false,"_genesis_hide_breadcrumbs":false,"_genesis_hide_singular_image":false,"_genesis_hide_footer_widgets":false,"_genesis_custom_body_class":"","_genesis_custom_post_class":"","_genesis_layout":"","footnotes":""},"categories":[],"tags":[],"class_list":{"0":"post-4530","1":"page","2":"type-page","3":"status-publish","5":"entry"},"acf":[],"visa":null,"geo_latitude":null,"geo_longitude":null,"featured_image_src":null,"featured_image_src_square":null,"jetpack-related-posts":[{"id":4533,"url":"https:\/\/www.fjardhundraland.se\/es\/evenemang-rundor\/rebusrundan10\/vasterasrundan-med-12-stopp\/","url_meta":{"origin":4530,"position":0},"title":"V\u00e4ster\u00e5s ida y vuelta con 12 paradas","author":"Ylva Fontell","date":"25 julio 2017","format":false,"excerpt":"Esta es una sugerencia de ruta para Rebusrundan que es adecuada para los que vienen de V\u00e4ster\u00e5s. La ruta se extiende por el paisaje agr\u00edcola de Fj\u00e4rdhundraland mezclado con bosques y hermosos valles. Le esperan muchas experiencias en la naturaleza. Una ronda con de todo, \u00a1desde dise\u00f1o de interiores hasta coches antiguos!  Artesan\u00eda alimentaria en diversas formas, como danza del ternero y chocolate. Venta de...","rel":"","context":"Entrada similar","block_context":{"text":"Entrada similar","link":""},"img":{"alt_text":"","src":"","width":0,"height":0},"classes":[]},{"id":4539,"url":"https:\/\/www.fjardhundraland.se\/es\/evenemang-rundor\/rebusrundan10\/balsta-stockholmsrundan-med-11-stopp\/","url_meta":{"origin":4530,"position":1},"title":"B\u00e5lsta-Estocolmo ida y vuelta con 11 paradas","author":"Ylva Fontell","date":"25 julio 2017","format":false,"excerpt":"Esta es una ruta sugerida para Rebusrundan que es adecuada para los que vienen de Estocolmo. La ruta se extiende por el paisaje agr\u00edcola de Fj\u00e4rdhundraland mezclado con bosques y hermosos valles. Le esperan muchas experiencias en la naturaleza. Varias paradas con artesan\u00eda alimentaria ecol\u00f3gica, como quesos, mermeladas, charcuter\u00eda, zumo de manzana y reposter\u00eda. Tambi\u00e9n puede comprar huevos, flores y plantas de jard\u00edn ....","rel":"","context":"Entrada similar","block_context":{"text":"Entrada similar","link":""},"img":{"alt_text":"","src":"","width":0,"height":0},"classes":[]},{"id":4537,"url":"https:\/\/www.fjardhundraland.se\/es\/evenemang-rundor\/rebusrundan10\/sala-hebyrundan-med-13-stopp\/","url_meta":{"origin":4530,"position":2},"title":"Sala-Hebyrundan con 13 paradas","author":"Ylva Fontell","date":"25 julio 2017","format":false,"excerpt":"Esta es una sugerencia de ruta para Rebusrundan que es adecuada para los que vienen de Sala o Heby. La ruta se extiende por el paisaje agr\u00edcola de Fj\u00e4rdhundraland mezclado con bosques y hermosos valles. Le esperan muchas experiencias en plena naturaleza. Varias paradas tienen mucha historia que contar sobre piedras r\u00fanicas, pueblos de soldados y antiguas escuelas de pueblo. En varios lugares hay...","rel":"","context":"Entrada similar","block_context":{"text":"Entrada similar","link":""},"img":{"alt_text":"","src":"","width":0,"height":0},"classes":[]},{"id":18106,"url":"https:\/\/www.fjardhundraland.se\/es\/magasin-fjardhundraland\/","url_meta":{"origin":4530,"position":3},"title":"Revista Fj\u00e4rdhundraland","author":"Mats Thorburn","date":"3 mayo 2025","format":false,"excerpt":"Revista y mapa Fj\u00e4rdhundraland Ya est\u00e1 disponible la revista de este a\u00f1o, junto con un mapa en papel actualizado. La revista Fj\u00e4rdhundraland cuenta las historias de las personas que regentan negocios en la zona y los lugares que visitan. Cada n\u00famero suele incluir art\u00edculos sobre gastronom\u00eda, caf\u00e9, jardiner\u00eda, artesan\u00eda, cultura e historia. Junto con la revista, hemos creado un mapa, donde...","rel":"","context":"Entrada similar","block_context":{"text":"Entrada similar","link":""},"img":{"alt_text":"","src":"https:\/\/i0.wp.com\/www.fjardhundraland.se\/wp-content\/uploads\/2025\/05\/magasin-2025-framsida.jpg?resize=350%2C200&ssl=1","width":350,"height":200,"srcset":"https:\/\/i0.wp.com\/www.fjardhundraland.se\/wp-content\/uploads\/2025\/05\/magasin-2025-framsida.jpg?resize=350%2C200&ssl=1 1x, https:\/\/i0.wp.com\/www.fjardhundraland.se\/wp-content\/uploads\/2025\/05\/magasin-2025-framsida.jpg?resize=525%2C300&ssl=1 1.5x, https:\/\/i0.wp.com\/www.fjardhundraland.se\/wp-content\/uploads\/2025\/05\/magasin-2025-framsida.jpg?resize=700%2C400&ssl=1 2x, https:\/\/i0.wp.com\/www.fjardhundraland.se\/wp-content\/uploads\/2025\/05\/magasin-2025-framsida.jpg?resize=1050%2C600&ssl=1 3x, https:\/\/i0.wp.com\/www.fjardhundraland.se\/wp-content\/uploads\/2025\/05\/magasin-2025-framsida.jpg?resize=1400%2C800&ssl=1 4x"},"classes":[]},{"id":12299,"url":"https:\/\/www.fjardhundraland.se\/es\/sdfsdf\/","url_meta":{"origin":4530,"position":4},"title":"Registro de vendedores particulares Loppisrundan","author":"Mats Thorburn","date":"23 marzo 2023","format":false,"excerpt":"\u00a1Novedad! En 2023, aunque no seas miembro de Fj\u00e4rdhundraland, podr\u00e1s participar en la Ronda del Rastro, \u00a1en tu propia casa! Rellena el siguiente formulario. El coste es de 500 SEK, y se paga a trav\u00e9s de Swish o bakgiro a Fj\u00e4rdhundraland despu\u00e9s de la inscripci\u00f3n. Tu ubicaci\u00f3n se incluir\u00e1 en el mapa publicado en la web en primavera...","rel":"","context":"Entrada similar","block_context":{"text":"Entrada similar","link":""},"img":{"alt_text":"","src":"","width":0,"height":0},"classes":[]},{"id":3963,"url":"https:\/\/www.fjardhundraland.se\/es\/evenemang-rundor\/djurens-dag\/","url_meta":{"origin":4530,"position":5},"title":"D\u00eda de los Animales 2017","author":"Ylva Fontell","date":"17 febrero 2017","format":false,"excerpt":"Corderos traviesos, simp\u00e1ticas gallinas o cerdos felices. \u00bfHay algo m\u00e1s bonito de ver que animales disfrutando del sol, el calor y el verde fresco? La primavera es tiempo de animales. Por cuarto a\u00f1o, algunas de las granjas de Fj\u00e4rdhundraland le invitan al D\u00eda de los Animales, el s\u00e1bado 27 de mayo de 11.00 a 16.00 h. Recorra...","rel":"","context":"Entrada similar","block_context":{"text":"Entrada similar","link":""},"img":{"alt_text":"","src":"https:\/\/i0.wp.com\/www.fjardhundraland.se\/wp-content\/uploads\/2017\/02\/18157411_1484046814959071_3875511745731358846_n.jpg?resize=350%2C200&ssl=1","width":350,"height":200,"srcset":"https:\/\/i0.wp.com\/www.fjardhundraland.se\/wp-content\/uploads\/2017\/02\/18157411_1484046814959071_3875511745731358846_n.jpg?resize=350%2C200&ssl=1 1x, https:\/\/i0.wp.com\/www.fjardhundraland.se\/wp-content\/uploads\/2017\/02\/18157411_1484046814959071_3875511745731358846_n.jpg?resize=525%2C300&ssl=1 1.5x, https:\/\/i0.wp.com\/www.fjardhundraland.se\/wp-content\/uploads\/2017\/02\/18157411_1484046814959071_3875511745731358846_n.jpg?resize=700%2C400&ssl=1 2x"},"classes":[]}],"jetpack_sharing_enabled":true,"_links":{"self":[{"href":"https:\/\/www.fjardhundraland.se\/es\/wp-json\/wp\/v2\/pages\/4530","targetHints":{"allow":["GET"]}}],"collection":[{"href":"https:\/\/www.fjardhundraland.se\/es\/wp-json\/wp\/v2\/pages"}],"about":[{"href":"https:\/\/www.fjardhundraland.se\/es\/wp-json\/wp\/v2\/types\/page"}],"author":[{"embeddable":true,"href":"https:\/\/www.fjardhundraland.se\/es\/wp-json\/wp\/v2\/users\/4"}],"replies":[{"embeddable":true,"href":"https:\/\/www.fjardhundraland.se\/es\/wp-json\/wp\/v2\/comments?post=4530"}],"version-history":[{"count":0,"href":"https:\/\/www.fjardhundraland.se\/es\/wp-json\/wp\/v2\/pages\/4530\/revisions"}],"up":[{"embeddable":true,"href":"https:\/\/www.fjardhundraland.se\/es\/wp-json\/wp\/v2\/pages\/2394"}],"wp:attachment":[{"href":"https:\/\/www.fjardhundraland.se\/es\/wp-json\/wp\/v2\/media?parent=4530"}],"wp:term":[{"taxonomy":"category","embeddable":true,"href":"https:\/\/www.fjardhundraland.se\/es\/wp-json\/wp\/v2\/categories?post=4530"},{"taxonomy":"post_tag","embeddable":true,"href":"https:\/\/www.fjardhundraland.se\/es\/wp-json\/wp\/v2\/tags?post=4530"}],"curies":[{"name":"wp","href":"https:\/\/api.w.org\/{rel}","templated":true}]}}