
{"id":4036,"date":"2017-04-07T10:21:36","date_gmt":"2017-04-07T08:21:36","guid":{"rendered":"http:\/\/www.fjardhundraland.se\/?page_id=4036"},"modified":"2023-05-30T13:47:11","modified_gmt":"2023-05-30T11:47:11","slug":"tradgardsrunda-tuva-tappa","status":"publish","type":"page","link":"https:\/\/www.fjardhundraland.se\/es\/evenemang-rundor\/tradgardsrunda-tuva-tappa\/","title":{"rendered":"Tuva y T\u00e4ppa"},"content":{"rendered":"<h2 class=\"wp-block-heading\">Recorrido por los jardines de Estocolmo, Uppsala y V\u00e4ster\u00e5s<\/h2>\n\n\n\n<p><strong>Visita a los jardines de Tuva y T\u00e4ppa <\/strong>es el evento anual de Fj\u00e4rdhundraland para los amantes de la jardiner\u00eda<strong>!<\/strong> Visite jardines de exposici\u00f3n, jardines privados y huertos. Hable de jardiner\u00eda y cultivo con aficionados y cultivadores profesionales. Obtenga inspiraci\u00f3n y consejos sobre lo que puede hacer en su propia parcela.<\/p>\n\n\n\n<hr class=\"wp-block-separator has-alpha-channel-opacity is-style-wide\"\/>\n\n\n\n<p><strong>Tuva &amp; T\u00e4ppa 2023 tendr\u00e1 lugar el s\u00e1bado 17 de junio.<\/strong><\/p>\n\n\n\n<hr class=\"wp-block-separator has-alpha-channel-opacity is-style-wide\"\/>\n\n\n\n<p>Inf\u00f3rmese aqu\u00ed sobre la ronda de rebus de 2022. <a href=\"https:\/\/www.fjardhundraland.se\/es\/2022\/07\/tuva-tappa-2022\/\">Tuva y T\u00e4ppa <\/a><\/p>\n\n\n\n<div class=\"wp-block-jetpack-tiled-gallery aligncenter is-style-rectangular\"><div class=\"tiled-gallery__gallery\"><div class=\"tiled-gallery__row\"><div class=\"tiled-gallery__col\" style=\"flex-basis:42.90724724657194%\"><figure class=\"tiled-gallery__item\"><img decoding=\"async\" data-attachment-id=\"4396\" data-permalink=\"https:\/\/www.fjardhundraland.se\/es\/tuva-tappa\/2017\/tyck-till-om-tuva-tappa\/attachment\/tuva-tappa-resta-gard\/\" data-orig-file=\"https:\/\/www.fjardhundraland.se\/wp-content\/uploads\/2017\/07\/tuva-tacc88ppa-resta-gacc8ard.jpg\" data-orig-size=\"2000,1333\" data-comments-opened=\"0\" data-image-meta=\"{&quot;aperture&quot;:&quot;0&quot;,&quot;credit&quot;:&quot;&quot;,&quot;camera&quot;:&quot;&quot;,&quot;caption&quot;:&quot;&quot;,&quot;created_timestamp&quot;:&quot;0&quot;,&quot;copyright&quot;:&quot;&quot;,&quot;focal_length&quot;:&quot;0&quot;,&quot;iso&quot;:&quot;0&quot;,&quot;shutter_speed&quot;:&quot;0&quot;,&quot;title&quot;:&quot;&quot;,&quot;orientation&quot;:&quot;0&quot;}\" data-image-title=\"tuva-tappa-resta-gard\" data-image-description=\"\" data-image-caption=\"\" data-large-file=\"https:\/\/www.fjardhundraland.se\/wp-content\/uploads\/2017\/07\/tuva-tacc88ppa-resta-gacc8ard.jpg\" role=\"button\" tabindex=\"0\" aria-label=\"Abrir la imagen 1 de 6 en pantalla completa\" srcset=\"https:\/\/i1.wp.com\/www.fjardhundraland.se\/wp-content\/uploads\/2017\/07\/tuva-tacc88ppa-resta-gacc8ard.jpg?strip=info&#038;w=600&#038;ssl=1 600w,https:\/\/i1.wp.com\/www.fjardhundraland.se\/wp-content\/uploads\/2017\/07\/tuva-tacc88ppa-resta-gacc8ard.jpg?strip=info&#038;w=900&#038;ssl=1 900w,https:\/\/i1.wp.com\/www.fjardhundraland.se\/wp-content\/uploads\/2017\/07\/tuva-tacc88ppa-resta-gacc8ard.jpg?strip=info&#038;w=1200&#038;ssl=1 1200w,https:\/\/i1.wp.com\/www.fjardhundraland.se\/wp-content\/uploads\/2017\/07\/tuva-tacc88ppa-resta-gacc8ard.jpg?strip=info&#038;w=1500&#038;ssl=1 1500w,https:\/\/i1.wp.com\/www.fjardhundraland.se\/wp-content\/uploads\/2017\/07\/tuva-tacc88ppa-resta-gacc8ard.jpg?strip=info&#038;w=1800&#038;ssl=1 1800w,https:\/\/i1.wp.com\/www.fjardhundraland.se\/wp-content\/uploads\/2017\/07\/tuva-tacc88ppa-resta-gacc8ard.jpg?strip=info&#038;w=2000&#038;ssl=1 2000w\" alt=\"Hortalizas en un recorrido por los huertos de Tuva y T\u00e4ppa\" data-height=\"1333\" data-id=\"4396\" data-link=\"https:\/\/www.fjardhundraland.se\/2017\/07\/tyck-till-om-tuva-tappa\/tuva-tappa-resta-gard\/\" data-url=\"https:\/\/www.fjardhundraland.se\/wp-content\/uploads\/2017\/07\/tuva-tacc88ppa-resta-gacc8ard.jpg\" data-width=\"2000\" src=\"https:\/\/i1.wp.com\/www.fjardhundraland.se\/wp-content\/uploads\/2017\/07\/tuva-tacc88ppa-resta-gacc8ard.jpg?ssl=1\" title=\"\"><\/figure><\/div><div class=\"tiled-gallery__col\" style=\"flex-basis:57.09275275342806%\"><figure class=\"tiled-gallery__item\"><img decoding=\"async\" data-attachment-id=\"5348\" data-permalink=\"https:\/\/www.fjardhundraland.se\/es\/tuva-tappa\/2018\/tuva-tappa-tradgardsrunda-2018\/attachment\/tuva-tappa-2\/\" data-orig-file=\"https:\/\/www.fjardhundraland.se\/wp-content\/uploads\/2018\/07\/tuva-tappa.jpg\" data-orig-size=\"2400,1200\" data-comments-opened=\"0\" data-image-meta=\"{&quot;aperture&quot;:&quot;0&quot;,&quot;credit&quot;:&quot;&quot;,&quot;camera&quot;:&quot;&quot;,&quot;caption&quot;:&quot;&quot;,&quot;created_timestamp&quot;:&quot;0&quot;,&quot;copyright&quot;:&quot;&quot;,&quot;focal_length&quot;:&quot;0&quot;,&quot;iso&quot;:&quot;0&quot;,&quot;shutter_speed&quot;:&quot;0&quot;,&quot;title&quot;:&quot;&quot;,&quot;orientation&quot;:&quot;0&quot;}\" data-image-title=\"Tuva &amp;#038; T\u00e4ppa &amp;#8211; tr\u00e4dg\u00e5rdsrunda\" data-image-description=\"\" data-image-caption=\"\" data-large-file=\"https:\/\/www.fjardhundraland.se\/wp-content\/uploads\/2018\/07\/tuva-tappa.jpg\" role=\"button\" tabindex=\"0\" aria-label=\"Abrir la imagen 2 de 6 en pantalla completa\" srcset=\"https:\/\/i1.wp.com\/www.fjardhundraland.se\/wp-content\/uploads\/2018\/07\/tuva-tappa.jpg?strip=info&#038;w=600&#038;ssl=1 600w,https:\/\/i1.wp.com\/www.fjardhundraland.se\/wp-content\/uploads\/2018\/07\/tuva-tappa.jpg?strip=info&#038;w=900&#038;ssl=1 900w,https:\/\/i1.wp.com\/www.fjardhundraland.se\/wp-content\/uploads\/2018\/07\/tuva-tappa.jpg?strip=info&#038;w=1200&#038;ssl=1 1200w,https:\/\/i1.wp.com\/www.fjardhundraland.se\/wp-content\/uploads\/2018\/07\/tuva-tappa.jpg?strip=info&#038;w=1500&#038;ssl=1 1500w,https:\/\/i1.wp.com\/www.fjardhundraland.se\/wp-content\/uploads\/2018\/07\/tuva-tappa.jpg?strip=info&#038;w=1800&#038;ssl=1 1800w,https:\/\/i1.wp.com\/www.fjardhundraland.se\/wp-content\/uploads\/2018\/07\/tuva-tappa.jpg?strip=info&#038;w=2000&#038;ssl=1 2000w\" alt=\"Tuva &amp; T\u00e4ppa - imagen de flores en una cama\" data-height=\"1200\" data-id=\"5348\" data-link=\"https:\/\/www.fjardhundraland.se\/2018\/07\/tuva-tappa-tradgardsrunda-2018\/tuva-tappa-2\/\" data-url=\"https:\/\/www.fjardhundraland.se\/wp-content\/uploads\/2018\/07\/tuva-tappa.jpg\" data-width=\"2400\" src=\"https:\/\/i1.wp.com\/www.fjardhundraland.se\/wp-content\/uploads\/2018\/07\/tuva-tappa.jpg?ssl=1\" title=\"\"><\/figure><\/div><\/div><div class=\"tiled-gallery__row\"><div class=\"tiled-gallery__col\" style=\"flex-basis:69.40626128566271%\"><figure class=\"tiled-gallery__item\"><img decoding=\"async\" data-attachment-id=\"5047\" data-permalink=\"https:\/\/www.fjardhundraland.se\/es\/?attachment_id=5047\" data-orig-file=\"https:\/\/www.fjardhundraland.se\/wp-content\/uploads\/2014\/01\/harneviplant5.jpg\" data-orig-size=\"1536,2048\" data-comments-opened=\"0\" data-image-meta=\"{&quot;aperture&quot;:&quot;0&quot;,&quot;credit&quot;:&quot;&quot;,&quot;camera&quot;:&quot;&quot;,&quot;caption&quot;:&quot;&quot;,&quot;created_timestamp&quot;:&quot;0&quot;,&quot;copyright&quot;:&quot;&quot;,&quot;focal_length&quot;:&quot;0&quot;,&quot;iso&quot;:&quot;0&quot;,&quot;shutter_speed&quot;:&quot;0&quot;,&quot;title&quot;:&quot;&quot;,&quot;orientation&quot;:&quot;0&quot;}\" data-image-title=\"Harneviplant5\" data-image-description=\"\" data-image-caption=\"&lt;p&gt;Blommor i massor hos H\u00e4rnevi plantskola&lt;\/p&gt;\" data-large-file=\"https:\/\/www.fjardhundraland.se\/wp-content\/uploads\/2014\/01\/harneviplant5.jpg\" role=\"button\" tabindex=\"0\" aria-label=\"Abrir la imagen 3 de 6 en pantalla completa\" srcset=\"https:\/\/i0.wp.com\/www.fjardhundraland.se\/wp-content\/uploads\/2014\/01\/harneviplant5.jpg?strip=info&#038;w=600&#038;ssl=1 600w,https:\/\/i0.wp.com\/www.fjardhundraland.se\/wp-content\/uploads\/2014\/01\/harneviplant5.jpg?strip=info&#038;w=900&#038;ssl=1 900w,https:\/\/i0.wp.com\/www.fjardhundraland.se\/wp-content\/uploads\/2014\/01\/harneviplant5.jpg?strip=info&#038;w=1200&#038;ssl=1 1200w,https:\/\/i0.wp.com\/www.fjardhundraland.se\/wp-content\/uploads\/2014\/01\/harneviplant5.jpg?strip=info&#038;w=1500&#038;ssl=1 1500w,https:\/\/i0.wp.com\/www.fjardhundraland.se\/wp-content\/uploads\/2014\/01\/harneviplant5.jpg?strip=info&#038;w=1536&#038;ssl=1 1536w\" alt=\"\" data-height=\"2048\" data-id=\"5047\" data-link=\"https:\/\/www.fjardhundraland.se\/plats\/harnevi-plantskola\/harneviplant5\/\" data-url=\"https:\/\/www.fjardhundraland.se\/wp-content\/uploads\/2014\/01\/harneviplant5.jpg\" data-width=\"1536\" src=\"https:\/\/i0.wp.com\/www.fjardhundraland.se\/wp-content\/uploads\/2014\/01\/harneviplant5.jpg?ssl=1\" title=\"\"><\/figure><\/div><div class=\"tiled-gallery__col\" style=\"flex-basis:30.593738714337306%\"><figure class=\"tiled-gallery__item\"><img decoding=\"async\" data-attachment-id=\"4920\" data-permalink=\"https:\/\/www.fjardhundraland.se\/es\/plats\/svartbackens-tradgard\/attachment\/svartbackenhinkar-med-blommor\/\" data-orig-file=\"https:\/\/www.fjardhundraland.se\/wp-content\/uploads\/2017\/11\/svartbackenhinkar-med-blommor.jpg\" data-orig-size=\"2448,2448\" data-comments-opened=\"0\" data-image-meta=\"{&quot;aperture&quot;:&quot;2.4&quot;,&quot;credit&quot;:&quot;&quot;,&quot;camera&quot;:&quot;iPhone 5c&quot;,&quot;caption&quot;:&quot;&quot;,&quot;created_timestamp&quot;:&quot;1503688738&quot;,&quot;copyright&quot;:&quot;&quot;,&quot;focal_length&quot;:&quot;4.12&quot;,&quot;iso&quot;:&quot;80&quot;,&quot;shutter_speed&quot;:&quot;0.0083333333333333&quot;,&quot;title&quot;:&quot;&quot;,&quot;orientation&quot;:&quot;1&quot;}\" data-image-title=\"Svartbackenhinkar med blommor\" data-image-description=\"&lt;p&gt;Hinkar med blommor&lt;\/p&gt;\" data-image-caption=\"&lt;p&gt;Blommor i massor fr\u00e5n Svartb\u00e4ckens tr\u00e4dg\u00e5rd&lt;\/p&gt;\" data-large-file=\"https:\/\/www.fjardhundraland.se\/wp-content\/uploads\/2017\/11\/svartbackenhinkar-med-blommor.jpg\" role=\"button\" tabindex=\"0\" aria-label=\"Abrir la imagen 4 de 6 en pantalla completa\" srcset=\"https:\/\/i1.wp.com\/www.fjardhundraland.se\/wp-content\/uploads\/2017\/11\/svartbackenhinkar-med-blommor.jpg?strip=info&#038;w=600&#038;ssl=1 600w,https:\/\/i1.wp.com\/www.fjardhundraland.se\/wp-content\/uploads\/2017\/11\/svartbackenhinkar-med-blommor.jpg?strip=info&#038;w=900&#038;ssl=1 900w,https:\/\/i1.wp.com\/www.fjardhundraland.se\/wp-content\/uploads\/2017\/11\/svartbackenhinkar-med-blommor.jpg?strip=info&#038;w=1200&#038;ssl=1 1200w,https:\/\/i1.wp.com\/www.fjardhundraland.se\/wp-content\/uploads\/2017\/11\/svartbackenhinkar-med-blommor.jpg?strip=info&#038;w=1500&#038;ssl=1 1500w,https:\/\/i1.wp.com\/www.fjardhundraland.se\/wp-content\/uploads\/2017\/11\/svartbackenhinkar-med-blommor.jpg?strip=info&#038;w=1800&#038;ssl=1 1800w,https:\/\/i1.wp.com\/www.fjardhundraland.se\/wp-content\/uploads\/2017\/11\/svartbackenhinkar-med-blommor.jpg?strip=info&#038;w=2000&#038;ssl=1 2000w\" alt=\"Guisantes sin olor\" data-height=\"2448\" data-id=\"4920\" data-link=\"https:\/\/www.fjardhundraland.se\/plats\/svartbackens-tradgard\/svartbackenhinkar-med-blommor\/\" data-url=\"https:\/\/www.fjardhundraland.se\/wp-content\/uploads\/2017\/11\/svartbackenhinkar-med-blommor.jpg\" data-width=\"2448\" src=\"https:\/\/i1.wp.com\/www.fjardhundraland.se\/wp-content\/uploads\/2017\/11\/svartbackenhinkar-med-blommor.jpg?ssl=1\" title=\"\"><\/figure><figure class=\"tiled-gallery__item\"><img decoding=\"async\" data-attachment-id=\"4914\" data-permalink=\"https:\/\/www.fjardhundraland.se\/es\/plats\/svartbackens-tradgard\/attachment\/svartbacken5\/\" data-orig-file=\"https:\/\/www.fjardhundraland.se\/wp-content\/uploads\/2017\/11\/svartbacken5.jpg\" data-orig-size=\"2448,2448\" data-comments-opened=\"0\" data-image-meta=\"{&quot;aperture&quot;:&quot;2.4&quot;,&quot;credit&quot;:&quot;&quot;,&quot;camera&quot;:&quot;iPhone 5c&quot;,&quot;caption&quot;:&quot;&quot;,&quot;created_timestamp&quot;:&quot;1502537987&quot;,&quot;copyright&quot;:&quot;&quot;,&quot;focal_length&quot;:&quot;4.12&quot;,&quot;iso&quot;:&quot;50&quot;,&quot;shutter_speed&quot;:&quot;0.0029325513196481&quot;,&quot;title&quot;:&quot;&quot;,&quot;orientation&quot;:&quot;1&quot;}\" data-image-title=\"Svartbacken5\" data-image-description=\"&lt;p&gt;N\u00e4rbild p\u00e5 en vit dahlia-blomma av sorten Caf\u00e9 au Lait.&lt;\/p&gt;\" data-image-caption=\"&lt;p&gt;Dahlia, &amp;#8221;Caf\u00e9 au Lait&amp;#8221;&lt;\/p&gt;\" data-large-file=\"https:\/\/www.fjardhundraland.se\/wp-content\/uploads\/2017\/11\/svartbacken5.jpg\" role=\"button\" tabindex=\"0\" aria-label=\"Abrir la imagen 5 de 6 en pantalla completa\" srcset=\"https:\/\/i1.wp.com\/www.fjardhundraland.se\/wp-content\/uploads\/2017\/11\/svartbacken5.jpg?strip=info&#038;w=600&#038;ssl=1 600w,https:\/\/i1.wp.com\/www.fjardhundraland.se\/wp-content\/uploads\/2017\/11\/svartbacken5.jpg?strip=info&#038;w=900&#038;ssl=1 900w,https:\/\/i1.wp.com\/www.fjardhundraland.se\/wp-content\/uploads\/2017\/11\/svartbacken5.jpg?strip=info&#038;w=1200&#038;ssl=1 1200w,https:\/\/i1.wp.com\/www.fjardhundraland.se\/wp-content\/uploads\/2017\/11\/svartbacken5.jpg?strip=info&#038;w=1500&#038;ssl=1 1500w,https:\/\/i1.wp.com\/www.fjardhundraland.se\/wp-content\/uploads\/2017\/11\/svartbacken5.jpg?strip=info&#038;w=1800&#038;ssl=1 1800w,https:\/\/i1.wp.com\/www.fjardhundraland.se\/wp-content\/uploads\/2017\/11\/svartbacken5.jpg?strip=info&#038;w=2000&#038;ssl=1 2000w\" alt=\"La Dahlian Caf\u00e9 au Lait es una de las bellezas del final del verano.\" data-height=\"2448\" data-id=\"4914\" data-link=\"https:\/\/www.fjardhundraland.se\/plats\/svartbackens-tradgard\/svartbacken5\/\" data-url=\"https:\/\/www.fjardhundraland.se\/wp-content\/uploads\/2017\/11\/svartbacken5.jpg\" data-width=\"2448\" src=\"https:\/\/i1.wp.com\/www.fjardhundraland.se\/wp-content\/uploads\/2017\/11\/svartbacken5.jpg?ssl=1\" title=\"\"><\/figure><figure class=\"tiled-gallery__item\"><img decoding=\"async\" data-attachment-id=\"4161\" data-permalink=\"https:\/\/www.fjardhundraland.se\/es\/?attachment_id=4161\" data-orig-file=\"https:\/\/www.fjardhundraland.se\/wp-content\/uploads\/2017\/05\/sommarblommor.jpg\" data-orig-size=\"2448,2448\" data-comments-opened=\"0\" data-image-meta=\"{&quot;aperture&quot;:&quot;2.25&quot;,&quot;credit&quot;:&quot;&quot;,&quot;camera&quot;:&quot;BlackBerry Q10&quot;,&quot;caption&quot;:&quot;&quot;,&quot;created_timestamp&quot;:&quot;1438885154&quot;,&quot;copyright&quot;:&quot;&quot;,&quot;focal_length&quot;:&quot;4.13&quot;,&quot;iso&quot;:&quot;70&quot;,&quot;shutter_speed&quot;:&quot;0.0014&quot;,&quot;title&quot;:&quot;&quot;,&quot;orientation&quot;:&quot;1&quot;}\" data-image-title=\"sommarblommor\" data-image-description=\"\" data-image-caption=\"\" data-large-file=\"https:\/\/www.fjardhundraland.se\/wp-content\/uploads\/2017\/05\/sommarblommor.jpg\" role=\"button\" tabindex=\"0\" aria-label=\"Abrir la imagen 6 de 6 en pantalla completa\" srcset=\"https:\/\/i0.wp.com\/www.fjardhundraland.se\/wp-content\/uploads\/2017\/05\/sommarblommor.jpg?strip=info&#038;w=600&#038;ssl=1 600w,https:\/\/i0.wp.com\/www.fjardhundraland.se\/wp-content\/uploads\/2017\/05\/sommarblommor.jpg?strip=info&#038;w=900&#038;ssl=1 900w,https:\/\/i0.wp.com\/www.fjardhundraland.se\/wp-content\/uploads\/2017\/05\/sommarblommor.jpg?strip=info&#038;w=1200&#038;ssl=1 1200w,https:\/\/i0.wp.com\/www.fjardhundraland.se\/wp-content\/uploads\/2017\/05\/sommarblommor.jpg?strip=info&#038;w=1500&#038;ssl=1 1500w,https:\/\/i0.wp.com\/www.fjardhundraland.se\/wp-content\/uploads\/2017\/05\/sommarblommor.jpg?strip=info&#038;w=1800&#038;ssl=1 1800w,https:\/\/i0.wp.com\/www.fjardhundraland.se\/wp-content\/uploads\/2017\/05\/sommarblommor.jpg?strip=info&#038;w=2000&#038;ssl=1 2000w\" alt=\"\" data-height=\"2448\" data-id=\"4161\" data-link=\"https:\/\/www.fjardhundraland.se\/?attachment_id=4161\" data-url=\"https:\/\/www.fjardhundraland.se\/wp-content\/uploads\/2017\/05\/sommarblommor.jpg\" data-width=\"2448\" src=\"https:\/\/i0.wp.com\/www.fjardhundraland.se\/wp-content\/uploads\/2017\/05\/sommarblommor.jpg?ssl=1\" title=\"\"><\/figure><\/div><\/div><\/div><\/div>","protected":false},"excerpt":{"rendered":"<p>En tr\u00e4dg\u00e5rdsrunda n\u00e4ra Stockholm, Uppsala och V\u00e4ster\u00e5s Tr\u00e4dg\u00e5rdsrundan Tuva &amp; t\u00e4ppa \u00e4r Fj\u00e4rdhundralands \u00e5rliga evenemang f\u00f6r dig som \u00e4lskar tr\u00e4dg\u00e5rd! Bes\u00f6k visningstr\u00e4dg\u00e5rdar, privattr\u00e4dg\u00e5rdar och odlingar \u2013 prata tr\u00e4dg\u00e5rd och odling med entusiasterna och yrkesodlarna. F\u00e5 inspiration och tips om hur du kan g\u00f6ra hemma i din egen t\u00e4ppa. Tuva &amp; T\u00e4ppa 2023 kommer att genomf\u00f6ras [&hellip;]<\/p>\n","protected":false},"author":4,"featured_media":4144,"parent":2163,"menu_order":14,"comment_status":"closed","ping_status":"closed","template":"","meta":{"_acf_changed":false,"_relevanssi_hide_post":"","_relevanssi_hide_content":"","_relevanssi_pin_for_all":"","_relevanssi_pin_keywords":"","_relevanssi_unpin_keywords":"","_relevanssi_related_keywords":"","_relevanssi_related_include_ids":"","_relevanssi_related_exclude_ids":"","_relevanssi_related_no_append":"","_relevanssi_related_not_related":"","_relevanssi_related_posts":"","_relevanssi_noindex_reason":"","_genesis_hide_title":false,"_genesis_hide_breadcrumbs":false,"_genesis_hide_singular_image":false,"_genesis_hide_footer_widgets":false,"_genesis_custom_body_class":"","_genesis_custom_post_class":"","_genesis_layout":"","footnotes":""},"categories":[],"tags":[],"class_list":{"0":"post-4036","1":"page","2":"type-page","3":"status-publish","4":"has-post-thumbnail","6":"entry"},"acf":[],"visa":null,"geo_latitude":null,"geo_longitude":null,"featured_image_src":"https:\/\/www.fjardhundraland.se\/wp-content\/uploads\/2017\/04\/buskage-kopia.jpg","featured_image_src_square":"https:\/\/www.fjardhundraland.se\/wp-content\/uploads\/2017\/04\/buskage-kopia.jpg","jetpack-related-posts":[{"id":2163,"url":"https:\/\/www.fjardhundraland.se\/es\/evenemang-rundor\/","url_meta":{"origin":4036,"position":0},"title":"Eventos 2026","author":"Mats Thorburn","date":"4 abril 2014","format":false,"excerpt":"CONTENIDO","rel":"","context":"Entrada similar","block_context":{"text":"Entrada similar","link":""},"img":{"alt_text":"Loppisrundan p\u00e5 Dunderbo ljus & hantverk","src":"https:\/\/i0.wp.com\/www.fjardhundraland.se\/wp-content\/uploads\/2021\/06\/dunderbo-ljus-hantverk-loppisrundan2019juli06-15.jpg?resize=350%2C200&ssl=1","width":350,"height":200,"srcset":"https:\/\/i0.wp.com\/www.fjardhundraland.se\/wp-content\/uploads\/2021\/06\/dunderbo-ljus-hantverk-loppisrundan2019juli06-15.jpg?resize=350%2C200&ssl=1 1x, https:\/\/i0.wp.com\/www.fjardhundraland.se\/wp-content\/uploads\/2021\/06\/dunderbo-ljus-hantverk-loppisrundan2019juli06-15.jpg?resize=525%2C300&ssl=1 1.5x, https:\/\/i0.wp.com\/www.fjardhundraland.se\/wp-content\/uploads\/2021\/06\/dunderbo-ljus-hantverk-loppisrundan2019juli06-15.jpg?resize=700%2C400&ssl=1 2x, https:\/\/i0.wp.com\/www.fjardhundraland.se\/wp-content\/uploads\/2021\/06\/dunderbo-ljus-hantverk-loppisrundan2019juli06-15.jpg?resize=1050%2C600&ssl=1 3x, https:\/\/i0.wp.com\/www.fjardhundraland.se\/wp-content\/uploads\/2021\/06\/dunderbo-ljus-hantverk-loppisrundan2019juli06-15.jpg?resize=1400%2C800&ssl=1 4x"},"classes":[]},{"id":7312,"url":"https:\/\/www.fjardhundraland.se\/es\/om-fjardhundraland\/fjardhundraland-ekonomisk-forening\/bli-medlem\/","url_meta":{"origin":4036,"position":1},"title":"Afiliarse","author":"Mats Thorburn","date":"8 septiembre 2020","format":false,"excerpt":"\u00a1Bienvenido como miembro de la asociaci\u00f3n econ\u00f3mica Fj\u00e4rdhundraland! El hecho de que te unas refuerza nuestra red com\u00fan y nos hace a\u00fan mejores a la hora de ofrecer a nuestros visitantes una buena experiencia. Rellene aqu\u00ed el formulario de solicitud. Diez buenas razones para hacerse miembro Cree que es importante cooperar. 1+1=3.Usted...","rel":"","context":"Entrada similar","block_context":{"text":"Entrada similar","link":""},"img":{"alt_text":"","src":"","width":0,"height":0},"classes":[]},{"id":1805,"url":"https:\/\/www.fjardhundraland.se\/es\/om-fjardhundraland\/medlemmar\/","url_meta":{"origin":4036,"position":2},"title":"Miembros","author":"Ylva Fontell","date":"28 febrero 2014","format":false,"excerpt":"...Wood Shop Thorsvi Farm Tibble Old School Torstuna Hembygdsf\u00f6rening Tr\u00e4dg\u00e5rdsturism i Enk\u00f6ping med Pr\u00e4stg\u00e5rdsflygeln Tullens Gr\u00f6nska Tuna Tr\u00e4dg\u00e5rd T\u00e4rna bygdeg\u00e5rdsf\u00f6rening Uppdrag Kultur \/Eva Wrede Vagabond Haven AB Var Dags Rum...","rel":"","context":"Entrada similar","block_context":{"text":"Entrada similar","link":""},"img":{"alt_text":"","src":"","width":0,"height":0},"classes":[]},{"id":18106,"url":"https:\/\/www.fjardhundraland.se\/es\/magasin-fjardhundraland\/","url_meta":{"origin":4036,"position":3},"title":"Revista Fj\u00e4rdhundraland","author":"Mats Thorburn","date":"3 mayo 2025","format":false,"excerpt":"Revista y mapa Fj\u00e4rdhundraland Ya est\u00e1 disponible la revista de este a\u00f1o, junto con un mapa en papel actualizado. La revista Fj\u00e4rdhundraland cuenta las historias de las personas que regentan negocios en la zona y los lugares que visitan. Cada n\u00famero suele incluir art\u00edculos sobre gastronom\u00eda, caf\u00e9, jardiner\u00eda, artesan\u00eda, cultura e historia. Junto con la revista, hemos creado un mapa, donde...","rel":"","context":"Entrada similar","block_context":{"text":"Entrada similar","link":""},"img":{"alt_text":"","src":"https:\/\/i0.wp.com\/www.fjardhundraland.se\/wp-content\/uploads\/2025\/05\/magasin-2025-framsida.jpg?resize=350%2C200&ssl=1","width":350,"height":200,"srcset":"https:\/\/i0.wp.com\/www.fjardhundraland.se\/wp-content\/uploads\/2025\/05\/magasin-2025-framsida.jpg?resize=350%2C200&ssl=1 1x, https:\/\/i0.wp.com\/www.fjardhundraland.se\/wp-content\/uploads\/2025\/05\/magasin-2025-framsida.jpg?resize=525%2C300&ssl=1 1.5x, https:\/\/i0.wp.com\/www.fjardhundraland.se\/wp-content\/uploads\/2025\/05\/magasin-2025-framsida.jpg?resize=700%2C400&ssl=1 2x, https:\/\/i0.wp.com\/www.fjardhundraland.se\/wp-content\/uploads\/2025\/05\/magasin-2025-framsida.jpg?resize=1050%2C600&ssl=1 3x, https:\/\/i0.wp.com\/www.fjardhundraland.se\/wp-content\/uploads\/2025\/05\/magasin-2025-framsida.jpg?resize=1400%2C800&ssl=1 4x"},"classes":[]},{"id":12897,"url":"https:\/\/www.fjardhundraland.se\/es\/om-fjardhundraland\/boka-studiebesok\/","url_meta":{"origin":4036,"position":4},"title":"Reservar una visita de estudio","author":"Mats Thorburn","date":"1 junio 2023","format":false,"excerpt":"\u00bfQuiere saber c\u00f3mo funciona Fj\u00e4rdhundraland, c\u00f3mo hemos construido el destino y c\u00f3mo utilizan la red sus miembros? Una visita de estudio es la mejor manera de hacerlo. Escuchar\u00e1 la historia de Fj\u00e4rdhundraland, pero tambi\u00e9n conocer\u00e1 a cada uno de sus miembros, que compartir\u00e1n sus experiencias y motivaciones. Una visita de estudio a Fj\u00e4rdhundraland...","rel":"","context":"Entrada similar","block_context":{"text":"Entrada similar","link":""},"img":{"alt_text":"Studiebes\u00f6k Fj\u00e4rdhundraland jhos Axel & Gren","src":"https:\/\/i0.wp.com\/www.fjardhundraland.se\/wp-content\/uploads\/2023\/06\/studiebesok-fjardhundraland-axel-gren.jpg?resize=350%2C200&ssl=1","width":350,"height":200,"srcset":"https:\/\/i0.wp.com\/www.fjardhundraland.se\/wp-content\/uploads\/2023\/06\/studiebesok-fjardhundraland-axel-gren.jpg?resize=350%2C200&ssl=1 1x, https:\/\/i0.wp.com\/www.fjardhundraland.se\/wp-content\/uploads\/2023\/06\/studiebesok-fjardhundraland-axel-gren.jpg?resize=525%2C300&ssl=1 1.5x, https:\/\/i0.wp.com\/www.fjardhundraland.se\/wp-content\/uploads\/2023\/06\/studiebesok-fjardhundraland-axel-gren.jpg?resize=700%2C400&ssl=1 2x, https:\/\/i0.wp.com\/www.fjardhundraland.se\/wp-content\/uploads\/2023\/06\/studiebesok-fjardhundraland-axel-gren.jpg?resize=1050%2C600&ssl=1 3x, https:\/\/i0.wp.com\/www.fjardhundraland.se\/wp-content\/uploads\/2023\/06\/studiebesok-fjardhundraland-axel-gren.jpg?resize=1400%2C800&ssl=1 4x"},"classes":[]}],"jetpack_sharing_enabled":true,"_links":{"self":[{"href":"https:\/\/www.fjardhundraland.se\/es\/wp-json\/wp\/v2\/pages\/4036","targetHints":{"allow":["GET"]}}],"collection":[{"href":"https:\/\/www.fjardhundraland.se\/es\/wp-json\/wp\/v2\/pages"}],"about":[{"href":"https:\/\/www.fjardhundraland.se\/es\/wp-json\/wp\/v2\/types\/page"}],"author":[{"embeddable":true,"href":"https:\/\/www.fjardhundraland.se\/es\/wp-json\/wp\/v2\/users\/4"}],"replies":[{"embeddable":true,"href":"https:\/\/www.fjardhundraland.se\/es\/wp-json\/wp\/v2\/comments?post=4036"}],"version-history":[{"count":0,"href":"https:\/\/www.fjardhundraland.se\/es\/wp-json\/wp\/v2\/pages\/4036\/revisions"}],"up":[{"embeddable":true,"href":"https:\/\/www.fjardhundraland.se\/es\/wp-json\/wp\/v2\/pages\/2163"}],"wp:featuredmedia":[{"embeddable":true,"href":"https:\/\/www.fjardhundraland.se\/es\/wp-json\/wp\/v2\/media\/4144"}],"wp:attachment":[{"href":"https:\/\/www.fjardhundraland.se\/es\/wp-json\/wp\/v2\/media?parent=4036"}],"wp:term":[{"taxonomy":"category","embeddable":true,"href":"https:\/\/www.fjardhundraland.se\/es\/wp-json\/wp\/v2\/categories?post=4036"},{"taxonomy":"post_tag","embeddable":true,"href":"https:\/\/www.fjardhundraland.se\/es\/wp-json\/wp\/v2\/tags?post=4036"}],"curies":[{"name":"wp","href":"https:\/\/api.w.org\/{rel}","templated":true}]}}