
{"id":3963,"date":"2017-02-17T16:24:45","date_gmt":"2017-02-17T15:24:45","guid":{"rendered":"http:\/\/www.fjardhundraland.se\/?page_id=3963"},"modified":"2018-02-08T17:49:29","modified_gmt":"2018-02-08T16:49:29","slug":"dia-del-animal-2","status":"publish","type":"page","link":"https:\/\/www.fjardhundraland.se\/es\/evenemang-rundor\/djurens-dag\/","title":{"rendered":"D\u00eda de los Animales 2017"},"content":{"rendered":"<p>Corderos traviesos, simp\u00e1ticas gallinas o cerdos felices. \u00bfHay algo m\u00e1s bonito de ver que animales disfrutando del sol, el calor y el verde fresco? La primavera es tiempo de animales.<\/p>\n<p>Por cuarto a\u00f1o, algunas de las granjas de Fj\u00e4rdhundraland te invitan al D\u00eda del Animal <strong>S\u00e1bado 27 de mayo, de 11.00 a 16.00 horas<\/strong>. \u00a1Recorra y acaricie, mime, experimente en este recorrido entre algunas de las granjas de Fj\u00e4rdhundraland!<\/p>\n<h3>Participantes: qu\u00e9 pueden hacer<\/h3>\n<p><a href=\"https:\/\/www.fjardhundraland.se\/es\/platos\/bjornbo-gard-4h\/\">Bj\u00f6rnbo G\u00e5rd 4H<\/a>. Saluda a las gallinas, acaricia caballos y ovejas. Busque huevos. Paseos en poni para todos los tama\u00f1os.<\/p>\n<p><a href=\"https:\/\/www.fjardhundraland.se\/es\/platos\/granja-kromsta\/\">Granja Kromsta<\/a>. Vea y salude a bueyes, vaquillas, cerdos, gallinas, conejos y ovejas con corderos. Asar hamburguesas. Tractor y cabestrante. Paseo de propinas.<\/p>\n<p><a href=\"https:\/\/www.fjardhundraland.se\/es\/platos\/charcuteria-franzens\/\">Franz\u00e9ns Charkuterier<\/a>. Observe y ac\u00e9rquese a los cerdos Linder\u00f6d y a las gallinas Kinda. Dar de comer a los animales si lleva verduras o fruta. Comprar productos derivados del cerdo.<\/p>\n<p><a href=\"https:\/\/www.fjardhundraland.se\/es\/platos\/la-prisa-y-el-hortelano\/\">Granjero de caballos y hortalizas<\/a>. Montar a pelo en caballos de las Ardenas y viajar en coche de caballos.<\/p>\n<p><a href=\"https:\/\/www.fjardhundraland.se\/es\/platos\/gula-stallet-butik-kafe\/\">Tienda y cafeter\u00eda Gula Stallet<\/a>. Conozca a algunas de nuestras ovejas con corderos en la cafeter\u00eda. D\u00e9 un paseo de preguntas. Bollos de carb\u00f3n en la cocina al aire libre. Haz pulseras con lana de oveja (20 SEK). Safari de corderos con tractor y carreta (con reserva previa).<\/p>\n<p><a href=\"https:\/\/www.google.com\/maps\/d\/u\/0\/viewer?mid=1_mUG2UdkYhzSUsJWxsg1YfdtTnU\" target=\"_blank\" rel=\"noopener noreferrer\">Haga clic aqu\u00ed para abrir el mapa en Google Maps.<\/a><\/p>\n<p><iframe src=\"https:\/\/www.google.com\/maps\/d\/u\/3\/embed?mid=1_mUG2UdkYhzSUsJWxsg1YfdtTnU\" width=\"100%\" height=\"600\"><\/iframe><\/p>","protected":false},"excerpt":{"rendered":"<p>Busiga lamm, s\u00f6ta kycklingar eller glada grisar. Finns det n\u00e5got h\u00e4rligare att se \u00e4n djur som njuter av sol, v\u00e4rme och fr\u00e4scht gr\u00f6nt? V\u00e5rtid \u00e4r djurtid. F\u00f6r fj\u00e4rde \u00e5ret inbjuder n\u00e5gra av Fj\u00e4rdhundralands g\u00e5rdar till Djurens dag l\u00f6rdagen den 27 maj kl 11\u201316. \u00c5k runt\u00a0och klappa, gossa, upplev p\u00e5 denna runda mellan n\u00e5gra av\u00a0Fj\u00e4rdhundralands g\u00e5rdar! [&hellip;]<\/p>\n","protected":false},"author":4,"featured_media":4105,"parent":2163,"menu_order":26,"comment_status":"closed","ping_status":"closed","template":"","meta":{"_acf_changed":false,"_relevanssi_hide_post":"","_relevanssi_hide_content":"","_relevanssi_pin_for_all":"","_relevanssi_pin_keywords":"","_relevanssi_unpin_keywords":"","_relevanssi_related_keywords":"","_relevanssi_related_include_ids":"","_relevanssi_related_exclude_ids":"","_relevanssi_related_no_append":"","_relevanssi_related_not_related":"","_relevanssi_related_posts":"","_relevanssi_noindex_reason":"","_genesis_hide_title":false,"_genesis_hide_breadcrumbs":false,"_genesis_hide_singular_image":false,"_genesis_hide_footer_widgets":false,"_genesis_custom_body_class":"","_genesis_custom_post_class":"","_genesis_layout":"","footnotes":""},"categories":[],"tags":[],"class_list":{"0":"post-3963","1":"page","2":"type-page","3":"status-publish","4":"has-post-thumbnail","6":"entry"},"acf":[],"visa":null,"geo_latitude":null,"geo_longitude":null,"featured_image_src":"https:\/\/www.fjardhundraland.se\/wp-content\/uploads\/2017\/02\/18157411_1484046814959071_3875511745731358846_n.jpg","featured_image_src_square":"https:\/\/www.fjardhundraland.se\/wp-content\/uploads\/2017\/02\/18157411_1484046814959071_3875511745731358846_n.jpg","jetpack-related-posts":[{"id":4517,"url":"https:\/\/www.fjardhundraland.se\/es\/evenemang-rundor\/rebusrundan10\/barnrebusrundan\/","url_meta":{"origin":3963,"position":0},"title":"Recorrido en autob\u00fas para ni\u00f1os","author":"Ylva Fontell","date":"23 julio 2017","format":false,"excerpt":"Doce lugares del recorrido del rebus tienen en mente a los m\u00e1s peque\u00f1os de la familia. Hay acertijos especiales adecuados para ni\u00f1os de 5 a 11 a\u00f1os. Adem\u00e1s, en cada parada se puede hacer algo divertido: en los Establos Amarillos, el perro Ojja ense\u00f1a a los ni\u00f1os los conejos, patos y gallinas de los establos. La Oveja Feliz tiene...","rel":"","context":"Entrada similar","block_context":{"text":"Entrada similar","link":""},"img":{"alt_text":"","src":"https:\/\/i0.wp.com\/www.fjardhundraland.se\/wp-content\/uploads\/2017\/07\/algar.jpg?resize=350%2C200&ssl=1","width":350,"height":200,"srcset":"https:\/\/i0.wp.com\/www.fjardhundraland.se\/wp-content\/uploads\/2017\/07\/algar.jpg?resize=350%2C200&ssl=1 1x, https:\/\/i0.wp.com\/www.fjardhundraland.se\/wp-content\/uploads\/2017\/07\/algar.jpg?resize=525%2C300&ssl=1 1.5x, https:\/\/i0.wp.com\/www.fjardhundraland.se\/wp-content\/uploads\/2017\/07\/algar.jpg?resize=700%2C400&ssl=1 2x, https:\/\/i0.wp.com\/www.fjardhundraland.se\/wp-content\/uploads\/2017\/07\/algar.jpg?resize=1050%2C600&ssl=1 3x, https:\/\/i0.wp.com\/www.fjardhundraland.se\/wp-content\/uploads\/2017\/07\/algar.jpg?resize=1400%2C800&ssl=1 4x"},"classes":[]},{"id":4530,"url":"https:\/\/www.fjardhundraland.se\/es\/evenemang-rundor\/rebusrundan10\/uppsalarundan-med-12-stopp\/","url_meta":{"origin":3963,"position":1},"title":"Uppsalaour con 12 paradas","author":"Ylva Fontell","date":"25 julio 2017","format":false,"excerpt":"Esta es una sugerencia de ruta para la ronda Rebus que es adecuada para los que vienen de Uppsala. La ruta discurre por el paisaje agr\u00edcola de Fj\u00e4rdhundraland mezclado con bosques y hermosos valles. Le esperan muchas experiencias en la naturaleza. Encontrar\u00e1 artesan\u00eda alimentaria en diversas formas, como quesos, mermeladas, charcuter\u00eda y reposter\u00eda. Tambi\u00e9n podr\u00e1 comprar huevos, flores y plantas de jard\u00edn....","rel":"","context":"Entrada similar","block_context":{"text":"Entrada similar","link":""},"img":{"alt_text":"","src":"","width":0,"height":0},"classes":[]},{"id":4533,"url":"https:\/\/www.fjardhundraland.se\/es\/evenemang-rundor\/rebusrundan10\/vasterasrundan-med-12-stopp\/","url_meta":{"origin":3963,"position":2},"title":"V\u00e4ster\u00e5s ida y vuelta con 12 paradas","author":"Ylva Fontell","date":"25 julio 2017","format":false,"excerpt":"Esta es una sugerencia de ruta para Rebusrundan que es adecuada para los que vienen de V\u00e4ster\u00e5s. La ruta se extiende por el paisaje agr\u00edcola de Fj\u00e4rdhundraland mezclado con bosques y hermosos valles. Le esperan muchas experiencias en la naturaleza. Una ronda con de todo, \u00a1desde dise\u00f1o de interiores hasta coches antiguos!  Artesan\u00eda alimentaria en diversas formas, como danza del ternero y chocolate. Venta de...","rel":"","context":"Entrada similar","block_context":{"text":"Entrada similar","link":""},"img":{"alt_text":"","src":"","width":0,"height":0},"classes":[]},{"id":1805,"url":"https:\/\/www.fjardhundraland.se\/es\/om-fjardhundraland\/medlemmar\/","url_meta":{"origin":3963,"position":3},"title":"Miembros","author":"Ylva Fontell","date":"28 febrero 2014","format":false,"excerpt":"...Wood Shop Thorsvi Farm Tibble Old School Torstuna Hembygdsf\u00f6rening Tr\u00e4dg\u00e5rdsturism i Enk\u00f6ping med Pr\u00e4stg\u00e5rdsflygeln Tullens Gr\u00f6nska Tuna Tr\u00e4dg\u00e5rd T\u00e4rna bygdeg\u00e5rdsf\u00f6rening Uppdrag Kultur \/Eva Wrede Vagabond Haven AB Var Dags Rum...","rel":"","context":"Entrada similar","block_context":{"text":"Entrada similar","link":""},"img":{"alt_text":"","src":"","width":0,"height":0},"classes":[]},{"id":20251,"url":"https:\/\/www.fjardhundraland.se\/es\/inlagg\/2026\/pask-i-fjardhundraland\/","url_meta":{"origin":3963,"position":4},"title":"Semana Santa en Fj\u00e4rdhundraland","author":"Marloes","date":"18 marzo 2026","format":false,"excerpt":"La mejor manera de vivir la primavera es en el campo, cerca de la ciudad. \u00c9sta es la firme opini\u00f3n de muchos miembros de Fj\u00e4rdhundraland. Porque cerca de la naturaleza, en un paisaje cultural ondulado con granjas, talleres de alfarer\u00eda y caf\u00e9s, se oye a\u00fan mejor el canto de los p\u00e1jaros en primavera y se huele el aroma especiado de la tierra que cobra vida. Y eso...","rel":"","context":"Entrada similar","block_context":{"text":"Entrada similar","link":""},"img":{"alt_text":"","src":"https:\/\/i0.wp.com\/www.fjardhundraland.se\/wp-content\/uploads\/2021\/04\/pask-i-fjardhundraland-tupp-och-hona.jpg?resize=350%2C200&ssl=1","width":350,"height":200,"srcset":"https:\/\/i0.wp.com\/www.fjardhundraland.se\/wp-content\/uploads\/2021\/04\/pask-i-fjardhundraland-tupp-och-hona.jpg?resize=350%2C200&ssl=1 1x, https:\/\/i0.wp.com\/www.fjardhundraland.se\/wp-content\/uploads\/2021\/04\/pask-i-fjardhundraland-tupp-och-hona.jpg?resize=525%2C300&ssl=1 1.5x, https:\/\/i0.wp.com\/www.fjardhundraland.se\/wp-content\/uploads\/2021\/04\/pask-i-fjardhundraland-tupp-och-hona.jpg?resize=700%2C400&ssl=1 2x, https:\/\/i0.wp.com\/www.fjardhundraland.se\/wp-content\/uploads\/2021\/04\/pask-i-fjardhundraland-tupp-och-hona.jpg?resize=1050%2C600&ssl=1 3x, https:\/\/i0.wp.com\/www.fjardhundraland.se\/wp-content\/uploads\/2021\/04\/pask-i-fjardhundraland-tupp-och-hona.jpg?resize=1400%2C800&ssl=1 4x"},"classes":[]},{"id":2163,"url":"https:\/\/www.fjardhundraland.se\/es\/evenemang-rundor\/","url_meta":{"origin":3963,"position":5},"title":"Eventos 2026","author":"Mats Thorburn","date":"4 abril 2014","format":false,"excerpt":"CONTENIDO","rel":"","context":"Entrada similar","block_context":{"text":"Entrada similar","link":""},"img":{"alt_text":"Loppisrundan p\u00e5 Dunderbo ljus & hantverk","src":"https:\/\/i0.wp.com\/www.fjardhundraland.se\/wp-content\/uploads\/2021\/06\/dunderbo-ljus-hantverk-loppisrundan2019juli06-15.jpg?resize=350%2C200&ssl=1","width":350,"height":200,"srcset":"https:\/\/i0.wp.com\/www.fjardhundraland.se\/wp-content\/uploads\/2021\/06\/dunderbo-ljus-hantverk-loppisrundan2019juli06-15.jpg?resize=350%2C200&ssl=1 1x, https:\/\/i0.wp.com\/www.fjardhundraland.se\/wp-content\/uploads\/2021\/06\/dunderbo-ljus-hantverk-loppisrundan2019juli06-15.jpg?resize=525%2C300&ssl=1 1.5x, https:\/\/i0.wp.com\/www.fjardhundraland.se\/wp-content\/uploads\/2021\/06\/dunderbo-ljus-hantverk-loppisrundan2019juli06-15.jpg?resize=700%2C400&ssl=1 2x, https:\/\/i0.wp.com\/www.fjardhundraland.se\/wp-content\/uploads\/2021\/06\/dunderbo-ljus-hantverk-loppisrundan2019juli06-15.jpg?resize=1050%2C600&ssl=1 3x, https:\/\/i0.wp.com\/www.fjardhundraland.se\/wp-content\/uploads\/2021\/06\/dunderbo-ljus-hantverk-loppisrundan2019juli06-15.jpg?resize=1400%2C800&ssl=1 4x"},"classes":[]}],"jetpack_sharing_enabled":true,"_links":{"self":[{"href":"https:\/\/www.fjardhundraland.se\/es\/wp-json\/wp\/v2\/pages\/3963","targetHints":{"allow":["GET"]}}],"collection":[{"href":"https:\/\/www.fjardhundraland.se\/es\/wp-json\/wp\/v2\/pages"}],"about":[{"href":"https:\/\/www.fjardhundraland.se\/es\/wp-json\/wp\/v2\/types\/page"}],"author":[{"embeddable":true,"href":"https:\/\/www.fjardhundraland.se\/es\/wp-json\/wp\/v2\/users\/4"}],"replies":[{"embeddable":true,"href":"https:\/\/www.fjardhundraland.se\/es\/wp-json\/wp\/v2\/comments?post=3963"}],"version-history":[{"count":0,"href":"https:\/\/www.fjardhundraland.se\/es\/wp-json\/wp\/v2\/pages\/3963\/revisions"}],"up":[{"embeddable":true,"href":"https:\/\/www.fjardhundraland.se\/es\/wp-json\/wp\/v2\/pages\/2163"}],"wp:featuredmedia":[{"embeddable":true,"href":"https:\/\/www.fjardhundraland.se\/es\/wp-json\/wp\/v2\/media\/4105"}],"wp:attachment":[{"href":"https:\/\/www.fjardhundraland.se\/es\/wp-json\/wp\/v2\/media?parent=3963"}],"wp:term":[{"taxonomy":"category","embeddable":true,"href":"https:\/\/www.fjardhundraland.se\/es\/wp-json\/wp\/v2\/categories?post=3963"},{"taxonomy":"post_tag","embeddable":true,"href":"https:\/\/www.fjardhundraland.se\/es\/wp-json\/wp\/v2\/tags?post=3963"}],"curies":[{"name":"wp","href":"https:\/\/api.w.org\/{rel}","templated":true}]}}