
{"id":2795,"date":"2015-08-01T11:41:41","date_gmt":"2015-08-01T09:41:41","guid":{"rendered":"http:\/\/www.fjardhundraland.se\/?page_id=2795"},"modified":"2026-02-05T15:54:58","modified_gmt":"2026-02-05T14:54:58","slug":"formulario-de-respuesta-rebus-round","status":"publish","type":"page","link":"https:\/\/www.fjardhundraland.se\/es\/evenemang-rundor\/rebusrundan10\/svarsformular-rebusrundan\/","title":{"rendered":"Formulario de respuesta Rebus Round"},"content":{"rendered":"<p>\u00a1Gracias por participar en la Ronda Rebus 2015! Ahora ya no puedes enviar respuestas. <a href=\"https:\/\/www.fjardhundraland.se\/es\/2015\/08\/ganadores-de-la-ronda-rebus-2015\/\">Vea aqu\u00ed qui\u00e9n ha ganado.<\/a><\/p>","protected":false},"excerpt":{"rendered":"<p>\u00a1Gracias por participar en la Ronda Rebus 2015! Ahora ya no puedes enviar respuestas. \u00a1Mira qui\u00e9n ha ganado aqu\u00ed!<\/p>","protected":false},"author":1,"featured_media":0,"parent":2394,"menu_order":24,"comment_status":"open","ping_status":"open","template":"","meta":{"_acf_changed":false,"_relevanssi_hide_post":"on","_relevanssi_hide_content":"","_relevanssi_pin_for_all":"","_relevanssi_pin_keywords":"","_relevanssi_unpin_keywords":"","_relevanssi_related_keywords":"","_relevanssi_related_include_ids":"","_relevanssi_related_exclude_ids":"","_relevanssi_related_no_append":"","_relevanssi_related_not_related":"","_relevanssi_related_posts":"","_relevanssi_noindex_reason":"Rank Math Uteslut fr\u00e5n Relevanssi index","_genesis_hide_title":false,"_genesis_hide_breadcrumbs":false,"_genesis_hide_singular_image":false,"_genesis_hide_footer_widgets":false,"_genesis_custom_body_class":"","_genesis_custom_post_class":"","_genesis_layout":"","footnotes":""},"categories":[],"tags":[],"class_list":{"0":"post-2795","1":"page","2":"type-page","3":"status-publish","5":"entry"},"acf":[],"visa":null,"geo_latitude":null,"geo_longitude":null,"featured_image_src":null,"featured_image_src_square":null,"jetpack-related-posts":[{"id":4517,"url":"https:\/\/www.fjardhundraland.se\/es\/evenemang-rundor\/rebusrundan10\/barnrebusrundan\/","url_meta":{"origin":2795,"position":0},"title":"Recorrido en autob\u00fas para ni\u00f1os","author":"Ylva Fontell","date":"23 julio 2017","format":false,"excerpt":"Doce lugares del recorrido del rebus tienen en mente a los m\u00e1s peque\u00f1os de la familia. Hay acertijos especiales adecuados para ni\u00f1os de 5 a 11 a\u00f1os. Adem\u00e1s, en cada parada se puede hacer algo divertido: en los Establos Amarillos, el perro Ojja ense\u00f1a a los ni\u00f1os los conejos, patos y gallinas de los establos. La Oveja Feliz tiene...","rel":"","context":"Entrada similar","block_context":{"text":"Entrada similar","link":""},"img":{"alt_text":"","src":"https:\/\/i0.wp.com\/www.fjardhundraland.se\/wp-content\/uploads\/2017\/07\/algar.jpg?resize=350%2C200&ssl=1","width":350,"height":200,"srcset":"https:\/\/i0.wp.com\/www.fjardhundraland.se\/wp-content\/uploads\/2017\/07\/algar.jpg?resize=350%2C200&ssl=1 1x, https:\/\/i0.wp.com\/www.fjardhundraland.se\/wp-content\/uploads\/2017\/07\/algar.jpg?resize=525%2C300&ssl=1 1.5x, https:\/\/i0.wp.com\/www.fjardhundraland.se\/wp-content\/uploads\/2017\/07\/algar.jpg?resize=700%2C400&ssl=1 2x, https:\/\/i0.wp.com\/www.fjardhundraland.se\/wp-content\/uploads\/2017\/07\/algar.jpg?resize=1050%2C600&ssl=1 3x, https:\/\/i0.wp.com\/www.fjardhundraland.se\/wp-content\/uploads\/2017\/07\/algar.jpg?resize=1400%2C800&ssl=1 4x"},"classes":[]},{"id":2394,"url":"https:\/\/www.fjardhundraland.se\/es\/evenemang-rundor\/rebusrundan10\/","url_meta":{"origin":2795,"position":1},"title":"La ronda 2021 de Rebus","author":"Mats Thorburn","date":"18 junio 2014","format":false,"excerpt":"Fecha\/Hora Domingos 1 y 8 de agosto de 2021 a las 11-17. Rebusrundan le invita a usted, su familia y amigos a una excursi\u00f3n en Fj\u00e4rdhundraland. Durante dos domingos de agosto, las atracciones y los comercios abrir\u00e1n sus puertas... \u00a1y todos se lo pasar\u00e1n en grande! Visite y resuelva acertijos, compre, compita, coma y...","rel":"","context":"Entrada similar","block_context":{"text":"Entrada similar","link":""},"img":{"alt_text":"","src":"https:\/\/i0.wp.com\/www.fjardhundraland.se\/wp-content\/uploads\/2018\/02\/rebusrundan.jpg?resize=350%2C200&ssl=1","width":350,"height":200,"srcset":"https:\/\/i0.wp.com\/www.fjardhundraland.se\/wp-content\/uploads\/2018\/02\/rebusrundan.jpg?resize=350%2C200&ssl=1 1x, https:\/\/i0.wp.com\/www.fjardhundraland.se\/wp-content\/uploads\/2018\/02\/rebusrundan.jpg?resize=525%2C300&ssl=1 1.5x, https:\/\/i0.wp.com\/www.fjardhundraland.se\/wp-content\/uploads\/2018\/02\/rebusrundan.jpg?resize=700%2C400&ssl=1 2x, https:\/\/i0.wp.com\/www.fjardhundraland.se\/wp-content\/uploads\/2018\/02\/rebusrundan.jpg?resize=1050%2C600&ssl=1 3x, https:\/\/i0.wp.com\/www.fjardhundraland.se\/wp-content\/uploads\/2018\/02\/rebusrundan.jpg?resize=1400%2C800&ssl=1 4x"},"classes":[]},{"id":4533,"url":"https:\/\/www.fjardhundraland.se\/es\/evenemang-rundor\/rebusrundan10\/vasterasrundan-med-12-stopp\/","url_meta":{"origin":2795,"position":2},"title":"V\u00e4ster\u00e5s ida y vuelta con 12 paradas","author":"Ylva Fontell","date":"25 julio 2017","format":false,"excerpt":"Esta es una sugerencia de ruta para Rebusrundan que es adecuada para los que vienen de V\u00e4ster\u00e5s. La ruta se extiende por el paisaje agr\u00edcola de Fj\u00e4rdhundraland mezclado con bosques y hermosos valles. Le esperan muchas experiencias en la naturaleza. Una ronda con de todo, \u00a1desde dise\u00f1o de interiores hasta coches antiguos!  Artesan\u00eda alimentaria en diversas formas, como danza del ternero y chocolate. Venta de...","rel":"","context":"Entrada similar","block_context":{"text":"Entrada similar","link":""},"img":{"alt_text":"","src":"","width":0,"height":0},"classes":[]},{"id":4539,"url":"https:\/\/www.fjardhundraland.se\/es\/evenemang-rundor\/rebusrundan10\/balsta-stockholmsrundan-med-11-stopp\/","url_meta":{"origin":2795,"position":3},"title":"B\u00e5lsta-Estocolmo ida y vuelta con 11 paradas","author":"Ylva Fontell","date":"25 julio 2017","format":false,"excerpt":"Esta es una ruta sugerida para Rebusrundan que es adecuada para los que vienen de Estocolmo. La ruta se extiende por el paisaje agr\u00edcola de Fj\u00e4rdhundraland mezclado con bosques y hermosos valles. Le esperan muchas experiencias en la naturaleza. Varias paradas con artesan\u00eda alimentaria ecol\u00f3gica, como quesos, mermeladas, charcuter\u00eda, zumo de manzana y reposter\u00eda. Tambi\u00e9n puede comprar huevos, flores y plantas de jard\u00edn ....","rel":"","context":"Entrada similar","block_context":{"text":"Entrada similar","link":""},"img":{"alt_text":"","src":"","width":0,"height":0},"classes":[]},{"id":4537,"url":"https:\/\/www.fjardhundraland.se\/es\/evenemang-rundor\/rebusrundan10\/sala-hebyrundan-med-13-stopp\/","url_meta":{"origin":2795,"position":4},"title":"Sala-Hebyrundan con 13 paradas","author":"Ylva Fontell","date":"25 julio 2017","format":false,"excerpt":"Esta es una sugerencia de ruta para Rebusrundan que es adecuada para los que vienen de Sala o Heby. La ruta se extiende por el paisaje agr\u00edcola de Fj\u00e4rdhundraland mezclado con bosques y hermosos valles. Le esperan muchas experiencias en plena naturaleza. Varias paradas tienen mucha historia que contar sobre piedras r\u00fanicas, pueblos de soldados y antiguas escuelas de pueblo. En varios lugares hay...","rel":"","context":"Entrada similar","block_context":{"text":"Entrada similar","link":""},"img":{"alt_text":"","src":"","width":0,"height":0},"classes":[]},{"id":4530,"url":"https:\/\/www.fjardhundraland.se\/es\/evenemang-rundor\/rebusrundan10\/uppsalarundan-med-12-stopp\/","url_meta":{"origin":2795,"position":5},"title":"Uppsalaour con 12 paradas","author":"Ylva Fontell","date":"25 julio 2017","format":false,"excerpt":"Esta es una sugerencia de ruta para la ronda Rebus que es adecuada para los que vienen de Uppsala. La ruta discurre por el paisaje agr\u00edcola de Fj\u00e4rdhundraland mezclado con bosques y hermosos valles. Le esperan muchas experiencias en la naturaleza. Encontrar\u00e1 artesan\u00eda alimentaria en diversas formas, como quesos, mermeladas, charcuter\u00eda y reposter\u00eda. Tambi\u00e9n podr\u00e1 comprar huevos, flores y plantas de jard\u00edn....","rel":"","context":"Entrada similar","block_context":{"text":"Entrada similar","link":""},"img":{"alt_text":"","src":"","width":0,"height":0},"classes":[]}],"jetpack_sharing_enabled":true,"_links":{"self":[{"href":"https:\/\/www.fjardhundraland.se\/es\/wp-json\/wp\/v2\/pages\/2795","targetHints":{"allow":["GET"]}}],"collection":[{"href":"https:\/\/www.fjardhundraland.se\/es\/wp-json\/wp\/v2\/pages"}],"about":[{"href":"https:\/\/www.fjardhundraland.se\/es\/wp-json\/wp\/v2\/types\/page"}],"author":[{"embeddable":true,"href":"https:\/\/www.fjardhundraland.se\/es\/wp-json\/wp\/v2\/users\/1"}],"replies":[{"embeddable":true,"href":"https:\/\/www.fjardhundraland.se\/es\/wp-json\/wp\/v2\/comments?post=2795"}],"version-history":[{"count":1,"href":"https:\/\/www.fjardhundraland.se\/es\/wp-json\/wp\/v2\/pages\/2795\/revisions"}],"predecessor-version":[{"id":19803,"href":"https:\/\/www.fjardhundraland.se\/es\/wp-json\/wp\/v2\/pages\/2795\/revisions\/19803"}],"up":[{"embeddable":true,"href":"https:\/\/www.fjardhundraland.se\/es\/wp-json\/wp\/v2\/pages\/2394"}],"wp:attachment":[{"href":"https:\/\/www.fjardhundraland.se\/es\/wp-json\/wp\/v2\/media?parent=2795"}],"wp:term":[{"taxonomy":"category","embeddable":true,"href":"https:\/\/www.fjardhundraland.se\/es\/wp-json\/wp\/v2\/categories?post=2795"},{"taxonomy":"post_tag","embeddable":true,"href":"https:\/\/www.fjardhundraland.se\/es\/wp-json\/wp\/v2\/tags?post=2795"}],"curies":[{"name":"wp","href":"https:\/\/api.w.org\/{rel}","templated":true}]}}