
{"id":2738,"date":"2015-07-15T23:25:59","date_gmt":"2015-07-15T21:25:59","guid":{"rendered":"http:\/\/www.fjardhundraland.se\/?page_id=2738"},"modified":"2025-08-29T12:08:35","modified_gmt":"2025-08-29T10:08:35","slug":"gente-de-la-comida","status":"publish","type":"page","link":"https:\/\/www.fjardhundraland.se\/es\/evenemang-rundor\/mat-manniskor\/","title":{"rendered":"Food &amp; People - el tour de la comida"},"content":{"rendered":"<p class=\"has-medium-font-size\"><strong>Comida y gente - <\/strong>fin de semana del 20 - 21 de septiembre de 2025, 11-17<\/p>\n\n\n\n<p>Olfatear, saborear, mirar, disfrutar: Food &amp; People es un recorrido para todos los sentidos en el que la comida y las personas son el centro.<\/p>\n\n\n\n<p>M\u00e1s informaci\u00f3n en <a href=\"https:\/\/www.fjardhundraland.se\/es\/matomanniskor\/\">https:\/\/www.fjardhundraland.se\/matomanniskor\/<\/a><\/p>","protected":false},"excerpt":{"rendered":"<p>Food &amp; People - fin de semana del 20 al 21 de septiembre de 2025 a las 11.17 huele, saborea, mira, disfruta - Food &amp; People es la ronda para todos los sentidos donde la comida y la gente son el centro. M\u00e1s informaci\u00f3n en https:\/\/www.fjardhundraland.se\/matomanniskor\/<\/p>","protected":false},"author":1,"featured_media":5371,"parent":2163,"menu_order":15,"comment_status":"closed","ping_status":"closed","template":"","meta":{"_acf_changed":false,"_relevanssi_hide_post":"","_relevanssi_hide_content":"","_relevanssi_pin_for_all":"","_relevanssi_pin_keywords":"","_relevanssi_unpin_keywords":"","_relevanssi_related_keywords":"","_relevanssi_related_include_ids":"","_relevanssi_related_exclude_ids":"","_relevanssi_related_no_append":"","_relevanssi_related_not_related":"","_relevanssi_related_posts":"7284,16533,16405,4687,5416,3568","_relevanssi_noindex_reason":"","_genesis_hide_title":false,"_genesis_hide_breadcrumbs":false,"_genesis_hide_singular_image":false,"_genesis_hide_footer_widgets":false,"_genesis_custom_body_class":"","_genesis_custom_post_class":"","_genesis_layout":"","footnotes":""},"categories":[],"tags":[],"class_list":{"0":"post-2738","1":"page","2":"type-page","3":"status-publish","4":"has-post-thumbnail","6":"entry"},"acf":[],"visa":null,"geo_latitude":null,"geo_longitude":null,"featured_image_src":"https:\/\/www.fjardhundraland.se\/wp-content\/uploads\/2018\/08\/mat-och-macc88nniskor-header.jpg","featured_image_src_square":"https:\/\/www.fjardhundraland.se\/wp-content\/uploads\/2018\/08\/mat-och-macc88nniskor-header.jpg","jetpack-related-posts":[{"id":2942,"url":"https:\/\/www.fjardhundraland.se\/es\/evenemang-rundor\/mat-manniskor\/enkat-mat-manniskor\/","url_meta":{"origin":2738,"position":0},"title":"Encuesta Food &amp; People","author":"Mats Thorburn","date":"26 septiembre 2015","format":false,"excerpt":"[gravityform id=\"6\" title=\"false\" description=\"true\"] Tack f\u00f6r hj\u00e4lpen! Vi v\u00e4ljer ut n\u00e5gra vinnare bland de inl\u00e4mnade synpunkterna och meddelar per e-post och h\u00e4r p\u00e5 webbsidan senast 15 oktober.","rel":"","context":"Entrada similar","block_context":{"text":"Entrada similar","link":""},"img":{"alt_text":"","src":"","width":0,"height":0},"classes":[]},{"id":2163,"url":"https:\/\/www.fjardhundraland.se\/es\/evenemang-rundor\/","url_meta":{"origin":2738,"position":1},"title":"Eventos 2026","author":"Mats Thorburn","date":"4 abril 2014","format":false,"excerpt":"CONTENIDO","rel":"","context":"Entrada similar","block_context":{"text":"Entrada similar","link":""},"img":{"alt_text":"Loppisrundan p\u00e5 Dunderbo ljus & hantverk","src":"https:\/\/i0.wp.com\/www.fjardhundraland.se\/wp-content\/uploads\/2021\/06\/dunderbo-ljus-hantverk-loppisrundan2019juli06-15.jpg?resize=350%2C200&ssl=1","width":350,"height":200,"srcset":"https:\/\/i0.wp.com\/www.fjardhundraland.se\/wp-content\/uploads\/2021\/06\/dunderbo-ljus-hantverk-loppisrundan2019juli06-15.jpg?resize=350%2C200&ssl=1 1x, https:\/\/i0.wp.com\/www.fjardhundraland.se\/wp-content\/uploads\/2021\/06\/dunderbo-ljus-hantverk-loppisrundan2019juli06-15.jpg?resize=525%2C300&ssl=1 1.5x, https:\/\/i0.wp.com\/www.fjardhundraland.se\/wp-content\/uploads\/2021\/06\/dunderbo-ljus-hantverk-loppisrundan2019juli06-15.jpg?resize=700%2C400&ssl=1 2x, https:\/\/i0.wp.com\/www.fjardhundraland.se\/wp-content\/uploads\/2021\/06\/dunderbo-ljus-hantverk-loppisrundan2019juli06-15.jpg?resize=1050%2C600&ssl=1 3x, https:\/\/i0.wp.com\/www.fjardhundraland.se\/wp-content\/uploads\/2021\/06\/dunderbo-ljus-hantverk-loppisrundan2019juli06-15.jpg?resize=1400%2C800&ssl=1 4x"},"classes":[]},{"id":18106,"url":"https:\/\/www.fjardhundraland.se\/es\/magasin-fjardhundraland\/","url_meta":{"origin":2738,"position":2},"title":"Revista Fj\u00e4rdhundraland","author":"Mats Thorburn","date":"3 mayo 2025","format":false,"excerpt":"Revista y mapa Fj\u00e4rdhundraland Ya est\u00e1 disponible la revista de este a\u00f1o, junto con un mapa en papel actualizado. La revista Fj\u00e4rdhundraland cuenta las historias de las personas que regentan negocios en la zona y los lugares que visitan. Cada n\u00famero suele incluir art\u00edculos sobre gastronom\u00eda, caf\u00e9, jardiner\u00eda, artesan\u00eda, cultura e historia. Junto con la revista, hemos creado un mapa, donde...","rel":"","context":"Entrada similar","block_context":{"text":"Entrada similar","link":""},"img":{"alt_text":"","src":"https:\/\/i0.wp.com\/www.fjardhundraland.se\/wp-content\/uploads\/2025\/05\/magasin-2025-framsida.jpg?resize=350%2C200&ssl=1","width":350,"height":200,"srcset":"https:\/\/i0.wp.com\/www.fjardhundraland.se\/wp-content\/uploads\/2025\/05\/magasin-2025-framsida.jpg?resize=350%2C200&ssl=1 1x, https:\/\/i0.wp.com\/www.fjardhundraland.se\/wp-content\/uploads\/2025\/05\/magasin-2025-framsida.jpg?resize=525%2C300&ssl=1 1.5x, https:\/\/i0.wp.com\/www.fjardhundraland.se\/wp-content\/uploads\/2025\/05\/magasin-2025-framsida.jpg?resize=700%2C400&ssl=1 2x, https:\/\/i0.wp.com\/www.fjardhundraland.se\/wp-content\/uploads\/2025\/05\/magasin-2025-framsida.jpg?resize=1050%2C600&ssl=1 3x, https:\/\/i0.wp.com\/www.fjardhundraland.se\/wp-content\/uploads\/2025\/05\/magasin-2025-framsida.jpg?resize=1400%2C800&ssl=1 4x"},"classes":[]},{"id":5231,"url":"https:\/\/www.fjardhundraland.se\/es\/cykla\/","url_meta":{"origin":2738,"position":3},"title":"En bicicleta por el campo, cerca de la naturaleza y la cultura","author":"Mats Thorburn","date":"28 junio 2018","format":false,"excerpt":"En bicicleta por peque\u00f1as carreteras cerca de Estocolmo, Uppsala y V\u00e4ster\u00e5s Vistas, caf\u00e9s, buena comida, lugares de inter\u00e9s, pero sobre todo estas peque\u00f1as carreteras serpenteantes a trav\u00e9s de un hermoso paisaje agr\u00edcola, \u00a1acompa\u00f1adas por el canto de los p\u00e1jaros y las alas de la historia! Fj\u00e4rdhundraland le da la bienvenida como ciclista. Las carreteras peque\u00f1as est\u00e1n por todas partes, y no es casualidad. La gente de la antig\u00fcedad y la Edad Media viajaba a pie y...","rel":"","context":"En \u00abCykling\u00bb","block_context":{"text":"Cykling","link":"https:\/\/www.fjardhundraland.se\/es\/cykling\/"},"img":{"alt_text":"Cyklar parkerade framf\u00f6r Nys\u00e4tra kyrka","src":"https:\/\/i0.wp.com\/www.fjardhundraland.se\/wp-content\/uploads\/2018\/06\/cykling.jpg?resize=350%2C200&ssl=1","width":350,"height":200,"srcset":"https:\/\/i0.wp.com\/www.fjardhundraland.se\/wp-content\/uploads\/2018\/06\/cykling.jpg?resize=350%2C200&ssl=1 1x, https:\/\/i0.wp.com\/www.fjardhundraland.se\/wp-content\/uploads\/2018\/06\/cykling.jpg?resize=525%2C300&ssl=1 1.5x, https:\/\/i0.wp.com\/www.fjardhundraland.se\/wp-content\/uploads\/2018\/06\/cykling.jpg?resize=700%2C400&ssl=1 2x, https:\/\/i0.wp.com\/www.fjardhundraland.se\/wp-content\/uploads\/2018\/06\/cykling.jpg?resize=1050%2C600&ssl=1 3x, https:\/\/i0.wp.com\/www.fjardhundraland.se\/wp-content\/uploads\/2018\/06\/cykling.jpg?resize=1400%2C800&ssl=1 4x"},"classes":[]},{"id":7312,"url":"https:\/\/www.fjardhundraland.se\/es\/om-fjardhundraland\/fjardhundraland-ekonomisk-forening\/bli-medlem\/","url_meta":{"origin":2738,"position":4},"title":"Afiliarse","author":"Mats Thorburn","date":"8 septiembre 2020","format":false,"excerpt":"\u00a1Bienvenido como miembro de la asociaci\u00f3n econ\u00f3mica Fj\u00e4rdhundraland! El hecho de que te unas refuerza nuestra red com\u00fan y nos hace a\u00fan mejores a la hora de ofrecer a nuestros visitantes una buena experiencia. Rellene aqu\u00ed el formulario de solicitud. Diez buenas razones para hacerse miembro Cree que es importante cooperar. 1+1=3.Usted...","rel":"","context":"Entrada similar","block_context":{"text":"Entrada similar","link":""},"img":{"alt_text":"","src":"","width":0,"height":0},"classes":[]},{"id":4572,"url":"https:\/\/www.fjardhundraland.se\/es\/evenemang-rundor\/rebusrundan10\/navigera-med-google-maps\/","url_meta":{"origin":2738,"position":5},"title":"Navegar con Google Maps","author":"Ylva Fontell","date":"26 julio 2017","format":false,"excerpt":"Hay muchas carreteras secundarias sinuosas en Fj\u00e4rdhundraland. Son hermosas y forman parte del viaje, pero a veces es dif\u00edcil saber cu\u00e1l es la correcta para llegar a su destino. La navegaci\u00f3n con Google Maps le ayudar\u00e1 a encontrar el camino. A continuaci\u00f3n te explicamos c\u00f3mo hacerlo: Abre la...","rel":"","context":"Entrada similar","block_context":{"text":"Entrada similar","link":""},"img":{"alt_text":"","src":"","width":0,"height":0},"classes":[]}],"jetpack_sharing_enabled":true,"_links":{"self":[{"href":"https:\/\/www.fjardhundraland.se\/es\/wp-json\/wp\/v2\/pages\/2738","targetHints":{"allow":["GET"]}}],"collection":[{"href":"https:\/\/www.fjardhundraland.se\/es\/wp-json\/wp\/v2\/pages"}],"about":[{"href":"https:\/\/www.fjardhundraland.se\/es\/wp-json\/wp\/v2\/types\/page"}],"author":[{"embeddable":true,"href":"https:\/\/www.fjardhundraland.se\/es\/wp-json\/wp\/v2\/users\/1"}],"replies":[{"embeddable":true,"href":"https:\/\/www.fjardhundraland.se\/es\/wp-json\/wp\/v2\/comments?post=2738"}],"version-history":[{"count":1,"href":"https:\/\/www.fjardhundraland.se\/es\/wp-json\/wp\/v2\/pages\/2738\/revisions"}],"predecessor-version":[{"id":18818,"href":"https:\/\/www.fjardhundraland.se\/es\/wp-json\/wp\/v2\/pages\/2738\/revisions\/18818"}],"up":[{"embeddable":true,"href":"https:\/\/www.fjardhundraland.se\/es\/wp-json\/wp\/v2\/pages\/2163"}],"wp:featuredmedia":[{"embeddable":true,"href":"https:\/\/www.fjardhundraland.se\/es\/wp-json\/wp\/v2\/media\/5371"}],"wp:attachment":[{"href":"https:\/\/www.fjardhundraland.se\/es\/wp-json\/wp\/v2\/media?parent=2738"}],"wp:term":[{"taxonomy":"category","embeddable":true,"href":"https:\/\/www.fjardhundraland.se\/es\/wp-json\/wp\/v2\/categories?post=2738"},{"taxonomy":"post_tag","embeddable":true,"href":"https:\/\/www.fjardhundraland.se\/es\/wp-json\/wp\/v2\/tags?post=2738"}],"curies":[{"name":"wp","href":"https:\/\/api.w.org\/{rel}","templated":true}]}}