
{"id":2394,"date":"2014-06-18T08:44:45","date_gmt":"2014-06-18T06:44:45","guid":{"rendered":"http:\/\/www.fjardhundraland.se\/?page_id=2394"},"modified":"2021-07-26T15:30:59","modified_gmt":"2021-07-26T13:30:59","slug":"rebus-round10","status":"publish","type":"page","link":"https:\/\/www.fjardhundraland.se\/es\/evenemang-rundor\/rebusrundan10\/","title":{"rendered":"La ronda 2021 de Rebus"},"content":{"rendered":"<p><strong>Fecha\/Hora<br \/>\n<\/strong>Domingos 1 y 8 de agosto de 2021, de 11.00 a 17.00 horas.<\/p>\n<div class=\"entry-content\">\n<div id=\"em-wrapper\">\n<p><a href=\"https:\/\/www.fjardhundraland.se\/es\/rebus-redondo-2\/\">El tour de la vid<\/a> le invita a usted, su familia y sus amigos a pasar un d\u00eda en el Fj\u00e4rdhundraland. Durante dos domingos de agosto, celebraremos eventos especiales en nuestras atracciones y comercios, \u00a1y todo el mundo disfrutar\u00e1! Visite y resuelva acertijos, vaya de compras, compita, coma y tome caf\u00e9, disfrute de nuestra hermosa campi\u00f1a.<\/p>\n<\/div>\n<\/div>\n<p>M\u00e1s informaci\u00f3n en <strong><a href=\"https:\/\/www.fjardhundraland.se\/es\/rebus-redondo-2\/\">rebusrundan.se<\/a><\/strong>!<\/p>","protected":false},"excerpt":{"rendered":"<p>Datum\/Tid S\u00f6ndag 1 och 8 augusti 2021 kl 11\u201317. Rebusrundan bjuder in dig, familjen och v\u00e4nnerna till en utflykt i Fj\u00e4rdhundraland. Tv\u00e5 s\u00f6ndagar i augusti \u00e4r det extra mycket \u00f6ppet p\u00e5 bes\u00f6ksm\u00e5l och verksamheter\u2013och alla bjuder bjuder p\u00e5 lite extra! G\u00f6r ett bes\u00f6k och l\u00f6s rebusar, handla, t\u00e4vla, \u00e4t &amp; fika, upplev v\u00e5r sk\u00f6na landsbygd. [&hellip;]<\/p>\n","protected":false},"author":1,"featured_media":4858,"parent":2163,"menu_order":18,"comment_status":"closed","ping_status":"closed","template":"","meta":{"_acf_changed":false,"_relevanssi_hide_post":"","_relevanssi_hide_content":"","_relevanssi_pin_for_all":"","_relevanssi_pin_keywords":"","_relevanssi_unpin_keywords":"","_relevanssi_related_keywords":"","_relevanssi_related_include_ids":"","_relevanssi_related_exclude_ids":"","_relevanssi_related_no_append":"","_relevanssi_related_not_related":"","_relevanssi_related_posts":"","_relevanssi_noindex_reason":"","_genesis_hide_title":false,"_genesis_hide_breadcrumbs":false,"_genesis_hide_singular_image":false,"_genesis_hide_footer_widgets":false,"_genesis_custom_body_class":"","_genesis_custom_post_class":"","_genesis_layout":"","footnotes":""},"categories":[],"tags":[],"class_list":{"0":"post-2394","1":"page","2":"type-page","3":"status-publish","4":"has-post-thumbnail","6":"entry"},"acf":[],"visa":null,"geo_latitude":null,"geo_longitude":null,"featured_image_src":"https:\/\/www.fjardhundraland.se\/wp-content\/uploads\/2018\/02\/rebusrundan.jpg","featured_image_src_square":"https:\/\/www.fjardhundraland.se\/wp-content\/uploads\/2018\/02\/rebusrundan.jpg","jetpack-related-posts":[{"id":2163,"url":"https:\/\/www.fjardhundraland.se\/es\/evenemang-rundor\/","url_meta":{"origin":2394,"position":0},"title":"Eventos 2026","author":"Mats Thorburn","date":"4 abril 2014","format":false,"excerpt":"CONTENIDO","rel":"","context":"Entrada similar","block_context":{"text":"Entrada similar","link":""},"img":{"alt_text":"Loppisrundan p\u00e5 Dunderbo ljus & hantverk","src":"https:\/\/i0.wp.com\/www.fjardhundraland.se\/wp-content\/uploads\/2021\/06\/dunderbo-ljus-hantverk-loppisrundan2019juli06-15.jpg?resize=350%2C200&ssl=1","width":350,"height":200,"srcset":"https:\/\/i0.wp.com\/www.fjardhundraland.se\/wp-content\/uploads\/2021\/06\/dunderbo-ljus-hantverk-loppisrundan2019juli06-15.jpg?resize=350%2C200&ssl=1 1x, https:\/\/i0.wp.com\/www.fjardhundraland.se\/wp-content\/uploads\/2021\/06\/dunderbo-ljus-hantverk-loppisrundan2019juli06-15.jpg?resize=525%2C300&ssl=1 1.5x, https:\/\/i0.wp.com\/www.fjardhundraland.se\/wp-content\/uploads\/2021\/06\/dunderbo-ljus-hantverk-loppisrundan2019juli06-15.jpg?resize=700%2C400&ssl=1 2x, https:\/\/i0.wp.com\/www.fjardhundraland.se\/wp-content\/uploads\/2021\/06\/dunderbo-ljus-hantverk-loppisrundan2019juli06-15.jpg?resize=1050%2C600&ssl=1 3x, https:\/\/i0.wp.com\/www.fjardhundraland.se\/wp-content\/uploads\/2021\/06\/dunderbo-ljus-hantverk-loppisrundan2019juli06-15.jpg?resize=1400%2C800&ssl=1 4x"},"classes":[]},{"id":2795,"url":"https:\/\/www.fjardhundraland.se\/es\/evenemang-rundor\/rebusrundan10\/svarsformular-rebusrundan\/","url_meta":{"origin":2394,"position":1},"title":"Formulario de respuesta Rebus Round","author":"Mats Thorburn","date":"1 agosto 2015","format":false,"excerpt":"\u00a1Gracias por participar en la Ronda Rebus 2015! Ahora ya no puedes enviar respuestas. \u00a1Mira qui\u00e9n ha ganado aqu\u00ed!","rel":"","context":"Entrada similar","block_context":{"text":"Entrada similar","link":""},"img":{"alt_text":"","src":"","width":0,"height":0},"classes":[]},{"id":4517,"url":"https:\/\/www.fjardhundraland.se\/es\/evenemang-rundor\/rebusrundan10\/barnrebusrundan\/","url_meta":{"origin":2394,"position":2},"title":"Recorrido en autob\u00fas para ni\u00f1os","author":"Ylva Fontell","date":"23 julio 2017","format":false,"excerpt":"Doce lugares del recorrido del rebus tienen en mente a los m\u00e1s peque\u00f1os de la familia. Hay acertijos especiales adecuados para ni\u00f1os de 5 a 11 a\u00f1os. Adem\u00e1s, en cada parada se puede hacer algo divertido: en los Establos Amarillos, el perro Ojja ense\u00f1a a los ni\u00f1os los conejos, patos y gallinas de los establos. La Oveja Feliz tiene...","rel":"","context":"Entrada similar","block_context":{"text":"Entrada similar","link":""},"img":{"alt_text":"","src":"https:\/\/i0.wp.com\/www.fjardhundraland.se\/wp-content\/uploads\/2017\/07\/algar.jpg?resize=350%2C200&ssl=1","width":350,"height":200,"srcset":"https:\/\/i0.wp.com\/www.fjardhundraland.se\/wp-content\/uploads\/2017\/07\/algar.jpg?resize=350%2C200&ssl=1 1x, https:\/\/i0.wp.com\/www.fjardhundraland.se\/wp-content\/uploads\/2017\/07\/algar.jpg?resize=525%2C300&ssl=1 1.5x, https:\/\/i0.wp.com\/www.fjardhundraland.se\/wp-content\/uploads\/2017\/07\/algar.jpg?resize=700%2C400&ssl=1 2x, https:\/\/i0.wp.com\/www.fjardhundraland.se\/wp-content\/uploads\/2017\/07\/algar.jpg?resize=1050%2C600&ssl=1 3x, https:\/\/i0.wp.com\/www.fjardhundraland.se\/wp-content\/uploads\/2017\/07\/algar.jpg?resize=1400%2C800&ssl=1 4x"},"classes":[]},{"id":4539,"url":"https:\/\/www.fjardhundraland.se\/es\/evenemang-rundor\/rebusrundan10\/balsta-stockholmsrundan-med-11-stopp\/","url_meta":{"origin":2394,"position":3},"title":"B\u00e5lsta-Estocolmo ida y vuelta con 11 paradas","author":"Ylva Fontell","date":"25 julio 2017","format":false,"excerpt":"Esta es una ruta sugerida para Rebusrundan que es adecuada para los que vienen de Estocolmo. La ruta se extiende por el paisaje agr\u00edcola de Fj\u00e4rdhundraland mezclado con bosques y hermosos valles. Le esperan muchas experiencias en la naturaleza. Varias paradas con artesan\u00eda alimentaria ecol\u00f3gica, como quesos, mermeladas, charcuter\u00eda, zumo de manzana y reposter\u00eda. Tambi\u00e9n puede comprar huevos, flores y plantas de jard\u00edn ....","rel":"","context":"Entrada similar","block_context":{"text":"Entrada similar","link":""},"img":{"alt_text":"","src":"","width":0,"height":0},"classes":[]},{"id":4533,"url":"https:\/\/www.fjardhundraland.se\/es\/evenemang-rundor\/rebusrundan10\/vasterasrundan-med-12-stopp\/","url_meta":{"origin":2394,"position":4},"title":"V\u00e4ster\u00e5s ida y vuelta con 12 paradas","author":"Ylva Fontell","date":"25 julio 2017","format":false,"excerpt":"Esta es una sugerencia de ruta para Rebusrundan que es adecuada para los que vienen de V\u00e4ster\u00e5s. La ruta se extiende por el paisaje agr\u00edcola de Fj\u00e4rdhundraland mezclado con bosques y hermosos valles. Le esperan muchas experiencias en la naturaleza. Una ronda con de todo, \u00a1desde dise\u00f1o de interiores hasta coches antiguos!  Artesan\u00eda alimentaria en diversas formas, como danza del ternero y chocolate. Venta de...","rel":"","context":"Entrada similar","block_context":{"text":"Entrada similar","link":""},"img":{"alt_text":"","src":"","width":0,"height":0},"classes":[]},{"id":4537,"url":"https:\/\/www.fjardhundraland.se\/es\/evenemang-rundor\/rebusrundan10\/sala-hebyrundan-med-13-stopp\/","url_meta":{"origin":2394,"position":5},"title":"Sala-Hebyrundan con 13 paradas","author":"Ylva Fontell","date":"25 julio 2017","format":false,"excerpt":"Esta es una sugerencia de ruta para Rebusrundan que es adecuada para los que vienen de Sala o Heby. La ruta se extiende por el paisaje agr\u00edcola de Fj\u00e4rdhundraland mezclado con bosques y hermosos valles. Le esperan muchas experiencias en plena naturaleza. Varias paradas tienen mucha historia que contar sobre piedras r\u00fanicas, pueblos de soldados y antiguas escuelas de pueblo. En varios lugares hay...","rel":"","context":"Entrada similar","block_context":{"text":"Entrada similar","link":""},"img":{"alt_text":"","src":"","width":0,"height":0},"classes":[]}],"jetpack_sharing_enabled":true,"_links":{"self":[{"href":"https:\/\/www.fjardhundraland.se\/es\/wp-json\/wp\/v2\/pages\/2394","targetHints":{"allow":["GET"]}}],"collection":[{"href":"https:\/\/www.fjardhundraland.se\/es\/wp-json\/wp\/v2\/pages"}],"about":[{"href":"https:\/\/www.fjardhundraland.se\/es\/wp-json\/wp\/v2\/types\/page"}],"author":[{"embeddable":true,"href":"https:\/\/www.fjardhundraland.se\/es\/wp-json\/wp\/v2\/users\/1"}],"replies":[{"embeddable":true,"href":"https:\/\/www.fjardhundraland.se\/es\/wp-json\/wp\/v2\/comments?post=2394"}],"version-history":[{"count":0,"href":"https:\/\/www.fjardhundraland.se\/es\/wp-json\/wp\/v2\/pages\/2394\/revisions"}],"up":[{"embeddable":true,"href":"https:\/\/www.fjardhundraland.se\/es\/wp-json\/wp\/v2\/pages\/2163"}],"wp:featuredmedia":[{"embeddable":true,"href":"https:\/\/www.fjardhundraland.se\/es\/wp-json\/wp\/v2\/media\/4858"}],"wp:attachment":[{"href":"https:\/\/www.fjardhundraland.se\/es\/wp-json\/wp\/v2\/media?parent=2394"}],"wp:term":[{"taxonomy":"category","embeddable":true,"href":"https:\/\/www.fjardhundraland.se\/es\/wp-json\/wp\/v2\/categories?post=2394"},{"taxonomy":"post_tag","embeddable":true,"href":"https:\/\/www.fjardhundraland.se\/es\/wp-json\/wp\/v2\/tags?post=2394"}],"curies":[{"name":"wp","href":"https:\/\/api.w.org\/{rel}","templated":true}]}}