
{"id":2163,"date":"2014-04-04T17:00:43","date_gmt":"2014-04-04T15:00:43","guid":{"rendered":"http:\/\/www.fjardhundraland.se\/event\/"},"modified":"2026-04-30T09:25:41","modified_gmt":"2026-04-30T07:25:41","slug":"rondas-de-eventos","status":"publish","type":"page","link":"https:\/\/www.fjardhundraland.se\/es\/evenemang-rundor\/","title":{"rendered":"Eventos 2026"},"content":{"rendered":"<p>Fj\u00e4rdhundraland organiza cada a\u00f1o varios actos conjuntos, adem\u00e1s de todos los <a href=\"https:\/\/www.fjardhundraland.se\/nu\/\">cientos de actividades organizadas por nuestros miembros a lo largo del a\u00f1o<\/a>.<\/p>\n\n\n\n<p>Las rondas son los eventos m\u00e1s populares, que atraen a los visitantes a descubrir nuevos lugares a lo largo de las carreteras secundarias.<\/p>\n\n\n\n<h2 class=\"wp-block-heading\">Nuevo <strong>Ronda Rebus - S\u00e1bado 9 y domingo 10 de mayo de 2026<\/strong><\/h2>\n\n\n\n<p>Granjas, tiendas, caf\u00e9s y restaurantes abiertos por toda la zona. Cada lugar tiene un rompecabezas para que los visitantes lo resuelvan; si tiene suerte, ganar\u00e1 premios en uno de los lugares que visite. Los premios son donados por los participantes. Tambi\u00e9n hay premios extra. M\u00e1s informaci\u00f3n <a href=\"https:\/\/www.fjardhundraland.se\/es\/rebus-redondo-2\/\" target=\"_blank\" rel=\"noreferrer noopener\">La nueva ronda Rebus<\/a>.<\/p>\n\n\n\n<h2 class=\"wp-block-heading\"><strong>Ronda del Rastro - S\u00e1bado 4 y domingo 5 de julio de 2026<\/strong><\/h2>\n\n\n\n<p>Un recorrido con muchos mercadillos en diferentes lugares. M\u00e1s informaci\u00f3n <a href=\"https:\/\/www.fjardhundraland.se\/es\/ronda-de-mercadillos\/\" target=\"_blank\" rel=\"noreferrer noopener\">La visita al rastro<\/a>.<\/p>\n\n\n\n<h2 class=\"wp-block-heading\"><strong>Tuva y T\u00e4ppa - S\u00e1bado 1 y domingo 2 de agosto de 2026<\/strong><\/h2>\n\n\n\n<p>El recorrido por los jardines en el que se mezclan jardines privados con jardines comerciales e inspiraci\u00f3n jardinera Leer m\u00e1s sobre <a href=\"https:\/\/www.fjardhundraland.se\/es\/tuva\/\">Tuva y T\u00e4ppa<\/a> .<\/p>\n\n\n\n<h2 class=\"wp-block-heading\"><strong>Comida y gente<\/strong> -<strong>S\u00e1bado 29 y domingo 30 de agosto de 2026<\/strong><\/h2>\n\n\n\n<p>El recorrido gastron\u00f3mico en el que los visitantes viajan entre productores de alimentos y restaurantes. En cada lugar se puede comprar una raci\u00f3n de degustaci\u00f3n: es como un men\u00fa degustaci\u00f3n con todos los sabores de Fj\u00e4rdhundraland. Tambi\u00e9n tendr\u00e1 la oportunidad de conocer a los productores y comprar sus productos para llev\u00e1rselos a casa. Comida y gente, en pocas palabras. M\u00e1s informaci\u00f3n <a href=\"https:\/\/www.fjardhundraland.se\/es\/matomanniskor\/\">Comida y gente<\/a> <\/p>\n\n\n\n<h2 class=\"wp-block-heading\"><strong>La ronda creativa<\/strong> - <strong>S\u00e1bado 17 y domingo 18 de octubre de 2026<\/strong><\/h2>\n\n\n\n<p>Los creadores de Fj\u00e4rdhundraland te invitan a ti, a tu familia y a tus amigos a una excursi\u00f3n al mundo de la creaci\u00f3n. Tendr\u00e1s la oportunidad de visitar talleres y ver c\u00f3mo se fabrican los objetos, y con algunos de los participantes podr\u00e1s incluso probar suerte. M\u00e1s informaci\u00f3n <a href=\"https:\/\/www.fjardhundraland.se\/es\/kreativa\/\" data-type=\"link\" data-id=\"https:\/\/www.fjardhundraland.se\/kreativa\/\">La ronda creativa<\/a><\/p>\n\n\n\n<hr class=\"wp-block-separator has-alpha-channel-opacity is-style-wide\"\/>\n\n\n\n<p><\/p>","protected":false},"excerpt":{"rendered":"<p>CONTENIDO<\/p>","protected":false},"author":1,"featured_media":9097,"parent":0,"menu_order":12,"comment_status":"open","ping_status":"closed","template":"","meta":{"_acf_changed":false,"_relevanssi_hide_post":"","_relevanssi_hide_content":"","_relevanssi_pin_for_all":"","_relevanssi_pin_keywords":"","_relevanssi_unpin_keywords":"","_relevanssi_related_keywords":"","_relevanssi_related_include_ids":"","_relevanssi_related_exclude_ids":"","_relevanssi_related_no_append":"","_relevanssi_related_not_related":"","_relevanssi_related_posts":"10366,12584,13560,4786,10768,11244","_relevanssi_noindex_reason":"","_genesis_hide_title":false,"_genesis_hide_breadcrumbs":false,"_genesis_hide_singular_image":false,"_genesis_hide_footer_widgets":false,"_genesis_custom_body_class":"","_genesis_custom_post_class":"","_genesis_layout":"","footnotes":""},"categories":[],"tags":[],"class_list":{"0":"post-2163","1":"page","2":"type-page","3":"status-publish","4":"has-post-thumbnail","6":"entry"},"acf":[],"visa":null,"geo_latitude":null,"geo_longitude":null,"featured_image_src":"https:\/\/www.fjardhundraland.se\/wp-content\/uploads\/2021\/06\/dunderbo-ljus-hantverk-loppisrundan2019juli06-15.jpg","featured_image_src_square":"https:\/\/www.fjardhundraland.se\/wp-content\/uploads\/2021\/06\/dunderbo-ljus-hantverk-loppisrundan2019juli06-15.jpg","jetpack-related-posts":[],"jetpack_sharing_enabled":true,"_links":{"self":[{"href":"https:\/\/www.fjardhundraland.se\/es\/wp-json\/wp\/v2\/pages\/2163","targetHints":{"allow":["GET"]}}],"collection":[{"href":"https:\/\/www.fjardhundraland.se\/es\/wp-json\/wp\/v2\/pages"}],"about":[{"href":"https:\/\/www.fjardhundraland.se\/es\/wp-json\/wp\/v2\/types\/page"}],"author":[{"embeddable":true,"href":"https:\/\/www.fjardhundraland.se\/es\/wp-json\/wp\/v2\/users\/1"}],"replies":[{"embeddable":true,"href":"https:\/\/www.fjardhundraland.se\/es\/wp-json\/wp\/v2\/comments?post=2163"}],"version-history":[{"count":12,"href":"https:\/\/www.fjardhundraland.se\/es\/wp-json\/wp\/v2\/pages\/2163\/revisions"}],"predecessor-version":[{"id":19489,"href":"https:\/\/www.fjardhundraland.se\/es\/wp-json\/wp\/v2\/pages\/2163\/revisions\/19489"}],"wp:featuredmedia":[{"embeddable":true,"href":"https:\/\/www.fjardhundraland.se\/es\/wp-json\/wp\/v2\/media\/9097"}],"wp:attachment":[{"href":"https:\/\/www.fjardhundraland.se\/es\/wp-json\/wp\/v2\/media?parent=2163"}],"wp:term":[{"taxonomy":"category","embeddable":true,"href":"https:\/\/www.fjardhundraland.se\/es\/wp-json\/wp\/v2\/categories?post=2163"},{"taxonomy":"post_tag","embeddable":true,"href":"https:\/\/www.fjardhundraland.se\/es\/wp-json\/wp\/v2\/tags?post=2163"}],"curies":[{"name":"wp","href":"https:\/\/api.w.org\/{rel}","templated":true}]}}