
{"id":20264,"date":"2026-03-18T23:55:28","date_gmt":"2026-03-18T22:55:28","guid":{"rendered":"https:\/\/www.fjardhundraland.se\/?page_id=20264"},"modified":"2026-03-19T00:22:55","modified_gmt":"2026-03-18T23:22:55","slug":"datos-abiertos","status":"publish","type":"page","link":"https:\/\/www.fjardhundraland.se\/es\/om-fjardhundraland\/open-data\/","title":{"rendered":"Datos abiertos"},"content":{"rendered":"<p>Los datos de localizaci\u00f3n del Fj\u00e4rdhundraland se encuentran en <a href=\"https:\/\/corporate.visitsweden.com\/nationellt-api\/\" target=\"_blank\" rel=\"noopener\">Visite Suecia API<\/a> como datos abiertos, para que los utilicen quienes construyen servicios con los destinos de los visitantes suecos.<\/p>\n\n\n\n<p>La misma informaci\u00f3n que enviamos a Visit Sweden tambi\u00e9n est\u00e1 disponible a trav\u00e9s de <a href=\"https:\/\/www.fjardhundraland.se\/wp-content\/visit\/fjh_places.json\">este archivo json.<\/a><\/p>\n\n\n\n<p><\/p>","protected":false},"excerpt":{"rendered":"<p>Los datos de localizaci\u00f3n de Fj\u00e4rdhundraland est\u00e1n disponibles en la API de Visit Sweden como datos abiertos, para uso de quienes crean servicios con destinos tur\u00edsticos suecos. La misma informaci\u00f3n que enviamos a Visit Sweden tambi\u00e9n est\u00e1 disponible para su descarga a trav\u00e9s de este archivo json.<\/p>","protected":false},"author":1,"featured_media":0,"parent":1515,"menu_order":0,"comment_status":"closed","ping_status":"closed","template":"","meta":{"_acf_changed":false,"_relevanssi_hide_post":"","_relevanssi_hide_content":"","_relevanssi_pin_for_all":"","_relevanssi_pin_keywords":"","_relevanssi_unpin_keywords":"","_relevanssi_related_keywords":"","_relevanssi_related_include_ids":"","_relevanssi_related_exclude_ids":"","_relevanssi_related_no_append":"","_relevanssi_related_not_related":"","_relevanssi_related_posts":"13215,9569,16581,18099,17726,12584","_relevanssi_noindex_reason":"","_genesis_hide_title":false,"_genesis_hide_breadcrumbs":false,"_genesis_hide_singular_image":false,"_genesis_hide_footer_widgets":false,"_genesis_custom_body_class":"","_genesis_custom_post_class":"","_genesis_layout":"","footnotes":""},"categories":[],"tags":[],"class_list":{"0":"post-20264","1":"page","2":"type-page","3":"status-publish","5":"entry"},"acf":[],"visa":null,"geo_latitude":null,"geo_longitude":null,"featured_image_src":null,"featured_image_src_square":null,"jetpack-related-posts":[{"id":16710,"url":"https:\/\/www.fjardhundraland.se\/es\/visit-api-test\/","url_meta":{"origin":20264,"position":0},"title":"Visite la prueba API","author":"Mats Thorburn","date":"25 octubre 2024","format":false,"excerpt":"","rel":"","context":"Entrada similar","block_context":{"text":"Entrada similar","link":""},"img":{"alt_text":"","src":"","width":0,"height":0},"classes":[]},{"id":5231,"url":"https:\/\/www.fjardhundraland.se\/es\/cykla\/","url_meta":{"origin":20264,"position":1},"title":"En bicicleta por el campo, cerca de la naturaleza y la cultura","author":"Mats Thorburn","date":"28 junio 2018","format":false,"excerpt":"En bicicleta por peque\u00f1as carreteras cerca de Estocolmo, Uppsala y V\u00e4ster\u00e5s Vistas, caf\u00e9s, buena comida, lugares de inter\u00e9s, pero sobre todo estas peque\u00f1as carreteras serpenteantes a trav\u00e9s de un hermoso paisaje agr\u00edcola, \u00a1acompa\u00f1adas por el canto de los p\u00e1jaros y las alas de la historia! Fj\u00e4rdhundraland le da la bienvenida como ciclista. Las carreteras peque\u00f1as est\u00e1n por todas partes, y no es casualidad. La gente de la antig\u00fcedad y la Edad Media viajaba a pie y...","rel":"","context":"En \u00abCykling\u00bb","block_context":{"text":"Cykling","link":"https:\/\/www.fjardhundraland.se\/es\/cykling\/"},"img":{"alt_text":"Cyklar parkerade framf\u00f6r Nys\u00e4tra kyrka","src":"https:\/\/i0.wp.com\/www.fjardhundraland.se\/wp-content\/uploads\/2018\/06\/cykling.jpg?resize=350%2C200&ssl=1","width":350,"height":200,"srcset":"https:\/\/i0.wp.com\/www.fjardhundraland.se\/wp-content\/uploads\/2018\/06\/cykling.jpg?resize=350%2C200&ssl=1 1x, https:\/\/i0.wp.com\/www.fjardhundraland.se\/wp-content\/uploads\/2018\/06\/cykling.jpg?resize=525%2C300&ssl=1 1.5x, https:\/\/i0.wp.com\/www.fjardhundraland.se\/wp-content\/uploads\/2018\/06\/cykling.jpg?resize=700%2C400&ssl=1 2x, https:\/\/i0.wp.com\/www.fjardhundraland.se\/wp-content\/uploads\/2018\/06\/cykling.jpg?resize=1050%2C600&ssl=1 3x, https:\/\/i0.wp.com\/www.fjardhundraland.se\/wp-content\/uploads\/2018\/06\/cykling.jpg?resize=1400%2C800&ssl=1 4x"},"classes":[]},{"id":6725,"url":"https:\/\/www.fjardhundraland.se\/es\/om-fjardhundraland\/anvisningar-digitalt-arsmote\/","url_meta":{"origin":20264,"position":2},"title":"Instrucciones para la reuni\u00f3n anual digital","author":"Mats Thorburn","date":"18 abril 2020","format":false,"excerpt":"\u00a1Bienvenidos a la reuni\u00f3n anual de Fj\u00e4rdhundraland del domingo 19 de abril de 2020! Aqu\u00ed est\u00e1 el enlace a la videoconferencia: bit.ly\/fj-arsmAqu\u00ed est\u00e1n los documentos de la reuni\u00f3n anual. Utilizamos el servicio de videoconferencia Jitsi. Para participar, necesita un ordenador con internet y el navegador Google Chrome (Firefox tambi\u00e9n puede funcionar) o un smartphone \/ tablet con la aplicaci\u00f3n Jitsi Meet (Android - iPhone \/ iPad).","rel":"","context":"Entrada similar","block_context":{"text":"Entrada similar","link":""},"img":{"alt_text":"","src":"https:\/\/i0.wp.com\/www.fjardhundraland.se\/wp-content\/uploads\/2020\/04\/4-2.jpg?resize=350%2C200&ssl=1","width":350,"height":200,"srcset":"https:\/\/i0.wp.com\/www.fjardhundraland.se\/wp-content\/uploads\/2020\/04\/4-2.jpg?resize=350%2C200&ssl=1 1x, https:\/\/i0.wp.com\/www.fjardhundraland.se\/wp-content\/uploads\/2020\/04\/4-2.jpg?resize=525%2C300&ssl=1 1.5x, https:\/\/i0.wp.com\/www.fjardhundraland.se\/wp-content\/uploads\/2020\/04\/4-2.jpg?resize=700%2C400&ssl=1 2x, https:\/\/i0.wp.com\/www.fjardhundraland.se\/wp-content\/uploads\/2020\/04\/4-2.jpg?resize=1050%2C600&ssl=1 3x, https:\/\/i0.wp.com\/www.fjardhundraland.se\/wp-content\/uploads\/2020\/04\/4-2.jpg?resize=1400%2C800&ssl=1 4x"},"classes":[]},{"id":4530,"url":"https:\/\/www.fjardhundraland.se\/es\/evenemang-rundor\/rebusrundan10\/uppsalarundan-med-12-stopp\/","url_meta":{"origin":20264,"position":3},"title":"Uppsalaour con 12 paradas","author":"Ylva Fontell","date":"25 julio 2017","format":false,"excerpt":"Esta es una sugerencia de ruta para la ronda Rebus que es adecuada para los que vienen de Uppsala. La ruta discurre por el paisaje agr\u00edcola de Fj\u00e4rdhundraland mezclado con bosques y hermosos valles. Le esperan muchas experiencias en la naturaleza. Encontrar\u00e1 artesan\u00eda alimentaria en diversas formas, como quesos, mermeladas, charcuter\u00eda y reposter\u00eda. Tambi\u00e9n podr\u00e1 comprar huevos, flores y plantas de jard\u00edn....","rel":"","context":"Entrada similar","block_context":{"text":"Entrada similar","link":""},"img":{"alt_text":"","src":"","width":0,"height":0},"classes":[]},{"id":4537,"url":"https:\/\/www.fjardhundraland.se\/es\/evenemang-rundor\/rebusrundan10\/sala-hebyrundan-med-13-stopp\/","url_meta":{"origin":20264,"position":4},"title":"Sala-Hebyrundan con 13 paradas","author":"Ylva Fontell","date":"25 julio 2017","format":false,"excerpt":"Esta es una sugerencia de ruta para Rebusrundan que es adecuada para los que vienen de Sala o Heby. La ruta se extiende por el paisaje agr\u00edcola de Fj\u00e4rdhundraland mezclado con bosques y hermosos valles. Le esperan muchas experiencias en plena naturaleza. Varias paradas tienen mucha historia que contar sobre piedras r\u00fanicas, pueblos de soldados y antiguas escuelas de pueblo. En varios lugares hay...","rel":"","context":"Entrada similar","block_context":{"text":"Entrada similar","link":""},"img":{"alt_text":"","src":"","width":0,"height":0},"classes":[]},{"id":4572,"url":"https:\/\/www.fjardhundraland.se\/es\/evenemang-rundor\/rebusrundan10\/navigera-med-google-maps\/","url_meta":{"origin":20264,"position":5},"title":"Navegar con Google Maps","author":"Ylva Fontell","date":"26 julio 2017","format":false,"excerpt":"Hay muchas carreteras secundarias sinuosas en Fj\u00e4rdhundraland. Son hermosas y forman parte del viaje, pero a veces es dif\u00edcil saber cu\u00e1l es la correcta para llegar a su destino. La navegaci\u00f3n con Google Maps le ayudar\u00e1 a encontrar el camino. A continuaci\u00f3n te explicamos c\u00f3mo hacerlo: Abre la...","rel":"","context":"Entrada similar","block_context":{"text":"Entrada similar","link":""},"img":{"alt_text":"","src":"","width":0,"height":0},"classes":[]}],"jetpack_sharing_enabled":true,"_links":{"self":[{"href":"https:\/\/www.fjardhundraland.se\/es\/wp-json\/wp\/v2\/pages\/20264","targetHints":{"allow":["GET"]}}],"collection":[{"href":"https:\/\/www.fjardhundraland.se\/es\/wp-json\/wp\/v2\/pages"}],"about":[{"href":"https:\/\/www.fjardhundraland.se\/es\/wp-json\/wp\/v2\/types\/page"}],"author":[{"embeddable":true,"href":"https:\/\/www.fjardhundraland.se\/es\/wp-json\/wp\/v2\/users\/1"}],"replies":[{"embeddable":true,"href":"https:\/\/www.fjardhundraland.se\/es\/wp-json\/wp\/v2\/comments?post=20264"}],"version-history":[{"count":5,"href":"https:\/\/www.fjardhundraland.se\/es\/wp-json\/wp\/v2\/pages\/20264\/revisions"}],"predecessor-version":[{"id":20271,"href":"https:\/\/www.fjardhundraland.se\/es\/wp-json\/wp\/v2\/pages\/20264\/revisions\/20271"}],"up":[{"embeddable":true,"href":"https:\/\/www.fjardhundraland.se\/es\/wp-json\/wp\/v2\/pages\/1515"}],"wp:attachment":[{"href":"https:\/\/www.fjardhundraland.se\/es\/wp-json\/wp\/v2\/media?parent=20264"}],"wp:term":[{"taxonomy":"category","embeddable":true,"href":"https:\/\/www.fjardhundraland.se\/es\/wp-json\/wp\/v2\/categories?post=20264"},{"taxonomy":"post_tag","embeddable":true,"href":"https:\/\/www.fjardhundraland.se\/es\/wp-json\/wp\/v2\/tags?post=20264"}],"curies":[{"name":"wp","href":"https:\/\/api.w.org\/{rel}","templated":true}]}}