
{"id":1903,"date":"2014-03-02T00:11:36","date_gmt":"2014-03-01T23:11:36","guid":{"rendered":"http:\/\/www.fjardhundraland.se\/?page_id=1903"},"modified":"2025-09-12T13:07:39","modified_gmt":"2025-09-12T11:07:39","slug":"asociacion-economica-de-fjardhundraland","status":"publish","type":"page","link":"https:\/\/www.fjardhundraland.se\/es\/om-fjardhundraland\/fjardhundraland-ekonomisk-forening\/","title":{"rendered":"Asociaci\u00f3n econ\u00f3mica Fj\u00e4rdhundraland"},"content":{"rendered":"<p><span style=\"line-height: 1.5em;\">Fj\u00e4rdhundraland se desarrolla en&nbsp;<\/span><em style=\"line-height: 1.5em;\">Asociaci\u00f3n econ\u00f3mica Fj\u00e4rdhundraland<\/em><span style=\"line-height: 1.5em;\">creada en 2011. La asociaci\u00f3n trabaja para desarrollar el sector tur\u00edstico y crear nuevas asociaciones.<\/span><span style=\"line-height: 1.5em;\">&nbsp;Todo nuestro trabajo est\u00e1 encaminado a ofrecer a nuestros visitantes una mejor experiencia.&nbsp;<\/span><\/p>\n\n\n\n<h2 class=\"wp-block-heading\">\u00bfDesea obtener m\u00e1s informaci\u00f3n sobre la Sociedad Cooperativa Fj\u00e4rdhundraland?<\/h2>\n\n\n\n<p>Seguir leyendo <a href=\"https:\/\/www.fjardhundraland.se\/es\/sobre-fjardhundraland\/preguntas-mas-frecuentes\/\">Preguntas frecuentes<\/a>. Fj\u00e4rdhundraland tiene su origen en el proyecto LEADER <a href=\"https:\/\/www.fjardhundraland.se\/es\/2019\/10\/turismo-en-la-region-de-fjardhundra\/\">Turismo en Fj\u00e4rdhundrabygden<\/a> que funcion\u00f3 de 2009 a 2011.<\/p>\n\n\n\n<h2 class=\"wp-block-heading\">\u00bfQuiere hacerse socio?<\/h2>\n\n\n\n<p><a aria-label=\"M\u00e1s informaci\u00f3n sobre c\u00f3mo hacerse socio (se abre en una nueva pesta\u00f1a)\" href=\"https:\/\/www.fjardhundraland.se\/es\/sobre-fjardhundraland\/asociacion-economica-de-fjardhundraland\/hagase-socio\/\" target=\"_blank\" rel=\"noreferrer noopener\" class=\"rank-math-link\">M\u00e1s informaci\u00f3n sobre c\u00f3mo hacerse socio<\/a>.<\/p>\n\n\n\n<p><a href=\"https:\/\/docs.google.com\/forms\/d\/e\/1FAIpQLScCe_rZQnfBu34EVSGUUJtG988iqXa-gdolRRz-Cj-WGJcYtA\/viewform\" target=\"_blank\" aria-label=\" (se abre en una nueva pesta\u00f1a)\" rel=\"noreferrer noopener\" class=\"rank-math-link\">Solicitud de retirada<\/a> (s\u00f3lo se aplica a los miembros de pleno derecho)<\/p>\n\n\n\n<h2 class=\"wp-block-heading\">Consejo de Administraci\u00f3n 2025-26<\/h2>\n\n\n\n<p>Thomas Bj\u00f6rk,\u00a0<a href=\"https:\/\/www.fjardhundraland.se\/es\/platos\/jadra-gard\/\">Granja J\u00e4dra<\/a>Presidente, <a href=\"mailto:thomas@fjardhundraland.se\">thomas@fjardhundraland.se<\/a>, 070-899 29 19.<br>Mats Thorburn, <a title=\"T\u00e9 ecol\u00f3gico Pekoe\" href=\"https:\/\/www.fjardhundraland.se\/es\/platos\/te-pekoe-ecologico\/\">T\u00e9 ecol\u00f3gico Pekoe<\/a>Vicepresidente, <a href=\"mailto:mats@fjardhundraland.se\">mats@fjardhundraland.se<\/a>, 0701-739399.<br>Inga Ekblom, <a title=\"Fiesta y conferencia de Gyllene Brunnen\" href=\"https:\/\/www.fjardhundraland.se\/es\/platos\/gyllene-brunnen-fest-och-konferens\/\">El pozo de oro<\/a>Tesorero<br>Diana Hallberg, <a href=\"https:\/\/www.fjardhundraland.se\/es\/platos\/ceramica-dh\/\" data-type=\"plats\" data-id=\"8358\">Cer\u00e1mica DH<\/a><br>Elin Nyfjord, <a href=\"https:\/\/www.fjardhundraland.se\/es\/platos\/castillo-de-ekolsund-ward-house\/\" data-type=\"plats\" data-id=\"8449\">Castillo y granja de Ekolsund<\/a> <br>Jennie H\u00f6gberg, <a href=\"https:\/\/www.fjardhundraland.se\/es\/platos\/autobus-hogbergs-con-la-gira-uppland\/\" data-type=\"plats\" data-id=\"12619\">Autob\u00fas de H\u00f6gberg<\/a><br>Margareta Backstr\u00f6m \u00d6berg, <a href=\"https:\/\/www.fjardhundraland.se\/es\/platos\/chica-perezosa\/\" data-type=\"plats\" data-id=\"3759\">Chica perezosa<\/a><br><\/p>\n\n\n\n<h2 class=\"wp-block-heading\">Perfil gr\u00e1fico<\/h2>\n\n\n\n<p><span style=\"line-height: 1.5em;\">&nbsp;<\/span><a href=\"https:\/\/www.fjardhundraland.se\/es\/sobre-fjardhundraland\/perfil-grafico\/\">Aqu\u00ed encontrar\u00e1 el logotipo e instrucciones sobre el perfil gr\u00e1fico.<\/a><\/p>","protected":false},"excerpt":{"rendered":"<p>Fj\u00e4rdhundraland utvecklas inom&nbsp;Fj\u00e4rdhundraland ekonomisk f\u00f6rening, som bildades 2011. F\u00f6reningen arbetar med att utveckla bes\u00f6ksn\u00e4ring och skapa nya samarbeten.&nbsp;Allt arbete syftar till att ge v\u00e5ra bes\u00f6kare en b\u00e4ttre upplevelse.&nbsp; Vill du veta mer om&nbsp;Fj\u00e4rdhundraland ekonomisk f\u00f6rening? L\u00e4s Vanliga fr\u00e5gor h\u00e4r. Fj\u00e4rdhundraland har sin upprinnelse i LEADER-projektet Turism i Fj\u00e4rdhundrabygden som p\u00e5gick 2009\u20132011. Vill du bli medlem? [&hellip;]<\/p>\n","protected":false},"author":1,"featured_media":0,"parent":1515,"menu_order":41,"comment_status":"closed","ping_status":"closed","template":"","meta":{"_acf_changed":false,"_relevanssi_hide_post":"","_relevanssi_hide_content":"","_relevanssi_pin_for_all":"","_relevanssi_pin_keywords":"","_relevanssi_unpin_keywords":"","_relevanssi_related_keywords":"","_relevanssi_related_include_ids":"","_relevanssi_related_exclude_ids":"","_relevanssi_related_no_append":"","_relevanssi_related_not_related":"","_relevanssi_related_posts":"4786,3022,11478,41,5379,6296","_relevanssi_noindex_reason":"","_genesis_hide_title":false,"_genesis_hide_breadcrumbs":false,"_genesis_hide_singular_image":false,"_genesis_hide_footer_widgets":false,"_genesis_custom_body_class":"","_genesis_custom_post_class":"","_genesis_layout":"","footnotes":""},"categories":[],"tags":[],"class_list":{"0":"post-1903","1":"page","2":"type-page","3":"status-publish","5":"entry"},"acf":[],"visa":null,"geo_latitude":null,"geo_longitude":null,"featured_image_src":null,"featured_image_src_square":null,"jetpack-related-posts":[],"jetpack_sharing_enabled":true,"_links":{"self":[{"href":"https:\/\/www.fjardhundraland.se\/es\/wp-json\/wp\/v2\/pages\/1903","targetHints":{"allow":["GET"]}}],"collection":[{"href":"https:\/\/www.fjardhundraland.se\/es\/wp-json\/wp\/v2\/pages"}],"about":[{"href":"https:\/\/www.fjardhundraland.se\/es\/wp-json\/wp\/v2\/types\/page"}],"author":[{"embeddable":true,"href":"https:\/\/www.fjardhundraland.se\/es\/wp-json\/wp\/v2\/users\/1"}],"replies":[{"embeddable":true,"href":"https:\/\/www.fjardhundraland.se\/es\/wp-json\/wp\/v2\/comments?post=1903"}],"version-history":[{"count":3,"href":"https:\/\/www.fjardhundraland.se\/es\/wp-json\/wp\/v2\/pages\/1903\/revisions"}],"predecessor-version":[{"id":18889,"href":"https:\/\/www.fjardhundraland.se\/es\/wp-json\/wp\/v2\/pages\/1903\/revisions\/18889"}],"up":[{"embeddable":true,"href":"https:\/\/www.fjardhundraland.se\/es\/wp-json\/wp\/v2\/pages\/1515"}],"wp:attachment":[{"href":"https:\/\/www.fjardhundraland.se\/es\/wp-json\/wp\/v2\/media?parent=1903"}],"wp:term":[{"taxonomy":"category","embeddable":true,"href":"https:\/\/www.fjardhundraland.se\/es\/wp-json\/wp\/v2\/categories?post=1903"},{"taxonomy":"post_tag","embeddable":true,"href":"https:\/\/www.fjardhundraland.se\/es\/wp-json\/wp\/v2\/tags?post=1903"}],"curies":[{"name":"wp","href":"https:\/\/api.w.org\/{rel}","templated":true}]}}