
{"id":1809,"date":"2014-02-28T12:18:06","date_gmt":"2014-02-28T11:18:06","guid":{"rendered":"http:\/\/www.fjardhundraland.se\/?page_id=1809"},"modified":"2020-03-12T08:54:30","modified_gmt":"2020-03-12T07:54:30","slug":"perfil-grafico","status":"publish","type":"page","link":"https:\/\/www.fjardhundraland.se\/es\/om-fjardhundraland\/grafisk-profil\/","title":{"rendered":"Perfil gr\u00e1fico"},"content":{"rendered":"<p>El perfil es sencillo. Tiene tres elementos principales: el logotipo, los colores y el tipo de letra del encabezamiento.<\/p>\n\n\n\n<h2 class=\"wp-block-heading\">Logotipos<figure><a href=\"https:\/\/www.fjardhundraland.se\/wp-content\/uploads\/2013\/12\/LogoFjardhundraland250px.png\"><img decoding=\"async\" data-attachment-id=\"1002\" data-permalink=\"https:\/\/www.fjardhundraland.se\/es\/om-fjardhundraland\/grafisk-profil\/attachment\/logofjardhundraland250px\/\" data-orig-file=\"https:\/\/www.fjardhundraland.se\/wp-content\/uploads\/2013\/12\/LogoFjardhundraland250px.png\" data-orig-size=\"250,250\" data-comments-opened=\"0\" data-image-meta=\"{&quot;aperture&quot;:&quot;0&quot;,&quot;credit&quot;:&quot;&quot;,&quot;camera&quot;:&quot;&quot;,&quot;caption&quot;:&quot;&quot;,&quot;created_timestamp&quot;:&quot;0&quot;,&quot;copyright&quot;:&quot;&quot;,&quot;focal_length&quot;:&quot;0&quot;,&quot;iso&quot;:&quot;0&quot;,&quot;shutter_speed&quot;:&quot;0&quot;,&quot;title&quot;:&quot;&quot;,&quot;orientation&quot;:&quot;0&quot;}\" data-image-title=\"LogoFjardhundraland250px\" data-image-description=\"\" data-image-caption=\"\" data-large-file=\"https:\/\/www.fjardhundraland.se\/wp-content\/uploads\/2013\/12\/LogoFjardhundraland250px.png\" class=\"wp-image-1002 alignright\" src=\"https:\/\/www.fjardhundraland.se\/wp-content\/uploads\/2013\/12\/LogoFjardhundraland250px.png\" alt=\"LogoFjardhundraly250px\" width=\"192\" height=\"192\" title=\"\"><\/a><\/figure><\/h2>\n\n\n\n<p>El logotipo se est\u00e1 consolidando. Al utilizarlo <strong>tan a menudo como podamos<\/strong> reforzamos la marca y hacemos m\u00e1s atractiva la zona.<\/p>\n\n\n\n<p>Descargar <a title=\"Logotipo para impresos EPS\" href=\"https:\/\/drive.google.com\/folderview?id=0Bz4NHYxkqfkzdUJXQncydGNoQ28&amp;usp=sharing\" target=\"_blank\" rel=\"noopener noreferrer\">para material impreso<\/a> - <a title=\"Para Oficina\" href=\"https:\/\/drive.google.com\/folderview?id=0Bz4NHYxkqfkzTTY5aVJOU2FsZXc&amp;usp=sharing\" target=\"_blank\" rel=\"noopener noreferrer\">para Oficina<\/a> - <a title=\"Para la web\" href=\"https:\/\/drive.google.com\/folderview?id=0Bz4NHYxkqfkzSWxQVkE3c0o0Rlk&amp;usp=sharing\" target=\"_blank\" rel=\"noopener noreferrer\">para web<\/a>.<\/p>\n\n\n\n<p class=\"has-text-align-left\"><img decoding=\"async\" width=\"141\" height=\"141\" data-attachment-id=\"6532\" data-permalink=\"https:\/\/www.fjardhundraland.se\/es\/om-fjardhundraland\/grafisk-profil\/attachment\/medlem-fjardhundraland-stora-turismpriset\/\" data-orig-file=\"https:\/\/www.fjardhundraland.se\/wp-content\/uploads\/2020\/03\/medlem-fjardhundraland-stora-turismpriset.svg\" data-orig-size=\"141,141\" data-comments-opened=\"0\" data-image-meta=\"[]\" data-image-title=\"Medlem-Fjardhundraland-Stora-Turismpriset\" data-image-description=\"\" data-image-caption=\"\" data-large-file=\"https:\/\/www.fjardhundraland.se\/wp-content\/uploads\/2020\/03\/medlem-fjardhundraland-stora-turismpriset.svg\" class=\"wp-image-6532\" style=\"width: 141.8px;\" src=\"https:\/\/www.fjardhundraland.se\/wp-content\/uploads\/2020\/03\/medlem-fjardhundraland-stora-turismpriset.svg\" alt=\"Logotipo Fj\u00e4rdhundraland con texto Ganador Gran Premio Turismo 2019\" title=\"\"><br><a href=\"http:\/\/j.mp\/fjh-turism-logo\">Logotipo con texto Gran Premio de Turismo<\/a> (s\u00f3lo para miembros).<\/p>\n\n\n\n<h2 class=\"wp-block-heading\">Colores<\/h2>\n\n\n\n<p>Los colores principales son el rojo oscuro y el azul oscuro. Si\u00e9ntete libre de incluirlos en alg\u00fan sitio, como base.<\/p>\n\n\n\n<p><span style=\"color: #8a1b1a;\"><strong>Rojo:<\/strong><br><\/span>PMS484 - C 25%, M 100%, Y 100%, K 29% - #8A1B1A - R 138, G 27, B 26<\/p>\n\n\n\n<p><span style=\"color: #24265f;\"><strong>Azul:<\/strong><\/span><br>PMS2766 - C 100%, M 97%, Y 30%, K 25% - #24265F - R 36, G 38, B 95<\/p>\n\n\n\n<h2 class=\"wp-block-heading\">Tipo de letra<\/h2>\n\n\n\n<p>El tipo de letra del encabezamiento se llama <a title=\"Liga G\u00f3tica\" href=\"https:\/\/www.theleagueofmoveabletype.com\/league-gothic\" target=\"_blank\" rel=\"noopener noreferrer\">Liga G\u00f3tica<\/a> y es de c\u00f3digo abierto, es decir, de uso gratuito. <a title=\"Tipo de letra\" href=\"https:\/\/drive.google.com\/folderview?id=0Bz4NHYxkqfkzbWpvc1dwX2xpQ2M&amp;usp=sharing\" target=\"_blank\" rel=\"noopener noreferrer\">Descargar aqu\u00ed<\/a>. Util\u00edcelo en los t\u00edtulos, como las may\u00fasculas. <a title=\"Ejemplo\" href=\"https:\/\/drive.google.com\/folderview?id=0B59-Y2_D-G_NeDVneklvbU5JX0U&amp;usp=sharing\" target=\"_blank\" rel=\"noopener noreferrer\">Vea ejemplos de lo que se ha hecho aqu\u00ed<\/a>.<\/p>\n\n\n\n<p>Usted elige el tipo de letra para el cuerpo del texto. <\/p>\n\n\n\n<p>Todos los archivos est\u00e1n tambi\u00e9n disponibles <a title=\"Todos los archivos perfil Fj\u00e4rdhundraland\" href=\"https:\/\/drive.google.com\/folderview?id=0Bz4NHYxkqfkzN2U0NWI1MzAtNGI3ZC00NmRmLTllZmUtMzE5Y2ZlM2E0MTk3&amp;usp=sharing\" target=\"_blank\" rel=\"noopener noreferrer\">recogidos aqu\u00ed<\/a>. Preguntas: <a href=\"mailto:mats@underhuset.com\">Mats Thorburn<\/a>, 0701-739399.<\/p>\n\n\n\n<p><strong>PS<\/strong>Demuestre que es miembro <a title=\"Insignia de miembro\" rel=\"noopener noreferrer\" href=\"https:\/\/drive.google.com\/folderview?id=0B59-Y2_D-G_NRmxrUmFiMExjdnM&amp;usp=sharing\" target=\"_blank\">a\u00f1ada esto a su sitio web<\/a>.<\/p>\n\n\n\n<p><img decoding=\"async\" width=\"150\" height=\"217\" data-attachment-id=\"6529\" data-permalink=\"https:\/\/www.fjardhundraland.se\/es\/om-fjardhundraland\/grafisk-profil\/attachment\/medlemfjardhundraland-2\/\" data-orig-file=\"https:\/\/www.fjardhundraland.se\/wp-content\/uploads\/2020\/03\/medlemfjardhundraland.png\" data-orig-size=\"300,434\" data-comments-opened=\"0\" data-image-meta=\"{&quot;aperture&quot;:&quot;0&quot;,&quot;credit&quot;:&quot;&quot;,&quot;camera&quot;:&quot;&quot;,&quot;caption&quot;:&quot;&quot;,&quot;created_timestamp&quot;:&quot;0&quot;,&quot;copyright&quot;:&quot;&quot;,&quot;focal_length&quot;:&quot;0&quot;,&quot;iso&quot;:&quot;0&quot;,&quot;shutter_speed&quot;:&quot;0&quot;,&quot;title&quot;:&quot;&quot;,&quot;orientation&quot;:&quot;0&quot;}\" data-image-title=\"MedlemFjardhundraland\" data-image-description=\"\" data-image-caption=\"\" data-large-file=\"https:\/\/www.fjardhundraland.se\/wp-content\/uploads\/2020\/03\/medlemfjardhundraland.png\" class=\"wp-image-6529\" style=\"width: 150px;\" src=\"https:\/\/www.fjardhundraland.se\/wp-content\/uploads\/2020\/03\/medlemfjardhundraland.png\" alt=\"\" title=\"\"><\/p>","protected":false},"excerpt":{"rendered":"<p>Profilen \u00e4r enkel. Den har tre huvudsakliga delar: logotypen, f\u00e4rgerna och rubriktypsnittet. Logotypen Logotypen \u00e4r p\u00e5 v\u00e4g att bli inarbetad. Genom att anv\u00e4nda den s\u00e5 ofta vi kan st\u00e4rker vi varum\u00e4rket och g\u00f6r omr\u00e5det mer attraktivt. H\u00e4mta f\u00f6r trycksaker \u2022 f\u00f6r Office \u2022 f\u00f6r webb. Logo med text Stora Turismpriset (endast f\u00f6r medlemmar). F\u00e4rger Huvudf\u00e4rgerna [&hellip;]<\/p>\n","protected":false},"author":4,"featured_media":0,"parent":1515,"menu_order":43,"comment_status":"open","ping_status":"open","template":"","meta":{"_acf_changed":false,"_relevanssi_hide_post":"","_relevanssi_hide_content":"","_relevanssi_pin_for_all":"","_relevanssi_pin_keywords":"","_relevanssi_unpin_keywords":"","_relevanssi_related_keywords":"","_relevanssi_related_include_ids":"","_relevanssi_related_exclude_ids":"","_relevanssi_related_no_append":"","_relevanssi_related_not_related":"","_relevanssi_related_posts":"","_relevanssi_noindex_reason":"","_genesis_hide_title":false,"_genesis_hide_breadcrumbs":false,"_genesis_hide_singular_image":false,"_genesis_hide_footer_widgets":false,"_genesis_custom_body_class":"","_genesis_custom_post_class":"","_genesis_layout":"","footnotes":""},"categories":[],"tags":[],"class_list":{"0":"post-1809","1":"page","2":"type-page","3":"status-publish","5":"entry"},"acf":[],"visa":null,"geo_latitude":null,"geo_longitude":null,"featured_image_src":null,"featured_image_src_square":null,"jetpack-related-posts":[],"jetpack_sharing_enabled":true,"_links":{"self":[{"href":"https:\/\/www.fjardhundraland.se\/es\/wp-json\/wp\/v2\/pages\/1809","targetHints":{"allow":["GET"]}}],"collection":[{"href":"https:\/\/www.fjardhundraland.se\/es\/wp-json\/wp\/v2\/pages"}],"about":[{"href":"https:\/\/www.fjardhundraland.se\/es\/wp-json\/wp\/v2\/types\/page"}],"author":[{"embeddable":true,"href":"https:\/\/www.fjardhundraland.se\/es\/wp-json\/wp\/v2\/users\/4"}],"replies":[{"embeddable":true,"href":"https:\/\/www.fjardhundraland.se\/es\/wp-json\/wp\/v2\/comments?post=1809"}],"version-history":[{"count":0,"href":"https:\/\/www.fjardhundraland.se\/es\/wp-json\/wp\/v2\/pages\/1809\/revisions"}],"up":[{"embeddable":true,"href":"https:\/\/www.fjardhundraland.se\/es\/wp-json\/wp\/v2\/pages\/1515"}],"wp:attachment":[{"href":"https:\/\/www.fjardhundraland.se\/es\/wp-json\/wp\/v2\/media?parent=1809"}],"wp:term":[{"taxonomy":"category","embeddable":true,"href":"https:\/\/www.fjardhundraland.se\/es\/wp-json\/wp\/v2\/categories?post=1809"},{"taxonomy":"post_tag","embeddable":true,"href":"https:\/\/www.fjardhundraland.se\/es\/wp-json\/wp\/v2\/tags?post=1809"}],"curies":[{"name":"wp","href":"https:\/\/api.w.org\/{rel}","templated":true}]}}