
{"id":1515,"date":"2014-01-08T18:11:23","date_gmt":"2014-01-08T17:11:23","guid":{"rendered":"http:\/\/www.fjardhundraland.se\/?page_id=1515"},"modified":"2017-05-06T11:40:47","modified_gmt":"2017-05-06T09:40:47","slug":"sobre-fjardhundraland","status":"publish","type":"page","link":"https:\/\/www.fjardhundraland.se\/es\/om-fjardhundraland\/","title":{"rendered":"Acerca de Fj\u00e4rdhundraland"},"content":{"rendered":"<p>En Fj\u00e4rdhundraland reunimos grandes experiencias en un campo vibrante con\u00a0<a title=\"Historia en Fj\u00e4rdhundraland\" href=\"https:\/\/www.fjardhundraland.se\/es\/los-sitios\/gora\/historia\/\">historia<\/a>, <a title=\"Naturaleza en Fj\u00e4rdhundraland\" href=\"https:\/\/www.fjardhundraland.se\/es\/los-sitios\/gora\/naturaleza\/\">experiencias en la naturaleza<\/a>\u00a0y peque\u00f1as empresas en ciernes:\u00a0<a title=\"Comer en Fj\u00e4rdhundraland\" href=\"https:\/\/www.fjardhundraland.se\/es\/los-sitios\/ata\/\">caf\u00e9s<\/a>,\u00a0<a title=\"Vivir en Fj\u00e4rdhundraland\" href=\"https:\/\/www.fjardhundraland.se\/es\/los-sitios\/nido\/\">alojamiento<\/a>,\u00a0<a title=\"Granjas en Fj\u00e4rdhundraland\" href=\"https:\/\/www.fjardhundraland.se\/es\/los-sitios\/gora\/tiendas-de-comestibles\/\">granjas<\/a>\u00a0y mucho m\u00e1s. Mucha comida, artesan\u00eda, naturaleza y cultura, todo a una hora de Estocolmo, Uppsala y V\u00e4ster\u00e5s.<\/p>\n<p>El nombre Fj\u00e4rdhundraland procede del pa\u00eds popular medieval <a title=\"Pluma redonda pa\u00eds\" href=\"https:\/\/sv.wikipedia.org\/wiki\/Fj%C3%A4drundaland\" target=\"_blank\" rel=\"noopener noreferrer\"><em>Pluma redonda pa\u00eds<\/em><\/a>. El Fj\u00e4rdhundraland de hoy no tiene fronteras. El objetivo es crear una gran zona con muchos lugares pr\u00f3ximos entre s\u00ed, para que al visitante le resulte f\u00e1cil y agradable ir de una experiencia a otra.<\/p>\n<p>El centro de visitantes Fj\u00e4rdhundraland est\u00e1 desarrollado por <a href=\"https:\/\/www.fjardhundraland.se\/es\/sobre-fjardhundraland\/asociacion-economica-de-fjardhundraland\/\">Asociaci\u00f3n econ\u00f3mica Fj\u00e4rdhundraland<\/a>que re\u00fane a empresas, asociaciones y particulares que desean desarrollarse juntos, para ofrecer a los visitantes una mejor experiencia.<\/p>","protected":false},"excerpt":{"rendered":"<p>I Fj\u00e4rdhundraland samlar vi bra upplevelser i en levande landsbygd med\u00a0historia, naturupplevelser\u00a0och\u00a0spirande sm\u00e5f\u00f6retagande:\u00a0kafeer,\u00a0boende,\u00a0g\u00e5rdsbutiker\u00a0och mycket mer! Massor av mathantverk, natur, kultur \u2013 allt inom en timme fr\u00e5n Stockholm, Uppsala och V\u00e4ster\u00e5s. Namnet Fj\u00e4rdhundraland kommer fr\u00e5n det medeltida folklandet Fj\u00e4drundaland. Dagens\u00a0Fj\u00e4rdhundraland har inga gr\u00e4nser. M\u00e5let \u00e4r att skapa ett stort omr\u00e5de med m\u00e5nga platser n\u00e4ra varandra \u2013 [&hellip;]<\/p>\n","protected":false},"author":1,"featured_media":0,"parent":0,"menu_order":31,"comment_status":"open","ping_status":"open","template":"","meta":{"_acf_changed":false,"_relevanssi_hide_post":"","_relevanssi_hide_content":"","_relevanssi_pin_for_all":"","_relevanssi_pin_keywords":"","_relevanssi_unpin_keywords":"","_relevanssi_related_keywords":"","_relevanssi_related_include_ids":"","_relevanssi_related_exclude_ids":"","_relevanssi_related_no_append":"","_relevanssi_related_not_related":"","_relevanssi_related_posts":"77,136,1974,17239,19177,5699","_relevanssi_noindex_reason":"","_genesis_hide_title":false,"_genesis_hide_breadcrumbs":false,"_genesis_hide_singular_image":false,"_genesis_hide_footer_widgets":false,"_genesis_custom_body_class":"","_genesis_custom_post_class":"","_genesis_layout":"","footnotes":""},"categories":[],"tags":[],"class_list":{"0":"post-1515","1":"page","2":"type-page","3":"status-publish","5":"entry"},"acf":[],"visa":null,"geo_latitude":null,"geo_longitude":null,"featured_image_src":null,"featured_image_src_square":null,"jetpack-related-posts":[{"id":12897,"url":"https:\/\/www.fjardhundraland.se\/es\/om-fjardhundraland\/boka-studiebesok\/","url_meta":{"origin":1515,"position":0},"title":"Reservar una visita de estudio","author":"Mats Thorburn","date":"1 junio 2023","format":false,"excerpt":"\u00bfQuiere saber c\u00f3mo funciona Fj\u00e4rdhundraland, c\u00f3mo hemos construido el destino y c\u00f3mo utilizan la red sus miembros? Una visita de estudio es la mejor manera de hacerlo. Escuchar\u00e1 la historia de Fj\u00e4rdhundraland, pero tambi\u00e9n conocer\u00e1 a cada uno de sus miembros, que compartir\u00e1n sus experiencias y motivaciones. Una visita de estudio a Fj\u00e4rdhundraland...","rel":"","context":"Entrada similar","block_context":{"text":"Entrada similar","link":""},"img":{"alt_text":"Studiebes\u00f6k Fj\u00e4rdhundraland jhos Axel & Gren","src":"https:\/\/i0.wp.com\/www.fjardhundraland.se\/wp-content\/uploads\/2023\/06\/studiebesok-fjardhundraland-axel-gren.jpg?resize=350%2C200&ssl=1","width":350,"height":200,"srcset":"https:\/\/i0.wp.com\/www.fjardhundraland.se\/wp-content\/uploads\/2023\/06\/studiebesok-fjardhundraland-axel-gren.jpg?resize=350%2C200&ssl=1 1x, https:\/\/i0.wp.com\/www.fjardhundraland.se\/wp-content\/uploads\/2023\/06\/studiebesok-fjardhundraland-axel-gren.jpg?resize=525%2C300&ssl=1 1.5x, https:\/\/i0.wp.com\/www.fjardhundraland.se\/wp-content\/uploads\/2023\/06\/studiebesok-fjardhundraland-axel-gren.jpg?resize=700%2C400&ssl=1 2x, https:\/\/i0.wp.com\/www.fjardhundraland.se\/wp-content\/uploads\/2023\/06\/studiebesok-fjardhundraland-axel-gren.jpg?resize=1050%2C600&ssl=1 3x, https:\/\/i0.wp.com\/www.fjardhundraland.se\/wp-content\/uploads\/2023\/06\/studiebesok-fjardhundraland-axel-gren.jpg?resize=1400%2C800&ssl=1 4x"},"classes":[]},{"id":13805,"url":"https:\/\/www.fjardhundraland.se\/es\/","url_meta":{"origin":1515,"position":1},"title":"Fj\u00e4rdhundraland \u2013 Naturaleza y cultura, cerca de todo","author":"Mats Thorburn","date":"4 noviembre 2023","format":false,"excerpt":"\u00bfQuieres acercarte a la naturaleza? \u00bfConocer a las personas que cultivaron tus alimentos? En Fj\u00e4rdhundraland, serpenteantes caminos rurales te conducen entre caf\u00e9s y granjas, mientras piedras r\u00fanicas e iglesias medievales jalonan el camino. T\u00f3mate un respiro de la vida cotidiana y experimenta la tierra cerca de ti. No encontrar\u00e1 tanta comida, naturaleza e historia en ning\u00fan otro lugar a menos de una hora...","rel":"","context":"Entrada similar","block_context":{"text":"Entrada similar","link":""},"img":{"alt_text":"","src":"https:\/\/i0.wp.com\/www.fjardhundraland.se\/wp-content\/uploads\/2020\/02\/vacc8ansjocc88acc8asen-backsippor.jpg?resize=350%2C200&ssl=1","width":350,"height":200,"srcset":"https:\/\/i0.wp.com\/www.fjardhundraland.se\/wp-content\/uploads\/2020\/02\/vacc8ansjocc88acc8asen-backsippor.jpg?resize=350%2C200&ssl=1 1x, https:\/\/i0.wp.com\/www.fjardhundraland.se\/wp-content\/uploads\/2020\/02\/vacc8ansjocc88acc8asen-backsippor.jpg?resize=525%2C300&ssl=1 1.5x, https:\/\/i0.wp.com\/www.fjardhundraland.se\/wp-content\/uploads\/2020\/02\/vacc8ansjocc88acc8asen-backsippor.jpg?resize=700%2C400&ssl=1 2x, https:\/\/i0.wp.com\/www.fjardhundraland.se\/wp-content\/uploads\/2020\/02\/vacc8ansjocc88acc8asen-backsippor.jpg?resize=1050%2C600&ssl=1 3x, https:\/\/i0.wp.com\/www.fjardhundraland.se\/wp-content\/uploads\/2020\/02\/vacc8ansjocc88acc8asen-backsippor.jpg?resize=1400%2C800&ssl=1 4x"},"classes":[]},{"id":6557,"url":"https:\/\/www.fjardhundraland.se\/es\/om-fjardhundraland\/lagg-in-nu\/","url_meta":{"origin":1515,"position":2},"title":"Introducir actividad","author":"Mats Thorburn","date":"31 marzo 2020","format":false,"excerpt":"Hay mucho inter\u00e9s por salir al campo, y tenemos un lugar estupendo para mostrar lo que hacemos: ahora mismo. Aqu\u00ed puedes a\u00f1adir eventos, actividades y horarios de apertura temporales. Tras su aprobaci\u00f3n manual, se publicar\u00e1 aqu\u00ed: https:\/\/www.fjardhundraland.se\/nu\/ Si no subes una foto...","rel":"","context":"Entrada similar","block_context":{"text":"Entrada similar","link":""},"img":{"alt_text":"","src":"","width":0,"height":0},"classes":[]},{"id":20251,"url":"https:\/\/www.fjardhundraland.se\/es\/inlagg\/2026\/pask-i-fjardhundraland\/","url_meta":{"origin":1515,"position":3},"title":"Semana Santa en Fj\u00e4rdhundraland","author":"Marloes","date":"18 marzo 2026","format":false,"excerpt":"La mejor manera de vivir la primavera es en el campo, cerca de la ciudad. \u00c9sta es la firme opini\u00f3n de muchos miembros de Fj\u00e4rdhundraland. Porque cerca de la naturaleza, en un paisaje cultural ondulado con granjas, talleres de alfarer\u00eda y caf\u00e9s, se oye a\u00fan mejor el canto de los p\u00e1jaros en primavera y se huele el aroma especiado de la tierra que cobra vida. Y eso...","rel":"","context":"Entrada similar","block_context":{"text":"Entrada similar","link":""},"img":{"alt_text":"","src":"https:\/\/i0.wp.com\/www.fjardhundraland.se\/wp-content\/uploads\/2021\/04\/pask-i-fjardhundraland-tupp-och-hona.jpg?resize=350%2C200&ssl=1","width":350,"height":200,"srcset":"https:\/\/i0.wp.com\/www.fjardhundraland.se\/wp-content\/uploads\/2021\/04\/pask-i-fjardhundraland-tupp-och-hona.jpg?resize=350%2C200&ssl=1 1x, https:\/\/i0.wp.com\/www.fjardhundraland.se\/wp-content\/uploads\/2021\/04\/pask-i-fjardhundraland-tupp-och-hona.jpg?resize=525%2C300&ssl=1 1.5x, https:\/\/i0.wp.com\/www.fjardhundraland.se\/wp-content\/uploads\/2021\/04\/pask-i-fjardhundraland-tupp-och-hona.jpg?resize=700%2C400&ssl=1 2x, https:\/\/i0.wp.com\/www.fjardhundraland.se\/wp-content\/uploads\/2021\/04\/pask-i-fjardhundraland-tupp-och-hona.jpg?resize=1050%2C600&ssl=1 3x, https:\/\/i0.wp.com\/www.fjardhundraland.se\/wp-content\/uploads\/2021\/04\/pask-i-fjardhundraland-tupp-och-hona.jpg?resize=1400%2C800&ssl=1 4x"},"classes":[]},{"id":13123,"url":"https:\/\/www.fjardhundraland.se\/es\/om-fjardhundraland\/gruppresor-till-fjardhundraland\/","url_meta":{"origin":1515,"position":4},"title":"Viaje en grupo a Fj\u00e4rdhundraland","author":"Mats Thorburn","date":"19 junio 2023","format":false,"excerpt":"\u00bfQuiere venir a Fj\u00e4rdhundraland con un grupo de autocares? Aparecemos en el cat\u00e1logo de viajes en grupo de la Regi\u00f3n Uppsala. L\u00e9alo aqu\u00ed. Garden tourism Enk\u00f6ping organiza viajes en grupo a medida en Fj\u00e4rdhundraland. H\u00f6gbergs buss es miembro de Fj\u00e4rdhundraland y puede ayudarle con su viaje en grupo. P\u00f3ngase en contacto con nosotros si tiene alguna pregunta sobre su viaje.","rel":"","context":"Entrada similar","block_context":{"text":"Entrada similar","link":""},"img":{"alt_text":"","src":"","width":0,"height":0},"classes":[]},{"id":9481,"url":"https:\/\/www.fjardhundraland.se\/es\/om-fjardhundraland\/forelasning-utveckling-samarbete\/","url_meta":{"origin":1515,"position":5},"title":"Reservar una conferencia","author":"Mats Thorburn","date":"10 noviembre 2021","format":false,"excerpt":"Una conferencia es un buen comienzo para un proyecto de desarrollo rural o de desarrollo de destinos, o cuando se quieren mostrar las ventajas de trabajar juntos. Fj\u00e4rdhundraland ha construido un destino de cero a 150 miembros en diez a\u00f1os, empezando con un proyecto Leader. Ahora puede reservar una de las populares conferencias de Mats Thorburn...","rel":"","context":"Entrada similar","block_context":{"text":"Entrada similar","link":""},"img":{"alt_text":"Stora turismpriset utdelning december 2019 Mats Thorburn","src":"https:\/\/i0.wp.com\/www.fjardhundraland.se\/wp-content\/uploads\/2021\/11\/stora-turismpriset-utdelning-december-2019-mats-thorburn.jpg?resize=350%2C200&ssl=1","width":350,"height":200,"srcset":"https:\/\/i0.wp.com\/www.fjardhundraland.se\/wp-content\/uploads\/2021\/11\/stora-turismpriset-utdelning-december-2019-mats-thorburn.jpg?resize=350%2C200&ssl=1 1x, https:\/\/i0.wp.com\/www.fjardhundraland.se\/wp-content\/uploads\/2021\/11\/stora-turismpriset-utdelning-december-2019-mats-thorburn.jpg?resize=525%2C300&ssl=1 1.5x, https:\/\/i0.wp.com\/www.fjardhundraland.se\/wp-content\/uploads\/2021\/11\/stora-turismpriset-utdelning-december-2019-mats-thorburn.jpg?resize=700%2C400&ssl=1 2x, https:\/\/i0.wp.com\/www.fjardhundraland.se\/wp-content\/uploads\/2021\/11\/stora-turismpriset-utdelning-december-2019-mats-thorburn.jpg?resize=1050%2C600&ssl=1 3x, https:\/\/i0.wp.com\/www.fjardhundraland.se\/wp-content\/uploads\/2021\/11\/stora-turismpriset-utdelning-december-2019-mats-thorburn.jpg?resize=1400%2C800&ssl=1 4x"},"classes":[]}],"jetpack_sharing_enabled":true,"_links":{"self":[{"href":"https:\/\/www.fjardhundraland.se\/es\/wp-json\/wp\/v2\/pages\/1515","targetHints":{"allow":["GET"]}}],"collection":[{"href":"https:\/\/www.fjardhundraland.se\/es\/wp-json\/wp\/v2\/pages"}],"about":[{"href":"https:\/\/www.fjardhundraland.se\/es\/wp-json\/wp\/v2\/types\/page"}],"author":[{"embeddable":true,"href":"https:\/\/www.fjardhundraland.se\/es\/wp-json\/wp\/v2\/users\/1"}],"replies":[{"embeddable":true,"href":"https:\/\/www.fjardhundraland.se\/es\/wp-json\/wp\/v2\/comments?post=1515"}],"version-history":[{"count":0,"href":"https:\/\/www.fjardhundraland.se\/es\/wp-json\/wp\/v2\/pages\/1515\/revisions"}],"wp:attachment":[{"href":"https:\/\/www.fjardhundraland.se\/es\/wp-json\/wp\/v2\/media?parent=1515"}],"wp:term":[{"taxonomy":"category","embeddable":true,"href":"https:\/\/www.fjardhundraland.se\/es\/wp-json\/wp\/v2\/categories?post=1515"},{"taxonomy":"post_tag","embeddable":true,"href":"https:\/\/www.fjardhundraland.se\/es\/wp-json\/wp\/v2\/tags?post=1515"}],"curies":[{"name":"wp","href":"https:\/\/api.w.org\/{rel}","templated":true}]}}