
{"id":1489,"date":"2013-12-30T18:37:37","date_gmt":"2013-12-30T17:37:37","guid":{"rendered":"http:\/\/www.fjardhundraland.se\/?page_id=1489"},"modified":"2023-10-02T11:31:19","modified_gmt":"2023-10-02T09:31:19","slug":"comida-local-y-akta-kansla-cerca-de-la-ciudad","status":"publish","type":"page","link":"https:\/\/www.fjardhundraland.se\/es\/lokal-mat-och-akta-kansla-nara-storstan\/","title":{"rendered":"Fj\u00e4rdhundraland<br>El campo cerca de la ciudad"},"content":{"rendered":"<p><strong>\u00bfQuieres acercarte a la naturaleza? \u00bfConocer a las personas que cultivaron tus alimentos? En Fj\u00e4rdhundraland, serpenteantes caminos rurales te conducen entre caf\u00e9s y granjas, mientras piedras r\u00fanicas e iglesias medievales jalonan el camino. T\u00f3mate un respiro de la vida cotidiana y experimenta el campo cerca de ti.<\/strong><\/p>\n\n\n\n<p>Tantas cosas incre\u00edbles <a href=\"https:\/\/www.fjardhundraland.se\/es\/los-sitios\/tienda\/artesania-alimentaria\/\">artesan\u00eda alimentaria<\/a>, <a href=\"https:\/\/www.fjardhundraland.se\/es\/los-sitios\/gora\/naturaleza\/\">experiencias en la naturaleza<\/a> y <a href=\"https:\/\/www.fjardhundraland.se\/es\/los-sitios\/gora\/historia\/\">historia apasionante<\/a> que no encontrar\u00e1 en ning\u00fan otro lugar a menos de una hora de Estocolmo, V\u00e4ster\u00e5s y Uppsala. Aqu\u00ed est\u00e1 cerca entre las perlas.<\/p>\n\n\n\n<p>\u00bfLe gustar\u00eda participar en nuestros maravillosos viajes? <a href=\"https:\/\/www.fjardhundraland.se\/es\/eventos\/\" data-type=\"page\" data-id=\"2163\">Las fechas de este a\u00f1o y m\u00e1s informaci\u00f3n pueden consultarse aqu\u00ed<\/a>!<\/p>\n\n\n\n<p><\/p>\n\n\n\n<p><\/p>\n\n\n\n<p><\/p>","protected":false},"excerpt":{"rendered":"<p>Vill du komma n\u00e4ra naturen? Tr\u00e4ffa den som odlat maten? I Fj\u00e4rdhundraland leder dig slingrande sm\u00e5v\u00e4gar mellan kaf\u00e9er och g\u00e5rdsbutiker medan runstenar och medeltida kyrkor kantar v\u00e4gen. Ta en paus fr\u00e5n vardagen och upplev landet n\u00e4ra dig. S\u00e5 h\u00e4r mycket fantastiskt mathantverk, naturupplevelser och sp\u00e4nnande historia hittar du inte n\u00e5gon annanstans inom en timme fr\u00e5n [&hellip;]<\/p>\n","protected":false},"author":1,"featured_media":0,"parent":0,"menu_order":46,"comment_status":"closed","ping_status":"closed","template":"","meta":{"_acf_changed":false,"_relevanssi_hide_post":"","_relevanssi_hide_content":"","_relevanssi_pin_for_all":"","_relevanssi_pin_keywords":"","_relevanssi_unpin_keywords":"","_relevanssi_related_keywords":"","_relevanssi_related_include_ids":"","_relevanssi_related_exclude_ids":"","_relevanssi_related_no_append":"","_relevanssi_related_not_related":"","_relevanssi_related_posts":"","_relevanssi_noindex_reason":"","_genesis_hide_title":false,"_genesis_hide_breadcrumbs":false,"_genesis_hide_singular_image":false,"_genesis_hide_footer_widgets":false,"_genesis_custom_body_class":"","_genesis_custom_post_class":"","_genesis_layout":"","footnotes":""},"categories":[],"tags":[],"class_list":{"0":"post-1489","1":"page","2":"type-page","3":"status-publish","5":"entry"},"acf":[],"visa":null,"geo_latitude":null,"geo_longitude":null,"featured_image_src":null,"featured_image_src_square":null,"jetpack-related-posts":[],"jetpack_sharing_enabled":true,"_links":{"self":[{"href":"https:\/\/www.fjardhundraland.se\/es\/wp-json\/wp\/v2\/pages\/1489","targetHints":{"allow":["GET"]}}],"collection":[{"href":"https:\/\/www.fjardhundraland.se\/es\/wp-json\/wp\/v2\/pages"}],"about":[{"href":"https:\/\/www.fjardhundraland.se\/es\/wp-json\/wp\/v2\/types\/page"}],"author":[{"embeddable":true,"href":"https:\/\/www.fjardhundraland.se\/es\/wp-json\/wp\/v2\/users\/1"}],"replies":[{"embeddable":true,"href":"https:\/\/www.fjardhundraland.se\/es\/wp-json\/wp\/v2\/comments?post=1489"}],"version-history":[{"count":0,"href":"https:\/\/www.fjardhundraland.se\/es\/wp-json\/wp\/v2\/pages\/1489\/revisions"}],"wp:attachment":[{"href":"https:\/\/www.fjardhundraland.se\/es\/wp-json\/wp\/v2\/media?parent=1489"}],"wp:term":[{"taxonomy":"category","embeddable":true,"href":"https:\/\/www.fjardhundraland.se\/es\/wp-json\/wp\/v2\/categories?post=1489"},{"taxonomy":"post_tag","embeddable":true,"href":"https:\/\/www.fjardhundraland.se\/es\/wp-json\/wp\/v2\/tags?post=1489"}],"curies":[{"name":"wp","href":"https:\/\/api.w.org\/{rel}","templated":true}]}}