
{"id":13826,"date":"2023-11-04T23:01:05","date_gmt":"2023-11-04T22:01:05","guid":{"rendered":"https:\/\/www.fjardhundraland.se\/?page_id=13826"},"modified":"2026-04-21T08:42:49","modified_gmt":"2026-04-21T06:42:49","slug":"gor","status":"publish","type":"page","link":"https:\/\/www.fjardhundraland.se\/es\/se-gor\/","title":{"rendered":"Ver y hacer"},"content":{"rendered":"<p>Fj\u00e4rdhundraland es una gran zona con una densa mezcla de tiendas de granja, artesan\u00eda, caf\u00e9s, alojamiento y mucho m\u00e1s. Aqu\u00ed tienes el cat\u00e1logo de todo lo que puedes hacer, categorizado, con datos de contacto, horarios de apertura y mapas grandes y claros.<\/p>\n\n\n\n<div class=\"wp-block-genesis-blocks-gb-columns gb-slate-section-image-and-text-columns gb-slate-image-text-columns gb-layout-columns-1 gb-1-col-equal has-white-background-color gb-has-custom-text-color gb-columns-center alignfull\" style=\"padding-top:1em;color:#1f1f1f\"><div class=\"gb-layout-column-wrap gb-block-layout-column-gap-1 gb-is-responsive-column\" style=\"max-width:1700px\">\n<div class=\"wp-block-genesis-blocks-gb-column gb-block-layout-column\"><div class=\"gb-block-layout-column-inner\">\n<div class=\"wp-block-genesis-blocks-gb-columns gb-layout-columns-3 gb-3-col-equal\"><div class=\"gb-layout-column-wrap gb-block-layout-column-gap-2 gb-is-responsive-column\">\n<div class=\"wp-block-genesis-blocks-gb-column gb-block-layout-column\"><div class=\"gb-block-layout-column-inner\">\n<figure class=\"wp-block-image size-full\"><a href=\"https:\/\/www.fjardhundraland.se\/es\/gor\/\"><img decoding=\"async\" width=\"2500\" height=\"1875\" data-attachment-id=\"11248\" data-permalink=\"https:\/\/www.fjardhundraland.se\/es\/utflykt\/2023\/rebusrundan-7-och-14-augusti-2022\/attachment\/vag-o-runsten-ryda-kungsgard-u838-1455818\/\" data-orig-file=\"https:\/\/www.fjardhundraland.se\/wp-content\/uploads\/2022\/08\/vag-o-runsten-ryda-kungsgard-u838-1455818.jpeg\" data-orig-size=\"2500,1875\" data-comments-opened=\"0\" data-image-meta=\"{&quot;aperture&quot;:&quot;0&quot;,&quot;credit&quot;:&quot;&quot;,&quot;camera&quot;:&quot;&quot;,&quot;caption&quot;:&quot;&quot;,&quot;created_timestamp&quot;:&quot;0&quot;,&quot;copyright&quot;:&quot;&quot;,&quot;focal_length&quot;:&quot;0&quot;,&quot;iso&quot;:&quot;0&quot;,&quot;shutter_speed&quot;:&quot;0&quot;,&quot;title&quot;:&quot;&quot;,&quot;orientation&quot;:&quot;0&quot;}\" data-image-title=\"V\u00e4g_o_Runsten_Ryda_Kungsg\u00e5rd_U838-_1455818\" data-image-description=\"\" data-image-caption=\"\" data-large-file=\"https:\/\/www.fjardhundraland.se\/wp-content\/uploads\/2022\/08\/vag-o-runsten-ryda-kungsgard-u838-1455818.jpeg\" src=\"https:\/\/www.fjardhundraland.se\/wp-content\/uploads\/2022\/08\/vag-o-runsten-ryda-kungsgard-u838-1455818.jpeg\" alt=\"\" class=\"wp-image-11248\" title=\"\"><\/a><\/figure>\n\n\n\n<h3 class=\"wp-block-heading has-text-color\" style=\"color:#1f1f1f;font-size:26px\"><a href=\"https:\/\/www.fjardhundraland.se\/es\/los-sitios\/gora\/\">Qu\u00e9 hacer<\/a><\/h3>\n\n\n\n<p class=\"has-text-color\" style=\"color:#1f1f1f\">Aqu\u00ed encontrar\u00e1 los lugares de inter\u00e9s. Piedras r\u00fanicas, experiencias en la naturaleza, iglesias medievales, lugares de ba\u00f1o y todo lo que har\u00e1 que su excursi\u00f3n merezca la pena.<\/p>\n<\/div><\/div>\n\n\n\n<div class=\"wp-block-genesis-blocks-gb-column gb-block-layout-column\"><div class=\"gb-block-layout-column-inner\">\n<figure class=\"wp-block-image size-full\"><img decoding=\"async\" width=\"2328\" height=\"1753\" data-attachment-id=\"9097\" data-permalink=\"https:\/\/www.fjardhundraland.se\/es\/dunderbo-ljus-hantverk-loppisrundan\/\" data-orig-file=\"https:\/\/www.fjardhundraland.se\/wp-content\/uploads\/2021\/06\/dunderbo-ljus-hantverk-loppisrundan2019juli06-15.jpg\" data-orig-size=\"2328,1753\" data-comments-opened=\"0\" data-image-meta=\"{&quot;aperture&quot;:&quot;0&quot;,&quot;credit&quot;:&quot;&quot;,&quot;camera&quot;:&quot;&quot;,&quot;caption&quot;:&quot;&quot;,&quot;created_timestamp&quot;:&quot;0&quot;,&quot;copyright&quot;:&quot;&quot;,&quot;focal_length&quot;:&quot;0&quot;,&quot;iso&quot;:&quot;0&quot;,&quot;shutter_speed&quot;:&quot;0&quot;,&quot;title&quot;:&quot;&quot;,&quot;orientation&quot;:&quot;0&quot;}\" data-image-title=\"Dunderbo ljus &amp;#038; hantverk Loppisrundan2019juli06-15\" data-image-description=\"\" data-image-caption=\"\" data-large-file=\"https:\/\/www.fjardhundraland.se\/wp-content\/uploads\/2021\/06\/dunderbo-ljus-hantverk-loppisrundan2019juli06-15.jpg\" src=\"https:\/\/www.fjardhundraland.se\/wp-content\/uploads\/2021\/06\/dunderbo-ljus-hantverk-loppisrundan2019juli06-15.jpg\" alt=\"La ronda del mercadillo en Dunderbo candles &amp; crafts\" class=\"wp-image-9097\" title=\"\"><\/figure>\n\n\n\n<h3 class=\"wp-block-heading has-text-color\" style=\"color:#1f1f1f;font-size:26px\"><a href=\"https:\/\/www.fjardhundraland.se\/es\/los-sitios\/comprar-productos-locales\/\">Comprar<\/a><\/h3>\n\n\n\n<p class=\"has-text-color\" style=\"color:#1f1f1f\">Tiendas de granja, artesan\u00eda, vintage, productos alimenticios, ropa, dise\u00f1o de interiores y otras interesantes y genuinas compras en el campo.<\/p>\n<\/div><\/div>\n\n\n\n<div class=\"wp-block-genesis-blocks-gb-column gb-block-layout-column\"><div class=\"gb-block-layout-column-inner\">\n<figure class=\"wp-block-image size-full is-style-default\"><img decoding=\"async\" width=\"1440\" height=\"1080\" data-attachment-id=\"11426\" data-permalink=\"https:\/\/www.fjardhundraland.se\/es\/plats\/skuggans-cafe\/attachment\/skuggans12\/\" data-orig-file=\"https:\/\/www.fjardhundraland.se\/wp-content\/uploads\/2021\/04\/skuggans12.jpeg\" data-orig-size=\"1440,1080\" data-comments-opened=\"0\" data-image-meta=\"{&quot;aperture&quot;:&quot;0&quot;,&quot;credit&quot;:&quot;&quot;,&quot;camera&quot;:&quot;&quot;,&quot;caption&quot;:&quot;&quot;,&quot;created_timestamp&quot;:&quot;0&quot;,&quot;copyright&quot;:&quot;&quot;,&quot;focal_length&quot;:&quot;0&quot;,&quot;iso&quot;:&quot;0&quot;,&quot;shutter_speed&quot;:&quot;0&quot;,&quot;title&quot;:&quot;&quot;,&quot;orientation&quot;:&quot;0&quot;}\" data-image-title=\"Skuggans12\" data-image-description=\"\" data-image-caption=\"\" data-large-file=\"https:\/\/www.fjardhundraland.se\/wp-content\/uploads\/2021\/04\/skuggans12.jpeg\" src=\"https:\/\/www.fjardhundraland.se\/wp-content\/uploads\/2021\/04\/skuggans12.jpeg\" alt=\"\" class=\"wp-image-11426\" title=\"\"><\/figure>\n\n\n\n<h3 class=\"wp-block-heading has-text-color\" style=\"color:#1f1f1f;font-size:26px\"><a href=\"https:\/\/www.fjardhundraland.se\/es\/los-sitios\/ata-en-fjardhundraland\/\">Comer<\/a><\/h3>\n\n\n\n<p class=\"has-text-color\" style=\"color:#1f1f1f\">Todo viaje requiere su caf\u00e9, su comida y su cena. \u00a1Aqu\u00ed encontrar\u00e1 las cosas buenas que Fj\u00e4rdhundraland tiene para ofrecerle a usted que est\u00e1 de visita aqu\u00ed!<\/p>\n<\/div><\/div>\n<\/div><\/div>\n<\/div><\/div>\n<\/div><\/div>\n\n\n\n<div class=\"wp-block-genesis-blocks-gb-columns gb-slate-section-image-and-text-columns gb-slate-image-text-columns gb-layout-columns-1 gb-1-col-equal has-white-background-color gb-has-custom-text-color gb-columns-center alignfull\" style=\"padding-top:2em;padding-bottom:2em;color:#1f1f1f\"><div class=\"gb-layout-column-wrap gb-block-layout-column-gap-1 gb-is-responsive-column\" style=\"max-width:1700px\">\n<div class=\"wp-block-genesis-blocks-gb-column gb-block-layout-column\"><div class=\"gb-block-layout-column-inner\">\n<div class=\"wp-block-genesis-blocks-gb-columns gb-layout-columns-3 gb-3-col-equal\"><div class=\"gb-layout-column-wrap gb-block-layout-column-gap-2 gb-is-responsive-column\">\n<div class=\"wp-block-genesis-blocks-gb-column gb-block-layout-column\"><div class=\"gb-block-layout-column-inner\">\n<figure class=\"wp-block-image size-full\"><img decoding=\"async\" width=\"2048\" height=\"1361\" data-attachment-id=\"12539\" data-permalink=\"https:\/\/www.fjardhundraland.se\/es\/plats\/lilla-hotellet-ekolsund\/attachment\/lilla-hotellet-ekolsund-vardagsrum-01\/\" data-orig-file=\"https:\/\/www.fjardhundraland.se\/wp-content\/uploads\/2023\/04\/lilla-hotellet-ekolsund-vardagsrum-01.jpg\" data-orig-size=\"2048,1361\" data-comments-opened=\"0\" data-image-meta=\"{&quot;aperture&quot;:&quot;0&quot;,&quot;credit&quot;:&quot;&quot;,&quot;camera&quot;:&quot;&quot;,&quot;caption&quot;:&quot;&quot;,&quot;created_timestamp&quot;:&quot;0&quot;,&quot;copyright&quot;:&quot;&quot;,&quot;focal_length&quot;:&quot;0&quot;,&quot;iso&quot;:&quot;0&quot;,&quot;shutter_speed&quot;:&quot;0&quot;,&quot;title&quot;:&quot;&quot;,&quot;orientation&quot;:&quot;0&quot;}\" data-image-title=\"lilla-hotellet-ekolsund-vardagsrum-01\" data-image-description=\"\" data-image-caption=\"\" data-large-file=\"https:\/\/www.fjardhundraland.se\/wp-content\/uploads\/2023\/04\/lilla-hotellet-ekolsund-vardagsrum-01.jpg\" src=\"https:\/\/www.fjardhundraland.se\/wp-content\/uploads\/2023\/04\/lilla-hotellet-ekolsund-vardagsrum-01.jpg\" alt=\"\" class=\"wp-image-12539\" title=\"\"><\/figure>\n\n\n\n<h3 class=\"wp-block-heading has-text-color\" style=\"color:#1f1f1f;font-size:26px\"><a href=\"https:\/\/www.fjardhundraland.se\/es\/los-sitios\/nido\/\">Vivienda<\/a><\/h3>\n\n\n\n<p class=\"has-text-color\" style=\"color:#1f1f1f\">Si\u00e9ntase como en casa durante una noche o m\u00e1s. \u00a1Estancia personalizada y cerca de todas las atracciones de Fj\u00e4rdhundraland!<\/p>\n<\/div><\/div>\n\n\n\n<div class=\"wp-block-genesis-blocks-gb-column gb-block-layout-column\"><div class=\"gb-block-layout-column-inner\">\n<figure class=\"wp-block-image size-large\"><img decoding=\"async\" width=\"1200\" height=\"795\" data-attachment-id=\"13830\" data-permalink=\"https:\/\/www.fjardhundraland.se\/es\/se-gor\/attachment\/cyklister-jadra-gardshotel\/\" data-orig-file=\"https:\/\/www.fjardhundraland.se\/wp-content\/uploads\/2023\/11\/cyklister-jadra-gardshotel.jpg\" data-orig-size=\"2500,1656\" data-comments-opened=\"0\" data-image-meta=\"{&quot;aperture&quot;:&quot;0&quot;,&quot;credit&quot;:&quot;&quot;,&quot;camera&quot;:&quot;&quot;,&quot;caption&quot;:&quot;&quot;,&quot;created_timestamp&quot;:&quot;0&quot;,&quot;copyright&quot;:&quot;&quot;,&quot;focal_length&quot;:&quot;0&quot;,&quot;iso&quot;:&quot;0&quot;,&quot;shutter_speed&quot;:&quot;0&quot;,&quot;title&quot;:&quot;&quot;,&quot;orientation&quot;:&quot;0&quot;}\" data-image-title=\"Cyklister Ja\u0308dra ga\u030ardshotel\" data-image-description=\"\" data-image-caption=\"\" data-large-file=\"https:\/\/www.fjardhundraland.se\/wp-content\/uploads\/2023\/11\/cyklister-jadra-gardshotel-1200x795.jpg\" src=\"https:\/\/www.fjardhundraland.se\/wp-content\/uploads\/2023\/11\/cyklister-jadra-gardshotel-1200x795.jpg\" alt=\"\" class=\"wp-image-13830\" title=\"\" srcset=\"https:\/\/www.fjardhundraland.se\/wp-content\/uploads\/2023\/11\/cyklister-jadra-gardshotel-1200x795.jpg 1200w, https:\/\/www.fjardhundraland.se\/wp-content\/uploads\/2023\/11\/cyklister-jadra-gardshotel-300x199.jpg 300w, https:\/\/www.fjardhundraland.se\/wp-content\/uploads\/2023\/11\/cyklister-jadra-gardshotel-768x509.jpg 768w, https:\/\/www.fjardhundraland.se\/wp-content\/uploads\/2023\/11\/cyklister-jadra-gardshotel-1536x1017.jpg 1536w, https:\/\/www.fjardhundraland.se\/wp-content\/uploads\/2023\/11\/cyklister-jadra-gardshotel-2048x1357.jpg 2048w, https:\/\/www.fjardhundraland.se\/wp-content\/uploads\/2023\/11\/cyklister-jadra-gardshotel-18x12.jpg 18w, https:\/\/www.fjardhundraland.se\/wp-content\/uploads\/2023\/11\/cyklister-jadra-gardshotel-2000x1325.jpg 2000w\" sizes=\"(max-width: 1200px) 100vw, 1200px\" \/><\/figure>\n\n\n\n<h3 class=\"wp-block-heading has-text-color\" style=\"color:#1f1f1f;font-size:26px\"><a href=\"https:\/\/www.fjardhundraland.se\/es\/paquete\/\">Paquetes<\/a><\/h3>\n\n\n\n<p class=\"has-text-color\" style=\"color:#1f1f1f\">Aqu\u00ed encontrar\u00e1 experiencias que no encontrar\u00e1 en ning\u00fan otro sitio. Algunas de las mejores que tenemos en paquetes de calidad garantizada. \u00a1S\u00f3lo tiene que reservar y disfrutar!<\/p>\n<\/div><\/div>\n\n\n\n<div class=\"wp-block-genesis-blocks-gb-column gb-block-layout-column\"><div class=\"gb-block-layout-column-inner\">\n<figure class=\"wp-block-image size-full is-style-default\"><img decoding=\"async\" width=\"2500\" height=\"1667\" data-attachment-id=\"5625\" data-permalink=\"https:\/\/www.fjardhundraland.se\/es\/cyklister\/\" data-orig-file=\"https:\/\/www.fjardhundraland.se\/wp-content\/uploads\/2019\/03\/cyklister.jpeg\" data-orig-size=\"2500,1667\" data-comments-opened=\"0\" data-image-meta=\"{&quot;aperture&quot;:&quot;0&quot;,&quot;credit&quot;:&quot;&quot;,&quot;camera&quot;:&quot;&quot;,&quot;caption&quot;:&quot;&quot;,&quot;created_timestamp&quot;:&quot;0&quot;,&quot;copyright&quot;:&quot;&quot;,&quot;focal_length&quot;:&quot;0&quot;,&quot;iso&quot;:&quot;0&quot;,&quot;shutter_speed&quot;:&quot;0&quot;,&quot;title&quot;:&quot;&quot;,&quot;orientation&quot;:&quot;0&quot;}\" data-image-title=\"cyklister\" data-image-description=\"\" data-image-caption=\"\" data-large-file=\"https:\/\/www.fjardhundraland.se\/wp-content\/uploads\/2019\/03\/cyklister.jpeg\" src=\"https:\/\/www.fjardhundraland.se\/wp-content\/uploads\/2019\/03\/cyklister.jpeg\" alt=\"\" class=\"wp-image-5625\" title=\"\"><\/figure>\n\n\n\n<h3 class=\"wp-block-heading has-text-color\" style=\"color:#1f1f1f;font-size:26px\"><a href=\"https:\/\/www.fjardhundraland.se\/es\/rutas\/ciclo\/\">Ciclismo<\/a><\/h3>\n\n\n\n<p class=\"has-text-color\" style=\"color:#1f1f1f\">Peque\u00f1as carreteras, flanqueadas por piedras r\u00fanicas, granjas, bellos paisajes y acogedores caf\u00e9s. Coge tu bici y disfruta m\u00e1s de las hermosas vistas de Fj\u00e4rdhundraland.<\/p>\n<\/div><\/div>\n<\/div><\/div>\n<\/div><\/div>\n<\/div><\/div>","protected":false},"excerpt":{"rendered":"<p>Fj\u00e4rdhundraland es una gran zona con una densa mezcla de tiendas de granja, artesan\u00eda, caf\u00e9s, alojamiento y mucho m\u00e1s. Aqu\u00ed tienes el cat\u00e1logo de todo lo que puedes hacer, categorizado, con datos de contacto, horarios de apertura y mapas grandes y claros.<\/p>","protected":false},"author":1,"featured_media":0,"parent":0,"menu_order":0,"comment_status":"closed","ping_status":"closed","template":"","meta":{"_acf_changed":false,"_relevanssi_hide_post":"","_relevanssi_hide_content":"","_relevanssi_pin_for_all":"","_relevanssi_pin_keywords":"","_relevanssi_unpin_keywords":"","_relevanssi_related_keywords":"","_relevanssi_related_include_ids":"","_relevanssi_related_exclude_ids":"","_relevanssi_related_no_append":"","_relevanssi_related_not_related":"","_relevanssi_related_posts":"1354,12584,10783,5897,3022,4379","_relevanssi_noindex_reason":"","_genesis_hide_title":false,"_genesis_hide_breadcrumbs":false,"_genesis_hide_singular_image":false,"_genesis_hide_footer_widgets":false,"_genesis_custom_body_class":"","_genesis_custom_post_class":"","_genesis_layout":"","footnotes":""},"categories":[],"tags":[],"class_list":{"0":"post-13826","1":"page","2":"type-page","3":"status-publish","5":"entry"},"acf":[],"visa":null,"geo_latitude":null,"geo_longitude":null,"featured_image_src":null,"featured_image_src_square":null,"jetpack-related-posts":[],"jetpack_sharing_enabled":true,"_links":{"self":[{"href":"https:\/\/www.fjardhundraland.se\/es\/wp-json\/wp\/v2\/pages\/13826","targetHints":{"allow":["GET"]}}],"collection":[{"href":"https:\/\/www.fjardhundraland.se\/es\/wp-json\/wp\/v2\/pages"}],"about":[{"href":"https:\/\/www.fjardhundraland.se\/es\/wp-json\/wp\/v2\/types\/page"}],"author":[{"embeddable":true,"href":"https:\/\/www.fjardhundraland.se\/es\/wp-json\/wp\/v2\/users\/1"}],"replies":[{"embeddable":true,"href":"https:\/\/www.fjardhundraland.se\/es\/wp-json\/wp\/v2\/comments?post=13826"}],"version-history":[{"count":2,"href":"https:\/\/www.fjardhundraland.se\/es\/wp-json\/wp\/v2\/pages\/13826\/revisions"}],"predecessor-version":[{"id":20527,"href":"https:\/\/www.fjardhundraland.se\/es\/wp-json\/wp\/v2\/pages\/13826\/revisions\/20527"}],"wp:attachment":[{"href":"https:\/\/www.fjardhundraland.se\/es\/wp-json\/wp\/v2\/media?parent=13826"}],"wp:term":[{"taxonomy":"category","embeddable":true,"href":"https:\/\/www.fjardhundraland.se\/es\/wp-json\/wp\/v2\/categories?post=13826"},{"taxonomy":"post_tag","embeddable":true,"href":"https:\/\/www.fjardhundraland.se\/es\/wp-json\/wp\/v2\/tags?post=13826"}],"curies":[{"name":"wp","href":"https:\/\/api.w.org\/{rel}","templated":true}]}}