
{"id":12983,"date":"2023-06-09T11:12:20","date_gmt":"2023-06-09T09:12:20","guid":{"rendered":"https:\/\/www.fjardhundraland.se\/?page_id=12983"},"modified":"2023-09-06T10:39:16","modified_gmt":"2023-09-06T08:39:16","slug":"musica-fjardhundraland","status":"publish","type":"page","link":"https:\/\/www.fjardhundraland.se\/es\/musica-fjardhundraland\/","title":{"rendered":"M\u00fasica en Fj\u00e4rdhundraland"},"content":{"rendered":"<p><strong>Un concierto en una oscura y c\u00e1lida tarde de agosto, bajo el glorioso sol del verano o en una helada Nochebuena. La experiencia musical siempre es mayor cuando es en vivo y en directo. Busque en el calendario la m\u00fasica que m\u00e1s le guste.<\/strong><\/p>\n\n\n\n<h2 class=\"wp-block-heading\">Septiembre<\/h2>\n\n\n\n<p>9\/9 a las 16.30 h Concierto con Henrik Lundberg (flauta) y Anders Dillmar (piano y \u00f3rgano). <a href=\"https:\/\/www.fjardhundraland.se\/es\/platos\/iglesia-de-giresta\/\" data-type=\"plats\" data-id=\"1770\">Iglesia de Giresta<\/a>. Entrada gratuita.&nbsp;<\/p>\n\n\n\n<p>10\/9 a las 10h Inauguraci\u00f3n del \u00f3rgano con Anders Dillmar. Iglesia de Santa Mar\u00eda. Entrada gratuita.<\/p>\n\n\n\n<p>24\/9 a las 15 Concierto de \u00f3rgano con Anders Dillmar. Iglesia de Santa Mar\u00eda. Entrada gratuita.<\/p>","protected":false},"excerpt":{"rendered":"<p>En konsert en m\u00f6rk och varm augustikv\u00e4ll, i str\u00e5lande sommarsolsken eller en iskall julotta. Musikupplevelsen bli alltid st\u00f6rre n\u00e4r det \u00e4r live och p\u00e5 riktigt. Leta i kalendariet efter musik som passar dig! September 9\/9 kl 16.30&nbsp;Konsert med Henrik Lundberg (tv\u00e4rfl\u00f6jt) och Anders Dillmar (piano och orgel). Giresta kyrka. Fri entr\u00e9.&nbsp; 10\/9 kl 10&nbsp;Orgelinvigning med [&hellip;]<\/p>\n","protected":false},"author":4,"featured_media":2045,"parent":0,"menu_order":0,"comment_status":"closed","ping_status":"closed","template":"","meta":{"_acf_changed":false,"_relevanssi_hide_post":"","_relevanssi_hide_content":"","_relevanssi_pin_for_all":"","_relevanssi_pin_keywords":"","_relevanssi_unpin_keywords":"","_relevanssi_related_keywords":"","_relevanssi_related_include_ids":"","_relevanssi_related_exclude_ids":"","_relevanssi_related_no_append":"","_relevanssi_related_not_related":"","_relevanssi_related_posts":"","_relevanssi_noindex_reason":"","_genesis_hide_title":false,"_genesis_hide_breadcrumbs":false,"_genesis_hide_singular_image":false,"_genesis_hide_footer_widgets":false,"_genesis_custom_body_class":"","_genesis_custom_post_class":"","_genesis_layout":"","footnotes":""},"categories":[23],"tags":[],"class_list":{"0":"post-12983","1":"page","2":"type-page","3":"status-publish","4":"has-post-thumbnail","6":"category-musik","7":"entry"},"acf":[],"visa":null,"geo_latitude":null,"geo_longitude":null,"featured_image_src":"https:\/\/www.fjardhundraland.se\/wp-content\/uploads\/2014\/03\/Forsby-musik.jpg","featured_image_src_square":"https:\/\/www.fjardhundraland.se\/wp-content\/uploads\/2014\/03\/Forsby-musik.jpg","jetpack-related-posts":[{"id":2399,"url":"https:\/\/www.fjardhundraland.se\/es\/eventos-2\/","url_meta":{"origin":12983,"position":0},"title":"Los acontecimientos","author":"Mats Thorburn","date":"18 junio 2014","format":false,"excerpt":"[events_list_grouped limit=\"10\" category=\"-131\" pagination=1 date_format='F Y'] \u00a0 #_EVENTLINK #_EVENTDATES\u00a0kl.\u00a0#_EVENTTIMES Plats: #_LOCATIONNAME #_EVENTEXCERPT [\/events_list_grouped]","rel":"","context":"Entrada similar","block_context":{"text":"Entrada similar","link":""},"img":{"alt_text":"","src":"","width":0,"height":0},"classes":[]},{"id":2738,"url":"https:\/\/www.fjardhundraland.se\/es\/eventos\/gente-de-la-comida\/","url_meta":{"origin":12983,"position":1},"title":"Food &amp; People - el tour de la comida","author":"Mats Thorburn","date":"15 julio 2015","format":false,"excerpt":"Food &amp; People - fin de semana del 20 al 21 de septiembre de 2025 a las 11.17 huele, saborea, mira, disfruta - Food &amp; People es la ronda para todos los sentidos donde la comida y la gente son el centro. M\u00e1s informaci\u00f3n en https:\/\/www.fjardhundraland.se\/matomanniskor\/","rel":"","context":"Entrada similar","block_context":{"text":"Entrada similar","link":""},"img":{"alt_text":"","src":"https:\/\/i0.wp.com\/www.fjardhundraland.se\/wp-content\/uploads\/2018\/08\/mat-och-macc88nniskor-header.jpg?resize=350%2C200&ssl=1","width":350,"height":200,"srcset":"https:\/\/i0.wp.com\/www.fjardhundraland.se\/wp-content\/uploads\/2018\/08\/mat-och-macc88nniskor-header.jpg?resize=350%2C200&ssl=1 1x, https:\/\/i0.wp.com\/www.fjardhundraland.se\/wp-content\/uploads\/2018\/08\/mat-och-macc88nniskor-header.jpg?resize=525%2C300&ssl=1 1.5x, https:\/\/i0.wp.com\/www.fjardhundraland.se\/wp-content\/uploads\/2018\/08\/mat-och-macc88nniskor-header.jpg?resize=700%2C400&ssl=1 2x, https:\/\/i0.wp.com\/www.fjardhundraland.se\/wp-content\/uploads\/2018\/08\/mat-och-macc88nniskor-header.jpg?resize=1050%2C600&ssl=1 3x, https:\/\/i0.wp.com\/www.fjardhundraland.se\/wp-content\/uploads\/2018\/08\/mat-och-macc88nniskor-header.jpg?resize=1400%2C800&ssl=1 4x"},"classes":[]},{"id":2394,"url":"https:\/\/www.fjardhundraland.se\/es\/eventos\/rebus-round10\/","url_meta":{"origin":12983,"position":2},"title":"La ronda 2021 de Rebus","author":"Mats Thorburn","date":"18 junio 2014","format":false,"excerpt":"Fecha\/Hora Domingos 1 y 8 de agosto de 2021 a las 11-17. Rebusrundan le invita a usted, su familia y amigos a una excursi\u00f3n en Fj\u00e4rdhundraland. Durante dos domingos de agosto, las atracciones y los comercios abrir\u00e1n sus puertas... \u00a1y todos se lo pasar\u00e1n en grande! Visite y resuelva acertijos, compre, compita, coma y...","rel":"","context":"Entrada similar","block_context":{"text":"Entrada similar","link":""},"img":{"alt_text":"","src":"https:\/\/i0.wp.com\/www.fjardhundraland.se\/wp-content\/uploads\/2018\/02\/rebusrundan.jpg?resize=350%2C200&ssl=1","width":350,"height":200,"srcset":"https:\/\/i0.wp.com\/www.fjardhundraland.se\/wp-content\/uploads\/2018\/02\/rebusrundan.jpg?resize=350%2C200&ssl=1 1x, https:\/\/i0.wp.com\/www.fjardhundraland.se\/wp-content\/uploads\/2018\/02\/rebusrundan.jpg?resize=525%2C300&ssl=1 1.5x, https:\/\/i0.wp.com\/www.fjardhundraland.se\/wp-content\/uploads\/2018\/02\/rebusrundan.jpg?resize=700%2C400&ssl=1 2x, https:\/\/i0.wp.com\/www.fjardhundraland.se\/wp-content\/uploads\/2018\/02\/rebusrundan.jpg?resize=1050%2C600&ssl=1 3x, https:\/\/i0.wp.com\/www.fjardhundraland.se\/wp-content\/uploads\/2018\/02\/rebusrundan.jpg?resize=1400%2C800&ssl=1 4x"},"classes":[]},{"id":2163,"url":"https:\/\/www.fjardhundraland.se\/es\/eventos\/","url_meta":{"origin":12983,"position":3},"title":"Eventos 2026","author":"Mats Thorburn","date":"4 abril 2014","format":false,"excerpt":"CONTENIDO","rel":"","context":"Entrada similar","block_context":{"text":"Entrada similar","link":""},"img":{"alt_text":"Loppisrundan p\u00e5 Dunderbo ljus & hantverk","src":"https:\/\/i0.wp.com\/www.fjardhundraland.se\/wp-content\/uploads\/2021\/06\/dunderbo-ljus-hantverk-loppisrundan2019juli06-15.jpg?resize=350%2C200&ssl=1","width":350,"height":200,"srcset":"https:\/\/i0.wp.com\/www.fjardhundraland.se\/wp-content\/uploads\/2021\/06\/dunderbo-ljus-hantverk-loppisrundan2019juli06-15.jpg?resize=350%2C200&ssl=1 1x, https:\/\/i0.wp.com\/www.fjardhundraland.se\/wp-content\/uploads\/2021\/06\/dunderbo-ljus-hantverk-loppisrundan2019juli06-15.jpg?resize=525%2C300&ssl=1 1.5x, https:\/\/i0.wp.com\/www.fjardhundraland.se\/wp-content\/uploads\/2021\/06\/dunderbo-ljus-hantverk-loppisrundan2019juli06-15.jpg?resize=700%2C400&ssl=1 2x, https:\/\/i0.wp.com\/www.fjardhundraland.se\/wp-content\/uploads\/2021\/06\/dunderbo-ljus-hantverk-loppisrundan2019juli06-15.jpg?resize=1050%2C600&ssl=1 3x, https:\/\/i0.wp.com\/www.fjardhundraland.se\/wp-content\/uploads\/2021\/06\/dunderbo-ljus-hantverk-loppisrundan2019juli06-15.jpg?resize=1400%2C800&ssl=1 4x"},"classes":[]},{"id":3963,"url":"https:\/\/www.fjardhundraland.se\/es\/eventos\/dia-del-animal-2\/","url_meta":{"origin":12983,"position":4},"title":"D\u00eda de los Animales 2017","author":"Ylva Fontell","date":"17 febrero 2017","format":false,"excerpt":"Corderos traviesos, simp\u00e1ticas gallinas o cerdos felices. \u00bfHay algo m\u00e1s bonito de ver que animales disfrutando del sol, el calor y el verde fresco? La primavera es tiempo de animales. Por cuarto a\u00f1o, algunas de las granjas de Fj\u00e4rdhundraland le invitan al D\u00eda de los Animales, el s\u00e1bado 27 de mayo de 11.00 a 16.00 h. Recorra...","rel":"","context":"Entrada similar","block_context":{"text":"Entrada similar","link":""},"img":{"alt_text":"","src":"https:\/\/i0.wp.com\/www.fjardhundraland.se\/wp-content\/uploads\/2017\/02\/18157411_1484046814959071_3875511745731358846_n.jpg?resize=350%2C200&ssl=1","width":350,"height":200,"srcset":"https:\/\/i0.wp.com\/www.fjardhundraland.se\/wp-content\/uploads\/2017\/02\/18157411_1484046814959071_3875511745731358846_n.jpg?resize=350%2C200&ssl=1 1x, https:\/\/i0.wp.com\/www.fjardhundraland.se\/wp-content\/uploads\/2017\/02\/18157411_1484046814959071_3875511745731358846_n.jpg?resize=525%2C300&ssl=1 1.5x, https:\/\/i0.wp.com\/www.fjardhundraland.se\/wp-content\/uploads\/2017\/02\/18157411_1484046814959071_3875511745731358846_n.jpg?resize=700%2C400&ssl=1 2x"},"classes":[]},{"id":20251,"url":"https:\/\/www.fjardhundraland.se\/es\/incrustacion\/2026\/pask-en-fjardhundraland\/","url_meta":{"origin":12983,"position":5},"title":"Semana Santa en Fj\u00e4rdhundraland","author":"Marloes","date":"18 marzo 2026","format":false,"excerpt":"La mejor manera de vivir la primavera es en el campo, cerca de la ciudad. \u00c9sta es la firme opini\u00f3n de muchos miembros de Fj\u00e4rdhundraland. Porque cerca de la naturaleza, en un paisaje cultural ondulado con granjas, talleres de alfarer\u00eda y caf\u00e9s, se oye a\u00fan mejor el canto de los p\u00e1jaros en primavera y se huele el aroma especiado de la tierra que cobra vida. Y eso...","rel":"","context":"Entrada similar","block_context":{"text":"Entrada similar","link":""},"img":{"alt_text":"","src":"https:\/\/i0.wp.com\/www.fjardhundraland.se\/wp-content\/uploads\/2021\/04\/pask-i-fjardhundraland-tupp-och-hona.jpg?resize=350%2C200&ssl=1","width":350,"height":200,"srcset":"https:\/\/i0.wp.com\/www.fjardhundraland.se\/wp-content\/uploads\/2021\/04\/pask-i-fjardhundraland-tupp-och-hona.jpg?resize=350%2C200&ssl=1 1x, https:\/\/i0.wp.com\/www.fjardhundraland.se\/wp-content\/uploads\/2021\/04\/pask-i-fjardhundraland-tupp-och-hona.jpg?resize=525%2C300&ssl=1 1.5x, https:\/\/i0.wp.com\/www.fjardhundraland.se\/wp-content\/uploads\/2021\/04\/pask-i-fjardhundraland-tupp-och-hona.jpg?resize=700%2C400&ssl=1 2x, https:\/\/i0.wp.com\/www.fjardhundraland.se\/wp-content\/uploads\/2021\/04\/pask-i-fjardhundraland-tupp-och-hona.jpg?resize=1050%2C600&ssl=1 3x, https:\/\/i0.wp.com\/www.fjardhundraland.se\/wp-content\/uploads\/2021\/04\/pask-i-fjardhundraland-tupp-och-hona.jpg?resize=1400%2C800&ssl=1 4x"},"classes":[]}],"jetpack_sharing_enabled":true,"_links":{"self":[{"href":"https:\/\/www.fjardhundraland.se\/es\/wp-json\/wp\/v2\/pages\/12983","targetHints":{"allow":["GET"]}}],"collection":[{"href":"https:\/\/www.fjardhundraland.se\/es\/wp-json\/wp\/v2\/pages"}],"about":[{"href":"https:\/\/www.fjardhundraland.se\/es\/wp-json\/wp\/v2\/types\/page"}],"author":[{"embeddable":true,"href":"https:\/\/www.fjardhundraland.se\/es\/wp-json\/wp\/v2\/users\/4"}],"replies":[{"embeddable":true,"href":"https:\/\/www.fjardhundraland.se\/es\/wp-json\/wp\/v2\/comments?post=12983"}],"version-history":[{"count":0,"href":"https:\/\/www.fjardhundraland.se\/es\/wp-json\/wp\/v2\/pages\/12983\/revisions"}],"wp:featuredmedia":[{"embeddable":true,"href":"https:\/\/www.fjardhundraland.se\/es\/wp-json\/wp\/v2\/media\/2045"}],"wp:attachment":[{"href":"https:\/\/www.fjardhundraland.se\/es\/wp-json\/wp\/v2\/media?parent=12983"}],"wp:term":[{"taxonomy":"category","embeddable":true,"href":"https:\/\/www.fjardhundraland.se\/es\/wp-json\/wp\/v2\/categories?post=12983"},{"taxonomy":"post_tag","embeddable":true,"href":"https:\/\/www.fjardhundraland.se\/es\/wp-json\/wp\/v2\/tags?post=12983"}],"curies":[{"name":"wp","href":"https:\/\/api.w.org\/{rel}","templated":true}]}}