
{"id":12897,"date":"2023-06-01T16:42:33","date_gmt":"2023-06-01T14:42:33","guid":{"rendered":"https:\/\/www.fjardhundraland.se\/?page_id=12897"},"modified":"2023-09-29T11:25:32","modified_gmt":"2023-09-29T09:25:32","slug":"reservar-una-visita-de-estudio","status":"publish","type":"page","link":"https:\/\/www.fjardhundraland.se\/es\/om-fjardhundraland\/boka-studiebesok\/","title":{"rendered":"Reservar una visita de estudio"},"content":{"rendered":"<p><strong>\u00bfQuiere saber c\u00f3mo funciona Fj\u00e4rdhundraland, c\u00f3mo hemos construido el destino y c\u00f3mo utilizan la red sus miembros? Una visita de estudio es la mejor manera de hacerlo. Escuchar\u00e1 la historia de Fj\u00e4rdhundraland, pero tambi\u00e9n conocer\u00e1 a cada uno de sus miembros, que compartir\u00e1n sus experiencias y motivaciones.<\/strong> <strong>Un viaje de estudios en Fj\u00e4rdhundraland ofrece nuevas perspectivas sobre el desarrollo rural y la construcci\u00f3n de destinos.<\/strong><\/p>\n\n\n\n<p>Nos encantan las visitas. No s\u00f3lo de turistas, sino tambi\u00e9n de ustedes, nuestros colegas de otras partes del pa\u00eds. <\/p>\n\n\n\n<blockquote class=\"wp-block-quote is-layout-flow wp-block-quote-is-layout-flow\">\n<p>No somos competidores, construimos juntos el atractivo y el turismo.<\/p>\n<\/blockquote>\n\n\n\n<p>Las visitas de estudio y los viajes de estudios son gratificantes, tanto para nosotros, que tenemos el honor de presentarnos, como para ustedes, que vienen aqu\u00ed y pueden aprender de lo que nosotros y nuestros miembros hemos conseguido. Por encima de todo, queremos que sea un intercambio: por eso siempre nos implicamos en las visitas de estudio, para que se ajusten bien a sus expectativas y tengamos realmente la oportunidad de conocernos.<\/p>\n\n\n\n<h2 class=\"wp-block-heading\">Muchas oportunidades para un viaje de estudios relevante<\/h2>\n\n\n\n<h3 class=\"wp-block-heading\">Por ejemplo, un viaje de estudios puede consistir en <\/h3>\n\n\n\n<ul class=\"wp-block-list\">\n<li>Una reuni\u00f3n con algunos de los activistas de Fj\u00e4rdhundraland en la que presentamos nuestras formas de trabajo en colaboraci\u00f3n, en un <a href=\"https:\/\/www.fjardhundraland.se\/es\/sobre-fjardhundraland\/conferencias-cooperacion-al-desarrollo\/\" data-type=\"page\" data-id=\"9481\">conferencia que inspira el desarrollo<\/a><\/li>\n\n\n\n<li>Taller basado en la conferencia y visitas de estudio<\/li>\n\n\n\n<li>Tiempo de conferencia para el trabajo propio<\/li>\n\n\n\n<li>Visitas de estudio a un n\u00famero indeterminado de miembros\/destinos. En cada lugar, nos reuniremos con el responsable, que nos presentar\u00e1 su lugar y su punto de vista sobre el trabajo de Fj\u00e4rdhundraland.<\/li>\n\n\n\n<li>Cena, con la participaci\u00f3n de algunos miembros de Fj\u00e4rdhundraland<\/li>\n\n\n\n<li>Pernoctaci\u00f3n en casa de uno de nuestros miembros<\/li>\n<\/ul>\n\n\n\n<h3 class=\"wp-block-heading\">Ejemplos de temas para la visita de estudio<\/h3>\n\n\n\n<ul class=\"wp-block-list\">\n<li>Desarrollo rural<\/li>\n\n\n\n<li>Construir un destino<\/li>\n\n\n\n<li>Cooperaci\u00f3n entre peque\u00f1as empresas<\/li>\n\n\n\n<li>Experiencia en distintos \u00e1mbitos, como cafeter\u00eda, tienda de granja, jard\u00edn o artesan\u00eda.<\/li>\n<\/ul>\n\n\n\n<p>Con una amplia gama de destinos para elegir, podemos identificar las visitas pertinentes para que pueda alcanzar sus objetivos para la visita. Adaptaremos el programa a sus necesidades, con el objetivo de que haya comprendido c\u00f3mo Fj\u00e4rdhundraland ha progresado desde el proyecto Leader hasta el Gran Premio de Turismo y m\u00e1s all\u00e1.<\/p>\n\n\n\n<h2 class=\"wp-block-heading\">Visitas de estudio para grupos peque\u00f1os y grandes<\/h2>\n\n\n\n<p>Tenemos experiencia en organizar desde peque\u00f1as visitas de estudio para unas pocas personas hasta grandes grupos. Por ejemplo, en mayo de 2023 acogimos a un grupo de 130 personas en el marco de la conferencia de la UE <a href=\"https:\/\/landsbygdsveckan.se\/landsbygdsveckan\/inenglish\/ruralpactconference\/studyvisits.4.4fe886187b62c76d2590ba.html\" target=\"_blank\" rel=\"noopener\">Conferencia del Pacto Rural 2023<\/a>.<\/p>\n\n\n\n<p>Para m\u00e1s informaci\u00f3n y reservas, p\u00f3ngase en contacto con Thomas Bj\u00f6rk, 070-899 29 19, <a href=\"mailto:thomas@fjardhundraland.se\">thomas@fjardhundraland.se<\/a>.<\/p>","protected":false},"excerpt":{"rendered":"<p>Vill ni f\u00e5 inblick i hur Fj\u00e4rdhundraland fungerar, hur vi byggt upp destinationen och hur medlemmarna anv\u00e4nder n\u00e4tverket? D\u00e5 \u00e4r ett studiebes\u00f6k ett bra s\u00e4tt. Ni f\u00e5r ber\u00e4ttelsen om Fj\u00e4rdhundraland, men f\u00e5r ocks\u00e5 tr\u00e4ffa de enskilda medlemmarna, som bjuder p\u00e5 sina erfarenheter och drivkrafter. En studieresa i Fj\u00e4rdhundraland ger nya insikter om landsbygdsutveckling och destinationsbyggande. [&hellip;]<\/p>\n","protected":false},"author":1,"featured_media":12898,"parent":1515,"menu_order":0,"comment_status":"closed","ping_status":"closed","template":"","meta":{"_acf_changed":false,"_relevanssi_hide_post":"","_relevanssi_hide_content":"","_relevanssi_pin_for_all":"","_relevanssi_pin_keywords":"","_relevanssi_unpin_keywords":"","_relevanssi_related_keywords":"","_relevanssi_related_include_ids":"","_relevanssi_related_exclude_ids":"","_relevanssi_related_no_append":"","_relevanssi_related_not_related":"","_relevanssi_related_posts":"","_relevanssi_noindex_reason":"","_genesis_hide_title":false,"_genesis_hide_breadcrumbs":false,"_genesis_hide_singular_image":false,"_genesis_hide_footer_widgets":false,"_genesis_custom_body_class":"","_genesis_custom_post_class":"","_genesis_layout":"","footnotes":""},"categories":[],"tags":[],"class_list":{"0":"post-12897","1":"page","2":"type-page","3":"status-publish","4":"has-post-thumbnail","6":"entry"},"acf":[],"visa":null,"geo_latitude":null,"geo_longitude":null,"featured_image_src":"https:\/\/www.fjardhundraland.se\/wp-content\/uploads\/2023\/06\/studiebesok-fjardhundraland-axel-gren-600x400.jpg","featured_image_src_square":"https:\/\/www.fjardhundraland.se\/wp-content\/uploads\/2023\/06\/studiebesok-fjardhundraland-axel-gren-600x600.jpg","jetpack-related-posts":[],"jetpack_sharing_enabled":true,"_links":{"self":[{"href":"https:\/\/www.fjardhundraland.se\/es\/wp-json\/wp\/v2\/pages\/12897","targetHints":{"allow":["GET"]}}],"collection":[{"href":"https:\/\/www.fjardhundraland.se\/es\/wp-json\/wp\/v2\/pages"}],"about":[{"href":"https:\/\/www.fjardhundraland.se\/es\/wp-json\/wp\/v2\/types\/page"}],"author":[{"embeddable":true,"href":"https:\/\/www.fjardhundraland.se\/es\/wp-json\/wp\/v2\/users\/1"}],"replies":[{"embeddable":true,"href":"https:\/\/www.fjardhundraland.se\/es\/wp-json\/wp\/v2\/comments?post=12897"}],"version-history":[{"count":0,"href":"https:\/\/www.fjardhundraland.se\/es\/wp-json\/wp\/v2\/pages\/12897\/revisions"}],"up":[{"embeddable":true,"href":"https:\/\/www.fjardhundraland.se\/es\/wp-json\/wp\/v2\/pages\/1515"}],"wp:featuredmedia":[{"embeddable":true,"href":"https:\/\/www.fjardhundraland.se\/es\/wp-json\/wp\/v2\/media\/12898"}],"wp:attachment":[{"href":"https:\/\/www.fjardhundraland.se\/es\/wp-json\/wp\/v2\/media?parent=12897"}],"wp:term":[{"taxonomy":"category","embeddable":true,"href":"https:\/\/www.fjardhundraland.se\/es\/wp-json\/wp\/v2\/categories?post=12897"},{"taxonomy":"post_tag","embeddable":true,"href":"https:\/\/www.fjardhundraland.se\/es\/wp-json\/wp\/v2\/tags?post=12897"}],"curies":[{"name":"wp","href":"https:\/\/api.w.org\/{rel}","templated":true}]}}