
{"id":8098,"date":"2021-04-16T13:05:00","date_gmt":"2021-04-16T11:05:00","guid":{"rendered":"https:\/\/www.fjardhundraland.se\/?page_id=8098"},"modified":"2021-04-16T14:03:14","modified_gmt":"2021-04-16T12:03:14","slug":"log-in","status":"publish","type":"page","link":"https:\/\/www.fjardhundraland.se\/en\/log-in\/","title":{"rendered":"Sign in"},"content":{"rendered":"<div id=\"wpmem_login\"><a id=\"login\"><\/a><form action=\"https:\/\/www.fjardhundraland.se\/en\/log-in\/\" method=\"POST\" id=\"wpmem_login_form\" class=\"form\" data-trp-original-action=\"https:\/\/www.fjardhundraland.se\/en\/log-in\/\"><input type=\"hidden\" id=\"_wpmem_login_nonce\" name=\"_wpmem_login_nonce\" value=\"c4b390211e\" \/><input type=\"hidden\" name=\"_wp_http_referer\" value=\"\/en\/wp-json\/wp\/v2\/pages\/8098\" \/><fieldset><legend>Existing Users Log In<\/legend><label for=\"log\">Username or Email<\/label><div class=\"div_text\"><input name=\"log\" type=\"text\" id=\"log\" value=\"\" class=\"username\" required \/><\/div><label for=\"pwd\">Password<\/label><div class=\"div_text\"><input name=\"pwd\" type=\"password\" id=\"pwd\" class=\"password\" required \/><\/div><input name=\"a\" type=\"hidden\" value=\"login\" \/><input name=\"redirect_to\" type=\"hidden\" value=\"https:\/\/www.fjardhundraland.se\/om-fjardhundraland\/for-medlemmar\/\" \/><div class=\"button_div\"><input name=\"rememberme\" type=\"checkbox\" id=\"rememberme\" value=\"forever\" \/>&nbsp;<label for=\"rememberme\">Remember Me<\/label>&nbsp;&nbsp;<input type=\"submit\" name=\"Submit\" value=\"Log In\" class=\"buttons\" \/><\/div><\/fieldset><input type=\"hidden\" name=\"trp-form-language\" value=\"en\"\/><\/form><\/div>\n\n\n\n<p><\/p>","protected":false},"excerpt":{"rendered":"","protected":false},"author":1,"featured_media":0,"parent":0,"menu_order":3,"comment_status":"closed","ping_status":"closed","template":"","meta":{"_acf_changed":false,"_relevanssi_hide_post":"","_relevanssi_hide_content":"","_relevanssi_pin_for_all":"","_relevanssi_pin_keywords":"","_relevanssi_unpin_keywords":"","_relevanssi_related_keywords":"","_relevanssi_related_include_ids":"","_relevanssi_related_exclude_ids":"","_relevanssi_related_no_append":"","_relevanssi_related_not_related":"","_relevanssi_related_posts":"","_relevanssi_noindex_reason":"","_genesis_hide_title":false,"_genesis_hide_breadcrumbs":false,"_genesis_hide_singular_image":false,"_genesis_hide_footer_widgets":false,"_genesis_custom_body_class":"","_genesis_custom_post_class":"","_genesis_layout":"","footnotes":""},"categories":[],"tags":[],"class_list":{"0":"post-8098","1":"page","2":"type-page","3":"status-publish","5":"entry"},"acf":[],"visa":null,"geo_latitude":null,"geo_longitude":null,"featured_image_src":null,"featured_image_src_square":null,"jetpack-related-posts":[{"id":6725,"url":"https:\/\/www.fjardhundraland.se\/en\/about-fjardhundraland\/anvisningar-digitalt-arsmote\/","url_meta":{"origin":8098,"position":0},"title":"Instructions for the digital annual meeting","author":"Mats Thorburn","date":"18 April 2020","format":false,"excerpt":"Welcome to the Fj\u00e4rdhundraland Annual Meeting on Sunday, April 19, 2020! Here is the link to the video conference: bit.ly\/fj-arsmHere are the annual meeting documents. We use the Jitsi video conference service. To participate, you need either a computer with internet and the Google Chrome browser (Firefox can also work) or a smartphone \/ tablet with the Jitsi Meet app (Android - iPhone \/ iPad).","rel":"","context":"Similar post","block_context":{"text":"Similar post","link":""},"img":{"alt_text":"","src":"https:\/\/i0.wp.com\/www.fjardhundraland.se\/wp-content\/uploads\/2020\/04\/4-2.jpg?resize=350%2C200&ssl=1","width":350,"height":200,"srcset":"https:\/\/i0.wp.com\/www.fjardhundraland.se\/wp-content\/uploads\/2020\/04\/4-2.jpg?resize=350%2C200&ssl=1 1x, https:\/\/i0.wp.com\/www.fjardhundraland.se\/wp-content\/uploads\/2020\/04\/4-2.jpg?resize=525%2C300&ssl=1 1.5x, https:\/\/i0.wp.com\/www.fjardhundraland.se\/wp-content\/uploads\/2020\/04\/4-2.jpg?resize=700%2C400&ssl=1 2x, https:\/\/i0.wp.com\/www.fjardhundraland.se\/wp-content\/uploads\/2020\/04\/4-2.jpg?resize=1050%2C600&ssl=1 3x, https:\/\/i0.wp.com\/www.fjardhundraland.se\/wp-content\/uploads\/2020\/04\/4-2.jpg?resize=1400%2C800&ssl=1 4x"},"classes":[]},{"id":7759,"url":"https:\/\/www.fjardhundraland.se\/en\/about-fjardhundraland\/for-new-members\/","url_meta":{"origin":8098,"position":1},"title":"To you who are a new member","author":"Mats Thorburn","date":"13 March 2021","format":false,"excerpt":"Welcome to Fj\u00e4rdhundraland! Fj\u00e4rdhundraland is what we make it - together we can do something really good for our visitors! By working together, I can contribute with what is easy for me, and get help from others with what I find difficult. In Fj\u00e4rdhundraland we work on behalf of our visitors - they...","rel":"","context":"In &quot;Inl\u00e4gg&quot;","block_context":{"text":"Inl\u00e4gg","link":"https:\/\/www.fjardhundraland.se\/en\/inlay\/"},"img":{"alt_text":"","src":"","width":0,"height":0},"classes":[]},{"id":6557,"url":"https:\/\/www.fjardhundraland.se\/en\/about-fjardhundraland\/get-in-now\/","url_meta":{"origin":8098,"position":2},"title":"Post activity","author":"Mats Thorburn","date":"31 March 2020","format":false,"excerpt":"There is a lot of interest in getting out into the countryside, and we have a great place to showcase what we do - right now. You can add events, activities and temporary opening hours here. After manual approval, it will be published here: https:\/\/www.fjardhundraland.se\/nu\/ If you do not upload a picture...","rel":"","context":"Similar post","block_context":{"text":"Similar post","link":""},"img":{"alt_text":"","src":"","width":0,"height":0},"classes":[]},{"id":18106,"url":"https:\/\/www.fjardhundraland.se\/en\/fjardhundraland-magazine\/","url_meta":{"origin":8098,"position":3},"title":"Magazine Fj\u00e4rdhundraland","author":"Mats Thorburn","date":"3 May 2025","format":false,"excerpt":"Fj\u00e4rdhundraland magazine and map This year's magazine is now available, along with an updated paper map. The Fj\u00e4rdhundraland magazine tells the stories of the people who run businesses in the area, and their destinations. Each issue usually contains articles on food, coffee, gardening, crafts, culture and history. Along with the magazine, we have created a map, where you...","rel":"","context":"Similar post","block_context":{"text":"Similar post","link":""},"img":{"alt_text":"","src":"https:\/\/i0.wp.com\/www.fjardhundraland.se\/wp-content\/uploads\/2025\/05\/magasin-2025-framsida.jpg?resize=350%2C200&ssl=1","width":350,"height":200,"srcset":"https:\/\/i0.wp.com\/www.fjardhundraland.se\/wp-content\/uploads\/2025\/05\/magasin-2025-framsida.jpg?resize=350%2C200&ssl=1 1x, https:\/\/i0.wp.com\/www.fjardhundraland.se\/wp-content\/uploads\/2025\/05\/magasin-2025-framsida.jpg?resize=525%2C300&ssl=1 1.5x, https:\/\/i0.wp.com\/www.fjardhundraland.se\/wp-content\/uploads\/2025\/05\/magasin-2025-framsida.jpg?resize=700%2C400&ssl=1 2x, https:\/\/i0.wp.com\/www.fjardhundraland.se\/wp-content\/uploads\/2025\/05\/magasin-2025-framsida.jpg?resize=1050%2C600&ssl=1 3x, https:\/\/i0.wp.com\/www.fjardhundraland.se\/wp-content\/uploads\/2025\/05\/magasin-2025-framsida.jpg?resize=1400%2C800&ssl=1 4x"},"classes":[]},{"id":12897,"url":"https:\/\/www.fjardhundraland.se\/en\/about-fjardhundraland\/book-a-study-visit\/","url_meta":{"origin":8098,"position":4},"title":"Book a study visit","author":"Mats Thorburn","date":"1 June 2023","format":false,"excerpt":"Do you want to get an insight into how Fj\u00e4rdhundraland works, how we built the destination and how members use the network? Then a study visit is a great way to do it. You will hear the story of Fj\u00e4rdhundraland, but you will also meet the individual members, who will share their experiences and motivations. A study tour of Fj\u00e4rdhundraland provides new...","rel":"","context":"Similar post","block_context":{"text":"Similar post","link":""},"img":{"alt_text":"Studiebes\u00f6k Fj\u00e4rdhundraland jhos Axel & Gren","src":"https:\/\/i0.wp.com\/www.fjardhundraland.se\/wp-content\/uploads\/2023\/06\/studiebesok-fjardhundraland-axel-gren.jpg?resize=350%2C200&ssl=1","width":350,"height":200,"srcset":"https:\/\/i0.wp.com\/www.fjardhundraland.se\/wp-content\/uploads\/2023\/06\/studiebesok-fjardhundraland-axel-gren.jpg?resize=350%2C200&ssl=1 1x, https:\/\/i0.wp.com\/www.fjardhundraland.se\/wp-content\/uploads\/2023\/06\/studiebesok-fjardhundraland-axel-gren.jpg?resize=525%2C300&ssl=1 1.5x, https:\/\/i0.wp.com\/www.fjardhundraland.se\/wp-content\/uploads\/2023\/06\/studiebesok-fjardhundraland-axel-gren.jpg?resize=700%2C400&ssl=1 2x, https:\/\/i0.wp.com\/www.fjardhundraland.se\/wp-content\/uploads\/2023\/06\/studiebesok-fjardhundraland-axel-gren.jpg?resize=1050%2C600&ssl=1 3x, https:\/\/i0.wp.com\/www.fjardhundraland.se\/wp-content\/uploads\/2023\/06\/studiebesok-fjardhundraland-axel-gren.jpg?resize=1400%2C800&ssl=1 4x"},"classes":[]},{"id":13123,"url":"https:\/\/www.fjardhundraland.se\/en\/about-fjardhundraland\/group-travel-to-fjardhundraland\/","url_meta":{"origin":8098,"position":5},"title":"Group trips to Fj\u00e4rdhundraland","author":"Mats Thorburn","date":"19 June 2023","format":false,"excerpt":"Want to come to Fj\u00e4rdhundraland with a bus group? We are listed in the Region Uppsala group travel catalog. Read it here. Garden tourism Enk\u00f6ping organizes tailor-made group tours in Fj\u00e4rdhundraland. H\u00f6gbergs buss are members of Fj\u00e4rdhundraland and can help you with your group trip. Contact us if you have any questions about your trip!","rel":"","context":"Similar post","block_context":{"text":"Similar post","link":""},"img":{"alt_text":"","src":"","width":0,"height":0},"classes":[]}],"jetpack_sharing_enabled":true,"_links":{"self":[{"href":"https:\/\/www.fjardhundraland.se\/en\/wp-json\/wp\/v2\/pages\/8098","targetHints":{"allow":["GET"]}}],"collection":[{"href":"https:\/\/www.fjardhundraland.se\/en\/wp-json\/wp\/v2\/pages"}],"about":[{"href":"https:\/\/www.fjardhundraland.se\/en\/wp-json\/wp\/v2\/types\/page"}],"author":[{"embeddable":true,"href":"https:\/\/www.fjardhundraland.se\/en\/wp-json\/wp\/v2\/users\/1"}],"replies":[{"embeddable":true,"href":"https:\/\/www.fjardhundraland.se\/en\/wp-json\/wp\/v2\/comments?post=8098"}],"version-history":[{"count":0,"href":"https:\/\/www.fjardhundraland.se\/en\/wp-json\/wp\/v2\/pages\/8098\/revisions"}],"wp:attachment":[{"href":"https:\/\/www.fjardhundraland.se\/en\/wp-json\/wp\/v2\/media?parent=8098"}],"wp:term":[{"taxonomy":"category","embeddable":true,"href":"https:\/\/www.fjardhundraland.se\/en\/wp-json\/wp\/v2\/categories?post=8098"},{"taxonomy":"post_tag","embeddable":true,"href":"https:\/\/www.fjardhundraland.se\/en\/wp-json\/wp\/v2\/tags?post=8098"}],"curies":[{"name":"wp","href":"https:\/\/api.w.org\/{rel}","templated":true}]}}