
{"id":7759,"date":"2021-03-13T09:09:01","date_gmt":"2021-03-13T08:09:01","guid":{"rendered":"https:\/\/www.fjardhundraland.se\/till-dig-som-ar-ny-medlem\/"},"modified":"2021-12-14T10:31:04","modified_gmt":"2021-12-14T09:31:04","slug":"for-new-members","status":"publish","type":"page","link":"https:\/\/www.fjardhundraland.se\/en\/about-fjardhundraland\/for-new-members\/","title":{"rendered":"To you who are a new member"},"content":{"rendered":"<p><strong>Welcome!<\/strong><\/p>\n\n\n\n<p>Fj\u00e4rdhundraland is what we make it - together we can do something really good for our visitors! Through collaboration, I can contribute with what is easy for me, and get help from others with what I find difficult.<\/p>\n\n\n\n<p>At Fj\u00e4rdhundraland we work on behalf of our visitors - we want them to have the best possible experience here. For this to happen, we need to know each other and work together. Then we have more fun, and the visitors feel like they are among friends. <\/p>\n\n\n\n<p>A good way to get started is to attend our meetings and get to know other members and their activities.<\/p>\n\n\n\n<p>You get the most out of the association if you get involved in an issue that interests you, for example in a working group around an event. If you go to meetings, you also get extra value from your membership, as we build a network of committed people.<\/p>\n\n\n\n<p><strong>You will get <a href=\"https:\/\/www.fjardhundraland.se\/en\/internal\/for-medlemmar\/skyltar\/\" target=\"_blank\" rel=\"noreferrer noopener nofollow\">signs<\/a><\/strong>. They are available at J\u00e4dra G\u00e5rd, Enk\u00f6ping (Thomas Bj\u00f6rk, 070-899 29 19, thomas@fjardhundraland.se) and at Pekoe ekologiskt te, \u00d6sterunda (Mats Thorburn, 0701-73 93 99), <a class=\"mailto-link\" href=\"javascript:;\">mats@fjardhundraland.se<\/a>).<\/p>\n\n\n\n<p><strong>We have a Facebook group<\/strong>. <a rel=\"noreferrer noopener\" href=\"https:\/\/www.facebook.com\/groups\/365657026778029\/\" target=\"_blank\">Feel free to go there<\/a> if you use Facebook. It is a closed group where we can discuss common concerns. We do not advertise our companies' activities there, but feel free to share tips and ask for help!<\/p>\n\n\n\n<p><strong>Events<\/strong>: Fj\u00e4rdhundraland organizes several events, including <a href=\"https:\/\/www.fjardhundraland.se\/en\/event\/\">the rounds<\/a>. Registration for them will be published in early spring. Contact Carl-Erik Ekblom (070-521 07 49, carlerik.ekblom@gmail.com) for questions about the rounds.<\/p>\n\n\n\n<p><strong>To be included on the website<\/strong><br>The websites are managed by an editor. Send photos and a text about your business (does not have to be perfect, we edit), tip and provide comments at the address <a class=\"mailto-link\" href=\"javascript:;\">webb@fjardhundraland.se<\/a>.<\/p>\n\n\n\n<p><strong>Put temporary activities and events online<\/strong><br>When you have temporary activities (e.g. events, temporary opening hours, anniversary, seasonal opening). <a href=\"https:\/\/www.fjardhundraland.se\/en\/about-fjardhundraland\/get-in-now\/\">insert them here<\/a>.<\/p>\n\n\n\n<p><a href=\"https:\/\/www.fjardhundraland.se\/en\/about-fjardhundraland\/insert-activity-package\/\">Here you enter bookable activities and packages<\/a>. Compound packages with different activities, or individual activities that individuals and groups can book for themselves. No event.<\/p>\n\n\n\n<p><strong>Social Media<\/strong><br>We mainly use <a href=\"https:\/\/www.instagram.com\/fjardhundraland\/\" target=\"_blank\" rel=\"noreferrer noopener\">Instagram<\/a> and <a href=\"https:\/\/facebook.com\/fjardhundraland\" target=\"_blank\" rel=\"noopener\">Facebook<\/a>, where we share members&#039; posts. We are many members, and it is not easy to see all the nice things that are laid out. Therefore, you can tag @fjardhundraland, and use #fj\u00e4rdhundraland. Feel free to send a message on Facebook or Instagram if there is something extra important you want to share.<\/p>\n\n\n\n<p><strong>We share from the visitor's perspective<\/strong>. It is guided by what is deemed interesting for visitors in our target groups, not by fairness. Places that are open a lot are highlighted more than those that are not, as well as clear events and offers. Posts about collaborations with other members, posts about Fj\u00e4rdhundraland and tips for excursions that include other members. Our visitors appreciate the feeling of being among friends.<\/p>\n\n\n\n<p>Questions or ideas? Talk to <a href=\"https:\/\/www.fjardhundraland.se\/en\/about-fjardhundraland\/fjardhundraland-economic-association\/\" data-type=\"URL\">anyone on the board<\/a>.<\/p>","protected":false},"excerpt":{"rendered":"<p>V\u00e4lkommen! Fj\u00e4rdhundraland \u00e4r vad vi g\u00f6r det till \u2013 tillsammans kan vi g\u00f6ra n\u00e5got riktigt bra f\u00f6r v\u00e5ra bes\u00f6kare! Genom samarbetet\u00a0kan jag\u00a0bidra med det som \u00e4r l\u00e4tt f\u00f6r mig, och f\u00e5 hj\u00e4lp av andra med s\u00e5dant jag\u00a0tycker \u00e4r sv\u00e5rt. I Fj\u00e4rdhundraland jobbar vi p\u00e5 uppdrag av v\u00e5ra bes\u00f6kare \u2013 de ska f\u00e5 det s\u00e5 bra [&hellip;]<\/p>\n","protected":false},"author":1,"featured_media":0,"parent":1515,"menu_order":36,"comment_status":"closed","ping_status":"closed","template":"","meta":{"_acf_changed":false,"_relevanssi_hide_post":"","_relevanssi_hide_content":"","_relevanssi_pin_for_all":"","_relevanssi_pin_keywords":"","_relevanssi_unpin_keywords":"","_relevanssi_related_keywords":"","_relevanssi_related_include_ids":"","_relevanssi_related_exclude_ids":"","_relevanssi_related_no_append":"","_relevanssi_related_not_related":"","_relevanssi_related_posts":"12584,13560,10783,8656,10896,3022","_relevanssi_noindex_reason":"","_genesis_hide_title":false,"_genesis_hide_breadcrumbs":false,"_genesis_hide_singular_image":false,"_genesis_hide_footer_widgets":false,"_genesis_custom_body_class":"","_genesis_custom_post_class":"","_genesis_layout":"","footnotes":""},"categories":[1],"tags":[],"class_list":{"0":"post-7759","1":"page","2":"type-page","3":"status-publish","5":"category-inlagg","6":"entry"},"acf":[],"visa":null,"geo_latitude":null,"geo_longitude":null,"featured_image_src":null,"featured_image_src_square":null,"jetpack-related-posts":[{"id":12897,"url":"https:\/\/www.fjardhundraland.se\/en\/about-fjardhundraland\/book-a-study-visit\/","url_meta":{"origin":7759,"position":0},"title":"Book a study visit","author":"Mats Thorburn","date":"1 June 2023","format":false,"excerpt":"Do you want to get an insight into how Fj\u00e4rdhundraland works, how we built the destination and how members use the network? Then a study visit is a great way to do it. You will hear the story of Fj\u00e4rdhundraland, but you will also meet the individual members, who will share their experiences and motivations. A study tour of Fj\u00e4rdhundraland provides new...","rel":"","context":"Similar post","block_context":{"text":"Similar post","link":""},"img":{"alt_text":"Studiebes\u00f6k Fj\u00e4rdhundraland jhos Axel & Gren","src":"https:\/\/i0.wp.com\/www.fjardhundraland.se\/wp-content\/uploads\/2023\/06\/studiebesok-fjardhundraland-axel-gren.jpg?resize=350%2C200&ssl=1","width":350,"height":200,"srcset":"https:\/\/i0.wp.com\/www.fjardhundraland.se\/wp-content\/uploads\/2023\/06\/studiebesok-fjardhundraland-axel-gren.jpg?resize=350%2C200&ssl=1 1x, https:\/\/i0.wp.com\/www.fjardhundraland.se\/wp-content\/uploads\/2023\/06\/studiebesok-fjardhundraland-axel-gren.jpg?resize=525%2C300&ssl=1 1.5x, https:\/\/i0.wp.com\/www.fjardhundraland.se\/wp-content\/uploads\/2023\/06\/studiebesok-fjardhundraland-axel-gren.jpg?resize=700%2C400&ssl=1 2x, https:\/\/i0.wp.com\/www.fjardhundraland.se\/wp-content\/uploads\/2023\/06\/studiebesok-fjardhundraland-axel-gren.jpg?resize=1050%2C600&ssl=1 3x, https:\/\/i0.wp.com\/www.fjardhundraland.se\/wp-content\/uploads\/2023\/06\/studiebesok-fjardhundraland-axel-gren.jpg?resize=1400%2C800&ssl=1 4x"},"classes":[]},{"id":7312,"url":"https:\/\/www.fjardhundraland.se\/en\/about-fjardhundraland\/fjardhundraland-economic-association\/sign-up\/","url_meta":{"origin":7759,"position":1},"title":"Sign up","author":"Mats Thorburn","date":"8 September 2020","format":false,"excerpt":"Welcome as a member of Fj\u00e4rdhundraland economic association! The fact that you join strengthens our common network, and makes us even better at giving our visitors a good experience. Fill in the application form here. Ten good reasons to become a member You think it's important to cooperate. 1+1=3.You...","rel":"","context":"Similar post","block_context":{"text":"Similar post","link":""},"img":{"alt_text":"","src":"","width":0,"height":0},"classes":[]},{"id":6016,"url":"https:\/\/www.fjardhundraland.se\/en\/about-fjardhundraland\/common-questions\/","url_meta":{"origin":7759,"position":2},"title":"Frequently asked questions","author":"Mats Thorburn","date":"11 September 2019","format":false,"excerpt":"Where is Fj\u00e4rdhundraland located? Our area is defined by where our members are located - between V\u00e4ster\u00e5s, Sala, Str\u00e4ngn\u00e4s, Uppsala, Enk\u00f6ping and Stockholm. We have not set any borders because borders are not interesting for visitors. Take a look at the map! What does \u201dFj\u00e4rdhundraland\u201d mean? The name comes from the Viking\/medieval homeland of the same name....","rel":"","context":"Similar post","block_context":{"text":"Similar post","link":""},"img":{"alt_text":"","src":"","width":0,"height":0},"classes":[]},{"id":9481,"url":"https:\/\/www.fjardhundraland.se\/en\/about-fjardhundraland\/training-development-cooperation\/","url_meta":{"origin":7759,"position":3},"title":"Book a lecture","author":"Mats Thorburn","date":"10 November 2021","format":false,"excerpt":"A lecture is a great start to a rural development or destination development project, or when you want to show the benefits of working together! Fj\u00e4rdhundraland has built a destination from zero to 150 members in ten years, starting with a Leader project. Now you can book one of Mats Thorburn's popular lectures...","rel":"","context":"Similar post","block_context":{"text":"Similar post","link":""},"img":{"alt_text":"Stora turismpriset utdelning december 2019 Mats Thorburn","src":"https:\/\/i0.wp.com\/www.fjardhundraland.se\/wp-content\/uploads\/2021\/11\/stora-turismpriset-utdelning-december-2019-mats-thorburn.jpg?resize=350%2C200&ssl=1","width":350,"height":200,"srcset":"https:\/\/i0.wp.com\/www.fjardhundraland.se\/wp-content\/uploads\/2021\/11\/stora-turismpriset-utdelning-december-2019-mats-thorburn.jpg?resize=350%2C200&ssl=1 1x, https:\/\/i0.wp.com\/www.fjardhundraland.se\/wp-content\/uploads\/2021\/11\/stora-turismpriset-utdelning-december-2019-mats-thorburn.jpg?resize=525%2C300&ssl=1 1.5x, https:\/\/i0.wp.com\/www.fjardhundraland.se\/wp-content\/uploads\/2021\/11\/stora-turismpriset-utdelning-december-2019-mats-thorburn.jpg?resize=700%2C400&ssl=1 2x, https:\/\/i0.wp.com\/www.fjardhundraland.se\/wp-content\/uploads\/2021\/11\/stora-turismpriset-utdelning-december-2019-mats-thorburn.jpg?resize=1050%2C600&ssl=1 3x, https:\/\/i0.wp.com\/www.fjardhundraland.se\/wp-content\/uploads\/2021\/11\/stora-turismpriset-utdelning-december-2019-mats-thorburn.jpg?resize=1400%2C800&ssl=1 4x"},"classes":[]},{"id":4530,"url":"https:\/\/www.fjardhundraland.se\/en\/event\/rebusrundan10\/uppsala-round-by-12-stop\/","url_meta":{"origin":7759,"position":4},"title":"Uppsala roundabout with 12 stops","author":"Ylva Fontell","date":"25 July 2017","format":false,"excerpt":"This is a route suggestion for the Rebus round suitable for those coming from Uppsala. The route stretches through Fj\u00e4rdhundraland's agricultural landscape mixed with forest and beautiful valleys. Many great nature experiences await you! You will find food crafts in various forms such as cheeses, jams, charcuterie and pastries. You can also buy eggs, flowers and garden plants ....","rel":"","context":"Similar post","block_context":{"text":"Similar post","link":""},"img":{"alt_text":"","src":"","width":0,"height":0},"classes":[]},{"id":1515,"url":"https:\/\/www.fjardhundraland.se\/en\/about-fjardhundraland\/","url_meta":{"origin":7759,"position":5},"title":"About Fj\u00e4rdhundraland","author":"Mats Thorburn","date":"8 January 2014","format":false,"excerpt":"In Fj\u00e4rdhundraland we gather good experiences in a living countryside with history, nature experiences and budding small businesses: cafes, accommodation, farm shops and much more! Lots of food crafts, nature, culture - all within an hour from Stockholm, Uppsala and V\u00e4ster\u00e5s. The name Fj\u00e4rdhundraland comes from the medieval folk country Fj\u00e4drundaland. Today's Fj\u00e4rdhundraland has no borders. The goal is to create a large area of...","rel":"","context":"Similar post","block_context":{"text":"Similar post","link":""},"img":{"alt_text":"","src":"","width":0,"height":0},"classes":[]}],"jetpack_sharing_enabled":true,"_links":{"self":[{"href":"https:\/\/www.fjardhundraland.se\/en\/wp-json\/wp\/v2\/pages\/7759","targetHints":{"allow":["GET"]}}],"collection":[{"href":"https:\/\/www.fjardhundraland.se\/en\/wp-json\/wp\/v2\/pages"}],"about":[{"href":"https:\/\/www.fjardhundraland.se\/en\/wp-json\/wp\/v2\/types\/page"}],"author":[{"embeddable":true,"href":"https:\/\/www.fjardhundraland.se\/en\/wp-json\/wp\/v2\/users\/1"}],"replies":[{"embeddable":true,"href":"https:\/\/www.fjardhundraland.se\/en\/wp-json\/wp\/v2\/comments?post=7759"}],"version-history":[{"count":0,"href":"https:\/\/www.fjardhundraland.se\/en\/wp-json\/wp\/v2\/pages\/7759\/revisions"}],"up":[{"embeddable":true,"href":"https:\/\/www.fjardhundraland.se\/en\/wp-json\/wp\/v2\/pages\/1515"}],"wp:attachment":[{"href":"https:\/\/www.fjardhundraland.se\/en\/wp-json\/wp\/v2\/media?parent=7759"}],"wp:term":[{"taxonomy":"category","embeddable":true,"href":"https:\/\/www.fjardhundraland.se\/en\/wp-json\/wp\/v2\/categories?post=7759"},{"taxonomy":"post_tag","embeddable":true,"href":"https:\/\/www.fjardhundraland.se\/en\/wp-json\/wp\/v2\/tags?post=7759"}],"curies":[{"name":"wp","href":"https:\/\/api.w.org\/{rel}","templated":true}]}}