
{"id":6016,"date":"2019-09-11T18:32:30","date_gmt":"2019-09-11T16:32:30","guid":{"rendered":"https:\/\/www.fjardhundraland.se\/?page_id=6016"},"modified":"2024-09-16T20:02:27","modified_gmt":"2024-09-16T18:02:27","slug":"common-questions","status":"publish","type":"page","link":"https:\/\/www.fjardhundraland.se\/en\/om-fjardhundraland\/vanliga-fragor\/","title":{"rendered":"Frequently asked questions"},"content":{"rendered":"<div class=\"wp-block-genesis-blocks-gb-accordion gb-block-accordion\"><details><summary class=\"gb-accordion-title\">Where is Fj\u00e4rdhundraland located?<\/summary><div class=\"gb-accordion-text\">\n<p>Fj\u00e4rdhundraland is located to the west of Stockholm, the capital of Sweden. The destination is in a broad area between cities V\u00e4ster\u00e5s, Sala, Str\u00e4ngn\u00e4s, Uppsala, Enk\u00f6ping and Stockholm. We focus on genuine, small-scale slow tourism, so the beautiful, rural areas between the cities are of most interest to us. Take a look at <a href=\"https:\/\/www.fjardhundraland.se\/en\/map\/\">the map<\/a>!<\/p>\n<\/div><\/details><\/div>\n\n\n\n<div class=\"wp-block-genesis-blocks-gb-accordion gb-block-accordion\"><details><summary class=\"gb-accordion-title\">What does \"Fj\u00e4rdhundraland\" mean?<\/summary><div class=\"gb-accordion-text\">\n<p>The name comes from the Viking\/medieval administrative region \u2013 \"folkland\" \u2013 of the same name. <a href=\"https:\/\/www.fjardhundraland.se\/en\/2019\/04\/what-does-fjardhundraland-mean\/\">Read more here!<\/a><\/p>\n<\/div><\/details><\/div>\n\n\n\n<div class=\"wp-block-genesis-blocks-gb-accordion gb-block-accordion\"><details><summary class=\"gb-accordion-title\">When was Fj\u00e4rdhundraland formed?<\/summary><div class=\"gb-accordion-text\">\n<p>The association was formed in 2011 as a result of the Leader project <a href=\"https:\/\/www.fjardhundraland.se\/en\/2019\/10\/tourism-in-the-fjardhundra-region\/\">Tourism in Fj\u00e4rdhundrabygden<\/a> which went on in 2009\u20132011.<\/p>\n<\/div><\/details><\/div>\n\n\n\n<div class=\"wp-block-genesis-blocks-gb-accordion gb-block-accordion\"><details><summary class=\"gb-accordion-title\">How many members does Fj\u00e4rdhundraland have?<\/summary><div class=\"gb-accordion-text\">\n<p>In December 2023, the association has just over <a href=\"https:\/\/www.fjardhundraland.se\/en\/about-fjardhundraland\/members\/\">170 members<\/a>.<\/p>\n<\/div><\/details><\/div>\n\n\n\n<div class=\"wp-block-genesis-blocks-gb-accordion gb-block-accordion\"><details><summary class=\"gb-accordion-title\">How do you work?<\/summary><div class=\"gb-accordion-text\">\n<p>We work from two directions:<\/p>\n\n\n\n<p><strong>We work for you who visit us<\/strong>. We want to make it easy and enjoyable for you who visit us. That&#039;s why we ignore old borders and boring stuff like municipalities and counties and focus on making the destination as complete as possible for you as a visitor. We do this by seeing ourselves from the visitors&#039; point of view and creating strong networks. We visit each other, keep curious about how others work and are open to changes in the outside world. This way we can meet you who come and greet.<\/p>\n\n\n\n<p><strong>We are working to develop the area<\/strong>. Fj\u00e4rdhundraland Country is an economic association owned and run by its members, whose own driving forces are the foundation. These are people with a strong will to do their thing - entrepreneurs, nerds, hometown researchers, artists. We want to create a climate where a variety of strong wills create an interesting whole. The Association&#039;s fuel is all the competence and drive that exists with the individual members. By encouraging new collaborations, we create a destination that is larger than the sum of the parts. <\/p>\n<\/div><\/details><\/div>\n\n\n\n<div class=\"wp-block-genesis-blocks-gb-accordion gb-block-accordion\"><details><summary class=\"gb-accordion-title\">How is Fj\u00e4rdhundraland financed?<\/summary><div class=\"gb-accordion-text\">\n<p>Our basic business is funded by membership fees, service fees and participant fees at our events. In addition, we work with a lot of volunteers, because it is fun and gives a lot back! In this way, we manage to run our events and a running economic association that gives value to our members. <\/p>\n\n\n\n<p>When we find calls for projects hat suit us, we apply, and can thus finance development in addition to what we can manage on our own. By working for a limited time focused on an area, with paid project management, we can take further steps in our development.<\/p>\n<\/div><\/details><\/div>\n\n\n\n<div class=\"wp-block-genesis-blocks-gb-accordion gb-block-accordion\"><details><summary class=\"gb-accordion-title\">Who can join?<\/summary><div class=\"gb-accordion-text\">\n<p>According to the statutes, the purpose of the association is to work with rural development, for example by running projects, having joint marketing and increasing collaboration between members. The focus is on tourism and small-scale rural enterprise, as well as compatible business. \u201d<\/p>\n\n\n\n<p>You who have a business that develops the countryside by turning to visitors are warmly welcomed as a member. Our principle is to be open to different types of business. Those who are actively seeking collaborations in the association will benefit most from membership, especially if you are targeting target groups interested in small-scale quality, local production and local development.<\/p>\n\n\n\n<p>Here you can read more <a href=\"https:\/\/www.fjardhundraland.se\/en\/2016\/03\/kom-med\/\">about becoming a member<\/a>.<\/p>\n<\/div><\/details><\/div>\n\n\n\n<div class=\"wp-block-genesis-blocks-gb-accordion gb-block-accordion\"><details><summary class=\"gb-accordion-title\">Can you help me with my new business?<\/summary><div class=\"gb-accordion-text\">\n<h3 class=\"wp-block-heading\">Support for a living countryside<\/h3>\n\n\n\n<p>We want to promote a vibrant rural area. That is why we are happy to help you if you want to start a new business that caters to visitors. It is mainly about getting in touch with other members who have made a similar journey as you have before you. When you start, we help you reach out by sharing your posts in social media and taking you to our well-visited web. Send an email to <a href=\"mailto:mats@fjardhundraland.se\">mats@fjardhundraland.se<\/a> or call 0701-73 93 99 and we will talk further.<\/p>\n<\/div><\/details><\/div>\n\n\n\n<div class=\"wp-block-genesis-blocks-gb-accordion gb-block-accordion\"><details><summary class=\"gb-accordion-title\">How do you work with sustainability?<\/summary><div class=\"gb-accordion-text\">\n<h3 class=\"wp-block-heading\"><strong>Social sustainability<\/strong> <\/h3>\n\n\n\n<p>One of the cornerstones of the association is to provide a context for the person who starts a new business, and a platform for those who need to find customers. We associate small businesses with the non-profit and create a climate where there are opportunities to do their thing in a permissive and open context.<\/p>\n\n\n\n<p>We also work for quality, small-scale tourism that grows organically. The goal is for visitors to come with a strong interest in what we can offer, so that our companies and attractions have access to target groups that pay enough for a good supply. In this way, we achieve sustainable growth in tourism and avoid the backs of mass tourism.<\/p>\n\n\n\n<h3 class=\"wp-block-heading\"><strong>Environmental sustainability<\/strong><\/h3>\n\n\n\n<p>Reduced commuting is one of the effects of the growing small business in the area. However, car dependency is great - even for customers who want to visit us. That&#039;s why we invest in cycling, with carrot in the form of a discount, bike paths and information. <\/p>\n\n\n\n<p>We have supported our members with information on what opportunities to improve are available, for example. Climate stride. We encourage our members to sell via REKO to improve logistics. We have started a venture to work with nature&#039;s places, and there create understanding and knowledge of issues such as climate and biodiversity.<\/p>\n\n\n\n<p>Our socially sustainable, qualitative, small-scale tourism is also environmentally more sustainable, because it does not focus on quantity, but quality.<\/p>\n\n\n\n<h3 class=\"wp-block-heading\"><strong>Economic sustainability<\/strong><\/h3>\n\n\n\n<p>We measure the economic development of the association in an annual survey, and see a very positive development, with 2018 employing an estimated 100 full-time jobs and a turnover of up to SEK 100 million. <\/p>\n\n\n\n<p>But, not least, it is much easier to start a new business in the area now than it was when our first project started in 2009. Now there is an infrastructure that makes it much easier to reach the specially interested customers who want to pay what is needed so that you can live on your qualitative, small-scale business. By cooperating, we also shop locally, and gain a stronger local economy throughout the area.<\/p>\n<\/div><\/details><\/div>\n\n\n\n<div class=\"wp-block-genesis-blocks-gb-accordion gb-block-accordion\"><details><summary class=\"gb-accordion-title\">Can we come for a study visit or can you come to us?<\/summary><div class=\"gb-accordion-text\">\n<p>We gladly receive visits, and tell you about our trip and how we work. A common arrangement is that we visit one or two members, listen to their history, eat something good and then talk about the Fj\u00e4rdhundraland for an hour - with an inspiring lecture on the lessons we have learned during ten years with and without projects. <a href=\"https:\/\/www.fjardhundraland.se\/en\/about-fjardhundraland\/plug\/\">Get in touch if you want to know more<\/a>!<\/p>\n\n\n\n<p>Do you want a lecture or workshop with you? Mats Thorburn regularly gives appreciated lectures on rural development, marketing and sustainable projects, based on the lessons learned from Fj\u00e4rdhundraland. The lectures are adapted to your conditions and wishes. <a href=\"https:\/\/www.fjardhundraland.se\/en\/about-fjardhundraland\/plug\/\">Keep in touch<\/a>!<\/p>\n<\/div><\/details><\/div>","protected":false},"excerpt":{"rendered":"","protected":false},"author":1,"featured_media":0,"parent":1515,"menu_order":39,"comment_status":"closed","ping_status":"closed","template":"","meta":{"_acf_changed":false,"_relevanssi_hide_post":"","_relevanssi_hide_content":"","_relevanssi_pin_for_all":"","_relevanssi_pin_keywords":"","_relevanssi_unpin_keywords":"","_relevanssi_related_keywords":"","_relevanssi_related_include_ids":"","_relevanssi_related_exclude_ids":"","_relevanssi_related_no_append":"","_relevanssi_related_not_related":"","_relevanssi_related_posts":"12584,3563,3905,4379,218,2490","_relevanssi_noindex_reason":"","_genesis_hide_title":false,"_genesis_hide_breadcrumbs":false,"_genesis_hide_singular_image":false,"_genesis_hide_footer_widgets":false,"_genesis_custom_body_class":"","_genesis_custom_post_class":"","_genesis_layout":"","footnotes":""},"categories":[],"tags":[],"class_list":{"0":"post-6016","1":"page","2":"type-page","3":"status-publish","5":"entry"},"acf":[],"visa":null,"geo_latitude":null,"geo_longitude":null,"featured_image_src":null,"featured_image_src_square":null,"jetpack-related-posts":[{"id":1515,"url":"https:\/\/www.fjardhundraland.se\/en\/om-fjardhundraland\/","url_meta":{"origin":6016,"position":0},"title":"About Fj\u00e4rdhundraland","author":"Mats Thorburn","date":"8 January 2014","format":false,"excerpt":"In Fj\u00e4rdhundraland we gather good experiences in a living countryside with history, nature experiences and budding small businesses: cafes, accommodation, farm shops and much more! Lots of food crafts, nature, culture - all within an hour from Stockholm, Uppsala and V\u00e4ster\u00e5s. The name Fj\u00e4rdhundraland comes from the medieval folk country Fj\u00e4drundaland. Today's Fj\u00e4rdhundraland has no borders. The goal is to create a large area of...","rel":"","context":"Similar post","block_context":{"text":"Similar post","link":""},"img":{"alt_text":"","src":"","width":0,"height":0},"classes":[]},{"id":13123,"url":"https:\/\/www.fjardhundraland.se\/en\/om-fjardhundraland\/gruppresor-till-fjardhundraland\/","url_meta":{"origin":6016,"position":1},"title":"Group trips to Fj\u00e4rdhundraland","author":"Mats Thorburn","date":"19 June 2023","format":false,"excerpt":"Want to come to Fj\u00e4rdhundraland with a bus group? We are listed in the Region Uppsala group travel catalog. Read it here. Garden tourism Enk\u00f6ping organizes tailor-made group tours in Fj\u00e4rdhundraland. H\u00f6gbergs buss are members of Fj\u00e4rdhundraland and can help you with your group trip. Contact us if you have any questions about your trip!","rel":"","context":"Similar post","block_context":{"text":"Similar post","link":""},"img":{"alt_text":"","src":"","width":0,"height":0},"classes":[]},{"id":1903,"url":"https:\/\/www.fjardhundraland.se\/en\/om-fjardhundraland\/fjardhundraland-ekonomisk-forening\/","url_meta":{"origin":6016,"position":2},"title":"Fj\u00e4rdhundraland economic association","author":"Mats Thorburn","date":"2 March 2014","format":false,"excerpt":"Fj\u00e4rdhundraland is being developed within the Fj\u00e4rdhundraland economic association, which was formed in 2011. The association works to develop the tourism industry and create new partnerships. All work aims to give our visitors a better experience.  Would you like to know more about Fj\u00e4rdhundraland Economic Association? Read the Frequently Asked Questions here. Fj\u00e4rdhundraland has its origins in the LEADER project Tourism in Fj\u00e4rdhundrabygden, which was...","rel":"","context":"Similar post","block_context":{"text":"Similar post","link":""},"img":{"alt_text":"","src":"","width":0,"height":0},"classes":[]},{"id":18106,"url":"https:\/\/www.fjardhundraland.se\/en\/magasin-fjardhundraland\/","url_meta":{"origin":6016,"position":3},"title":"Magazine Fj\u00e4rdhundraland","author":"Mats Thorburn","date":"3 May 2025","format":false,"excerpt":"Fj\u00e4rdhundraland magazine and map This year's magazine is now available, along with an updated paper map. The Fj\u00e4rdhundraland magazine tells the stories of the people who run businesses in the area, and their destinations. Each issue usually contains articles on food, coffee, gardening, crafts, culture and history. Along with the magazine, we have created a map, where you...","rel":"","context":"Similar post","block_context":{"text":"Similar post","link":""},"img":{"alt_text":"","src":"https:\/\/i0.wp.com\/www.fjardhundraland.se\/wp-content\/uploads\/2025\/05\/magasin-2025-framsida.jpg?resize=350%2C200&ssl=1","width":350,"height":200,"srcset":"https:\/\/i0.wp.com\/www.fjardhundraland.se\/wp-content\/uploads\/2025\/05\/magasin-2025-framsida.jpg?resize=350%2C200&ssl=1 1x, https:\/\/i0.wp.com\/www.fjardhundraland.se\/wp-content\/uploads\/2025\/05\/magasin-2025-framsida.jpg?resize=525%2C300&ssl=1 1.5x, https:\/\/i0.wp.com\/www.fjardhundraland.se\/wp-content\/uploads\/2025\/05\/magasin-2025-framsida.jpg?resize=700%2C400&ssl=1 2x, https:\/\/i0.wp.com\/www.fjardhundraland.se\/wp-content\/uploads\/2025\/05\/magasin-2025-framsida.jpg?resize=1050%2C600&ssl=1 3x, https:\/\/i0.wp.com\/www.fjardhundraland.se\/wp-content\/uploads\/2025\/05\/magasin-2025-framsida.jpg?resize=1400%2C800&ssl=1 4x"},"classes":[]},{"id":12897,"url":"https:\/\/www.fjardhundraland.se\/en\/om-fjardhundraland\/boka-studiebesok\/","url_meta":{"origin":6016,"position":4},"title":"Book a study visit","author":"Mats Thorburn","date":"1 June 2023","format":false,"excerpt":"Do you want to get an insight into how Fj\u00e4rdhundraland works, how we built the destination and how members use the network? Then a study visit is a great way to do it. You will hear the story of Fj\u00e4rdhundraland, but you will also meet the individual members, who will share their experiences and motivations. A study tour of Fj\u00e4rdhundraland provides new...","rel":"","context":"Similar post","block_context":{"text":"Similar post","link":""},"img":{"alt_text":"Studiebes\u00f6k Fj\u00e4rdhundraland jhos Axel & Gren","src":"https:\/\/i0.wp.com\/www.fjardhundraland.se\/wp-content\/uploads\/2023\/06\/studiebesok-fjardhundraland-axel-gren.jpg?resize=350%2C200&ssl=1","width":350,"height":200,"srcset":"https:\/\/i0.wp.com\/www.fjardhundraland.se\/wp-content\/uploads\/2023\/06\/studiebesok-fjardhundraland-axel-gren.jpg?resize=350%2C200&ssl=1 1x, https:\/\/i0.wp.com\/www.fjardhundraland.se\/wp-content\/uploads\/2023\/06\/studiebesok-fjardhundraland-axel-gren.jpg?resize=525%2C300&ssl=1 1.5x, https:\/\/i0.wp.com\/www.fjardhundraland.se\/wp-content\/uploads\/2023\/06\/studiebesok-fjardhundraland-axel-gren.jpg?resize=700%2C400&ssl=1 2x, https:\/\/i0.wp.com\/www.fjardhundraland.se\/wp-content\/uploads\/2023\/06\/studiebesok-fjardhundraland-axel-gren.jpg?resize=1050%2C600&ssl=1 3x, https:\/\/i0.wp.com\/www.fjardhundraland.se\/wp-content\/uploads\/2023\/06\/studiebesok-fjardhundraland-axel-gren.jpg?resize=1400%2C800&ssl=1 4x"},"classes":[]},{"id":1800,"url":"https:\/\/www.fjardhundraland.se\/en\/om-fjardhundraland\/uttrade\/","url_meta":{"origin":6016,"position":5},"title":"Exit","author":"Ylva Fontell","date":"28 February 2014","format":false,"excerpt":"If you want to terminate your membership in Fj\u00e4rdhundraland ek. association, please fill in this form: Withdrawal form NOTE! This only applies to full members. If you want to stop being a supporting member, send a message to inga@fjardhundraland.se","rel":"","context":"Similar post","block_context":{"text":"Similar post","link":""},"img":{"alt_text":"","src":"","width":0,"height":0},"classes":[]}],"jetpack_sharing_enabled":true,"_links":{"self":[{"href":"https:\/\/www.fjardhundraland.se\/en\/wp-json\/wp\/v2\/pages\/6016","targetHints":{"allow":["GET"]}}],"collection":[{"href":"https:\/\/www.fjardhundraland.se\/en\/wp-json\/wp\/v2\/pages"}],"about":[{"href":"https:\/\/www.fjardhundraland.se\/en\/wp-json\/wp\/v2\/types\/page"}],"author":[{"embeddable":true,"href":"https:\/\/www.fjardhundraland.se\/en\/wp-json\/wp\/v2\/users\/1"}],"replies":[{"embeddable":true,"href":"https:\/\/www.fjardhundraland.se\/en\/wp-json\/wp\/v2\/comments?post=6016"}],"version-history":[{"count":1,"href":"https:\/\/www.fjardhundraland.se\/en\/wp-json\/wp\/v2\/pages\/6016\/revisions"}],"predecessor-version":[{"id":16550,"href":"https:\/\/www.fjardhundraland.se\/en\/wp-json\/wp\/v2\/pages\/6016\/revisions\/16550"}],"up":[{"embeddable":true,"href":"https:\/\/www.fjardhundraland.se\/en\/wp-json\/wp\/v2\/pages\/1515"}],"wp:attachment":[{"href":"https:\/\/www.fjardhundraland.se\/en\/wp-json\/wp\/v2\/media?parent=6016"}],"wp:term":[{"taxonomy":"category","embeddable":true,"href":"https:\/\/www.fjardhundraland.se\/en\/wp-json\/wp\/v2\/categories?post=6016"},{"taxonomy":"post_tag","embeddable":true,"href":"https:\/\/www.fjardhundraland.se\/en\/wp-json\/wp\/v2\/tags?post=6016"}],"curies":[{"name":"wp","href":"https:\/\/api.w.org\/{rel}","templated":true}]}}