
{"id":5242,"date":"2018-06-29T09:33:22","date_gmt":"2018-06-29T07:33:22","guid":{"rendered":"http:\/\/www.fjardhundraland.se\/?page_id=5242"},"modified":"2020-08-13T23:16:06","modified_gmt":"2020-08-13T21:16:06","slug":"fjardhundralandsleden","status":"publish","type":"page","link":"https:\/\/www.fjardhundraland.se\/en\/cykla\/fjardhundralandsleden\/","title":{"rendered":"Fj\u00e4rdhundraland Trail"},"content":{"rendered":"<p><strong>The Fj\u00e4rdhundraland trail is our cycle route<\/strong> through the core of our area. The first stage, at 38 km, goes between Fj\u00e4rdhundra and \u00d6rsundsbro, on nice roads with good opportunities for breaks for coffee break, detours or a dip. You also have close proximity to several other destinations in Fj\u00e4rdhundraland, so that you can use the trail as a base for your own route.<\/p>\n<p>The trail is mostly on asphalt, but also has a few kilometers on lightly cycled dirt road. If you want 100% asphalt there is one <a href=\"https:\/\/bit.ly\/fjh-asfalt\" target=\"_blank\" rel=\"noopener\">alternative route here<\/a>.<\/p>\n<h2>Nine audio guide sites<\/h2>\n<p>In nine places along the trail, the story is told in the app <a href=\"https:\/\/www.fjardhundraland.se\/en\/2019\/03\/storyspot-guides-in-fjardhundraland\/\">Storyspot<\/a>. <a href=\"https:\/\/www.storyspot.io\/\" target=\"_blank\" rel=\"noopener noreferrer\">Download and listen<\/a>!<\/p>\n<h2>A bike route near Uppsala, Stockholm, Sala and V\u00e4ster\u00e5s<\/h2>\n<p>The trail starts and ends at a bus stop. <a href=\"https:\/\/www.ul.se\/reseinfo\/resa-med-oss\/vad-galler-ombord\/\" target=\"_blank\" rel=\"noopener\">You can bring your bike on board<\/a> on the buses subject to location - bus 804 to \u00d6rsundsbro and 225 to Fj\u00e4rdhundra.<\/p>\n<p><strong>From Uppsala\u00a0<\/strong>you can cycle &quot;C55&quot; on the old embankment <strong> to \u00d6rsundsbro\u00a0<\/strong>or choose your own road in the countryside east of road 55, for example via Wik&#039;s castle.<\/p>\n<p><strong>From V\u00e4ster\u00e5s<\/strong> you can take the road via Tortuna towards K\u00e4rsta \/ Bred and follow the signs towards Fj\u00e4rdhundra just after Sag\u00e5n.<\/p>\n<p><strong>From Stockholm<\/strong> you can take <a href=\"https:\/\/sl.se\/sv\/info\/resa\/regler\/cykel\/\" target=\"_blank\" rel=\"noopener noreferrer\">the bike on the commuter train<\/a> towards B\u00e5lsta and take <a href=\"https:\/\/www.google.se\/maps\/dir\/B%C3%A5lsta+station,+746+33+B%C3%A5lsta\/%C3%96rsundsbro+centrum,+%C3%96rsundsbro\/@59.6514317,17.2782124,11z\/data=!3m1!4b1!4m14!4m13!1m5!1m1!1s0x465fae3566714395:0xff2d5f6bb3642209!2m2!1d17.531016!2d59.5692486!1m5!1m1!1s0x465e4b9bb209a301:0xc0f995bc743d6015!2m2!1d17.3077897!2d59.7338649!3e1\" target=\"_blank\" rel=\"noopener noreferrer\">the small roads via Hj\u00e4lsta to \u00d6rsundsbro<\/a> 25 km. If you want a longer ride there are nice roads from Kungs\u00e4ngen.<\/p>\n<h2>Find the right one<\/h2>\n<p>Here is the trail on <a href=\"https:\/\/drive.google.com\/open?id=1CxRdRV4IPx4dBWTHZIWCFXfTdDA0y4Hy&amp;usp=sharing\" target=\"_blank\" rel=\"noopener noreferrer\">Google Maps.<\/a>\u00a0Download <a href=\"https:\/\/www.fjardhundraland.se\/wp-content\/uploads\/2018\/07\/Fjardhundralandsleden.pdf\">and PDF<\/a>. The trail is not marked with signs.<\/p>\n<p><iframe style=\"border: 1px #d5d5d5 solid; min-height: 300px;\" src=\"https:\/\/embed.alpacamaps.com\/journey\/d1cfbc4d-6898-11e8-a4a7-024bc0398b11\/default\" width=\"100%\" height=\"850\" allowfullscreen=\"allowfullscreen\"><\/iframe><\/p>\n<p><em>The work with the trail and Storyspot has been partly financed through a support from Leader M\u00e4lardalen.<\/em><\/p>\n<p><img decoding=\"async\" data-attachment-id=\"5257\" data-permalink=\"https:\/\/www.fjardhundraland.se\/en\/cykla\/fjardhundralandsleden\/attachment\/logo-leader_malardalen\/\" data-orig-file=\"https:\/\/www.fjardhundraland.se\/wp-content\/uploads\/2018\/06\/logo-leader_malardalen.jpg\" data-orig-size=\"2330,696\" data-comments-opened=\"0\" data-image-meta=\"{&quot;aperture&quot;:&quot;0&quot;,&quot;credit&quot;:&quot;&quot;,&quot;camera&quot;:&quot;&quot;,&quot;caption&quot;:&quot;&quot;,&quot;created_timestamp&quot;:&quot;0&quot;,&quot;copyright&quot;:&quot;&quot;,&quot;focal_length&quot;:&quot;0&quot;,&quot;iso&quot;:&quot;0&quot;,&quot;shutter_speed&quot;:&quot;0&quot;,&quot;title&quot;:&quot;&quot;,&quot;orientation&quot;:&quot;0&quot;}\" data-image-title=\"Logo LEADER_MALARDALEN\" data-image-description=\"\" data-image-caption=\"\" data-large-file=\"https:\/\/www.fjardhundraland.se\/wp-content\/uploads\/2018\/06\/logo-leader_malardalen.jpg\" class=\"alignnone size-medium wp-image-5257\" src=\"https:\/\/www.fjardhundraland.se\/wp-content\/uploads\/2018\/06\/logo-leader_malardalen-300x90.jpg\" alt=\"\" width=\"300\" height=\"90\" title=\"\"> <img decoding=\"async\" data-attachment-id=\"5258\" data-permalink=\"https:\/\/www.fjardhundraland.se\/en\/cykla\/fjardhundralandsleden\/attachment\/eu-flagga\/\" data-orig-file=\"https:\/\/www.fjardhundraland.se\/wp-content\/uploads\/2018\/06\/eu-flagga.jpg\" data-orig-size=\"278,271\" data-comments-opened=\"0\" data-image-meta=\"{&quot;aperture&quot;:&quot;0&quot;,&quot;credit&quot;:&quot;&quot;,&quot;camera&quot;:&quot;&quot;,&quot;caption&quot;:&quot;&quot;,&quot;created_timestamp&quot;:&quot;0&quot;,&quot;copyright&quot;:&quot;&quot;,&quot;focal_length&quot;:&quot;0&quot;,&quot;iso&quot;:&quot;0&quot;,&quot;shutter_speed&quot;:&quot;0&quot;,&quot;title&quot;:&quot;&quot;,&quot;orientation&quot;:&quot;0&quot;}\" data-image-title=\"EU-flagga\" data-image-description=\"\" data-image-caption=\"\" data-large-file=\"https:\/\/www.fjardhundraland.se\/wp-content\/uploads\/2018\/06\/eu-flagga.jpg\" class=\"alignnone size-thumbnail wp-image-5258\" src=\"https:\/\/www.fjardhundraland.se\/wp-content\/uploads\/2018\/06\/eu-flagga-150x150.jpg\" alt=\"\" width=\"150\" height=\"150\" title=\"\"> <img decoding=\"async\" data-attachment-id=\"5259\" data-permalink=\"https:\/\/www.fjardhundraland.se\/en\/cykla\/fjardhundralandsleden\/attachment\/leader\/\" data-orig-file=\"https:\/\/www.fjardhundraland.se\/wp-content\/uploads\/2018\/06\/leader.jpg\" data-orig-size=\"763,764\" data-comments-opened=\"0\" data-image-meta=\"{&quot;aperture&quot;:&quot;0&quot;,&quot;credit&quot;:&quot;&quot;,&quot;camera&quot;:&quot;&quot;,&quot;caption&quot;:&quot;&quot;,&quot;created_timestamp&quot;:&quot;0&quot;,&quot;copyright&quot;:&quot;&quot;,&quot;focal_length&quot;:&quot;0&quot;,&quot;iso&quot;:&quot;0&quot;,&quot;shutter_speed&quot;:&quot;0&quot;,&quot;title&quot;:&quot;&quot;,&quot;orientation&quot;:&quot;0&quot;}\" data-image-title=\"Leader\" data-image-description=\"\" data-image-caption=\"\" data-large-file=\"https:\/\/www.fjardhundraland.se\/wp-content\/uploads\/2018\/06\/leader.jpg\" class=\"alignnone size-thumbnail wp-image-5259\" src=\"https:\/\/www.fjardhundraland.se\/wp-content\/uploads\/2018\/06\/leader-150x150.jpg\" alt=\"\" width=\"150\" height=\"150\" title=\"\"><\/p>","protected":false},"excerpt":{"rendered":"<p>Fj\u00e4rdhundralandsleden \u00e4r v\u00e5r cykelrutt genom k\u00e4rnan av v\u00e5rt omr\u00e5de. Den f\u00f6rsta etappen, p\u00e5 38 km, g\u00e5r mellan Fj\u00e4rdhundra och \u00d6rsundsbro, p\u00e5 fina v\u00e4gar med goda m\u00f6jligheter till pauser f\u00f6r fika, avstickare eller ett dopp. Du har dessutom n\u00e4ra till flera andra bes\u00f6ksm\u00e5l i Fj\u00e4rdhundraland, s\u00e5 att du kan anv\u00e4nda leden som en bas f\u00f6r din [&hellip;]<\/p>\n","protected":false},"author":1,"featured_media":5238,"parent":5231,"menu_order":8,"comment_status":"closed","ping_status":"closed","template":"","meta":{"_acf_changed":false,"_relevanssi_hide_post":"","_relevanssi_hide_content":"","_relevanssi_pin_for_all":"","_relevanssi_pin_keywords":"","_relevanssi_unpin_keywords":"","_relevanssi_related_keywords":"","_relevanssi_related_include_ids":"","_relevanssi_related_exclude_ids":"","_relevanssi_related_no_append":"","_relevanssi_related_not_related":"","_relevanssi_related_posts":"5638,18099,16006,13215,14540,19177","_relevanssi_noindex_reason":"","_genesis_hide_title":false,"_genesis_hide_breadcrumbs":false,"_genesis_hide_singular_image":false,"_genesis_hide_footer_widgets":false,"_genesis_custom_body_class":"","_genesis_custom_post_class":"","_genesis_layout":"","footnotes":""},"categories":[263,290,25,87],"tags":[],"class_list":{"0":"post-5242","1":"page","2":"type-page","3":"status-publish","4":"has-post-thumbnail","6":"category-cykling","7":"category-hemester","8":"category-upplevelser","9":"category-utflykt","10":"entry"},"acf":[],"visa":null,"geo_latitude":null,"geo_longitude":null,"featured_image_src":"https:\/\/www.fjardhundraland.se\/wp-content\/uploads\/2018\/06\/cykling.jpg","featured_image_src_square":"https:\/\/www.fjardhundraland.se\/wp-content\/uploads\/2018\/06\/cykling.jpg","jetpack-related-posts":[{"id":5231,"url":"https:\/\/www.fjardhundraland.se\/en\/cykla\/","url_meta":{"origin":5242,"position":0},"title":"Cycling in the countryside near nature and culture","author":"Mats Thorburn","date":"28 June 2018","format":false,"excerpt":"Cycling small roads near Stockholm, Uppsala and V\u00e4ster\u00e5s Views, cafes, good food, sights - but above all all these winding small roads through a beautiful agricultural landscape, accompanied by birdsong and the wings of history! Fj\u00e4rdhundraland welcomes you as a cyclist. Small roads are everywhere, and that's no coincidence. People in ancient and medieval times traveled on foot and...","rel":"","context":"In &quot;Cykling&quot;","block_context":{"text":"Cykling","link":"https:\/\/www.fjardhundraland.se\/en\/cykling\/"},"img":{"alt_text":"Cyklar parkerade framf\u00f6r Nys\u00e4tra kyrka","src":"https:\/\/i0.wp.com\/www.fjardhundraland.se\/wp-content\/uploads\/2018\/06\/cykling.jpg?resize=350%2C200&ssl=1","width":350,"height":200,"srcset":"https:\/\/i0.wp.com\/www.fjardhundraland.se\/wp-content\/uploads\/2018\/06\/cykling.jpg?resize=350%2C200&ssl=1 1x, https:\/\/i0.wp.com\/www.fjardhundraland.se\/wp-content\/uploads\/2018\/06\/cykling.jpg?resize=525%2C300&ssl=1 1.5x, https:\/\/i0.wp.com\/www.fjardhundraland.se\/wp-content\/uploads\/2018\/06\/cykling.jpg?resize=700%2C400&ssl=1 2x, https:\/\/i0.wp.com\/www.fjardhundraland.se\/wp-content\/uploads\/2018\/06\/cykling.jpg?resize=1050%2C600&ssl=1 3x, https:\/\/i0.wp.com\/www.fjardhundraland.se\/wp-content\/uploads\/2018\/06\/cykling.jpg?resize=1400%2C800&ssl=1 4x"},"classes":[]},{"id":4537,"url":"https:\/\/www.fjardhundraland.se\/en\/evenemang\/rebusrundan10\/sala-hebyrundan-med-13-stopp\/","url_meta":{"origin":5242,"position":1},"title":"Sala \u2013 Hebyrundan with 13 stops","author":"Ylva Fontell","date":"25 July 2017","format":false,"excerpt":"This is a route suggestion for Rebusrundan that is suitable for those who come from Sala or Heby. The route stretches through Fj\u00e4rdhundraland's agricultural landscape mixed with forest and beautiful valleys. Many great nature experiences await you! Several stops have a lot of history to tell about rune stones, soldier villages and old village schools. In several places there are ecological...","rel":"","context":"Similar post","block_context":{"text":"Similar post","link":""},"img":{"alt_text":"","src":"","width":0,"height":0},"classes":[]},{"id":4530,"url":"https:\/\/www.fjardhundraland.se\/en\/evenemang\/rebusrundan10\/uppsalarundan-med-12-stopp\/","url_meta":{"origin":5242,"position":2},"title":"Uppsala roundabout with 12 stops","author":"Ylva Fontell","date":"25 July 2017","format":false,"excerpt":"This is a route suggestion for the Rebus round suitable for those coming from Uppsala. The route stretches through Fj\u00e4rdhundraland's agricultural landscape mixed with forest and beautiful valleys. Many great nature experiences await you! You will find food crafts in various forms such as cheeses, jams, charcuterie and pastries. You can also buy eggs, flowers and garden plants ....","rel":"","context":"Similar post","block_context":{"text":"Similar post","link":""},"img":{"alt_text":"","src":"","width":0,"height":0},"classes":[]},{"id":4539,"url":"https:\/\/www.fjardhundraland.se\/en\/evenemang\/rebusrundan10\/balsta-stockholmsrundan-med-11-stopp\/","url_meta":{"origin":5242,"position":3},"title":"B\u00e5lsta \u2013 Stockholm round with 11 stops","author":"Ylva Fontell","date":"25 July 2017","format":false,"excerpt":"This is a route suggestion for Rebusrundan that is suitable for those coming from Stockholm. The route stretches through Fj\u00e4rdhundraland's agricultural landscape mixed with forest and beautiful valleys. Many great nature experiences await you! Several stops with organic food crafts, such as cheeses, jams, charcuterie, apple juice and pastries. You can also buy eggs, flowers and garden plants ....","rel":"","context":"Similar post","block_context":{"text":"Similar post","link":""},"img":{"alt_text":"","src":"","width":0,"height":0},"classes":[]},{"id":4533,"url":"https:\/\/www.fjardhundraland.se\/en\/evenemang\/rebusrundan10\/vasterasrundan-med-12-stopp\/","url_meta":{"origin":5242,"position":4},"title":"V\u00e4ster\u00e5srundan with 12 stops","author":"Ylva Fontell","date":"25 July 2017","format":false,"excerpt":"This is a route suggestion for Rebusrundan that is suitable for those coming from V\u00e4ster\u00e5s. The route stretches through Fj\u00e4rdhundraland's agricultural landscape mixed with forest and beautiful valleys. Many great nature experiences await you! A round with everything from interior design to old cars!  Food crafts in various forms such as calf dance and chocolate. Sale of...","rel":"","context":"Similar post","block_context":{"text":"Similar post","link":""},"img":{"alt_text":"","src":"","width":0,"height":0},"classes":[]},{"id":1489,"url":"https:\/\/www.fjardhundraland.se\/en\/lokal-mat-och-akta-kansla-nara-storstan\/","url_meta":{"origin":5242,"position":5},"title":"Fj\u00e4rdhundralandThe country near the big city","author":"Mats Thorburn","date":"30 December 2013","format":false,"excerpt":"Want to get close to nature? Meet the people who grew your food? In Fj\u00e4rdhundraland, winding country lanes lead you between caf\u00e9s and farm shops, while rune stones and medieval churches line the way. Take a break from everyday life and experience the land near you. You won't find this much fantastic food crafts, nature experiences and exciting history anywhere else...","rel":"","context":"Similar post","block_context":{"text":"Similar post","link":""},"img":{"alt_text":"","src":"","width":0,"height":0},"classes":[]}],"jetpack_sharing_enabled":true,"_links":{"self":[{"href":"https:\/\/www.fjardhundraland.se\/en\/wp-json\/wp\/v2\/pages\/5242","targetHints":{"allow":["GET"]}}],"collection":[{"href":"https:\/\/www.fjardhundraland.se\/en\/wp-json\/wp\/v2\/pages"}],"about":[{"href":"https:\/\/www.fjardhundraland.se\/en\/wp-json\/wp\/v2\/types\/page"}],"author":[{"embeddable":true,"href":"https:\/\/www.fjardhundraland.se\/en\/wp-json\/wp\/v2\/users\/1"}],"replies":[{"embeddable":true,"href":"https:\/\/www.fjardhundraland.se\/en\/wp-json\/wp\/v2\/comments?post=5242"}],"version-history":[{"count":0,"href":"https:\/\/www.fjardhundraland.se\/en\/wp-json\/wp\/v2\/pages\/5242\/revisions"}],"up":[{"embeddable":true,"href":"https:\/\/www.fjardhundraland.se\/en\/wp-json\/wp\/v2\/pages\/5231"}],"wp:featuredmedia":[{"embeddable":true,"href":"https:\/\/www.fjardhundraland.se\/en\/wp-json\/wp\/v2\/media\/5238"}],"wp:attachment":[{"href":"https:\/\/www.fjardhundraland.se\/en\/wp-json\/wp\/v2\/media?parent=5242"}],"wp:term":[{"taxonomy":"category","embeddable":true,"href":"https:\/\/www.fjardhundraland.se\/en\/wp-json\/wp\/v2\/categories?post=5242"},{"taxonomy":"post_tag","embeddable":true,"href":"https:\/\/www.fjardhundraland.se\/en\/wp-json\/wp\/v2\/tags?post=5242"}],"curies":[{"name":"wp","href":"https:\/\/api.w.org\/{rel}","templated":true}]}}