
{"id":5231,"date":"2018-06-28T17:11:59","date_gmt":"2018-06-28T15:11:59","guid":{"rendered":"http:\/\/www.fjardhundraland.se\/?page_id=5231"},"modified":"2023-04-28T15:31:04","modified_gmt":"2023-04-28T13:31:04","slug":"cycling-and-swedish-fika","status":"publish","type":"page","link":"https:\/\/www.fjardhundraland.se\/en\/cycling-and-swedish-fika\/","title":{"rendered":"Cycling in the countryside near nature and culture"},"content":{"rendered":"<h2>Cycling small roads near Stockholm, Uppsala and V\u00e4ster\u00e5s<\/h2>\n<p><strong>Prospects, cafes, good food, attractions - but above all all these curvy little roads through a beautiful agricultural landscape, accompanied by birdsong and the wing of history! Bay Dogs welcomes you as bicycles.<\/strong><\/p>\n<p>The roads are everywhere, and it&#039;s no coincidence. Ancient and medieval people moved on foot and on horseback on these roads - and they still fit best to enjoy at the right pace. The bike is perfect. The scents are other than in the car and in town. Here you get hay, flowers and cowhide in the bargain.<\/p>\n<h2>Country bike tours<\/h2>\n<p>The combinations are many. You can aim for it <a href=\"https:\/\/www.fjardhundraland.se\/en\/places-2\/eat-2\/cafes\/\">caf\u00e9<\/a> that sounds interesting and find a way with, for example, Google maps. Avoid the biggest roads (70, 72, 55) so chances are good that it will be a nice trip. But even better it will be with a quality-assured finished bike ride or bike trail!<\/p>\n<h3>A new bike path<\/h3>\n<p><a href=\"https:\/\/www.fjardhundraland.se\/en\/cycling-and-swedish-fika\/fjardhundralandsleden\/\">First stage of Fj\u00e4rdhundralandsleden<\/a> is running! It goes between Fj\u00e4rdhundra and \u00d6rsundsbro. <a href=\"https:\/\/www.fjardhundraland.se\/en\/cycling-and-swedish-fika\/fjardhundralandsleden\/\">Read more<\/a>!<\/p>\n<h3>Bay Dogs at Sweden by Bike<\/h3>\n<p>Sweden by Bike is investing in Fj\u00e4rdhundraland with new bike tours in the area. Here you will find <a href=\"https:\/\/swedenbybike.com\/resmal\/enkoping-o-fjardhundraland\/\" target=\"_blank\" rel=\"noopener\">cycling in Fj\u00e4rdhundraland<\/a>!<\/p>","protected":false},"excerpt":{"rendered":"<p>Cykla sm\u00e5v\u00e4gar n\u00e4ra Stockholm, Uppsala och V\u00e4ster\u00e5s Utsikter, kaf\u00e9er, god mat, sev\u00e4rdheter\u00a0\u2013 men framf\u00f6rallt alla dessa kurviga sm\u00e5 v\u00e4gar genom ett vackert jordbrukslandskap, ackompanjerade av f\u00e5gels\u00e5ng och historiens vingslag! Fj\u00e4rdhundraland\u00a0v\u00e4lkomnar dig som cyklar. Sm\u00e5v\u00e4garna finns \u00f6verallt, och det \u00e4r ingen slump. Forntidens och medeltidens m\u00e4nniskor r\u00f6rde sig till fots och till h\u00e4st p\u00e5 de h\u00e4r [&hellip;]<\/p>\n","protected":false},"author":1,"featured_media":5238,"parent":0,"menu_order":7,"comment_status":"closed","ping_status":"closed","template":"","meta":{"_acf_changed":false,"_relevanssi_hide_post":"","_relevanssi_hide_content":"","_relevanssi_pin_for_all":"","_relevanssi_pin_keywords":"","_relevanssi_unpin_keywords":"","_relevanssi_related_keywords":"","_relevanssi_related_include_ids":"","_relevanssi_related_exclude_ids":"","_relevanssi_related_no_append":"","_relevanssi_related_not_related":"","_relevanssi_related_posts":"12584,8656,10783,3619,3905,13560","_relevanssi_noindex_reason":"","_genesis_hide_title":false,"_genesis_hide_breadcrumbs":false,"_genesis_hide_singular_image":false,"_genesis_hide_footer_widgets":false,"_genesis_custom_body_class":"","_genesis_custom_post_class":"","_genesis_layout":"","footnotes":""},"categories":[263,290,280,89,87],"tags":[],"class_list":{"0":"post-5231","1":"page","2":"type-page","3":"status-publish","4":"has-post-thumbnail","6":"category-cykling","7":"category-hemester","8":"category-svensk-landsbygd","9":"category-turistinformation","10":"category-utflykt","11":"entry"},"acf":[],"visa":null,"geo_latitude":null,"geo_longitude":null,"featured_image_src":"https:\/\/www.fjardhundraland.se\/wp-content\/uploads\/2018\/06\/cykling.jpg","featured_image_src_square":"https:\/\/www.fjardhundraland.se\/wp-content\/uploads\/2018\/06\/cykling.jpg","jetpack-related-posts":[{"id":5242,"url":"https:\/\/www.fjardhundraland.se\/en\/cycling-and-swedish-fika\/fjardhundralandsleden\/","url_meta":{"origin":5231,"position":0},"title":"Fj\u00e4rdhundraland Trail","author":"Mats Thorburn","date":"29 June 2018","format":false,"excerpt":"The Fj\u00e4rdhundraland trail is our cycle route through the heart of our area. The first 38 km stage runs between Fj\u00e4rdhundra and \u00d6rsundsbro, on good roads with plenty of opportunities to stop for a coffee, a detour or a swim. You are also close to several other destinations in Fj\u00e4rdhundraland, so you can use the trail...","rel":"","context":"In &quot;Cykling&quot;","block_context":{"text":"Cykling","link":"https:\/\/www.fjardhundraland.se\/en\/cycling\/"},"img":{"alt_text":"Cyklar parkerade framf\u00f6r Nys\u00e4tra kyrka","src":"https:\/\/i0.wp.com\/www.fjardhundraland.se\/wp-content\/uploads\/2018\/06\/cykling.jpg?resize=350%2C200&ssl=1","width":350,"height":200,"srcset":"https:\/\/i0.wp.com\/www.fjardhundraland.se\/wp-content\/uploads\/2018\/06\/cykling.jpg?resize=350%2C200&ssl=1 1x, https:\/\/i0.wp.com\/www.fjardhundraland.se\/wp-content\/uploads\/2018\/06\/cykling.jpg?resize=525%2C300&ssl=1 1.5x, https:\/\/i0.wp.com\/www.fjardhundraland.se\/wp-content\/uploads\/2018\/06\/cykling.jpg?resize=700%2C400&ssl=1 2x, https:\/\/i0.wp.com\/www.fjardhundraland.se\/wp-content\/uploads\/2018\/06\/cykling.jpg?resize=1050%2C600&ssl=1 3x, https:\/\/i0.wp.com\/www.fjardhundraland.se\/wp-content\/uploads\/2018\/06\/cykling.jpg?resize=1400%2C800&ssl=1 4x"},"classes":[]},{"id":13724,"url":"https:\/\/www.fjardhundraland.se\/en\/see-and-do\/","url_meta":{"origin":5231,"position":1},"title":"See and do","author":"Mats Thorburn","date":"29 October 2023","format":false,"excerpt":"Fj\u00e4rdhundraland is a large neighborhood packed with farm shops, crafts, cafes, accommodation and more. Here's the big directory of everything you can do, categorized, with contact details, opening hours and big clear maps. Do The sights can be found here! Runestones, nature experiences, medieval churches, bathing places and everything else that gilds the excursion. Shop...","rel":"","context":"Similar post","block_context":{"text":"Similar post","link":""},"img":{"alt_text":"V\u00e4g och runsten, profilbild Rebusrundan 2022","src":"https:\/\/i0.wp.com\/www.fjardhundraland.se\/wp-content\/uploads\/2022\/08\/vag-o-runsten-ryda-kungsgard-u838-1455818.jpeg?resize=350%2C200&ssl=1","width":350,"height":200,"srcset":"https:\/\/i0.wp.com\/www.fjardhundraland.se\/wp-content\/uploads\/2022\/08\/vag-o-runsten-ryda-kungsgard-u838-1455818.jpeg?resize=350%2C200&ssl=1 1x, https:\/\/i0.wp.com\/www.fjardhundraland.se\/wp-content\/uploads\/2022\/08\/vag-o-runsten-ryda-kungsgard-u838-1455818.jpeg?resize=525%2C300&ssl=1 1.5x, https:\/\/i0.wp.com\/www.fjardhundraland.se\/wp-content\/uploads\/2022\/08\/vag-o-runsten-ryda-kungsgard-u838-1455818.jpeg?resize=700%2C400&ssl=1 2x, https:\/\/i0.wp.com\/www.fjardhundraland.se\/wp-content\/uploads\/2022\/08\/vag-o-runsten-ryda-kungsgard-u838-1455818.jpeg?resize=1050%2C600&ssl=1 3x, https:\/\/i0.wp.com\/www.fjardhundraland.se\/wp-content\/uploads\/2022\/08\/vag-o-runsten-ryda-kungsgard-u838-1455818.jpeg?resize=1400%2C800&ssl=1 4x"},"classes":[]},{"id":13826,"url":"https:\/\/www.fjardhundraland.se\/en\/gor\/","url_meta":{"origin":5231,"position":2},"title":"See &amp; Do","author":"Mats Thorburn","date":"4 November 2023","format":false,"excerpt":"Fj\u00e4rdhundraland is a large neighborhood packed with farm shops, crafts, cafes, accommodation and more. Here's the big directory of everything you can do, categorized, with contact details, opening hours and big clear maps. Do The sights can be found here! Runestones, nature experiences, medieval churches, bathing places and everything else that gilds the excursion. Shop...","rel":"","context":"Similar post","block_context":{"text":"Similar post","link":""},"img":{"alt_text":"V\u00e4g och runsten, profilbild Rebusrundan 2022","src":"https:\/\/i0.wp.com\/www.fjardhundraland.se\/wp-content\/uploads\/2022\/08\/vag-o-runsten-ryda-kungsgard-u838-1455818.jpeg?resize=350%2C200&ssl=1","width":350,"height":200,"srcset":"https:\/\/i0.wp.com\/www.fjardhundraland.se\/wp-content\/uploads\/2022\/08\/vag-o-runsten-ryda-kungsgard-u838-1455818.jpeg?resize=350%2C200&ssl=1 1x, https:\/\/i0.wp.com\/www.fjardhundraland.se\/wp-content\/uploads\/2022\/08\/vag-o-runsten-ryda-kungsgard-u838-1455818.jpeg?resize=525%2C300&ssl=1 1.5x, https:\/\/i0.wp.com\/www.fjardhundraland.se\/wp-content\/uploads\/2022\/08\/vag-o-runsten-ryda-kungsgard-u838-1455818.jpeg?resize=700%2C400&ssl=1 2x, https:\/\/i0.wp.com\/www.fjardhundraland.se\/wp-content\/uploads\/2022\/08\/vag-o-runsten-ryda-kungsgard-u838-1455818.jpeg?resize=1050%2C600&ssl=1 3x, https:\/\/i0.wp.com\/www.fjardhundraland.se\/wp-content\/uploads\/2022\/08\/vag-o-runsten-ryda-kungsgard-u838-1455818.jpeg?resize=1400%2C800&ssl=1 4x"},"classes":[]},{"id":13805,"url":"https:\/\/www.fjardhundraland.se\/en\/","url_meta":{"origin":5231,"position":3},"title":"Fj\u00e4rdhundraland \u2013 Swedish countryside close to it all","author":"Mats Thorburn","date":"4 November 2023","format":false,"excerpt":"Want to get close to nature? Meet the people who grew your food? In Fj\u00e4rdhundraland, winding country lanes lead you between caf\u00e9s and farm shops, while rune stones and medieval churches line the way. Take a break from everyday life and experience the land near you. You won't find this much great food, nature and history anywhere else within an hour...","rel":"","context":"Similar post","block_context":{"text":"Similar post","link":""},"img":{"alt_text":"Tupp Ho\u0308ns Ha\u0308rnevi plantskola","src":"https:\/\/i0.wp.com\/www.fjardhundraland.se\/wp-content\/uploads\/2018\/03\/tupp-hocc88ns-hacc88rnevi-plantskola-2017-april-15-12-00-45-_.jpg?resize=350%2C200&ssl=1","width":350,"height":200,"srcset":"https:\/\/i0.wp.com\/www.fjardhundraland.se\/wp-content\/uploads\/2018\/03\/tupp-hocc88ns-hacc88rnevi-plantskola-2017-april-15-12-00-45-_.jpg?resize=350%2C200&ssl=1 1x, https:\/\/i0.wp.com\/www.fjardhundraland.se\/wp-content\/uploads\/2018\/03\/tupp-hocc88ns-hacc88rnevi-plantskola-2017-april-15-12-00-45-_.jpg?resize=525%2C300&ssl=1 1.5x, https:\/\/i0.wp.com\/www.fjardhundraland.se\/wp-content\/uploads\/2018\/03\/tupp-hocc88ns-hacc88rnevi-plantskola-2017-april-15-12-00-45-_.jpg?resize=700%2C400&ssl=1 2x, https:\/\/i0.wp.com\/www.fjardhundraland.se\/wp-content\/uploads\/2018\/03\/tupp-hocc88ns-hacc88rnevi-plantskola-2017-april-15-12-00-45-_.jpg?resize=1050%2C600&ssl=1 3x, https:\/\/i0.wp.com\/www.fjardhundraland.se\/wp-content\/uploads\/2018\/03\/tupp-hocc88ns-hacc88rnevi-plantskola-2017-april-15-12-00-45-_.jpg?resize=1400%2C800&ssl=1 4x"},"classes":[]},{"id":1489,"url":"https:\/\/www.fjardhundraland.se\/en\/local-food-and-akta-kansla-near-the-big-city\/","url_meta":{"origin":5231,"position":4},"title":"Fj\u00e4rdhundralandThe country near the big city","author":"Mats Thorburn","date":"30 December 2013","format":false,"excerpt":"Want to get close to nature? Meet the people who grew your food? In Fj\u00e4rdhundraland, winding country lanes lead you between caf\u00e9s and farm shops, while rune stones and medieval churches line the way. Take a break from everyday life and experience the land near you. You won't find this much fantastic food crafts, nature experiences and exciting history anywhere else...","rel":"","context":"Similar post","block_context":{"text":"Similar post","link":""},"img":{"alt_text":"","src":"","width":0,"height":0},"classes":[]},{"id":3982,"url":"https:\/\/www.fjardhundraland.se\/en\/event\/loppisrundan2\/","url_meta":{"origin":5231,"position":5},"title":"Flea Market Tour","author":"Ylva Fontell","date":"8 March 2017","format":false,"excerpt":"10-11 July 2021 there will be a flea market round in Fj\u00e4rdhundraland. Then many sellers gather in different places and attract to this year&#039;s best flea market experience along the small roads. Read more on Loppisrundan&#039;s own website! \u00a0","rel":"","context":"Similar post","block_context":{"text":"Similar post","link":""},"img":{"alt_text":"Loppisrundan","src":"https:\/\/i0.wp.com\/www.fjardhundraland.se\/wp-content\/uploads\/2018\/02\/loppis.jpg?resize=350%2C200&ssl=1","width":350,"height":200,"srcset":"https:\/\/i0.wp.com\/www.fjardhundraland.se\/wp-content\/uploads\/2018\/02\/loppis.jpg?resize=350%2C200&ssl=1 1x, https:\/\/i0.wp.com\/www.fjardhundraland.se\/wp-content\/uploads\/2018\/02\/loppis.jpg?resize=525%2C300&ssl=1 1.5x, https:\/\/i0.wp.com\/www.fjardhundraland.se\/wp-content\/uploads\/2018\/02\/loppis.jpg?resize=700%2C400&ssl=1 2x"},"classes":[]}],"jetpack_sharing_enabled":true,"_links":{"self":[{"href":"https:\/\/www.fjardhundraland.se\/en\/wp-json\/wp\/v2\/pages\/5231","targetHints":{"allow":["GET"]}}],"collection":[{"href":"https:\/\/www.fjardhundraland.se\/en\/wp-json\/wp\/v2\/pages"}],"about":[{"href":"https:\/\/www.fjardhundraland.se\/en\/wp-json\/wp\/v2\/types\/page"}],"author":[{"embeddable":true,"href":"https:\/\/www.fjardhundraland.se\/en\/wp-json\/wp\/v2\/users\/1"}],"replies":[{"embeddable":true,"href":"https:\/\/www.fjardhundraland.se\/en\/wp-json\/wp\/v2\/comments?post=5231"}],"version-history":[{"count":0,"href":"https:\/\/www.fjardhundraland.se\/en\/wp-json\/wp\/v2\/pages\/5231\/revisions"}],"wp:featuredmedia":[{"embeddable":true,"href":"https:\/\/www.fjardhundraland.se\/en\/wp-json\/wp\/v2\/media\/5238"}],"wp:attachment":[{"href":"https:\/\/www.fjardhundraland.se\/en\/wp-json\/wp\/v2\/media?parent=5231"}],"wp:term":[{"taxonomy":"category","embeddable":true,"href":"https:\/\/www.fjardhundraland.se\/en\/wp-json\/wp\/v2\/categories?post=5231"},{"taxonomy":"post_tag","embeddable":true,"href":"https:\/\/www.fjardhundraland.se\/en\/wp-json\/wp\/v2\/tags?post=5231"}],"curies":[{"name":"wp","href":"https:\/\/api.w.org\/{rel}","templated":true}]}}