
{"id":4537,"date":"2017-07-25T23:49:53","date_gmt":"2017-07-25T21:49:53","guid":{"rendered":"http:\/\/www.fjardhundraland.se\/?page_id=4537"},"modified":"2017-08-02T14:00:42","modified_gmt":"2017-08-02T12:00:42","slug":"sala-heby-round-by-13-stop","status":"publish","type":"page","link":"https:\/\/www.fjardhundraland.se\/en\/evenemang-rundor\/rebusrundan10\/sala-hebyrundan-med-13-stopp\/","title":{"rendered":"Sala \u2013 Hebyrundan with 13 stops"},"content":{"rendered":"<p>This is a route suggestion for <a href=\"https:\/\/www.fjardhundraland.se\/en\/event\/riddle-round\/\">Rebus Tour<\/a> that suits you who come from Sala or Heby. The round extends through Fj\u00e4rdhundraland&#039;s agricultural landscape mixed with forests and beautiful valleys. Many nice nature experiences await you!<\/p>\n<p>Several stops have a lot of history to tell about rune stones, soldier villages and old village schools. In several places there are organic products, such as meat, vegetables, tea and pastries. You will find stalls with crafts such as textiles, carpets and candles. In one place you can buy vintage clothes, on another flowers and garden plants. If you like gnomes, you get your fill of saturation at a site museum. In many places you can have fun and eat something good in lovely surroundings.<\/p>\n<p><a href=\"https:\/\/drive.google.com\/open?id=11PO6gTOWTDjCXlkKYmM7w6wM1KA&amp;usp=sharing\" target=\"_blank\" rel=\"noopener\">Open the map.<\/a><\/p>\n<p>If you follow the map numbering in ascending or descending order, you will travel the smartest route through the route. Get help from your mobile phone and Google Map map for navigation and more detailed information about the companies \/ associations you visit.<\/p>\n<p>Haven&#039;t you navigated using Google Maps before? <a href=\"https:\/\/www.fjardhundraland.se\/en\/event\/riddle-round\/navigate-with-google-maps\/\">How to use<\/a>.<\/p>\n<p>The Rebus Round contains 40 seats, so there is more to discover! read more about <a href=\"https:\/\/www.fjardhundraland.se\/en\/event\/riddle-round\/\">Rebus round and see all places.<\/a><\/p>\n<p><iframe src=\"https:\/\/www.google.com\/maps\/d\/embed?mid=11PO6gTOWTDjCXlkKYmM7w6wM1KA\" width=\"100%\" height=\"700\"><\/iframe><\/p>","protected":false},"excerpt":{"rendered":"<p>Detta \u00e4r ett ruttf\u00f6rslag f\u00f6r Rebusrundan som passar dig som kommer fr\u00e5n Sala eller Heby. Rundan str\u00e4cker sig genom Fj\u00e4rdhundralands jordbrukslandskap blandat med skog och vackra dalg\u00e5ngar. M\u00e5nga fina naturupplevelser v\u00e4ntar dig! Flera stopp har mycket historia att ber\u00e4tta om runstenar, soldattorp och gamla byskolor. P\u00e5 flera st\u00e4llen finns ekologiska produkter, som k\u00f6tt, gr\u00f6nsaker, te [&hellip;]<\/p>\n","protected":false},"author":4,"featured_media":0,"parent":2394,"menu_order":22,"comment_status":"closed","ping_status":"closed","template":"","meta":{"_acf_changed":false,"_relevanssi_hide_post":"","_relevanssi_hide_content":"","_relevanssi_pin_for_all":"","_relevanssi_pin_keywords":"","_relevanssi_unpin_keywords":"","_relevanssi_related_keywords":"","_relevanssi_related_include_ids":"","_relevanssi_related_exclude_ids":"","_relevanssi_related_no_append":"","_relevanssi_related_not_related":"","_relevanssi_related_posts":"","_relevanssi_noindex_reason":"","_genesis_hide_title":false,"_genesis_hide_breadcrumbs":false,"_genesis_hide_singular_image":false,"_genesis_hide_footer_widgets":false,"_genesis_custom_body_class":"","_genesis_custom_post_class":"","_genesis_layout":"","footnotes":""},"categories":[],"tags":[],"class_list":{"0":"post-4537","1":"page","2":"type-page","3":"status-publish","5":"entry"},"acf":[],"visa":null,"geo_latitude":null,"geo_longitude":null,"featured_image_src":null,"featured_image_src_square":null,"jetpack-related-posts":[{"id":4533,"url":"https:\/\/www.fjardhundraland.se\/en\/evenemang-rundor\/rebusrundan10\/vasterasrundan-med-12-stopp\/","url_meta":{"origin":4537,"position":0},"title":"V\u00e4ster\u00e5srundan with 12 stops","author":"Ylva Fontell","date":"25 July 2017","format":false,"excerpt":"This is a route suggestion for Rebusrundan that is suitable for those coming from V\u00e4ster\u00e5s. The route stretches through Fj\u00e4rdhundraland's agricultural landscape mixed with forest and beautiful valleys. Many great nature experiences await you! A round with everything from interior design to old cars!  Food crafts in various forms such as calf dance and chocolate. Sale of...","rel":"","context":"Similar post","block_context":{"text":"Similar post","link":""},"img":{"alt_text":"","src":"","width":0,"height":0},"classes":[]},{"id":4539,"url":"https:\/\/www.fjardhundraland.se\/en\/evenemang-rundor\/rebusrundan10\/balsta-stockholmsrundan-med-11-stopp\/","url_meta":{"origin":4537,"position":1},"title":"B\u00e5lsta \u2013 Stockholm round with 11 stops","author":"Ylva Fontell","date":"25 July 2017","format":false,"excerpt":"This is a route suggestion for Rebusrundan that is suitable for those coming from Stockholm. The route stretches through Fj\u00e4rdhundraland's agricultural landscape mixed with forest and beautiful valleys. Many great nature experiences await you! Several stops with organic food crafts, such as cheeses, jams, charcuterie, apple juice and pastries. You can also buy eggs, flowers and garden plants ....","rel":"","context":"Similar post","block_context":{"text":"Similar post","link":""},"img":{"alt_text":"","src":"","width":0,"height":0},"classes":[]},{"id":4530,"url":"https:\/\/www.fjardhundraland.se\/en\/evenemang-rundor\/rebusrundan10\/uppsalarundan-med-12-stopp\/","url_meta":{"origin":4537,"position":2},"title":"Uppsala roundabout with 12 stops","author":"Ylva Fontell","date":"25 July 2017","format":false,"excerpt":"This is a route suggestion for the Rebus round suitable for those coming from Uppsala. The route stretches through Fj\u00e4rdhundraland's agricultural landscape mixed with forest and beautiful valleys. Many great nature experiences await you! You will find food crafts in various forms such as cheeses, jams, charcuterie and pastries. You can also buy eggs, flowers and garden plants ....","rel":"","context":"Similar post","block_context":{"text":"Similar post","link":""},"img":{"alt_text":"","src":"","width":0,"height":0},"classes":[]},{"id":18106,"url":"https:\/\/www.fjardhundraland.se\/en\/magasin-fjardhundraland\/","url_meta":{"origin":4537,"position":3},"title":"Magazine Fj\u00e4rdhundraland","author":"Mats Thorburn","date":"3 May 2025","format":false,"excerpt":"Fj\u00e4rdhundraland magazine and map This year's magazine is now available, along with an updated paper map. The Fj\u00e4rdhundraland magazine tells the stories of the people who run businesses in the area, and their destinations. Each issue usually contains articles on food, coffee, gardening, crafts, culture and history. Along with the magazine, we have created a map, where you...","rel":"","context":"Similar post","block_context":{"text":"Similar post","link":""},"img":{"alt_text":"","src":"https:\/\/i0.wp.com\/www.fjardhundraland.se\/wp-content\/uploads\/2025\/05\/magasin-2025-framsida.jpg?resize=350%2C200&ssl=1","width":350,"height":200,"srcset":"https:\/\/i0.wp.com\/www.fjardhundraland.se\/wp-content\/uploads\/2025\/05\/magasin-2025-framsida.jpg?resize=350%2C200&ssl=1 1x, https:\/\/i0.wp.com\/www.fjardhundraland.se\/wp-content\/uploads\/2025\/05\/magasin-2025-framsida.jpg?resize=525%2C300&ssl=1 1.5x, https:\/\/i0.wp.com\/www.fjardhundraland.se\/wp-content\/uploads\/2025\/05\/magasin-2025-framsida.jpg?resize=700%2C400&ssl=1 2x, https:\/\/i0.wp.com\/www.fjardhundraland.se\/wp-content\/uploads\/2025\/05\/magasin-2025-framsida.jpg?resize=1050%2C600&ssl=1 3x, https:\/\/i0.wp.com\/www.fjardhundraland.se\/wp-content\/uploads\/2025\/05\/magasin-2025-framsida.jpg?resize=1400%2C800&ssl=1 4x"},"classes":[]},{"id":4572,"url":"https:\/\/www.fjardhundraland.se\/en\/evenemang-rundor\/rebusrundan10\/navigera-med-google-maps\/","url_meta":{"origin":4537,"position":4},"title":"Navigate with Google Maps","author":"Ylva Fontell","date":"26 July 2017","format":false,"excerpt":"There are many winding back roads in Fj\u00e4rdhundraland. They are beautiful and part of the journey, but sometimes it's hard to know which is the right one to get to your destination. Navigating using Google Maps will help you find your way. Here's how you do it: Open the...","rel":"","context":"Similar post","block_context":{"text":"Similar post","link":""},"img":{"alt_text":"","src":"","width":0,"height":0},"classes":[]},{"id":12299,"url":"https:\/\/www.fjardhundraland.se\/en\/sdfsdf\/","url_meta":{"origin":4537,"position":5},"title":"Registration of private sellers Loppisrundan","author":"Mats Thorburn","date":"23 March 2023","format":false,"excerpt":"New! In 2023, even if you are not a member of Fj\u00e4rdhundraland, you can participate in the Flea Market Round, in your own place! Fill in the form below. The cost is SEK 500, and is paid via Swish or bakgiro to Fj\u00e4rdhundraland after registration. Your location will be included on the map published on the web in the spring...","rel":"","context":"Similar post","block_context":{"text":"Similar post","link":""},"img":{"alt_text":"","src":"","width":0,"height":0},"classes":[]}],"jetpack_sharing_enabled":true,"_links":{"self":[{"href":"https:\/\/www.fjardhundraland.se\/en\/wp-json\/wp\/v2\/pages\/4537","targetHints":{"allow":["GET"]}}],"collection":[{"href":"https:\/\/www.fjardhundraland.se\/en\/wp-json\/wp\/v2\/pages"}],"about":[{"href":"https:\/\/www.fjardhundraland.se\/en\/wp-json\/wp\/v2\/types\/page"}],"author":[{"embeddable":true,"href":"https:\/\/www.fjardhundraland.se\/en\/wp-json\/wp\/v2\/users\/4"}],"replies":[{"embeddable":true,"href":"https:\/\/www.fjardhundraland.se\/en\/wp-json\/wp\/v2\/comments?post=4537"}],"version-history":[{"count":0,"href":"https:\/\/www.fjardhundraland.se\/en\/wp-json\/wp\/v2\/pages\/4537\/revisions"}],"up":[{"embeddable":true,"href":"https:\/\/www.fjardhundraland.se\/en\/wp-json\/wp\/v2\/pages\/2394"}],"wp:attachment":[{"href":"https:\/\/www.fjardhundraland.se\/en\/wp-json\/wp\/v2\/media?parent=4537"}],"wp:term":[{"taxonomy":"category","embeddable":true,"href":"https:\/\/www.fjardhundraland.se\/en\/wp-json\/wp\/v2\/categories?post=4537"},{"taxonomy":"post_tag","embeddable":true,"href":"https:\/\/www.fjardhundraland.se\/en\/wp-json\/wp\/v2\/tags?post=4537"}],"curies":[{"name":"wp","href":"https:\/\/api.w.org\/{rel}","templated":true}]}}