
{"id":4533,"date":"2017-07-25T23:51:42","date_gmt":"2017-07-25T21:51:42","guid":{"rendered":"http:\/\/www.fjardhundraland.se\/?page_id=4533"},"modified":"2017-08-02T14:01:21","modified_gmt":"2017-08-02T12:01:21","slug":"vasterasrundan-with-12-stop","status":"publish","type":"page","link":"https:\/\/www.fjardhundraland.se\/en\/event\/rebusrundan10\/vasterasrundan-with-12-stop\/","title":{"rendered":"V\u00e4ster\u00e5srundan with 12 stops"},"content":{"rendered":"<p>This is a route suggestion for <a href=\"https:\/\/www.fjardhundraland.se\/en\/event\/riddle-round\/\">Rebus Tour<\/a> that suits you who come from V\u00e4ster\u00e5s. The round extends through Fj\u00e4rdhundraland&#039;s agricultural landscape mixed with forests and beautiful valleys. Many nice nature experiences await you!<\/p>\n<p>A round with everything from interior to old cars! Mathematics in various forms such as calf dance and chocolate. Sales of handicrafts, including forging. Several farms have animals, two are horse farms and two have sheep breeding. In several places you can have a snack or eat a hearty lunch.<\/p>\n<p><a href=\"https:\/\/drive.google.com\/open?id=1IfsSWbacSCU7bbFUgrFGEiGnqm8&amp;usp=sharing\" target=\"_blank\" rel=\"noopener\">Open the map.<\/a><\/p>\n<p>If you follow the map numbering in ascending or descending order, you will travel the smartest route through the route. Get help from your mobile phone and Google Map map for navigation and more detailed information about the companies \/ associations you visit.<\/p>\n<p>Haven&#039;t you navigated using Google Maps before? <a href=\"https:\/\/www.fjardhundraland.se\/en\/event\/riddle-round\/navigate-with-google-maps\/\">How to use<\/a>.<\/p>\n<p>The Rebus Round contains 40 seats, so there is more to discover! read more about <a href=\"https:\/\/www.fjardhundraland.se\/en\/event\/riddle-round\/\">Rebus round and see all places.<\/a><\/p>\n<p><iframe src=\"https:\/\/www.google.com\/maps\/d\/embed?mid=1IfsSWbacSCU7bbFUgrFGEiGnqm8\" width=\"100%\" height=\"480\"><\/iframe><\/p>","protected":false},"excerpt":{"rendered":"<p>Detta \u00e4r ett ruttf\u00f6rslag f\u00f6r Rebusrundan som passar dig som kommer fr\u00e5n V\u00e4ster\u00e5s. Rundan str\u00e4cker sig genom Fj\u00e4rdhundralands jordbrukslandskap blandat med skog och vackra dalg\u00e5ngar. M\u00e5nga fina naturupplevelser v\u00e4ntar dig! En runda med allt fr\u00e5n inredning till gamla bilar!\u00a0 Mathantverk i olika former t ex kalvdans och choklad. F\u00f6rs\u00e4ljning av hantverk, bland annat smide. Flera [&hellip;]<\/p>\n","protected":false},"author":4,"featured_media":0,"parent":2394,"menu_order":21,"comment_status":"closed","ping_status":"closed","template":"","meta":{"_acf_changed":false,"_relevanssi_hide_post":"","_relevanssi_hide_content":"","_relevanssi_pin_for_all":"","_relevanssi_pin_keywords":"","_relevanssi_unpin_keywords":"","_relevanssi_related_keywords":"","_relevanssi_related_include_ids":"","_relevanssi_related_exclude_ids":"","_relevanssi_related_no_append":"","_relevanssi_related_not_related":"","_relevanssi_related_posts":"","_relevanssi_noindex_reason":"","_genesis_hide_title":false,"_genesis_hide_breadcrumbs":false,"_genesis_hide_singular_image":false,"_genesis_hide_footer_widgets":false,"_genesis_custom_body_class":"","_genesis_custom_post_class":"","_genesis_layout":"","footnotes":""},"categories":[],"tags":[],"class_list":{"0":"post-4533","1":"page","2":"type-page","3":"status-publish","5":"entry"},"acf":[],"visa":null,"geo_latitude":null,"geo_longitude":null,"featured_image_src":null,"featured_image_src_square":null,"jetpack-related-posts":[{"id":4539,"url":"https:\/\/www.fjardhundraland.se\/en\/event\/rebusrundan10\/balsta-stockholmsrundan-with-11-stops\/","url_meta":{"origin":4533,"position":0},"title":"B\u00e5lsta \u2013 Stockholm round with 11 stops","author":"Ylva Fontell","date":"25 July 2017","format":false,"excerpt":"This is a route suggestion for Rebusrundan that is suitable for those coming from Stockholm. The route stretches through Fj\u00e4rdhundraland's agricultural landscape mixed with forest and beautiful valleys. Many great nature experiences await you! Several stops with organic food crafts, such as cheeses, jams, charcuterie, apple juice and pastries. You can also buy eggs, flowers and garden plants ....","rel":"","context":"Similar post","block_context":{"text":"Similar post","link":""},"img":{"alt_text":"","src":"","width":0,"height":0},"classes":[]},{"id":4530,"url":"https:\/\/www.fjardhundraland.se\/en\/event\/rebusrundan10\/uppsala-round-by-12-stop\/","url_meta":{"origin":4533,"position":1},"title":"Uppsala roundabout with 12 stops","author":"Ylva Fontell","date":"25 July 2017","format":false,"excerpt":"This is a route suggestion for the Rebus round suitable for those coming from Uppsala. The route stretches through Fj\u00e4rdhundraland's agricultural landscape mixed with forest and beautiful valleys. Many great nature experiences await you! You will find food crafts in various forms such as cheeses, jams, charcuterie and pastries. You can also buy eggs, flowers and garden plants ....","rel":"","context":"Similar post","block_context":{"text":"Similar post","link":""},"img":{"alt_text":"","src":"","width":0,"height":0},"classes":[]},{"id":4537,"url":"https:\/\/www.fjardhundraland.se\/en\/event\/rebusrundan10\/sala-heby-round-by-13-stop\/","url_meta":{"origin":4533,"position":2},"title":"Sala \u2013 Hebyrundan with 13 stops","author":"Ylva Fontell","date":"25 July 2017","format":false,"excerpt":"This is a route suggestion for Rebusrundan that is suitable for those who come from Sala or Heby. The route stretches through Fj\u00e4rdhundraland's agricultural landscape mixed with forest and beautiful valleys. Many great nature experiences await you! Several stops have a lot of history to tell about rune stones, soldier villages and old village schools. In several places there are ecological...","rel":"","context":"Similar post","block_context":{"text":"Similar post","link":""},"img":{"alt_text":"","src":"","width":0,"height":0},"classes":[]},{"id":4572,"url":"https:\/\/www.fjardhundraland.se\/en\/event\/rebusrundan10\/navigate-with-google-maps\/","url_meta":{"origin":4533,"position":3},"title":"Navigate with Google Maps","author":"Ylva Fontell","date":"26 July 2017","format":false,"excerpt":"There are many winding back roads in Fj\u00e4rdhundraland. They are beautiful and part of the journey, but sometimes it's hard to know which is the right one to get to your destination. Navigating using Google Maps will help you find your way. Here's how you do it: Open the...","rel":"","context":"Similar post","block_context":{"text":"Similar post","link":""},"img":{"alt_text":"","src":"","width":0,"height":0},"classes":[]},{"id":3963,"url":"https:\/\/www.fjardhundraland.se\/en\/event\/animal-day\/","url_meta":{"origin":4533,"position":4},"title":"Animal Day 2017","author":"Ylva Fontell","date":"17 February 2017","format":false,"excerpt":"Mischievous lambs, cute chickens or happy pigs. Is there anything more delightful to see than animals enjoying the sun, warmth and fresh green? Springtime is animal time. For the fourth year, some of Fj\u00e4rdhundraland's farms invite you to Animal Day on Saturday, May 27 from 11 a.m. to 4 p.m. Go around and pet, cuddle, experience on this...","rel":"","context":"Similar post","block_context":{"text":"Similar post","link":""},"img":{"alt_text":"","src":"https:\/\/i0.wp.com\/www.fjardhundraland.se\/wp-content\/uploads\/2017\/02\/18157411_1484046814959071_3875511745731358846_n.jpg?resize=350%2C200&ssl=1","width":350,"height":200,"srcset":"https:\/\/i0.wp.com\/www.fjardhundraland.se\/wp-content\/uploads\/2017\/02\/18157411_1484046814959071_3875511745731358846_n.jpg?resize=350%2C200&ssl=1 1x, https:\/\/i0.wp.com\/www.fjardhundraland.se\/wp-content\/uploads\/2017\/02\/18157411_1484046814959071_3875511745731358846_n.jpg?resize=525%2C300&ssl=1 1.5x, https:\/\/i0.wp.com\/www.fjardhundraland.se\/wp-content\/uploads\/2017\/02\/18157411_1484046814959071_3875511745731358846_n.jpg?resize=700%2C400&ssl=1 2x"},"classes":[]},{"id":4517,"url":"https:\/\/www.fjardhundraland.se\/en\/event\/rebusrundan10\/children-riddle-round\/","url_meta":{"origin":4533,"position":5},"title":"Children Rebus Round","author":"Ylva Fontell","date":"23 July 2017","format":false,"excerpt":"Twelve locations on the rebus tour have the youngest members of the family in mind. There are special rebuses suitable for those aged 5 to 11 years old. At each stop, you can also do something fun: At the Yellow Stables, Ojja the dog shows the stables' rabbits, ducks and chickens to the children. The Happy Sheep has...","rel":"","context":"Similar post","block_context":{"text":"Similar post","link":""},"img":{"alt_text":"","src":"https:\/\/i0.wp.com\/www.fjardhundraland.se\/wp-content\/uploads\/2017\/07\/algar.jpg?resize=350%2C200&ssl=1","width":350,"height":200,"srcset":"https:\/\/i0.wp.com\/www.fjardhundraland.se\/wp-content\/uploads\/2017\/07\/algar.jpg?resize=350%2C200&ssl=1 1x, https:\/\/i0.wp.com\/www.fjardhundraland.se\/wp-content\/uploads\/2017\/07\/algar.jpg?resize=525%2C300&ssl=1 1.5x, https:\/\/i0.wp.com\/www.fjardhundraland.se\/wp-content\/uploads\/2017\/07\/algar.jpg?resize=700%2C400&ssl=1 2x, https:\/\/i0.wp.com\/www.fjardhundraland.se\/wp-content\/uploads\/2017\/07\/algar.jpg?resize=1050%2C600&ssl=1 3x, https:\/\/i0.wp.com\/www.fjardhundraland.se\/wp-content\/uploads\/2017\/07\/algar.jpg?resize=1400%2C800&ssl=1 4x"},"classes":[]}],"jetpack_sharing_enabled":true,"_links":{"self":[{"href":"https:\/\/www.fjardhundraland.se\/en\/wp-json\/wp\/v2\/pages\/4533","targetHints":{"allow":["GET"]}}],"collection":[{"href":"https:\/\/www.fjardhundraland.se\/en\/wp-json\/wp\/v2\/pages"}],"about":[{"href":"https:\/\/www.fjardhundraland.se\/en\/wp-json\/wp\/v2\/types\/page"}],"author":[{"embeddable":true,"href":"https:\/\/www.fjardhundraland.se\/en\/wp-json\/wp\/v2\/users\/4"}],"replies":[{"embeddable":true,"href":"https:\/\/www.fjardhundraland.se\/en\/wp-json\/wp\/v2\/comments?post=4533"}],"version-history":[{"count":0,"href":"https:\/\/www.fjardhundraland.se\/en\/wp-json\/wp\/v2\/pages\/4533\/revisions"}],"up":[{"embeddable":true,"href":"https:\/\/www.fjardhundraland.se\/en\/wp-json\/wp\/v2\/pages\/2394"}],"wp:attachment":[{"href":"https:\/\/www.fjardhundraland.se\/en\/wp-json\/wp\/v2\/media?parent=4533"}],"wp:term":[{"taxonomy":"category","embeddable":true,"href":"https:\/\/www.fjardhundraland.se\/en\/wp-json\/wp\/v2\/categories?post=4533"},{"taxonomy":"post_tag","embeddable":true,"href":"https:\/\/www.fjardhundraland.se\/en\/wp-json\/wp\/v2\/tags?post=4533"}],"curies":[{"name":"wp","href":"https:\/\/api.w.org\/{rel}","templated":true}]}}