
{"id":3963,"date":"2017-02-17T16:24:45","date_gmt":"2017-02-17T15:24:45","guid":{"rendered":"http:\/\/www.fjardhundraland.se\/?page_id=3963"},"modified":"2018-02-08T17:49:29","modified_gmt":"2018-02-08T16:49:29","slug":"animal-day","status":"publish","type":"page","link":"https:\/\/www.fjardhundraland.se\/en\/evenemang-rundor\/djurens-dag\/","title":{"rendered":"Animal Day 2017"},"content":{"rendered":"<p>Mischievous lambs, sweet chickens or happy pigs. Is there anything more wonderful to see than animals that enjoy the sun, heat and fresh green? Spring time is animal time.<\/p>\n<p>For the fourth year, some of Fj\u00e4rdhundraland&#039;s farms invite to Animal Day <strong>Saturday May 27 at 11-16<\/strong>. Go around and pat, gossa, experience this round between some of Fj\u00e4rdhundraland&#039;s farms!<\/p>\n<h3>Participants - you can do this<\/h3>\n<p><a href=\"https:\/\/www.fjardhundraland.se\/en\/place-2\/bjornbo-gard-4h\/\">Bj\u00f6rnbo G\u00e5rd 4H<\/a>. Greet on chickens, petting horses and sheep. Look for eggs. Pony rides for all sizes.<\/p>\n<p><a href=\"https:\/\/www.fjardhundraland.se\/en\/place-2\/kromsta-farmhouse\/\">Kromsta G\u00e5rd<\/a>. Watch and greet steers, heifers, chickens, rabbits and sheep with lamb. Grill hamburgers. Tractor and blind. Quiz walk.<\/p>\n<p><a href=\"https:\/\/www.fjardhundraland.se\/en\/place-2\/franzens-charcuterie\/\">Franz\u00e9ns Charkuterier<\/a>. Watch and come near Linder\u00f6dsvin and Kindah\u00f6ns. Feed the animals if you bring vegetables or fruit. Buy pork products.<\/p>\n<p><a href=\"https:\/\/www.fjardhundraland.se\/en\/place-2\/haste-and-the-vegetable-farmer\/\">Horse and vegetable farmer<\/a>. Ride a bareback on lizard horses and ride horse and carriage.<\/p>\n<p><a href=\"https:\/\/www.fjardhundraland.se\/en\/place-2\/yellow-stable-store-cafe\/\">Yellow Stall Shop &amp; Cafe<\/a>. Greet some of our ewes with lamb at the caf\u00e9. Walk tip walk. Carbon buns in the outdoor kitchen. Twill bracelet of sheep&#039;s wool (SEK 20). Lamb safari with tractor and trolley (pre-booked).<\/p>\n<p><a href=\"https:\/\/www.google.com\/maps\/d\/u\/0\/viewer?mid=1_mUG2UdkYhzSUsJWxsg1YfdtTnU\" target=\"_blank\" rel=\"noopener noreferrer\">Click here to open the map in Google Maps!<\/a><\/p>\n<p><iframe src=\"https:\/\/www.google.com\/maps\/d\/u\/3\/embed?mid=1_mUG2UdkYhzSUsJWxsg1YfdtTnU\" width=\"100%\" height=\"600\"><\/iframe><\/p>","protected":false},"excerpt":{"rendered":"<p>Busiga lamm, s\u00f6ta kycklingar eller glada grisar. Finns det n\u00e5got h\u00e4rligare att se \u00e4n djur som njuter av sol, v\u00e4rme och fr\u00e4scht gr\u00f6nt? V\u00e5rtid \u00e4r djurtid. F\u00f6r fj\u00e4rde \u00e5ret inbjuder n\u00e5gra av Fj\u00e4rdhundralands g\u00e5rdar till Djurens dag l\u00f6rdagen den 27 maj kl 11\u201316. \u00c5k runt\u00a0och klappa, gossa, upplev p\u00e5 denna runda mellan n\u00e5gra av\u00a0Fj\u00e4rdhundralands g\u00e5rdar! [&hellip;]<\/p>\n","protected":false},"author":4,"featured_media":4105,"parent":2163,"menu_order":26,"comment_status":"closed","ping_status":"closed","template":"","meta":{"_acf_changed":false,"_relevanssi_hide_post":"","_relevanssi_hide_content":"","_relevanssi_pin_for_all":"","_relevanssi_pin_keywords":"","_relevanssi_unpin_keywords":"","_relevanssi_related_keywords":"","_relevanssi_related_include_ids":"","_relevanssi_related_exclude_ids":"","_relevanssi_related_no_append":"","_relevanssi_related_not_related":"","_relevanssi_related_posts":"","_relevanssi_noindex_reason":"","_genesis_hide_title":false,"_genesis_hide_breadcrumbs":false,"_genesis_hide_singular_image":false,"_genesis_hide_footer_widgets":false,"_genesis_custom_body_class":"","_genesis_custom_post_class":"","_genesis_layout":"","footnotes":""},"categories":[],"tags":[],"class_list":{"0":"post-3963","1":"page","2":"type-page","3":"status-publish","4":"has-post-thumbnail","6":"entry"},"acf":[],"visa":null,"geo_latitude":null,"geo_longitude":null,"featured_image_src":"https:\/\/www.fjardhundraland.se\/wp-content\/uploads\/2017\/02\/18157411_1484046814959071_3875511745731358846_n.jpg","featured_image_src_square":"https:\/\/www.fjardhundraland.se\/wp-content\/uploads\/2017\/02\/18157411_1484046814959071_3875511745731358846_n.jpg","jetpack-related-posts":[{"id":4517,"url":"https:\/\/www.fjardhundraland.se\/en\/evenemang-rundor\/rebusrundan10\/barnrebusrundan\/","url_meta":{"origin":3963,"position":0},"title":"Children Rebus Round","author":"Ylva Fontell","date":"23 July 2017","format":false,"excerpt":"Twelve locations on the rebus tour have the youngest members of the family in mind. There are special rebuses suitable for those aged 5 to 11 years old. At each stop, you can also do something fun: At the Yellow Stables, Ojja the dog shows the stables' rabbits, ducks and chickens to the children. The Happy Sheep has...","rel":"","context":"Similar post","block_context":{"text":"Similar post","link":""},"img":{"alt_text":"","src":"https:\/\/i0.wp.com\/www.fjardhundraland.se\/wp-content\/uploads\/2017\/07\/algar.jpg?resize=350%2C200&ssl=1","width":350,"height":200,"srcset":"https:\/\/i0.wp.com\/www.fjardhundraland.se\/wp-content\/uploads\/2017\/07\/algar.jpg?resize=350%2C200&ssl=1 1x, https:\/\/i0.wp.com\/www.fjardhundraland.se\/wp-content\/uploads\/2017\/07\/algar.jpg?resize=525%2C300&ssl=1 1.5x, https:\/\/i0.wp.com\/www.fjardhundraland.se\/wp-content\/uploads\/2017\/07\/algar.jpg?resize=700%2C400&ssl=1 2x, https:\/\/i0.wp.com\/www.fjardhundraland.se\/wp-content\/uploads\/2017\/07\/algar.jpg?resize=1050%2C600&ssl=1 3x, https:\/\/i0.wp.com\/www.fjardhundraland.se\/wp-content\/uploads\/2017\/07\/algar.jpg?resize=1400%2C800&ssl=1 4x"},"classes":[]},{"id":4530,"url":"https:\/\/www.fjardhundraland.se\/en\/evenemang-rundor\/rebusrundan10\/uppsalarundan-med-12-stopp\/","url_meta":{"origin":3963,"position":1},"title":"Uppsala roundabout with 12 stops","author":"Ylva Fontell","date":"25 July 2017","format":false,"excerpt":"This is a route suggestion for the Rebus round suitable for those coming from Uppsala. The route stretches through Fj\u00e4rdhundraland's agricultural landscape mixed with forest and beautiful valleys. Many great nature experiences await you! You will find food crafts in various forms such as cheeses, jams, charcuterie and pastries. You can also buy eggs, flowers and garden plants ....","rel":"","context":"Similar post","block_context":{"text":"Similar post","link":""},"img":{"alt_text":"","src":"","width":0,"height":0},"classes":[]},{"id":4533,"url":"https:\/\/www.fjardhundraland.se\/en\/evenemang-rundor\/rebusrundan10\/vasterasrundan-med-12-stopp\/","url_meta":{"origin":3963,"position":2},"title":"V\u00e4ster\u00e5srundan with 12 stops","author":"Ylva Fontell","date":"25 July 2017","format":false,"excerpt":"This is a route suggestion for Rebusrundan that is suitable for those coming from V\u00e4ster\u00e5s. The route stretches through Fj\u00e4rdhundraland's agricultural landscape mixed with forest and beautiful valleys. Many great nature experiences await you! A round with everything from interior design to old cars!  Food crafts in various forms such as calf dance and chocolate. Sale of...","rel":"","context":"Similar post","block_context":{"text":"Similar post","link":""},"img":{"alt_text":"","src":"","width":0,"height":0},"classes":[]},{"id":1805,"url":"https:\/\/www.fjardhundraland.se\/en\/om-fjardhundraland\/medlemmar\/","url_meta":{"origin":3963,"position":3},"title":"Members","author":"Ylva Fontell","date":"28 February 2014","format":false,"excerpt":"...Wood Shop Thorsvi g\u00e5rd Tibble gamla skola Torstuna Hembygdsf\u00f6rening Tr\u00e4dg\u00e5rdsturism i Enk\u00f6ping med Pr\u00e4stg\u00e5rdsflygeln Tullens Gr\u00f6nska Tuna Tr\u00e4dg\u00e5rd T\u00e4rna bygdeg\u00e5rdsf\u00f6rening Uppdrag Kultur \/Eva Wrede Vagabond Haven AB Var Dags Rum ...","rel":"","context":"Similar post","block_context":{"text":"Similar post","link":""},"img":{"alt_text":"","src":"","width":0,"height":0},"classes":[]},{"id":20251,"url":"https:\/\/www.fjardhundraland.se\/en\/inlagg\/2026\/pask-i-fjardhundraland\/","url_meta":{"origin":3963,"position":4},"title":"Easter in Fj\u00e4rdhundraland","author":"Marloes","date":"18 March 2026","format":false,"excerpt":"The best way to experience spring is in the countryside near the city. This is the firm opinion of many Fj\u00e4rdhundraland members. Because close to nature, in a rolling cultural landscape with farm shops, pottery workshops and caf\u00e9s, you can hear the birds' spring song even better, and smell the spicy scent of the earth coming to life. The...","rel":"","context":"Similar post","block_context":{"text":"Similar post","link":""},"img":{"alt_text":"","src":"https:\/\/i0.wp.com\/www.fjardhundraland.se\/wp-content\/uploads\/2021\/04\/pask-i-fjardhundraland-tupp-och-hona.jpg?resize=350%2C200&ssl=1","width":350,"height":200,"srcset":"https:\/\/i0.wp.com\/www.fjardhundraland.se\/wp-content\/uploads\/2021\/04\/pask-i-fjardhundraland-tupp-och-hona.jpg?resize=350%2C200&ssl=1 1x, https:\/\/i0.wp.com\/www.fjardhundraland.se\/wp-content\/uploads\/2021\/04\/pask-i-fjardhundraland-tupp-och-hona.jpg?resize=525%2C300&ssl=1 1.5x, https:\/\/i0.wp.com\/www.fjardhundraland.se\/wp-content\/uploads\/2021\/04\/pask-i-fjardhundraland-tupp-och-hona.jpg?resize=700%2C400&ssl=1 2x, https:\/\/i0.wp.com\/www.fjardhundraland.se\/wp-content\/uploads\/2021\/04\/pask-i-fjardhundraland-tupp-och-hona.jpg?resize=1050%2C600&ssl=1 3x, https:\/\/i0.wp.com\/www.fjardhundraland.se\/wp-content\/uploads\/2021\/04\/pask-i-fjardhundraland-tupp-och-hona.jpg?resize=1400%2C800&ssl=1 4x"},"classes":[]},{"id":2163,"url":"https:\/\/www.fjardhundraland.se\/en\/evenemang-rundor\/","url_meta":{"origin":3963,"position":5},"title":"Events in 2026","author":"Mats Thorburn","date":"4 April 2014","format":false,"excerpt":"CONTENTS","rel":"","context":"Similar post","block_context":{"text":"Similar post","link":""},"img":{"alt_text":"Loppisrundan p\u00e5 Dunderbo ljus & hantverk","src":"https:\/\/i0.wp.com\/www.fjardhundraland.se\/wp-content\/uploads\/2021\/06\/dunderbo-ljus-hantverk-loppisrundan2019juli06-15.jpg?resize=350%2C200&ssl=1","width":350,"height":200,"srcset":"https:\/\/i0.wp.com\/www.fjardhundraland.se\/wp-content\/uploads\/2021\/06\/dunderbo-ljus-hantverk-loppisrundan2019juli06-15.jpg?resize=350%2C200&ssl=1 1x, https:\/\/i0.wp.com\/www.fjardhundraland.se\/wp-content\/uploads\/2021\/06\/dunderbo-ljus-hantverk-loppisrundan2019juli06-15.jpg?resize=525%2C300&ssl=1 1.5x, https:\/\/i0.wp.com\/www.fjardhundraland.se\/wp-content\/uploads\/2021\/06\/dunderbo-ljus-hantverk-loppisrundan2019juli06-15.jpg?resize=700%2C400&ssl=1 2x, https:\/\/i0.wp.com\/www.fjardhundraland.se\/wp-content\/uploads\/2021\/06\/dunderbo-ljus-hantverk-loppisrundan2019juli06-15.jpg?resize=1050%2C600&ssl=1 3x, https:\/\/i0.wp.com\/www.fjardhundraland.se\/wp-content\/uploads\/2021\/06\/dunderbo-ljus-hantverk-loppisrundan2019juli06-15.jpg?resize=1400%2C800&ssl=1 4x"},"classes":[]}],"jetpack_sharing_enabled":true,"_links":{"self":[{"href":"https:\/\/www.fjardhundraland.se\/en\/wp-json\/wp\/v2\/pages\/3963","targetHints":{"allow":["GET"]}}],"collection":[{"href":"https:\/\/www.fjardhundraland.se\/en\/wp-json\/wp\/v2\/pages"}],"about":[{"href":"https:\/\/www.fjardhundraland.se\/en\/wp-json\/wp\/v2\/types\/page"}],"author":[{"embeddable":true,"href":"https:\/\/www.fjardhundraland.se\/en\/wp-json\/wp\/v2\/users\/4"}],"replies":[{"embeddable":true,"href":"https:\/\/www.fjardhundraland.se\/en\/wp-json\/wp\/v2\/comments?post=3963"}],"version-history":[{"count":0,"href":"https:\/\/www.fjardhundraland.se\/en\/wp-json\/wp\/v2\/pages\/3963\/revisions"}],"up":[{"embeddable":true,"href":"https:\/\/www.fjardhundraland.se\/en\/wp-json\/wp\/v2\/pages\/2163"}],"wp:featuredmedia":[{"embeddable":true,"href":"https:\/\/www.fjardhundraland.se\/en\/wp-json\/wp\/v2\/media\/4105"}],"wp:attachment":[{"href":"https:\/\/www.fjardhundraland.se\/en\/wp-json\/wp\/v2\/media?parent=3963"}],"wp:term":[{"taxonomy":"category","embeddable":true,"href":"https:\/\/www.fjardhundraland.se\/en\/wp-json\/wp\/v2\/categories?post=3963"},{"taxonomy":"post_tag","embeddable":true,"href":"https:\/\/www.fjardhundraland.se\/en\/wp-json\/wp\/v2\/tags?post=3963"}],"curies":[{"name":"wp","href":"https:\/\/api.w.org\/{rel}","templated":true}]}}