
{"id":2795,"date":"2015-08-01T11:41:41","date_gmt":"2015-08-01T09:41:41","guid":{"rendered":"http:\/\/www.fjardhundraland.se\/?page_id=2795"},"modified":"2026-02-05T15:54:58","modified_gmt":"2026-02-05T14:54:58","slug":"svarsformular-round-riddle","status":"publish","type":"page","link":"https:\/\/www.fjardhundraland.se\/en\/event\/rebusrundan10\/svarsformular-round-riddle\/","title":{"rendered":"Answer form Rebus round"},"content":{"rendered":"<p>Thank you for joining the Rebus round 2015! Now you can no longer submit responses. <a href=\"https:\/\/www.fjardhundraland.se\/en\/2015\/08\/winners-of-the-2015-rebus-round\/\">See who won here!<\/a><\/p>","protected":false},"excerpt":{"rendered":"<p>Thank you for participating in the 2015 Rebus Round! Now you can no longer submit answers. See who won here!<\/p>","protected":false},"author":1,"featured_media":0,"parent":2394,"menu_order":24,"comment_status":"open","ping_status":"open","template":"","meta":{"_acf_changed":false,"_relevanssi_hide_post":"on","_relevanssi_hide_content":"","_relevanssi_pin_for_all":"","_relevanssi_pin_keywords":"","_relevanssi_unpin_keywords":"","_relevanssi_related_keywords":"","_relevanssi_related_include_ids":"","_relevanssi_related_exclude_ids":"","_relevanssi_related_no_append":"","_relevanssi_related_not_related":"","_relevanssi_related_posts":"","_relevanssi_noindex_reason":"Rank Math Uteslut fr\u00e5n Relevanssi index","_genesis_hide_title":false,"_genesis_hide_breadcrumbs":false,"_genesis_hide_singular_image":false,"_genesis_hide_footer_widgets":false,"_genesis_custom_body_class":"","_genesis_custom_post_class":"","_genesis_layout":"","footnotes":""},"categories":[],"tags":[],"class_list":{"0":"post-2795","1":"page","2":"type-page","3":"status-publish","5":"entry"},"acf":[],"visa":null,"geo_latitude":null,"geo_longitude":null,"featured_image_src":null,"featured_image_src_square":null,"jetpack-related-posts":[{"id":4517,"url":"https:\/\/www.fjardhundraland.se\/en\/event\/rebusrundan10\/children-riddle-round\/","url_meta":{"origin":2795,"position":0},"title":"Children Rebus Round","author":"Ylva Fontell","date":"23 July 2017","format":false,"excerpt":"Twelve locations on the rebus tour have the youngest members of the family in mind. There are special rebuses suitable for those aged 5 to 11 years old. At each stop, you can also do something fun: At the Yellow Stables, Ojja the dog shows the stables' rabbits, ducks and chickens to the children. The Happy Sheep has...","rel":"","context":"Similar post","block_context":{"text":"Similar post","link":""},"img":{"alt_text":"","src":"https:\/\/i0.wp.com\/www.fjardhundraland.se\/wp-content\/uploads\/2017\/07\/algar.jpg?resize=350%2C200&ssl=1","width":350,"height":200,"srcset":"https:\/\/i0.wp.com\/www.fjardhundraland.se\/wp-content\/uploads\/2017\/07\/algar.jpg?resize=350%2C200&ssl=1 1x, https:\/\/i0.wp.com\/www.fjardhundraland.se\/wp-content\/uploads\/2017\/07\/algar.jpg?resize=525%2C300&ssl=1 1.5x, https:\/\/i0.wp.com\/www.fjardhundraland.se\/wp-content\/uploads\/2017\/07\/algar.jpg?resize=700%2C400&ssl=1 2x, https:\/\/i0.wp.com\/www.fjardhundraland.se\/wp-content\/uploads\/2017\/07\/algar.jpg?resize=1050%2C600&ssl=1 3x, https:\/\/i0.wp.com\/www.fjardhundraland.se\/wp-content\/uploads\/2017\/07\/algar.jpg?resize=1400%2C800&ssl=1 4x"},"classes":[]},{"id":2394,"url":"https:\/\/www.fjardhundraland.se\/en\/event\/rebusrundan10\/","url_meta":{"origin":2795,"position":1},"title":"Rebusrundan 2021","author":"Mats Thorburn","date":"18 June 2014","format":false,"excerpt":"Date\/Time Sunday, August 1 and 8, 2021, 11 a.m. to 5 p.m. Rebusrundan invites you, your family and friends to an excursion in Fj\u00e4rdhundraland. On two Sundays in August, attractions and businesses will be extra open - and everyone will be offering a little something extra! Visit and solve riddles, shop, compete, eat &amp;...","rel":"","context":"Similar post","block_context":{"text":"Similar post","link":""},"img":{"alt_text":"","src":"https:\/\/i0.wp.com\/www.fjardhundraland.se\/wp-content\/uploads\/2018\/02\/rebusrundan.jpg?resize=350%2C200&ssl=1","width":350,"height":200,"srcset":"https:\/\/i0.wp.com\/www.fjardhundraland.se\/wp-content\/uploads\/2018\/02\/rebusrundan.jpg?resize=350%2C200&ssl=1 1x, https:\/\/i0.wp.com\/www.fjardhundraland.se\/wp-content\/uploads\/2018\/02\/rebusrundan.jpg?resize=525%2C300&ssl=1 1.5x, https:\/\/i0.wp.com\/www.fjardhundraland.se\/wp-content\/uploads\/2018\/02\/rebusrundan.jpg?resize=700%2C400&ssl=1 2x, https:\/\/i0.wp.com\/www.fjardhundraland.se\/wp-content\/uploads\/2018\/02\/rebusrundan.jpg?resize=1050%2C600&ssl=1 3x, https:\/\/i0.wp.com\/www.fjardhundraland.se\/wp-content\/uploads\/2018\/02\/rebusrundan.jpg?resize=1400%2C800&ssl=1 4x"},"classes":[]},{"id":4533,"url":"https:\/\/www.fjardhundraland.se\/en\/event\/rebusrundan10\/vasterasrundan-with-12-stop\/","url_meta":{"origin":2795,"position":2},"title":"V\u00e4ster\u00e5srundan with 12 stops","author":"Ylva Fontell","date":"25 July 2017","format":false,"excerpt":"This is a route suggestion for Rebusrundan that is suitable for those coming from V\u00e4ster\u00e5s. The route stretches through Fj\u00e4rdhundraland's agricultural landscape mixed with forest and beautiful valleys. Many great nature experiences await you! A round with everything from interior design to old cars!  Food crafts in various forms such as calf dance and chocolate. Sale of...","rel":"","context":"Similar post","block_context":{"text":"Similar post","link":""},"img":{"alt_text":"","src":"","width":0,"height":0},"classes":[]},{"id":4539,"url":"https:\/\/www.fjardhundraland.se\/en\/event\/rebusrundan10\/balsta-stockholmsrundan-with-11-stops\/","url_meta":{"origin":2795,"position":3},"title":"B\u00e5lsta \u2013 Stockholm round with 11 stops","author":"Ylva Fontell","date":"25 July 2017","format":false,"excerpt":"This is a route suggestion for Rebusrundan that is suitable for those coming from Stockholm. The route stretches through Fj\u00e4rdhundraland's agricultural landscape mixed with forest and beautiful valleys. Many great nature experiences await you! Several stops with organic food crafts, such as cheeses, jams, charcuterie, apple juice and pastries. You can also buy eggs, flowers and garden plants ....","rel":"","context":"Similar post","block_context":{"text":"Similar post","link":""},"img":{"alt_text":"","src":"","width":0,"height":0},"classes":[]},{"id":4537,"url":"https:\/\/www.fjardhundraland.se\/en\/event\/rebusrundan10\/sala-heby-round-by-13-stop\/","url_meta":{"origin":2795,"position":4},"title":"Sala \u2013 Hebyrundan with 13 stops","author":"Ylva Fontell","date":"25 July 2017","format":false,"excerpt":"This is a route suggestion for Rebusrundan that is suitable for those who come from Sala or Heby. The route stretches through Fj\u00e4rdhundraland's agricultural landscape mixed with forest and beautiful valleys. Many great nature experiences await you! Several stops have a lot of history to tell about rune stones, soldier villages and old village schools. In several places there are ecological...","rel":"","context":"Similar post","block_context":{"text":"Similar post","link":""},"img":{"alt_text":"","src":"","width":0,"height":0},"classes":[]},{"id":4530,"url":"https:\/\/www.fjardhundraland.se\/en\/event\/rebusrundan10\/uppsala-round-by-12-stop\/","url_meta":{"origin":2795,"position":5},"title":"Uppsala roundabout with 12 stops","author":"Ylva Fontell","date":"25 July 2017","format":false,"excerpt":"This is a route suggestion for the Rebus round suitable for those coming from Uppsala. The route stretches through Fj\u00e4rdhundraland's agricultural landscape mixed with forest and beautiful valleys. Many great nature experiences await you! You will find food crafts in various forms such as cheeses, jams, charcuterie and pastries. You can also buy eggs, flowers and garden plants ....","rel":"","context":"Similar post","block_context":{"text":"Similar post","link":""},"img":{"alt_text":"","src":"","width":0,"height":0},"classes":[]}],"jetpack_sharing_enabled":true,"_links":{"self":[{"href":"https:\/\/www.fjardhundraland.se\/en\/wp-json\/wp\/v2\/pages\/2795","targetHints":{"allow":["GET"]}}],"collection":[{"href":"https:\/\/www.fjardhundraland.se\/en\/wp-json\/wp\/v2\/pages"}],"about":[{"href":"https:\/\/www.fjardhundraland.se\/en\/wp-json\/wp\/v2\/types\/page"}],"author":[{"embeddable":true,"href":"https:\/\/www.fjardhundraland.se\/en\/wp-json\/wp\/v2\/users\/1"}],"replies":[{"embeddable":true,"href":"https:\/\/www.fjardhundraland.se\/en\/wp-json\/wp\/v2\/comments?post=2795"}],"version-history":[{"count":1,"href":"https:\/\/www.fjardhundraland.se\/en\/wp-json\/wp\/v2\/pages\/2795\/revisions"}],"predecessor-version":[{"id":19803,"href":"https:\/\/www.fjardhundraland.se\/en\/wp-json\/wp\/v2\/pages\/2795\/revisions\/19803"}],"up":[{"embeddable":true,"href":"https:\/\/www.fjardhundraland.se\/en\/wp-json\/wp\/v2\/pages\/2394"}],"wp:attachment":[{"href":"https:\/\/www.fjardhundraland.se\/en\/wp-json\/wp\/v2\/media?parent=2795"}],"wp:term":[{"taxonomy":"category","embeddable":true,"href":"https:\/\/www.fjardhundraland.se\/en\/wp-json\/wp\/v2\/categories?post=2795"},{"taxonomy":"post_tag","embeddable":true,"href":"https:\/\/www.fjardhundraland.se\/en\/wp-json\/wp\/v2\/tags?post=2795"}],"curies":[{"name":"wp","href":"https:\/\/api.w.org\/{rel}","templated":true}]}}