
{"id":2738,"date":"2015-07-15T23:25:59","date_gmt":"2015-07-15T21:25:59","guid":{"rendered":"http:\/\/www.fjardhundraland.se\/?page_id=2738"},"modified":"2025-08-29T12:08:35","modified_gmt":"2025-08-29T10:08:35","slug":"food-people","status":"publish","type":"page","link":"https:\/\/www.fjardhundraland.se\/en\/evenemang-rundor\/mat-manniskor\/","title":{"rendered":"Food &amp; People - the food round"},"content":{"rendered":"<p class=\"has-medium-font-size\"><strong>Food &amp; People - <\/strong>the weekend of September 20 - 21, 2025 at 11-17<\/p>\n\n\n\n<p>Smell, taste, look, enjoy - Food &amp; People is the tour for all the senses where food and people are at the center.<\/p>\n\n\n\n<p>Read more at <a href=\"https:\/\/www.fjardhundraland.se\/en\/matomanniskor\/\">https:\/\/www.fjardhundraland.se\/matomanniskor\/<\/a><\/p>","protected":false},"excerpt":{"rendered":"<p>Food &amp; People - the weekend of 20 - 21 September 2025 at 11-17 Smell, taste, look, enjoy - Food &amp; People is the round for all the senses when food and people are at the center. Read more at https:\/\/www.fjardhundraland.se\/matomanniskor\/<\/p>","protected":false},"author":1,"featured_media":5371,"parent":2163,"menu_order":15,"comment_status":"closed","ping_status":"closed","template":"","meta":{"_acf_changed":false,"_relevanssi_hide_post":"","_relevanssi_hide_content":"","_relevanssi_pin_for_all":"","_relevanssi_pin_keywords":"","_relevanssi_unpin_keywords":"","_relevanssi_related_keywords":"","_relevanssi_related_include_ids":"","_relevanssi_related_exclude_ids":"","_relevanssi_related_no_append":"","_relevanssi_related_not_related":"","_relevanssi_related_posts":"7284,16533,16405,4687,5416,3568","_relevanssi_noindex_reason":"","_genesis_hide_title":false,"_genesis_hide_breadcrumbs":false,"_genesis_hide_singular_image":false,"_genesis_hide_footer_widgets":false,"_genesis_custom_body_class":"","_genesis_custom_post_class":"","_genesis_layout":"","footnotes":""},"categories":[],"tags":[],"class_list":{"0":"post-2738","1":"page","2":"type-page","3":"status-publish","4":"has-post-thumbnail","6":"entry"},"acf":[],"visa":null,"geo_latitude":null,"geo_longitude":null,"featured_image_src":"https:\/\/www.fjardhundraland.se\/wp-content\/uploads\/2018\/08\/mat-och-macc88nniskor-header.jpg","featured_image_src_square":"https:\/\/www.fjardhundraland.se\/wp-content\/uploads\/2018\/08\/mat-och-macc88nniskor-header.jpg","jetpack-related-posts":[{"id":2942,"url":"https:\/\/www.fjardhundraland.se\/en\/evenemang-rundor\/mat-manniskor\/enkat-mat-manniskor\/","url_meta":{"origin":2738,"position":0},"title":"Survey Food &amp; People","author":"Mats Thorburn","date":"26 September 2015","format":false,"excerpt":"[gravityform id=\"6\" title=\"false\" description=\"true\"] Tack f\u00f6r hj\u00e4lpen! Vi v\u00e4ljer ut n\u00e5gra vinnare bland de inl\u00e4mnade synpunkterna och meddelar per e-post och h\u00e4r p\u00e5 webbsidan senast 15 oktober.","rel":"","context":"Similar post","block_context":{"text":"Similar post","link":""},"img":{"alt_text":"","src":"","width":0,"height":0},"classes":[]},{"id":2163,"url":"https:\/\/www.fjardhundraland.se\/en\/evenemang-rundor\/","url_meta":{"origin":2738,"position":1},"title":"Events in 2026","author":"Mats Thorburn","date":"4 April 2014","format":false,"excerpt":"CONTENTS","rel":"","context":"Similar post","block_context":{"text":"Similar post","link":""},"img":{"alt_text":"Loppisrundan p\u00e5 Dunderbo ljus & hantverk","src":"https:\/\/i0.wp.com\/www.fjardhundraland.se\/wp-content\/uploads\/2021\/06\/dunderbo-ljus-hantverk-loppisrundan2019juli06-15.jpg?resize=350%2C200&ssl=1","width":350,"height":200,"srcset":"https:\/\/i0.wp.com\/www.fjardhundraland.se\/wp-content\/uploads\/2021\/06\/dunderbo-ljus-hantverk-loppisrundan2019juli06-15.jpg?resize=350%2C200&ssl=1 1x, https:\/\/i0.wp.com\/www.fjardhundraland.se\/wp-content\/uploads\/2021\/06\/dunderbo-ljus-hantverk-loppisrundan2019juli06-15.jpg?resize=525%2C300&ssl=1 1.5x, https:\/\/i0.wp.com\/www.fjardhundraland.se\/wp-content\/uploads\/2021\/06\/dunderbo-ljus-hantverk-loppisrundan2019juli06-15.jpg?resize=700%2C400&ssl=1 2x, https:\/\/i0.wp.com\/www.fjardhundraland.se\/wp-content\/uploads\/2021\/06\/dunderbo-ljus-hantverk-loppisrundan2019juli06-15.jpg?resize=1050%2C600&ssl=1 3x, https:\/\/i0.wp.com\/www.fjardhundraland.se\/wp-content\/uploads\/2021\/06\/dunderbo-ljus-hantverk-loppisrundan2019juli06-15.jpg?resize=1400%2C800&ssl=1 4x"},"classes":[]},{"id":18106,"url":"https:\/\/www.fjardhundraland.se\/en\/magasin-fjardhundraland\/","url_meta":{"origin":2738,"position":2},"title":"Magazine Fj\u00e4rdhundraland","author":"Mats Thorburn","date":"3 May 2025","format":false,"excerpt":"Fj\u00e4rdhundraland magazine and map This year's magazine is now available, along with an updated paper map. The Fj\u00e4rdhundraland magazine tells the stories of the people who run businesses in the area, and their destinations. Each issue usually contains articles on food, coffee, gardening, crafts, culture and history. Along with the magazine, we have created a map, where you...","rel":"","context":"Similar post","block_context":{"text":"Similar post","link":""},"img":{"alt_text":"","src":"https:\/\/i0.wp.com\/www.fjardhundraland.se\/wp-content\/uploads\/2025\/05\/magasin-2025-framsida.jpg?resize=350%2C200&ssl=1","width":350,"height":200,"srcset":"https:\/\/i0.wp.com\/www.fjardhundraland.se\/wp-content\/uploads\/2025\/05\/magasin-2025-framsida.jpg?resize=350%2C200&ssl=1 1x, https:\/\/i0.wp.com\/www.fjardhundraland.se\/wp-content\/uploads\/2025\/05\/magasin-2025-framsida.jpg?resize=525%2C300&ssl=1 1.5x, https:\/\/i0.wp.com\/www.fjardhundraland.se\/wp-content\/uploads\/2025\/05\/magasin-2025-framsida.jpg?resize=700%2C400&ssl=1 2x, https:\/\/i0.wp.com\/www.fjardhundraland.se\/wp-content\/uploads\/2025\/05\/magasin-2025-framsida.jpg?resize=1050%2C600&ssl=1 3x, https:\/\/i0.wp.com\/www.fjardhundraland.se\/wp-content\/uploads\/2025\/05\/magasin-2025-framsida.jpg?resize=1400%2C800&ssl=1 4x"},"classes":[]},{"id":5231,"url":"https:\/\/www.fjardhundraland.se\/en\/cykla\/","url_meta":{"origin":2738,"position":3},"title":"Cycling in the countryside near nature and culture","author":"Mats Thorburn","date":"28 June 2018","format":false,"excerpt":"Cycling small roads near Stockholm, Uppsala and V\u00e4ster\u00e5s Views, cafes, good food, sights - but above all all these winding small roads through a beautiful agricultural landscape, accompanied by birdsong and the wings of history! Fj\u00e4rdhundraland welcomes you as a cyclist. Small roads are everywhere, and that's no coincidence. People in ancient and medieval times traveled on foot and...","rel":"","context":"In &quot;Cykling&quot;","block_context":{"text":"Cykling","link":"https:\/\/www.fjardhundraland.se\/en\/cykling\/"},"img":{"alt_text":"Cyklar parkerade framf\u00f6r Nys\u00e4tra kyrka","src":"https:\/\/i0.wp.com\/www.fjardhundraland.se\/wp-content\/uploads\/2018\/06\/cykling.jpg?resize=350%2C200&ssl=1","width":350,"height":200,"srcset":"https:\/\/i0.wp.com\/www.fjardhundraland.se\/wp-content\/uploads\/2018\/06\/cykling.jpg?resize=350%2C200&ssl=1 1x, https:\/\/i0.wp.com\/www.fjardhundraland.se\/wp-content\/uploads\/2018\/06\/cykling.jpg?resize=525%2C300&ssl=1 1.5x, https:\/\/i0.wp.com\/www.fjardhundraland.se\/wp-content\/uploads\/2018\/06\/cykling.jpg?resize=700%2C400&ssl=1 2x, https:\/\/i0.wp.com\/www.fjardhundraland.se\/wp-content\/uploads\/2018\/06\/cykling.jpg?resize=1050%2C600&ssl=1 3x, https:\/\/i0.wp.com\/www.fjardhundraland.se\/wp-content\/uploads\/2018\/06\/cykling.jpg?resize=1400%2C800&ssl=1 4x"},"classes":[]},{"id":7312,"url":"https:\/\/www.fjardhundraland.se\/en\/om-fjardhundraland\/fjardhundraland-ekonomisk-forening\/bli-medlem\/","url_meta":{"origin":2738,"position":4},"title":"Sign up","author":"Mats Thorburn","date":"8 September 2020","format":false,"excerpt":"Welcome as a member of Fj\u00e4rdhundraland economic association! The fact that you join strengthens our common network, and makes us even better at giving our visitors a good experience. Fill in the application form here. Ten good reasons to become a member You think it's important to cooperate. 1+1=3.You...","rel":"","context":"Similar post","block_context":{"text":"Similar post","link":""},"img":{"alt_text":"","src":"","width":0,"height":0},"classes":[]},{"id":4572,"url":"https:\/\/www.fjardhundraland.se\/en\/evenemang-rundor\/rebusrundan10\/navigera-med-google-maps\/","url_meta":{"origin":2738,"position":5},"title":"Navigate with Google Maps","author":"Ylva Fontell","date":"26 July 2017","format":false,"excerpt":"There are many winding back roads in Fj\u00e4rdhundraland. They are beautiful and part of the journey, but sometimes it's hard to know which is the right one to get to your destination. Navigating using Google Maps will help you find your way. Here's how you do it: Open the...","rel":"","context":"Similar post","block_context":{"text":"Similar post","link":""},"img":{"alt_text":"","src":"","width":0,"height":0},"classes":[]}],"jetpack_sharing_enabled":true,"_links":{"self":[{"href":"https:\/\/www.fjardhundraland.se\/en\/wp-json\/wp\/v2\/pages\/2738","targetHints":{"allow":["GET"]}}],"collection":[{"href":"https:\/\/www.fjardhundraland.se\/en\/wp-json\/wp\/v2\/pages"}],"about":[{"href":"https:\/\/www.fjardhundraland.se\/en\/wp-json\/wp\/v2\/types\/page"}],"author":[{"embeddable":true,"href":"https:\/\/www.fjardhundraland.se\/en\/wp-json\/wp\/v2\/users\/1"}],"replies":[{"embeddable":true,"href":"https:\/\/www.fjardhundraland.se\/en\/wp-json\/wp\/v2\/comments?post=2738"}],"version-history":[{"count":1,"href":"https:\/\/www.fjardhundraland.se\/en\/wp-json\/wp\/v2\/pages\/2738\/revisions"}],"predecessor-version":[{"id":18818,"href":"https:\/\/www.fjardhundraland.se\/en\/wp-json\/wp\/v2\/pages\/2738\/revisions\/18818"}],"up":[{"embeddable":true,"href":"https:\/\/www.fjardhundraland.se\/en\/wp-json\/wp\/v2\/pages\/2163"}],"wp:featuredmedia":[{"embeddable":true,"href":"https:\/\/www.fjardhundraland.se\/en\/wp-json\/wp\/v2\/media\/5371"}],"wp:attachment":[{"href":"https:\/\/www.fjardhundraland.se\/en\/wp-json\/wp\/v2\/media?parent=2738"}],"wp:term":[{"taxonomy":"category","embeddable":true,"href":"https:\/\/www.fjardhundraland.se\/en\/wp-json\/wp\/v2\/categories?post=2738"},{"taxonomy":"post_tag","embeddable":true,"href":"https:\/\/www.fjardhundraland.se\/en\/wp-json\/wp\/v2\/tags?post=2738"}],"curies":[{"name":"wp","href":"https:\/\/api.w.org\/{rel}","templated":true}]}}