
{"id":2163,"date":"2014-04-04T17:00:43","date_gmt":"2014-04-04T15:00:43","guid":{"rendered":"http:\/\/www.fjardhundraland.se\/event\/"},"modified":"2026-01-23T11:31:32","modified_gmt":"2026-01-23T10:31:32","slug":"event","status":"publish","type":"page","link":"https:\/\/www.fjardhundraland.se\/en\/event\/","title":{"rendered":"Events in 2026"},"content":{"rendered":"<p>Every year, Fj\u00e4rdhundraland invites you to several joint events, in addition to all the <a href=\"https:\/\/www.fjardhundraland.se\/nu\/\">hundreds of activities our members carry out in a year<\/a>.<\/p>\n\n\n\n<p>The rounds are the most popular events, which entice visitors to discover new places along the small roads.<\/p>\n\n\n\n<h2 class=\"wp-block-heading\">New <strong>Rebus Round - Saturday 9 and Sunday 10 May 2026<\/strong><\/h2>\n\n\n\n<p>Open farms, shops, caf\u00e9s and eateries across the area. Each location has a puzzle for visitors to solve - if you're lucky, you'll win prizes at one of the puzzle locations you visit. The prizes are donated by the participants. Extra prizes are also available. Read more about <a href=\"https:\/\/www.fjardhundraland.se\/en\/riddle-round\/\" target=\"_blank\" rel=\"noreferrer noopener\">The New Rebus Round<\/a>.<\/p>\n\n\n\n<h2 class=\"wp-block-heading\"><strong>Flea Market Tour - Saturday 4 and Sunday 5 July 2026<\/strong><\/h2>\n\n\n\n<p>A tour with lots of flea markets in many different places. Read more about <a href=\"https:\/\/www.fjardhundraland.se\/en\/flea-market-tour\/\" target=\"_blank\" rel=\"noreferrer noopener\">Flea Market Tour<\/a>.<\/p>\n\n\n\n<h2 class=\"wp-block-heading\"><strong>Tuva &amp; T\u00e4ppa - Saturday 1 and Sunday 2 August 2026<\/strong><\/h2>\n\n\n\n<p>The garden tour where private gardens mix with commercial gardens and garden inspiration Read more about <a href=\"https:\/\/www.fjardhundraland.se\/en\/tuva\/\">Tuva &amp; Stuff<\/a> .<\/p>\n\n\n\n<h2 class=\"wp-block-heading\"><strong>Food &amp; People<\/strong> -<strong>Saturday 29 and Sunday 30 August 2026<\/strong><\/h2>\n\n\n\n<p>The food tour where visitors travel between food producers and eateries. At each place there is a tasting portion to buy - it will be like a tasting menu with all the flavors of Fj\u00e4rdhundraland. You'll also have the opportunity to meet producers and buy their products to take home. Food &amp; people, simply put! Read more about <a href=\"https:\/\/www.fjardhundraland.se\/en\/matomanniskor\/\">Food &amp; People<\/a> <\/p>\n\n\n\n<h2 class=\"wp-block-heading\"><strong>The Creative Round<\/strong> - <strong>Saturday 17 and Sunday 18 October 2026<\/strong><\/h2>\n\n\n\n<p>Fj\u00e4rdhundraland's creators invite you, your family and friends to an excursion into the world of creation! You will have the opportunity to visit workshops and see how objects are made, and with some of the participants you can even try your hand at it. Read more about <a href=\"https:\/\/www.fjardhundraland.se\/en\/kreativa\/\" data-type=\"link\" data-id=\"https:\/\/www.fjardhundraland.se\/kreativa\/\">The Creative Round<\/a><\/p>\n\n\n\n<hr class=\"wp-block-separator has-alpha-channel-opacity is-style-wide\"\/>\n\n\n\n<p><\/p>","protected":false},"excerpt":{"rendered":"<p>CONTENTS<\/p>","protected":false},"author":1,"featured_media":9097,"parent":0,"menu_order":12,"comment_status":"open","ping_status":"closed","template":"","meta":{"_acf_changed":false,"_relevanssi_hide_post":"","_relevanssi_hide_content":"","_relevanssi_pin_for_all":"","_relevanssi_pin_keywords":"","_relevanssi_unpin_keywords":"","_relevanssi_related_keywords":"","_relevanssi_related_include_ids":"","_relevanssi_related_exclude_ids":"","_relevanssi_related_no_append":"","_relevanssi_related_not_related":"","_relevanssi_related_posts":"10366,12584,13560,4786,10768,11244","_relevanssi_noindex_reason":"","_genesis_hide_title":false,"_genesis_hide_breadcrumbs":false,"_genesis_hide_singular_image":false,"_genesis_hide_footer_widgets":false,"_genesis_custom_body_class":"","_genesis_custom_post_class":"","_genesis_layout":"","footnotes":""},"categories":[],"tags":[],"class_list":{"0":"post-2163","1":"page","2":"type-page","3":"status-publish","4":"has-post-thumbnail","6":"entry"},"acf":[],"visa":null,"geo_latitude":null,"geo_longitude":null,"featured_image_src":"https:\/\/www.fjardhundraland.se\/wp-content\/uploads\/2021\/06\/dunderbo-ljus-hantverk-loppisrundan2019juli06-15.jpg","featured_image_src_square":"https:\/\/www.fjardhundraland.se\/wp-content\/uploads\/2021\/06\/dunderbo-ljus-hantverk-loppisrundan2019juli06-15.jpg","jetpack-related-posts":[{"id":2394,"url":"https:\/\/www.fjardhundraland.se\/en\/event\/rebusrundan10\/","url_meta":{"origin":2163,"position":0},"title":"Rebusrundan 2021","author":"Mats Thorburn","date":"18 June 2014","format":false,"excerpt":"Date\/Time Sunday, August 1 and 8, 2021, 11 a.m. to 5 p.m. Rebusrundan invites you, your family and friends to an excursion in Fj\u00e4rdhundraland. On two Sundays in August, attractions and businesses will be extra open - and everyone will be offering a little something extra! Visit and solve riddles, shop, compete, eat &amp;...","rel":"","context":"Similar post","block_context":{"text":"Similar post","link":""},"img":{"alt_text":"","src":"https:\/\/i0.wp.com\/www.fjardhundraland.se\/wp-content\/uploads\/2018\/02\/rebusrundan.jpg?resize=350%2C200&ssl=1","width":350,"height":200,"srcset":"https:\/\/i0.wp.com\/www.fjardhundraland.se\/wp-content\/uploads\/2018\/02\/rebusrundan.jpg?resize=350%2C200&ssl=1 1x, https:\/\/i0.wp.com\/www.fjardhundraland.se\/wp-content\/uploads\/2018\/02\/rebusrundan.jpg?resize=525%2C300&ssl=1 1.5x, https:\/\/i0.wp.com\/www.fjardhundraland.se\/wp-content\/uploads\/2018\/02\/rebusrundan.jpg?resize=700%2C400&ssl=1 2x, https:\/\/i0.wp.com\/www.fjardhundraland.se\/wp-content\/uploads\/2018\/02\/rebusrundan.jpg?resize=1050%2C600&ssl=1 3x, https:\/\/i0.wp.com\/www.fjardhundraland.se\/wp-content\/uploads\/2018\/02\/rebusrundan.jpg?resize=1400%2C800&ssl=1 4x"},"classes":[]},{"id":4537,"url":"https:\/\/www.fjardhundraland.se\/en\/event\/rebusrundan10\/sala-heby-round-by-13-stop\/","url_meta":{"origin":2163,"position":1},"title":"Sala \u2013 Hebyrundan with 13 stops","author":"Ylva Fontell","date":"25 July 2017","format":false,"excerpt":"This is a route suggestion for Rebusrundan that is suitable for those who come from Sala or Heby. The route stretches through Fj\u00e4rdhundraland's agricultural landscape mixed with forest and beautiful valleys. Many great nature experiences await you! Several stops have a lot of history to tell about rune stones, soldier villages and old village schools. In several places there are ecological...","rel":"","context":"Similar post","block_context":{"text":"Similar post","link":""},"img":{"alt_text":"","src":"","width":0,"height":0},"classes":[]},{"id":4533,"url":"https:\/\/www.fjardhundraland.se\/en\/event\/rebusrundan10\/vasterasrundan-with-12-stop\/","url_meta":{"origin":2163,"position":2},"title":"V\u00e4ster\u00e5srundan with 12 stops","author":"Ylva Fontell","date":"25 July 2017","format":false,"excerpt":"This is a route suggestion for Rebusrundan that is suitable for those coming from V\u00e4ster\u00e5s. The route stretches through Fj\u00e4rdhundraland's agricultural landscape mixed with forest and beautiful valleys. Many great nature experiences await you! A round with everything from interior design to old cars!  Food crafts in various forms such as calf dance and chocolate. Sale of...","rel":"","context":"Similar post","block_context":{"text":"Similar post","link":""},"img":{"alt_text":"","src":"","width":0,"height":0},"classes":[]},{"id":4036,"url":"https:\/\/www.fjardhundraland.se\/en\/event\/tuft-drop\/","url_meta":{"origin":2163,"position":3},"title":"Tuva &amp; Stuff","author":"Ylva Fontell","date":"7 April 2017","format":false,"excerpt":"A garden tour near Stockholm, Uppsala and V\u00e4ster\u00e5s Tr\u00e4dg\u00e5rdsrundan Tuva &amp; t\u00e4ppa is Fj\u00e4rdhundraland's annual event for garden lovers! Visit display gardens, private gardens and plantations - talk gardening and growing with the enthusiasts and professional growers. Get inspiration and tips on what you can do at home in your own patch. Tuva &amp;...","rel":"","context":"Similar post","block_context":{"text":"Similar post","link":""},"img":{"alt_text":"Tr\u00e4dg\u00e5rdsrundan Tuva & T\u00e4ppa","src":"https:\/\/i0.wp.com\/www.fjardhundraland.se\/wp-content\/uploads\/2017\/04\/buskage-kopia.jpg?resize=350%2C200&ssl=1","width":350,"height":200,"srcset":"https:\/\/i0.wp.com\/www.fjardhundraland.se\/wp-content\/uploads\/2017\/04\/buskage-kopia.jpg?resize=350%2C200&ssl=1 1x, https:\/\/i0.wp.com\/www.fjardhundraland.se\/wp-content\/uploads\/2017\/04\/buskage-kopia.jpg?resize=525%2C300&ssl=1 1.5x, https:\/\/i0.wp.com\/www.fjardhundraland.se\/wp-content\/uploads\/2017\/04\/buskage-kopia.jpg?resize=700%2C400&ssl=1 2x, https:\/\/i0.wp.com\/www.fjardhundraland.se\/wp-content\/uploads\/2017\/04\/buskage-kopia.jpg?resize=1050%2C600&ssl=1 3x, https:\/\/i0.wp.com\/www.fjardhundraland.se\/wp-content\/uploads\/2017\/04\/buskage-kopia.jpg?resize=1400%2C800&ssl=1 4x"},"classes":[]},{"id":4530,"url":"https:\/\/www.fjardhundraland.se\/en\/event\/rebusrundan10\/uppsala-round-by-12-stop\/","url_meta":{"origin":2163,"position":4},"title":"Uppsala roundabout with 12 stops","author":"Ylva Fontell","date":"25 July 2017","format":false,"excerpt":"This is a route suggestion for the Rebus round suitable for those coming from Uppsala. The route stretches through Fj\u00e4rdhundraland's agricultural landscape mixed with forest and beautiful valleys. Many great nature experiences await you! You will find food crafts in various forms such as cheeses, jams, charcuterie and pastries. You can also buy eggs, flowers and garden plants ....","rel":"","context":"Similar post","block_context":{"text":"Similar post","link":""},"img":{"alt_text":"","src":"","width":0,"height":0},"classes":[]},{"id":4539,"url":"https:\/\/www.fjardhundraland.se\/en\/event\/rebusrundan10\/balsta-stockholmsrundan-with-11-stops\/","url_meta":{"origin":2163,"position":5},"title":"B\u00e5lsta \u2013 Stockholm round with 11 stops","author":"Ylva Fontell","date":"25 July 2017","format":false,"excerpt":"This is a route suggestion for Rebusrundan that is suitable for those coming from Stockholm. The route stretches through Fj\u00e4rdhundraland's agricultural landscape mixed with forest and beautiful valleys. Many great nature experiences await you! Several stops with organic food crafts, such as cheeses, jams, charcuterie, apple juice and pastries. You can also buy eggs, flowers and garden plants ....","rel":"","context":"Similar post","block_context":{"text":"Similar post","link":""},"img":{"alt_text":"","src":"","width":0,"height":0},"classes":[]}],"jetpack_sharing_enabled":true,"_links":{"self":[{"href":"https:\/\/www.fjardhundraland.se\/en\/wp-json\/wp\/v2\/pages\/2163","targetHints":{"allow":["GET"]}}],"collection":[{"href":"https:\/\/www.fjardhundraland.se\/en\/wp-json\/wp\/v2\/pages"}],"about":[{"href":"https:\/\/www.fjardhundraland.se\/en\/wp-json\/wp\/v2\/types\/page"}],"author":[{"embeddable":true,"href":"https:\/\/www.fjardhundraland.se\/en\/wp-json\/wp\/v2\/users\/1"}],"replies":[{"embeddable":true,"href":"https:\/\/www.fjardhundraland.se\/en\/wp-json\/wp\/v2\/comments?post=2163"}],"version-history":[{"count":12,"href":"https:\/\/www.fjardhundraland.se\/en\/wp-json\/wp\/v2\/pages\/2163\/revisions"}],"predecessor-version":[{"id":19489,"href":"https:\/\/www.fjardhundraland.se\/en\/wp-json\/wp\/v2\/pages\/2163\/revisions\/19489"}],"wp:featuredmedia":[{"embeddable":true,"href":"https:\/\/www.fjardhundraland.se\/en\/wp-json\/wp\/v2\/media\/9097"}],"wp:attachment":[{"href":"https:\/\/www.fjardhundraland.se\/en\/wp-json\/wp\/v2\/media?parent=2163"}],"wp:term":[{"taxonomy":"category","embeddable":true,"href":"https:\/\/www.fjardhundraland.se\/en\/wp-json\/wp\/v2\/categories?post=2163"},{"taxonomy":"post_tag","embeddable":true,"href":"https:\/\/www.fjardhundraland.se\/en\/wp-json\/wp\/v2\/tags?post=2163"}],"curies":[{"name":"wp","href":"https:\/\/api.w.org\/{rel}","templated":true}]}}