
{"id":1903,"date":"2014-03-02T00:11:36","date_gmt":"2014-03-01T23:11:36","guid":{"rendered":"http:\/\/www.fjardhundraland.se\/?page_id=1903"},"modified":"2025-09-12T13:07:39","modified_gmt":"2025-09-12T11:07:39","slug":"fjardhundraland-economic-association","status":"publish","type":"page","link":"https:\/\/www.fjardhundraland.se\/en\/om-fjardhundraland\/fjardhundraland-ekonomisk-forening\/","title":{"rendered":"Fj\u00e4rdhundraland economic association"},"content":{"rendered":"<p><span style=\"line-height: 1.5em;\">Fj\u00e4rdhundraland is developed by&nbsp;<\/span><em style=\"line-height: 1.5em;\">Fj\u00e4rdhundraland economic association<\/em><span style=\"line-height: 1.5em;\">, which was formed in 2011. The association is working on developing visitor experiences and creating new collaborations.<\/span><span style=\"line-height: 1.5em;\">&nbsp;All work aims to give our visitors a better experience.&nbsp;<\/span><\/p>\n\n\n\n<h2 class=\"wp-block-heading\">Want to know more about Fj\u00e4rdhundraland economic association?<\/h2>\n\n\n\n<p>Read <a href=\"https:\/\/www.fjardhundraland.se\/en\/about-fjardhundraland\/common-questions\/\">Frequently asked questions here<\/a>. Fj\u00e4rdhundraland has its origins in the LEADER project <a href=\"https:\/\/www.fjardhundraland.se\/en\/2019\/10\/tourism-in-the-fjardhundra-region\/\">Tourism in Fj\u00e4rdhundrabygden<\/a> which went on in 2009\u20132011.<\/p>\n\n\n\n<h2 class=\"wp-block-heading\">Want to join?<\/h2>\n\n\n\n<p><a aria-label=\"Read more here about becoming a member (opens in a new tab)\" href=\"https:\/\/www.fjardhundraland.se\/en\/about-fjardhundraland\/fjardhundraland-economic-association\/sign-up\/\" target=\"_blank\" rel=\"noreferrer noopener\" class=\"rank-math-link\">Read more here to become a member<\/a>.<\/p>\n\n\n\n<p><a href=\"https:\/\/docs.google.com\/forms\/d\/e\/1FAIpQLScCe_rZQnfBu34EVSGUUJtG988iqXa-gdolRRz-Cj-WGJcYtA\/viewform\" target=\"_blank\" aria-label=\" (opens in a new tab)\" rel=\"noreferrer noopener\" class=\"rank-math-link\">Withdrawal application<\/a> (applies only to you who are a full member)<\/p>\n\n\n\n<h2 class=\"wp-block-heading\">Board of Directors 2025-26<\/h2>\n\n\n\n<p>Thomas Bj\u00f6rk,\u00a0<a href=\"https:\/\/www.fjardhundraland.se\/en\/place-2\/j%c3%a4dra-gard\/\">J\u00e4dra g\u00e5rd<\/a>, Chairman, <a href=\"mailto:thomas@fjardhundraland.se\">thomas@fjardhundraland.se<\/a>, 070-899 29 19.<br>Mats Thorburn, <a title=\"Pekoe organic tea\" href=\"https:\/\/www.fjardhundraland.se\/en\/place-2\/pekoe-organic-tea\/\">Pekoe\u00a0ekologiskt te<\/a>, Vice Chairman, <a href=\"mailto:mats@fjardhundraland.se\">mats@fjardhundraland.se<\/a>, 0701-739399.<br>Inga Ekblom, <a title=\"Gyllene Brunnen fest och konferens\" href=\"https:\/\/www.fjardhundraland.se\/en\/place-2\/gyllene-brunnen-fest-och-konferens\/\">Gyllene brunnen<\/a>, treasurer<br>Diana Hallberg, <a href=\"https:\/\/www.fjardhundraland.se\/en\/place-2\/dh-ceramics\/\" data-type=\"plats\" data-id=\"8358\">DH Keramik<\/a><br>Elin Nyfjord, <a href=\"https:\/\/www.fjardhundraland.se\/en\/place-2\/ekolsund-castle-ward-house\/\" data-type=\"plats\" data-id=\"8449\">Ekolsunds slott &amp; w\u00e4rdshus<\/a> <br>Jennie H\u00f6gberg, <a href=\"https:\/\/www.fjardhundraland.se\/en\/place-2\/hogbergs-bus-with-the-uppland-tour\/\" data-type=\"plats\" data-id=\"12619\">H\u00f6gberg's bus<\/a><br>Margareta Backstr\u00f6m \u00d6berg, <a href=\"https:\/\/www.fjardhundraland.se\/en\/place-2\/lazy-girl\/\" data-type=\"plats\" data-id=\"3759\">Laugh the maid<\/a><br><\/p>\n\n\n\n<h2 class=\"wp-block-heading\">Graphic profile<\/h2>\n\n\n\n<p><span style=\"line-height: 1.5em;\">&nbsp;<\/span><a href=\"https:\/\/www.fjardhundraland.se\/en\/about-fjardhundraland\/graphic-profile\/\">Here is the logo and instructions about the graphic profile.<\/a><\/p>","protected":false},"excerpt":{"rendered":"<p>Fj\u00e4rdhundraland utvecklas inom&nbsp;Fj\u00e4rdhundraland ekonomisk f\u00f6rening, som bildades 2011. F\u00f6reningen arbetar med att utveckla bes\u00f6ksn\u00e4ring och skapa nya samarbeten.&nbsp;Allt arbete syftar till att ge v\u00e5ra bes\u00f6kare en b\u00e4ttre upplevelse.&nbsp; Vill du veta mer om&nbsp;Fj\u00e4rdhundraland ekonomisk f\u00f6rening? L\u00e4s Vanliga fr\u00e5gor h\u00e4r. Fj\u00e4rdhundraland har sin upprinnelse i LEADER-projektet Turism i Fj\u00e4rdhundrabygden som p\u00e5gick 2009\u20132011. Vill du bli medlem? [&hellip;]<\/p>\n","protected":false},"author":1,"featured_media":0,"parent":1515,"menu_order":41,"comment_status":"closed","ping_status":"closed","template":"","meta":{"_acf_changed":false,"_relevanssi_hide_post":"","_relevanssi_hide_content":"","_relevanssi_pin_for_all":"","_relevanssi_pin_keywords":"","_relevanssi_unpin_keywords":"","_relevanssi_related_keywords":"","_relevanssi_related_include_ids":"","_relevanssi_related_exclude_ids":"","_relevanssi_related_no_append":"","_relevanssi_related_not_related":"","_relevanssi_related_posts":"4786,3022,11478,41,5379,6296","_relevanssi_noindex_reason":"","_genesis_hide_title":false,"_genesis_hide_breadcrumbs":false,"_genesis_hide_singular_image":false,"_genesis_hide_footer_widgets":false,"_genesis_custom_body_class":"","_genesis_custom_post_class":"","_genesis_layout":"","footnotes":""},"categories":[],"tags":[],"class_list":{"0":"post-1903","1":"page","2":"type-page","3":"status-publish","5":"entry"},"acf":[],"visa":null,"geo_latitude":null,"geo_longitude":null,"featured_image_src":null,"featured_image_src_square":null,"jetpack-related-posts":[{"id":7312,"url":"https:\/\/www.fjardhundraland.se\/en\/om-fjardhundraland\/fjardhundraland-ekonomisk-forening\/bli-medlem\/","url_meta":{"origin":1903,"position":0},"title":"Sign up","author":"Mats Thorburn","date":"8 September 2020","format":false,"excerpt":"Welcome as a member of Fj\u00e4rdhundraland economic association! The fact that you join strengthens our common network, and makes us even better at giving our visitors a good experience. Fill in the application form here. Ten good reasons to become a member You think it's important to cooperate. 1+1=3.You...","rel":"","context":"Similar post","block_context":{"text":"Similar post","link":""},"img":{"alt_text":"","src":"","width":0,"height":0},"classes":[]},{"id":6016,"url":"https:\/\/www.fjardhundraland.se\/en\/om-fjardhundraland\/vanliga-fragor\/","url_meta":{"origin":1903,"position":1},"title":"Frequently asked questions","author":"Mats Thorburn","date":"11 September 2019","format":false,"excerpt":"Where is Fj\u00e4rdhundraland located? Our area is defined by where our members are located - between V\u00e4ster\u00e5s, Sala, Str\u00e4ngn\u00e4s, Uppsala, Enk\u00f6ping and Stockholm. We have not set any borders because borders are not interesting for visitors. Take a look at the map! What does \u201dFj\u00e4rdhundraland\u201d mean? The name comes from the Viking\/medieval homeland of the same name....","rel":"","context":"Similar post","block_context":{"text":"Similar post","link":""},"img":{"alt_text":"","src":"","width":0,"height":0},"classes":[]},{"id":1515,"url":"https:\/\/www.fjardhundraland.se\/en\/om-fjardhundraland\/","url_meta":{"origin":1903,"position":2},"title":"About Fj\u00e4rdhundraland","author":"Mats Thorburn","date":"8 January 2014","format":false,"excerpt":"In Fj\u00e4rdhundraland we gather good experiences in a living countryside with history, nature experiences and budding small businesses: cafes, accommodation, farm shops and much more! Lots of food crafts, nature, culture - all within an hour from Stockholm, Uppsala and V\u00e4ster\u00e5s. The name Fj\u00e4rdhundraland comes from the medieval folk country Fj\u00e4drundaland. Today's Fj\u00e4rdhundraland has no borders. The goal is to create a large area of...","rel":"","context":"Similar post","block_context":{"text":"Similar post","link":""},"img":{"alt_text":"","src":"","width":0,"height":0},"classes":[]},{"id":15836,"url":"https:\/\/www.fjardhundraland.se\/en\/projekt\/","url_meta":{"origin":1903,"position":3},"title":"The project","author":"Mats Thorburn","date":"26 May 2024","format":false,"excerpt":"Sometimes Fj\u00e4rhundraland ekonomisk f\u00f6rening seeks projects, to be able to implement ideas that require greater resources than we have in our regular activities. Here are listed projects that we run or have run. The list is not complete, and will be updated. Hiking and tourism in Fj\u00e4rdhundraland - 2023 - October 31, 2024....","rel":"","context":"Similar post","block_context":{"text":"Similar post","link":""},"img":{"alt_text":"","src":"","width":0,"height":0},"classes":[]},{"id":9481,"url":"https:\/\/www.fjardhundraland.se\/en\/om-fjardhundraland\/forelasning-utveckling-samarbete\/","url_meta":{"origin":1903,"position":4},"title":"Book a lecture","author":"Mats Thorburn","date":"10 November 2021","format":false,"excerpt":"A lecture is a great start to a rural development or destination development project, or when you want to show the benefits of working together! Fj\u00e4rdhundraland has built a destination from zero to 150 members in ten years, starting with a Leader project. Now you can book one of Mats Thorburn's popular lectures...","rel":"","context":"Similar post","block_context":{"text":"Similar post","link":""},"img":{"alt_text":"Stora turismpriset utdelning december 2019 Mats Thorburn","src":"https:\/\/i0.wp.com\/www.fjardhundraland.se\/wp-content\/uploads\/2021\/11\/stora-turismpriset-utdelning-december-2019-mats-thorburn.jpg?resize=350%2C200&ssl=1","width":350,"height":200,"srcset":"https:\/\/i0.wp.com\/www.fjardhundraland.se\/wp-content\/uploads\/2021\/11\/stora-turismpriset-utdelning-december-2019-mats-thorburn.jpg?resize=350%2C200&ssl=1 1x, https:\/\/i0.wp.com\/www.fjardhundraland.se\/wp-content\/uploads\/2021\/11\/stora-turismpriset-utdelning-december-2019-mats-thorburn.jpg?resize=525%2C300&ssl=1 1.5x, https:\/\/i0.wp.com\/www.fjardhundraland.se\/wp-content\/uploads\/2021\/11\/stora-turismpriset-utdelning-december-2019-mats-thorburn.jpg?resize=700%2C400&ssl=1 2x, https:\/\/i0.wp.com\/www.fjardhundraland.se\/wp-content\/uploads\/2021\/11\/stora-turismpriset-utdelning-december-2019-mats-thorburn.jpg?resize=1050%2C600&ssl=1 3x, https:\/\/i0.wp.com\/www.fjardhundraland.se\/wp-content\/uploads\/2021\/11\/stora-turismpriset-utdelning-december-2019-mats-thorburn.jpg?resize=1400%2C800&ssl=1 4x"},"classes":[]},{"id":2420,"url":"https:\/\/www.fjardhundraland.se\/en\/vill-du-ha-tips-om-evenemang\/","url_meta":{"origin":1903,"position":5},"title":"Want tips from Fj\u00e4rdhundraland?","author":"Mats Thorburn","date":"20 June 2014","format":false,"excerpt":"Enter your e-mail here and we will hear from you when something is going on! Subscribe * Required Email * First Name Last Name Permission Fj\u00e4rdhundraland Economic Association will only use this information to send out invitations and information via email.","rel":"","context":"Similar post","block_context":{"text":"Similar post","link":""},"img":{"alt_text":"","src":"","width":0,"height":0},"classes":[]}],"jetpack_sharing_enabled":true,"_links":{"self":[{"href":"https:\/\/www.fjardhundraland.se\/en\/wp-json\/wp\/v2\/pages\/1903","targetHints":{"allow":["GET"]}}],"collection":[{"href":"https:\/\/www.fjardhundraland.se\/en\/wp-json\/wp\/v2\/pages"}],"about":[{"href":"https:\/\/www.fjardhundraland.se\/en\/wp-json\/wp\/v2\/types\/page"}],"author":[{"embeddable":true,"href":"https:\/\/www.fjardhundraland.se\/en\/wp-json\/wp\/v2\/users\/1"}],"replies":[{"embeddable":true,"href":"https:\/\/www.fjardhundraland.se\/en\/wp-json\/wp\/v2\/comments?post=1903"}],"version-history":[{"count":3,"href":"https:\/\/www.fjardhundraland.se\/en\/wp-json\/wp\/v2\/pages\/1903\/revisions"}],"predecessor-version":[{"id":18889,"href":"https:\/\/www.fjardhundraland.se\/en\/wp-json\/wp\/v2\/pages\/1903\/revisions\/18889"}],"up":[{"embeddable":true,"href":"https:\/\/www.fjardhundraland.se\/en\/wp-json\/wp\/v2\/pages\/1515"}],"wp:attachment":[{"href":"https:\/\/www.fjardhundraland.se\/en\/wp-json\/wp\/v2\/media?parent=1903"}],"wp:term":[{"taxonomy":"category","embeddable":true,"href":"https:\/\/www.fjardhundraland.se\/en\/wp-json\/wp\/v2\/categories?post=1903"},{"taxonomy":"post_tag","embeddable":true,"href":"https:\/\/www.fjardhundraland.se\/en\/wp-json\/wp\/v2\/tags?post=1903"}],"curies":[{"name":"wp","href":"https:\/\/api.w.org\/{rel}","templated":true}]}}