
{"id":1809,"date":"2014-02-28T12:18:06","date_gmt":"2014-02-28T11:18:06","guid":{"rendered":"http:\/\/www.fjardhundraland.se\/?page_id=1809"},"modified":"2020-03-12T08:54:30","modified_gmt":"2020-03-12T07:54:30","slug":"graphic-profile","status":"publish","type":"page","link":"https:\/\/www.fjardhundraland.se\/en\/om-fjardhundraland\/grafisk-profil\/","title":{"rendered":"Graphic profile"},"content":{"rendered":"<p>The profile is simple. It has three main parts: the logo, the colors and the heading section.<\/p>\n\n\n\n<h2 class=\"wp-block-heading\">The logo<figure><a href=\"https:\/\/www.fjardhundraland.se\/wp-content\/uploads\/2013\/12\/LogoFjardhundraland250px.png\"><img decoding=\"async\" data-attachment-id=\"1002\" data-permalink=\"https:\/\/www.fjardhundraland.se\/en\/om-fjardhundraland\/grafisk-profil\/attachment\/logofjardhundraland250px\/\" data-orig-file=\"https:\/\/www.fjardhundraland.se\/wp-content\/uploads\/2013\/12\/LogoFjardhundraland250px.png\" data-orig-size=\"250,250\" data-comments-opened=\"0\" data-image-meta=\"{&quot;aperture&quot;:&quot;0&quot;,&quot;credit&quot;:&quot;&quot;,&quot;camera&quot;:&quot;&quot;,&quot;caption&quot;:&quot;&quot;,&quot;created_timestamp&quot;:&quot;0&quot;,&quot;copyright&quot;:&quot;&quot;,&quot;focal_length&quot;:&quot;0&quot;,&quot;iso&quot;:&quot;0&quot;,&quot;shutter_speed&quot;:&quot;0&quot;,&quot;title&quot;:&quot;&quot;,&quot;orientation&quot;:&quot;0&quot;}\" data-image-title=\"LogoFjardhundraland250px\" data-image-description=\"\" data-image-caption=\"\" data-large-file=\"https:\/\/www.fjardhundraland.se\/wp-content\/uploads\/2013\/12\/LogoFjardhundraland250px.png\" class=\"wp-image-1002 alignright\" src=\"https:\/\/www.fjardhundraland.se\/wp-content\/uploads\/2013\/12\/LogoFjardhundraland250px.png\" alt=\"LogoFjardhundraland250px\" width=\"192\" height=\"192\" title=\"\"><\/a><\/figure><\/h2>\n\n\n\n<p>The logo is about to be incorporated. By using it <strong>as often as we can<\/strong> We strengthen the brand and make the area more attractive.<\/p>\n\n\n\n<p>Retrieve <a title=\"Logo for printed matter EPS\" href=\"https:\/\/drive.google.com\/folderview?id=0Bz4NHYxkqfkzdUJXQncydGNoQ28&amp;usp=sharing\" target=\"_blank\" rel=\"noopener noreferrer\">for printed matter<\/a> \u2022 <a title=\"For Office\" href=\"https:\/\/drive.google.com\/folderview?id=0Bz4NHYxkqfkzTTY5aVJOU2FsZXc&amp;usp=sharing\" target=\"_blank\" rel=\"noopener noreferrer\">for Office<\/a> \u2022 <a title=\"For the web\" href=\"https:\/\/drive.google.com\/folderview?id=0Bz4NHYxkqfkzSWxQVkE3c0o0Rlk&amp;usp=sharing\" target=\"_blank\" rel=\"noopener noreferrer\">for web<\/a>.<\/p>\n\n\n\n<p class=\"has-text-align-left\"><img decoding=\"async\" width=\"141\" height=\"141\" data-attachment-id=\"6532\" data-permalink=\"https:\/\/www.fjardhundraland.se\/en\/om-fjardhundraland\/grafisk-profil\/attachment\/medlem-fjardhundraland-stora-turismpriset\/\" data-orig-file=\"https:\/\/www.fjardhundraland.se\/wp-content\/uploads\/2020\/03\/medlem-fjardhundraland-stora-turismpriset.svg\" data-orig-size=\"141,141\" data-comments-opened=\"0\" data-image-meta=\"[]\" data-image-title=\"Medlem-Fjardhundraland-Stora-Turismpriset\" data-image-description=\"\" data-image-caption=\"\" data-large-file=\"https:\/\/www.fjardhundraland.se\/wp-content\/uploads\/2020\/03\/medlem-fjardhundraland-stora-turismpriset.svg\" class=\"wp-image-6532\" style=\"width: 141.8px;\" src=\"https:\/\/www.fjardhundraland.se\/wp-content\/uploads\/2020\/03\/medlem-fjardhundraland-stora-turismpriset.svg\" alt=\"Logo Fj\u00e4rdhundraland with text Winner Big Tourism Award 2019\" title=\"\"><br><a href=\"http:\/\/j.mp\/fjh-turism-logo\">Logo with text Stora Turismpriset<\/a> (for members only).<\/p>\n\n\n\n<h2 class=\"wp-block-heading\">colors<\/h2>\n\n\n\n<p>The main colors are dark red and dark blue. Please let them be somewhere, as a base.<\/p>\n\n\n\n<p><span style=\"color: #8a1b1a;\"><strong>RED:<\/strong><br><\/span>PMS484 \u2022 C 25%, M 100%, Y 100%, K 29% \u2022 # 8A1B1A \u2022 R 138, G 27, B 26<\/p>\n\n\n\n<p><span style=\"color: #24265f;\"><strong>Blue:<\/strong><\/span><br>PMS2766 \u2022 C 100%, M 97%, Y 30%, K 25% \u2022 # 24265F \u2022 R 36, G 38, B 95<\/p>\n\n\n\n<h2 class=\"wp-block-heading\">font<\/h2>\n\n\n\n<p>The heading section is named <a title=\"League Gothic\" href=\"https:\/\/www.theleagueofmoveabletype.com\/league-gothic\" target=\"_blank\" rel=\"noopener noreferrer\">League Gothic<\/a> and is Open Source, ie free to use. <a title=\"font\" href=\"https:\/\/drive.google.com\/folderview?id=0Bz4NHYxkqfkzbWpvc1dwX2xpQ2M&amp;usp=sharing\" target=\"_blank\" rel=\"noopener noreferrer\">Download here<\/a>. Use it in headings, capital letters (uppercase letters). <a title=\"Example\" href=\"https:\/\/drive.google.com\/folderview?id=0B59-Y2_D-G_NeDVneklvbU5JX0U&amp;usp=sharing\" target=\"_blank\" rel=\"noopener noreferrer\">Check out examples of things that have been done here<\/a>.<\/p>\n\n\n\n<p>You choose the body text font. <\/p>\n\n\n\n<p>All files are also available <a title=\"All files profile Fj\u00e4rdhundrandand\" href=\"https:\/\/drive.google.com\/folderview?id=0Bz4NHYxkqfkzN2U0NWI1MzAtNGI3ZC00NmRmLTllZmUtMzE5Y2ZlM2E0MTk3&amp;usp=sharing\" target=\"_blank\" rel=\"noopener noreferrer\">gathered here<\/a>. questions: <a href=\"mailto:mats@underhuset.com\">Mats Thorburn<\/a>, 0701-739399.<\/p>\n\n\n\n<p><strong>PS<\/strong>: Show that you are a member by <a title=\"BADGE\" rel=\"noopener noreferrer\" href=\"https:\/\/drive.google.com\/folderview?id=0B59-Y2_D-G_NRmxrUmFiMExjdnM&amp;usp=sharing\" target=\"_blank\">Add this to your web<\/a>.<\/p>\n\n\n\n<p><img decoding=\"async\" width=\"150\" height=\"217\" data-attachment-id=\"6529\" data-permalink=\"https:\/\/www.fjardhundraland.se\/en\/om-fjardhundraland\/grafisk-profil\/attachment\/medlemfjardhundraland-2\/\" data-orig-file=\"https:\/\/www.fjardhundraland.se\/wp-content\/uploads\/2020\/03\/medlemfjardhundraland.png\" data-orig-size=\"300,434\" data-comments-opened=\"0\" data-image-meta=\"{&quot;aperture&quot;:&quot;0&quot;,&quot;credit&quot;:&quot;&quot;,&quot;camera&quot;:&quot;&quot;,&quot;caption&quot;:&quot;&quot;,&quot;created_timestamp&quot;:&quot;0&quot;,&quot;copyright&quot;:&quot;&quot;,&quot;focal_length&quot;:&quot;0&quot;,&quot;iso&quot;:&quot;0&quot;,&quot;shutter_speed&quot;:&quot;0&quot;,&quot;title&quot;:&quot;&quot;,&quot;orientation&quot;:&quot;0&quot;}\" data-image-title=\"MedlemFjardhundraland\" data-image-description=\"\" data-image-caption=\"\" data-large-file=\"https:\/\/www.fjardhundraland.se\/wp-content\/uploads\/2020\/03\/medlemfjardhundraland.png\" class=\"wp-image-6529\" style=\"width: 150px;\" src=\"https:\/\/www.fjardhundraland.se\/wp-content\/uploads\/2020\/03\/medlemfjardhundraland.png\" alt=\"\" title=\"\"><\/p>","protected":false},"excerpt":{"rendered":"<p>Profilen \u00e4r enkel. Den har tre huvudsakliga delar: logotypen, f\u00e4rgerna och rubriktypsnittet. Logotypen Logotypen \u00e4r p\u00e5 v\u00e4g att bli inarbetad. Genom att anv\u00e4nda den s\u00e5 ofta vi kan st\u00e4rker vi varum\u00e4rket och g\u00f6r omr\u00e5det mer attraktivt. H\u00e4mta f\u00f6r trycksaker \u2022 f\u00f6r Office \u2022 f\u00f6r webb. Logo med text Stora Turismpriset (endast f\u00f6r medlemmar). F\u00e4rger Huvudf\u00e4rgerna [&hellip;]<\/p>\n","protected":false},"author":4,"featured_media":0,"parent":1515,"menu_order":43,"comment_status":"open","ping_status":"open","template":"","meta":{"_acf_changed":false,"_relevanssi_hide_post":"","_relevanssi_hide_content":"","_relevanssi_pin_for_all":"","_relevanssi_pin_keywords":"","_relevanssi_unpin_keywords":"","_relevanssi_related_keywords":"","_relevanssi_related_include_ids":"","_relevanssi_related_exclude_ids":"","_relevanssi_related_no_append":"","_relevanssi_related_not_related":"","_relevanssi_related_posts":"","_relevanssi_noindex_reason":"","_genesis_hide_title":false,"_genesis_hide_breadcrumbs":false,"_genesis_hide_singular_image":false,"_genesis_hide_footer_widgets":false,"_genesis_custom_body_class":"","_genesis_custom_post_class":"","_genesis_layout":"","footnotes":""},"categories":[],"tags":[],"class_list":{"0":"post-1809","1":"page","2":"type-page","3":"status-publish","5":"entry"},"acf":[],"visa":null,"geo_latitude":null,"geo_longitude":null,"featured_image_src":null,"featured_image_src_square":null,"jetpack-related-posts":[{"id":1903,"url":"https:\/\/www.fjardhundraland.se\/en\/om-fjardhundraland\/fjardhundraland-ekonomisk-forening\/","url_meta":{"origin":1809,"position":0},"title":"Fj\u00e4rdhundraland economic association","author":"Mats Thorburn","date":"2 March 2014","format":false,"excerpt":"Fj\u00e4rdhundraland is being developed within the Fj\u00e4rdhundraland economic association, which was formed in 2011. The association works to develop the tourism industry and create new partnerships. All work aims to give our visitors a better experience.  Would you like to know more about Fj\u00e4rdhundraland Economic Association? Read the Frequently Asked Questions here. Fj\u00e4rdhundraland has its origins in the LEADER project Tourism in Fj\u00e4rdhundrabygden, which was...","rel":"","context":"Similar post","block_context":{"text":"Similar post","link":""},"img":{"alt_text":"","src":"","width":0,"height":0},"classes":[]},{"id":7759,"url":"https:\/\/www.fjardhundraland.se\/en\/om-fjardhundraland\/till-dig-som-ar-ny-medlem\/","url_meta":{"origin":1809,"position":1},"title":"To you who are a new member","author":"Mats Thorburn","date":"13 March 2021","format":false,"excerpt":"Welcome to Fj\u00e4rdhundraland! Fj\u00e4rdhundraland is what we make it - together we can do something really good for our visitors! By working together, I can contribute with what is easy for me, and get help from others with what I find difficult. In Fj\u00e4rdhundraland we work on behalf of our visitors - they...","rel":"","context":"In &quot;Inl\u00e4gg&quot;","block_context":{"text":"Inl\u00e4gg","link":"https:\/\/www.fjardhundraland.se\/en\/inlagg\/"},"img":{"alt_text":"","src":"","width":0,"height":0},"classes":[]},{"id":6016,"url":"https:\/\/www.fjardhundraland.se\/en\/om-fjardhundraland\/vanliga-fragor\/","url_meta":{"origin":1809,"position":2},"title":"Frequently asked questions","author":"Mats Thorburn","date":"11 September 2019","format":false,"excerpt":"Where is Fj\u00e4rdhundraland located? Our area is defined by where our members are located - between V\u00e4ster\u00e5s, Sala, Str\u00e4ngn\u00e4s, Uppsala, Enk\u00f6ping and Stockholm. We have not set any borders because borders are not interesting for visitors. Take a look at the map! What does \u201dFj\u00e4rdhundraland\u201d mean? The name comes from the Viking\/medieval homeland of the same name....","rel":"","context":"Similar post","block_context":{"text":"Similar post","link":""},"img":{"alt_text":"","src":"","width":0,"height":0},"classes":[]},{"id":5231,"url":"https:\/\/www.fjardhundraland.se\/en\/cykla\/","url_meta":{"origin":1809,"position":3},"title":"Cycling in the countryside near nature and culture","author":"Mats Thorburn","date":"28 June 2018","format":false,"excerpt":"Cycling small roads near Stockholm, Uppsala and V\u00e4ster\u00e5s Views, cafes, good food, sights - but above all all these winding small roads through a beautiful agricultural landscape, accompanied by birdsong and the wings of history! Fj\u00e4rdhundraland welcomes you as a cyclist. Small roads are everywhere, and that's no coincidence. People in ancient and medieval times traveled on foot and...","rel":"","context":"In &quot;Cykling&quot;","block_context":{"text":"Cykling","link":"https:\/\/www.fjardhundraland.se\/en\/cykling\/"},"img":{"alt_text":"Cyklar parkerade framf\u00f6r Nys\u00e4tra kyrka","src":"https:\/\/i0.wp.com\/www.fjardhundraland.se\/wp-content\/uploads\/2018\/06\/cykling.jpg?resize=350%2C200&ssl=1","width":350,"height":200,"srcset":"https:\/\/i0.wp.com\/www.fjardhundraland.se\/wp-content\/uploads\/2018\/06\/cykling.jpg?resize=350%2C200&ssl=1 1x, https:\/\/i0.wp.com\/www.fjardhundraland.se\/wp-content\/uploads\/2018\/06\/cykling.jpg?resize=525%2C300&ssl=1 1.5x, https:\/\/i0.wp.com\/www.fjardhundraland.se\/wp-content\/uploads\/2018\/06\/cykling.jpg?resize=700%2C400&ssl=1 2x, https:\/\/i0.wp.com\/www.fjardhundraland.se\/wp-content\/uploads\/2018\/06\/cykling.jpg?resize=1050%2C600&ssl=1 3x, https:\/\/i0.wp.com\/www.fjardhundraland.se\/wp-content\/uploads\/2018\/06\/cykling.jpg?resize=1400%2C800&ssl=1 4x"},"classes":[]},{"id":20251,"url":"https:\/\/www.fjardhundraland.se\/en\/inlagg\/2026\/pask-i-fjardhundraland\/","url_meta":{"origin":1809,"position":4},"title":"Easter in Fj\u00e4rdhundraland","author":"Marloes","date":"18 March 2026","format":false,"excerpt":"The best way to experience spring is in the countryside near the city. This is the firm opinion of many Fj\u00e4rdhundraland members. Because close to nature, in a rolling cultural landscape with farm shops, pottery workshops and caf\u00e9s, you can hear the birds' spring song even better, and smell the spicy scent of the earth coming to life. The...","rel":"","context":"Similar post","block_context":{"text":"Similar post","link":""},"img":{"alt_text":"","src":"https:\/\/i0.wp.com\/www.fjardhundraland.se\/wp-content\/uploads\/2021\/04\/pask-i-fjardhundraland-tupp-och-hona.jpg?resize=350%2C200&ssl=1","width":350,"height":200,"srcset":"https:\/\/i0.wp.com\/www.fjardhundraland.se\/wp-content\/uploads\/2021\/04\/pask-i-fjardhundraland-tupp-och-hona.jpg?resize=350%2C200&ssl=1 1x, https:\/\/i0.wp.com\/www.fjardhundraland.se\/wp-content\/uploads\/2021\/04\/pask-i-fjardhundraland-tupp-och-hona.jpg?resize=525%2C300&ssl=1 1.5x, https:\/\/i0.wp.com\/www.fjardhundraland.se\/wp-content\/uploads\/2021\/04\/pask-i-fjardhundraland-tupp-och-hona.jpg?resize=700%2C400&ssl=1 2x, https:\/\/i0.wp.com\/www.fjardhundraland.se\/wp-content\/uploads\/2021\/04\/pask-i-fjardhundraland-tupp-och-hona.jpg?resize=1050%2C600&ssl=1 3x, https:\/\/i0.wp.com\/www.fjardhundraland.se\/wp-content\/uploads\/2021\/04\/pask-i-fjardhundraland-tupp-och-hona.jpg?resize=1400%2C800&ssl=1 4x"},"classes":[]},{"id":7312,"url":"https:\/\/www.fjardhundraland.se\/en\/om-fjardhundraland\/fjardhundraland-ekonomisk-forening\/bli-medlem\/","url_meta":{"origin":1809,"position":5},"title":"Sign up","author":"Mats Thorburn","date":"8 September 2020","format":false,"excerpt":"Welcome as a member of Fj\u00e4rdhundraland economic association! The fact that you join strengthens our common network, and makes us even better at giving our visitors a good experience. Fill in the application form here. Ten good reasons to become a member You think it's important to cooperate. 1+1=3.You...","rel":"","context":"Similar post","block_context":{"text":"Similar post","link":""},"img":{"alt_text":"","src":"","width":0,"height":0},"classes":[]}],"jetpack_sharing_enabled":true,"_links":{"self":[{"href":"https:\/\/www.fjardhundraland.se\/en\/wp-json\/wp\/v2\/pages\/1809","targetHints":{"allow":["GET"]}}],"collection":[{"href":"https:\/\/www.fjardhundraland.se\/en\/wp-json\/wp\/v2\/pages"}],"about":[{"href":"https:\/\/www.fjardhundraland.se\/en\/wp-json\/wp\/v2\/types\/page"}],"author":[{"embeddable":true,"href":"https:\/\/www.fjardhundraland.se\/en\/wp-json\/wp\/v2\/users\/4"}],"replies":[{"embeddable":true,"href":"https:\/\/www.fjardhundraland.se\/en\/wp-json\/wp\/v2\/comments?post=1809"}],"version-history":[{"count":0,"href":"https:\/\/www.fjardhundraland.se\/en\/wp-json\/wp\/v2\/pages\/1809\/revisions"}],"up":[{"embeddable":true,"href":"https:\/\/www.fjardhundraland.se\/en\/wp-json\/wp\/v2\/pages\/1515"}],"wp:attachment":[{"href":"https:\/\/www.fjardhundraland.se\/en\/wp-json\/wp\/v2\/media?parent=1809"}],"wp:term":[{"taxonomy":"category","embeddable":true,"href":"https:\/\/www.fjardhundraland.se\/en\/wp-json\/wp\/v2\/categories?post=1809"},{"taxonomy":"post_tag","embeddable":true,"href":"https:\/\/www.fjardhundraland.se\/en\/wp-json\/wp\/v2\/tags?post=1809"}],"curies":[{"name":"wp","href":"https:\/\/api.w.org\/{rel}","templated":true}]}}