
{"id":1800,"date":"2014-02-28T11:38:56","date_gmt":"2014-02-28T10:38:56","guid":{"rendered":"http:\/\/www.fjardhundraland.se\/?page_id=1800"},"modified":"2025-09-16T23:42:36","modified_gmt":"2025-09-16T21:42:36","slug":"exit","status":"publish","type":"page","link":"https:\/\/www.fjardhundraland.se\/en\/om-fjardhundraland\/uttrade\/","title":{"rendered":"Exit"},"content":{"rendered":"<p>Do you want to end your membership in Fj\u00e4rdhundraland ek. you fill in this form:<\/p>\n<p><a href=\"https:\/\/docs.google.com\/forms\/d\/e\/1FAIpQLScCe_rZQnfBu34EVSGUUJtG988iqXa-gdolRRz-Cj-WGJcYtA\/viewform\" target=\"_blank\" rel=\"noopener\">withdrawal form<\/a><\/p>\n<p>NOTE! This only applies to full members.<\/p>\n<p>If you want to stop being a supporting member, please send a message to inga@fjardhundraland.se.<\/p>","protected":false},"excerpt":{"rendered":"<p>If you want to terminate your membership in Fj\u00e4rdhundraland ek. association, please fill in this form: Withdrawal form NOTE! This only applies to full members. If you want to stop being a supporting member, send a message to inga@fjardhundraland.se<\/p>","protected":false},"author":4,"featured_media":0,"parent":1515,"menu_order":45,"comment_status":"closed","ping_status":"closed","template":"","meta":{"_acf_changed":false,"_relevanssi_hide_post":"","_relevanssi_hide_content":"","_relevanssi_pin_for_all":"","_relevanssi_pin_keywords":"","_relevanssi_unpin_keywords":"","_relevanssi_related_keywords":"","_relevanssi_related_include_ids":"","_relevanssi_related_exclude_ids":"","_relevanssi_related_no_append":"","_relevanssi_related_not_related":"","_relevanssi_related_posts":"","_relevanssi_noindex_reason":"Rank Math Uteslut fr\u00e5n Relevanssi index","_genesis_hide_title":false,"_genesis_hide_breadcrumbs":false,"_genesis_hide_singular_image":false,"_genesis_hide_footer_widgets":false,"_genesis_custom_body_class":"","_genesis_custom_post_class":"","_genesis_layout":"","footnotes":""},"categories":[],"tags":[],"class_list":{"0":"post-1800","1":"page","2":"type-page","3":"status-publish","5":"entry"},"acf":[],"visa":null,"geo_latitude":null,"geo_longitude":null,"featured_image_src":null,"featured_image_src_square":null,"jetpack-related-posts":[{"id":14913,"url":"https:\/\/www.fjardhundraland.se\/en\/favoriter\/","url_meta":{"origin":1800,"position":0},"title":"Favourites","author":"Mats Thorburn","date":"12 February 2024","format":false,"excerpt":"Here is a selection of favorites in Fj\u00e4rdhundraland! Want to make your own favorite page? Click \u201dSave\u201d on the places you want to keep, and click \ud83d\udda4 on the top right. There you will find the link.","rel":"","context":"Similar post","block_context":{"text":"Similar post","link":""},"img":{"alt_text":"","src":"","width":0,"height":0},"classes":[]},{"id":7312,"url":"https:\/\/www.fjardhundraland.se\/en\/om-fjardhundraland\/fjardhundraland-ekonomisk-forening\/bli-medlem\/","url_meta":{"origin":1800,"position":1},"title":"Sign up","author":"Mats Thorburn","date":"8 September 2020","format":false,"excerpt":"Welcome as a member of Fj\u00e4rdhundraland economic association! The fact that you join strengthens our common network, and makes us even better at giving our visitors a good experience. Fill in the application form here. Ten good reasons to become a member You think it's important to cooperate. 1+1=3.You...","rel":"","context":"Similar post","block_context":{"text":"Similar post","link":""},"img":{"alt_text":"","src":"","width":0,"height":0},"classes":[]},{"id":4572,"url":"https:\/\/www.fjardhundraland.se\/en\/evenemang-rundor\/rebusrundan10\/navigera-med-google-maps\/","url_meta":{"origin":1800,"position":2},"title":"Navigate with Google Maps","author":"Ylva Fontell","date":"26 July 2017","format":false,"excerpt":"There are many winding back roads in Fj\u00e4rdhundraland. They are beautiful and part of the journey, but sometimes it's hard to know which is the right one to get to your destination. Navigating using Google Maps will help you find your way. Here's how you do it: Open the...","rel":"","context":"Similar post","block_context":{"text":"Similar post","link":""},"img":{"alt_text":"","src":"","width":0,"height":0},"classes":[]},{"id":2420,"url":"https:\/\/www.fjardhundraland.se\/en\/vill-du-ha-tips-om-evenemang\/","url_meta":{"origin":1800,"position":3},"title":"Want tips from Fj\u00e4rdhundraland?","author":"Mats Thorburn","date":"20 June 2014","format":false,"excerpt":"Enter your e-mail here and we will hear from you when something is going on! Subscribe * Required Email * First Name Last Name Permission Fj\u00e4rdhundraland Economic Association will only use this information to send out invitations and information via email.","rel":"","context":"Similar post","block_context":{"text":"Similar post","link":""},"img":{"alt_text":"","src":"","width":0,"height":0},"classes":[]},{"id":1489,"url":"https:\/\/www.fjardhundraland.se\/en\/lokal-mat-och-akta-kansla-nara-storstan\/","url_meta":{"origin":1800,"position":4},"title":"Fj\u00e4rdhundralandThe country near the big city","author":"Mats Thorburn","date":"30 December 2013","format":false,"excerpt":"Want to get close to nature? Meet the people who grew your food? In Fj\u00e4rdhundraland, winding country lanes lead you between caf\u00e9s and farm shops, while rune stones and medieval churches line the way. Take a break from everyday life and experience the land near you. You won't find this much fantastic food crafts, nature experiences and exciting history anywhere else...","rel":"","context":"Similar post","block_context":{"text":"Similar post","link":""},"img":{"alt_text":"","src":"","width":0,"height":0},"classes":[]},{"id":6016,"url":"https:\/\/www.fjardhundraland.se\/en\/om-fjardhundraland\/vanliga-fragor\/","url_meta":{"origin":1800,"position":5},"title":"Frequently asked questions","author":"Mats Thorburn","date":"11 September 2019","format":false,"excerpt":"Where is Fj\u00e4rdhundraland located? Our area is defined by where our members are located - between V\u00e4ster\u00e5s, Sala, Str\u00e4ngn\u00e4s, Uppsala, Enk\u00f6ping and Stockholm. We have not set any borders because borders are not interesting for visitors. Take a look at the map! What does \u201dFj\u00e4rdhundraland\u201d mean? The name comes from the Viking\/medieval homeland of the same name....","rel":"","context":"Similar post","block_context":{"text":"Similar post","link":""},"img":{"alt_text":"","src":"","width":0,"height":0},"classes":[]}],"jetpack_sharing_enabled":true,"_links":{"self":[{"href":"https:\/\/www.fjardhundraland.se\/en\/wp-json\/wp\/v2\/pages\/1800","targetHints":{"allow":["GET"]}}],"collection":[{"href":"https:\/\/www.fjardhundraland.se\/en\/wp-json\/wp\/v2\/pages"}],"about":[{"href":"https:\/\/www.fjardhundraland.se\/en\/wp-json\/wp\/v2\/types\/page"}],"author":[{"embeddable":true,"href":"https:\/\/www.fjardhundraland.se\/en\/wp-json\/wp\/v2\/users\/4"}],"replies":[{"embeddable":true,"href":"https:\/\/www.fjardhundraland.se\/en\/wp-json\/wp\/v2\/comments?post=1800"}],"version-history":[{"count":1,"href":"https:\/\/www.fjardhundraland.se\/en\/wp-json\/wp\/v2\/pages\/1800\/revisions"}],"predecessor-version":[{"id":18896,"href":"https:\/\/www.fjardhundraland.se\/en\/wp-json\/wp\/v2\/pages\/1800\/revisions\/18896"}],"up":[{"embeddable":true,"href":"https:\/\/www.fjardhundraland.se\/en\/wp-json\/wp\/v2\/pages\/1515"}],"wp:attachment":[{"href":"https:\/\/www.fjardhundraland.se\/en\/wp-json\/wp\/v2\/media?parent=1800"}],"wp:term":[{"taxonomy":"category","embeddable":true,"href":"https:\/\/www.fjardhundraland.se\/en\/wp-json\/wp\/v2\/categories?post=1800"},{"taxonomy":"post_tag","embeddable":true,"href":"https:\/\/www.fjardhundraland.se\/en\/wp-json\/wp\/v2\/tags?post=1800"}],"curies":[{"name":"wp","href":"https:\/\/api.w.org\/{rel}","templated":true}]}}