
{"id":12897,"date":"2023-06-01T16:42:33","date_gmt":"2023-06-01T14:42:33","guid":{"rendered":"https:\/\/www.fjardhundraland.se\/?page_id=12897"},"modified":"2023-09-29T11:25:32","modified_gmt":"2023-09-29T09:25:32","slug":"book-a-study-visit","status":"publish","type":"page","link":"https:\/\/www.fjardhundraland.se\/en\/about-fjardhundraland\/book-a-study-visit\/","title":{"rendered":"Book a study visit"},"content":{"rendered":"<p><strong>Do you want to get an insight into how Fj\u00e4rdhundraland works, how we built the destination and how members use the network? Then a study visit is a great way to do so. You get the story of Fj\u00e4rdhundraland, but also get to meet the individual members, who share their experiences and motivations.<\/strong> <strong>A study tour in Fj\u00e4rdhundraland provides new insights into rural development and destination building.<\/strong><\/p>\n\n\n\n<p>We love visits! Not only from tourists, but also from you, our colleagues from other parts of the country. <\/p>\n\n\n\n<blockquote class=\"wp-block-quote is-layout-flow wp-block-quote-is-layout-flow\">\n<p>We are not competitors, we build attractiveness and tourism together.<\/p>\n<\/blockquote>\n\n\n\n<p>Study visits and study tours offer a lot - both for us who have the honor of presenting ourselves, and for you who come here and can learn from what we and our members have achieved. Above all, we want it to be an exchange - which is why we always get involved in the study visits, so that we get a good match with your expectations, and that we really get the opportunity to meet.<\/p>\n\n\n\n<h2 class=\"wp-block-heading\">Many opportunities for a relevant study trip<\/h2>\n\n\n\n<h3 class=\"wp-block-heading\">For example, a study visit can consist of <\/h3>\n\n\n\n<ul class=\"wp-block-list\">\n<li>A meeting where some of the Fj\u00e4rdhundraland activists participate and where we present our collaborative ways of working, in a collaborative environment. <a href=\"https:\/\/www.fjardhundraland.se\/en\/about-fjardhundraland\/training-development-cooperation\/\" data-type=\"page\" data-id=\"9481\">lecture to inspire development<\/a><\/li>\n\n\n\n<li>Workshop based on the lecture and study visits<\/li>\n\n\n\n<li>Conference time for own work<\/li>\n\n\n\n<li>Study visits to any number of members\/destinations. At each site we will meet the person in charge, who will present their site and their views on the work of Fj\u00e4rdhundraland.<\/li>\n\n\n\n<li>Dinner, attended by some Fj\u00e4rdhundraland members<\/li>\n\n\n\n<li>Overnight stay with one of our members<\/li>\n<\/ul>\n\n\n\n<h3 class=\"wp-block-heading\">Examples of topics for the study visit<\/h3>\n\n\n\n<ul class=\"wp-block-list\">\n<li>Rural development<\/li>\n\n\n\n<li>Building a destination<\/li>\n\n\n\n<li>Cooperation between small businesses<\/li>\n\n\n\n<li>Experience in different areas, such as a caf\u00e9, farm shop, garden or crafts.<\/li>\n<\/ul>\n\n\n\n<p>By having a large number of destinations to choose from, we can find relevant visits so that you can achieve your goals with the visit. We put together the program according to your wishes, with the aim of giving you an understanding of how Fj\u00e4rdhundraland has gone from Leader project to the Grand Tourism Prize and beyond.<\/p>\n\n\n\n<h2 class=\"wp-block-heading\">Study visits for small and large groups<\/h2>\n\n\n\n<p>We have experience in arranging everything from small study visits for a few people to large groups. In May 2023, for example, we hosted a group of 130 people as part of the EU conference. <a href=\"https:\/\/landsbygdsveckan.se\/landsbygdsveckan\/inenglish\/ruralpactconference\/studyvisits.4.4fe886187b62c76d2590ba.html\" target=\"_blank\" rel=\"noopener\">Rural Pact Conference 2023<\/a>.<\/p>\n\n\n\n<p>For more information and booking, please contact Thomas Bj\u00f6rk, 070-899 29 19, <a href=\"mailto:thomas@fjardhundraland.se\">thomas@fjardhundraland.se<\/a>.<\/p>","protected":false},"excerpt":{"rendered":"<p>Vill ni f\u00e5 inblick i hur Fj\u00e4rdhundraland fungerar, hur vi byggt upp destinationen och hur medlemmarna anv\u00e4nder n\u00e4tverket? D\u00e5 \u00e4r ett studiebes\u00f6k ett bra s\u00e4tt. Ni f\u00e5r ber\u00e4ttelsen om Fj\u00e4rdhundraland, men f\u00e5r ocks\u00e5 tr\u00e4ffa de enskilda medlemmarna, som bjuder p\u00e5 sina erfarenheter och drivkrafter. En studieresa i Fj\u00e4rdhundraland ger nya insikter om landsbygdsutveckling och destinationsbyggande. [&hellip;]<\/p>\n","protected":false},"author":1,"featured_media":12898,"parent":1515,"menu_order":0,"comment_status":"closed","ping_status":"closed","template":"","meta":{"_acf_changed":false,"_relevanssi_hide_post":"","_relevanssi_hide_content":"","_relevanssi_pin_for_all":"","_relevanssi_pin_keywords":"","_relevanssi_unpin_keywords":"","_relevanssi_related_keywords":"","_relevanssi_related_include_ids":"","_relevanssi_related_exclude_ids":"","_relevanssi_related_no_append":"","_relevanssi_related_not_related":"","_relevanssi_related_posts":"","_relevanssi_noindex_reason":"","_genesis_hide_title":false,"_genesis_hide_breadcrumbs":false,"_genesis_hide_singular_image":false,"_genesis_hide_footer_widgets":false,"_genesis_custom_body_class":"","_genesis_custom_post_class":"","_genesis_layout":"","footnotes":""},"categories":[],"tags":[],"class_list":{"0":"post-12897","1":"page","2":"type-page","3":"status-publish","4":"has-post-thumbnail","6":"entry"},"acf":[],"visa":null,"geo_latitude":null,"geo_longitude":null,"featured_image_src":"https:\/\/www.fjardhundraland.se\/wp-content\/uploads\/2023\/06\/studiebesok-fjardhundraland-axel-gren-600x400.jpg","featured_image_src_square":"https:\/\/www.fjardhundraland.se\/wp-content\/uploads\/2023\/06\/studiebesok-fjardhundraland-axel-gren-600x600.jpg","jetpack-related-posts":[{"id":2124,"url":"https:\/\/www.fjardhundraland.se\/en\/about-fjardhundraland\/plug\/","url_meta":{"origin":12897,"position":0},"title":"Contact","author":"Mats Thorburn","date":"15 March 2014","format":false,"excerpt":"Contact details for individual members and destinations can be found on each page, under Do &amp; Visit, Shop, Eat and Stay. Follow us: Facebook - Instagram Invoice address: Fj\u00e4rdhundraland ek f\u00f6rc\/o EkblomFr\u00f6sthults-Brunnby 11749 72 Fj\u00e4rdhundra Organization number: 769622-7417 Bankgiro 735-2693. Swish 123 261 48 32. Want to know more about the association Fj\u00e4rdhundraland, book a lecture or...","rel":"","context":"Similar post","block_context":{"text":"Similar post","link":""},"img":{"alt_text":"","src":"","width":0,"height":0},"classes":[]},{"id":6016,"url":"https:\/\/www.fjardhundraland.se\/en\/about-fjardhundraland\/common-questions\/","url_meta":{"origin":12897,"position":1},"title":"Frequently asked questions","author":"Mats Thorburn","date":"11 September 2019","format":false,"excerpt":"Where is Fj\u00e4rdhundraland located? Our area is defined by where our members are located - between V\u00e4ster\u00e5s, Sala, Str\u00e4ngn\u00e4s, Uppsala, Enk\u00f6ping and Stockholm. We have not set any borders because borders are not interesting for visitors. Take a look at the map! What does \u201dFj\u00e4rdhundraland\u201d mean? The name comes from the Viking\/medieval homeland of the same name....","rel":"","context":"Similar post","block_context":{"text":"Similar post","link":""},"img":{"alt_text":"","src":"","width":0,"height":0},"classes":[]},{"id":9481,"url":"https:\/\/www.fjardhundraland.se\/en\/about-fjardhundraland\/training-development-cooperation\/","url_meta":{"origin":12897,"position":2},"title":"Book a lecture","author":"Mats Thorburn","date":"10 November 2021","format":false,"excerpt":"A lecture is a great start to a rural development or destination development project, or when you want to show the benefits of working together! Fj\u00e4rdhundraland has built a destination from zero to 150 members in ten years, starting with a Leader project. Now you can book one of Mats Thorburn's popular lectures...","rel":"","context":"Similar post","block_context":{"text":"Similar post","link":""},"img":{"alt_text":"Stora turismpriset utdelning december 2019 Mats Thorburn","src":"https:\/\/i0.wp.com\/www.fjardhundraland.se\/wp-content\/uploads\/2021\/11\/stora-turismpriset-utdelning-december-2019-mats-thorburn.jpg?resize=350%2C200&ssl=1","width":350,"height":200,"srcset":"https:\/\/i0.wp.com\/www.fjardhundraland.se\/wp-content\/uploads\/2021\/11\/stora-turismpriset-utdelning-december-2019-mats-thorburn.jpg?resize=350%2C200&ssl=1 1x, https:\/\/i0.wp.com\/www.fjardhundraland.se\/wp-content\/uploads\/2021\/11\/stora-turismpriset-utdelning-december-2019-mats-thorburn.jpg?resize=525%2C300&ssl=1 1.5x, https:\/\/i0.wp.com\/www.fjardhundraland.se\/wp-content\/uploads\/2021\/11\/stora-turismpriset-utdelning-december-2019-mats-thorburn.jpg?resize=700%2C400&ssl=1 2x, https:\/\/i0.wp.com\/www.fjardhundraland.se\/wp-content\/uploads\/2021\/11\/stora-turismpriset-utdelning-december-2019-mats-thorburn.jpg?resize=1050%2C600&ssl=1 3x, https:\/\/i0.wp.com\/www.fjardhundraland.se\/wp-content\/uploads\/2021\/11\/stora-turismpriset-utdelning-december-2019-mats-thorburn.jpg?resize=1400%2C800&ssl=1 4x"},"classes":[]},{"id":7759,"url":"https:\/\/www.fjardhundraland.se\/en\/about-fjardhundraland\/for-new-members\/","url_meta":{"origin":12897,"position":3},"title":"To you who are a new member","author":"Mats Thorburn","date":"13 March 2021","format":false,"excerpt":"Welcome to Fj\u00e4rdhundraland! Fj\u00e4rdhundraland is what we make it - together we can do something really good for our visitors! By working together, I can contribute with what is easy for me, and get help from others with what I find difficult. In Fj\u00e4rdhundraland we work on behalf of our visitors - they...","rel":"","context":"In &quot;Inl\u00e4gg&quot;","block_context":{"text":"Inl\u00e4gg","link":"https:\/\/www.fjardhundraland.se\/en\/inlay\/"},"img":{"alt_text":"","src":"","width":0,"height":0},"classes":[]},{"id":18106,"url":"https:\/\/www.fjardhundraland.se\/en\/fjardhundraland-magazine\/","url_meta":{"origin":12897,"position":4},"title":"Magazine Fj\u00e4rdhundraland","author":"Mats Thorburn","date":"3 May 2025","format":false,"excerpt":"Fj\u00e4rdhundraland magazine and map This year's magazine is now available, along with an updated paper map. The Fj\u00e4rdhundraland magazine tells the stories of the people who run businesses in the area, and their destinations. Each issue usually contains articles on food, coffee, gardening, crafts, culture and history. Along with the magazine, we have created a map, where you...","rel":"","context":"Similar post","block_context":{"text":"Similar post","link":""},"img":{"alt_text":"","src":"https:\/\/i0.wp.com\/www.fjardhundraland.se\/wp-content\/uploads\/2025\/05\/magasin-2025-framsida.jpg?resize=350%2C200&ssl=1","width":350,"height":200,"srcset":"https:\/\/i0.wp.com\/www.fjardhundraland.se\/wp-content\/uploads\/2025\/05\/magasin-2025-framsida.jpg?resize=350%2C200&ssl=1 1x, https:\/\/i0.wp.com\/www.fjardhundraland.se\/wp-content\/uploads\/2025\/05\/magasin-2025-framsida.jpg?resize=525%2C300&ssl=1 1.5x, https:\/\/i0.wp.com\/www.fjardhundraland.se\/wp-content\/uploads\/2025\/05\/magasin-2025-framsida.jpg?resize=700%2C400&ssl=1 2x, https:\/\/i0.wp.com\/www.fjardhundraland.se\/wp-content\/uploads\/2025\/05\/magasin-2025-framsida.jpg?resize=1050%2C600&ssl=1 3x, https:\/\/i0.wp.com\/www.fjardhundraland.se\/wp-content\/uploads\/2025\/05\/magasin-2025-framsida.jpg?resize=1400%2C800&ssl=1 4x"},"classes":[]},{"id":20251,"url":"https:\/\/www.fjardhundraland.se\/en\/inlay\/2026\/pask-in-fjardhundraland-2019\/","url_meta":{"origin":12897,"position":5},"title":"Easter in Fj\u00e4rdhundraland","author":"Marloes","date":"18 March 2026","format":false,"excerpt":"Det b\u00e4sta s\u00e4ttet att uppleva v\u00e5ren \u00e4r p\u00e5 landet n\u00e4ra stan. Det \u00e4r Fj\u00e4rdhundralands m\u00e5nga medlemmarnas best\u00e4mda \u00e5sikt. F\u00f6r n\u00e4ra naturen, i ett b\u00f6ljande kulturlandskap med g\u00e5rdsbutiker, keramikverkst\u00e4der och caf\u00e9er s\u00e5 h\u00f6r man f\u00e5glarnas v\u00e5rs\u00e5ng \u00e4nnu b\u00e4ttre, och k\u00e4nner man den kryddiga doften av hur jorden vaknar till liv. Det\u2026","rel":"","context":"Similar post","block_context":{"text":"Similar post","link":""},"img":{"alt_text":"","src":"https:\/\/i0.wp.com\/www.fjardhundraland.se\/wp-content\/uploads\/2021\/04\/pask-i-fjardhundraland-tupp-och-hona.jpg?resize=350%2C200&ssl=1","width":350,"height":200,"srcset":"https:\/\/i0.wp.com\/www.fjardhundraland.se\/wp-content\/uploads\/2021\/04\/pask-i-fjardhundraland-tupp-och-hona.jpg?resize=350%2C200&ssl=1 1x, https:\/\/i0.wp.com\/www.fjardhundraland.se\/wp-content\/uploads\/2021\/04\/pask-i-fjardhundraland-tupp-och-hona.jpg?resize=525%2C300&ssl=1 1.5x, https:\/\/i0.wp.com\/www.fjardhundraland.se\/wp-content\/uploads\/2021\/04\/pask-i-fjardhundraland-tupp-och-hona.jpg?resize=700%2C400&ssl=1 2x, https:\/\/i0.wp.com\/www.fjardhundraland.se\/wp-content\/uploads\/2021\/04\/pask-i-fjardhundraland-tupp-och-hona.jpg?resize=1050%2C600&ssl=1 3x, https:\/\/i0.wp.com\/www.fjardhundraland.se\/wp-content\/uploads\/2021\/04\/pask-i-fjardhundraland-tupp-och-hona.jpg?resize=1400%2C800&ssl=1 4x"},"classes":[]}],"jetpack_sharing_enabled":true,"_links":{"self":[{"href":"https:\/\/www.fjardhundraland.se\/en\/wp-json\/wp\/v2\/pages\/12897","targetHints":{"allow":["GET"]}}],"collection":[{"href":"https:\/\/www.fjardhundraland.se\/en\/wp-json\/wp\/v2\/pages"}],"about":[{"href":"https:\/\/www.fjardhundraland.se\/en\/wp-json\/wp\/v2\/types\/page"}],"author":[{"embeddable":true,"href":"https:\/\/www.fjardhundraland.se\/en\/wp-json\/wp\/v2\/users\/1"}],"replies":[{"embeddable":true,"href":"https:\/\/www.fjardhundraland.se\/en\/wp-json\/wp\/v2\/comments?post=12897"}],"version-history":[{"count":0,"href":"https:\/\/www.fjardhundraland.se\/en\/wp-json\/wp\/v2\/pages\/12897\/revisions"}],"up":[{"embeddable":true,"href":"https:\/\/www.fjardhundraland.se\/en\/wp-json\/wp\/v2\/pages\/1515"}],"wp:featuredmedia":[{"embeddable":true,"href":"https:\/\/www.fjardhundraland.se\/en\/wp-json\/wp\/v2\/media\/12898"}],"wp:attachment":[{"href":"https:\/\/www.fjardhundraland.se\/en\/wp-json\/wp\/v2\/media?parent=12897"}],"wp:term":[{"taxonomy":"category","embeddable":true,"href":"https:\/\/www.fjardhundraland.se\/en\/wp-json\/wp\/v2\/categories?post=12897"},{"taxonomy":"post_tag","embeddable":true,"href":"https:\/\/www.fjardhundraland.se\/en\/wp-json\/wp\/v2\/tags?post=12897"}],"curies":[{"name":"wp","href":"https:\/\/api.w.org\/{rel}","templated":true}]}}