
{"id":9481,"date":"2021-11-10T11:20:04","date_gmt":"2021-11-10T10:20:04","guid":{"rendered":"https:\/\/www.fjardhundraland.se\/?page_id=9481"},"modified":"2023-08-25T20:48:02","modified_gmt":"2023-08-25T18:48:02","slug":"vortrag-entwicklungszusammenarbeit","status":"publish","type":"page","link":"https:\/\/www.fjardhundraland.se\/de\/uber-fjardhundraland\/vortrag-entwicklungszusammenarbeit\/","title":{"rendered":"Einen Vortrag buchen"},"content":{"rendered":"<p><strong>Ein Vortrag ist ein hervorragender Einstieg in ein Projekt zur Entwicklung des l\u00e4ndlichen Raums oder eines Reiseziels, oder wenn Sie die Vorteile einer Zusammenarbeit aufzeigen wollen!<\/strong> <strong>Fj\u00e4rdhundraland hat innerhalb von zehn Jahren eine Destination von null auf 150 Mitglieder aufgebaut, angefangen mit einem Leader-Projekt. Jetzt k\u00f6nnen Sie einen der beliebten Vortr\u00e4ge von Mats Thorburn zu Themen wie \"Wie es gemacht wurde\" buchen - mit praktischen Erfahrungen und Lehren aus einem erfolgreichen Projekt. <\/strong><\/p>\n\n\n\n<p>Fj\u00e4rdhundraland wurde mit Schwedens gr\u00f6\u00dfter Auszeichnung f\u00fcr das Gastgewerbe 2019 geehrt, dem <a href=\"https:\/\/www.mynewsdesk.com\/se\/tillvaextverket\/pressreleases\/upplaendsk-landsbygdsupplevelse-vinner-stora-turismpriset-2019-2948935\" target=\"_blank\" rel=\"noreferrer noopener\">Gro\u00dfen Tourismuspreis <\/a>und hat in den letzten Jahren ein starkes Wachstum verzeichnet, sowohl was die Mitgliederzahl als auch die Besucherzahlen angeht. Der Verein wurde auf der Grundlage eines Leader-Projekts ins Leben gerufen und ist ein gutes Beispiel daf\u00fcr, wie Projekte weiterleben und zu Entwicklung und Wachstum f\u00fchren k\u00f6nnen. Wir freuen uns, unsere Erfahrungen zu teilen!<\/p>\n\n\n\n<p>Die Vortr\u00e4ge haben durchweg gute Bewertungen von den Teilnehmern erhalten und basieren auf der Erfahrung von Fj\u00e4rdhundraland in Kombination mit der Anpassung an Ihre W\u00fcnsche und Bedingungen. Der Vortrag kann auf Schwedisch oder Englisch gehalten werden.<\/p>\n\n\n\n<p>H\u00f6rt sich das interessant an? Kontakt zu Mats, Tel. <a href=\"tel:+46701739399\" data-type=\"tel\" data-id=\"tel:+46701739399\">0701-73 93 99,<\/a> <a href=\"mailto:mats@fjardhundraland.se\">mats@fjardhundraland.se<\/a> um einen Vorschlag f\u00fcr die Organisation und die Kosten zu erhalten. Sie k\u00f6nnen auch zu uns in Fj\u00e4rdhundraland kommen und kombinieren <a href=\"https:\/\/www.fjardhundraland.se\/de\/uber-fjardhundraland\/einen-studienaufenthalt-buchen\/\" data-type=\"page\" data-id=\"12897\">Vortrag und Studienaufenthalt<\/a>.<\/p>\n\n\n\n<h2 class=\"wp-block-heading\">Beispiele f\u00fcr Themen<\/h2>\n\n\n\n<h3 class=\"wp-block-heading\"><strong>F\u00fcr Reiseziele, Tourismusmanager, Beh\u00f6rden und Projekttr\u00e4ger<\/strong><\/h3>\n\n\n\n<ul class=\"wp-block-list\">\n<li>L\u00e4ndliche Entwicklung in Zusammenarbeit<\/li>\n\n\n\n<li>Zusammenarbeit und Kooperation f\u00f6rdern<\/li>\n\n\n\n<li>Entwicklung starten und vorantreiben<\/li>\n\n\n\n<li>Aufbau nachhaltiger Projekte<\/li>\n\n\n\n<li>Entwicklung von Reisezielen und Orten in Zusammenarbeit<\/li>\n\n\n\n<li>Entwicklung einer Ortsmarke<\/li>\n\n\n\n<li>L\u00e4ndliche Entwicklung in einer vernetzten Welt<\/li>\n\n\n\n<li>Nachhaltigkeit in der Zusammenarbeit<\/li>\n\n\n\n<li>Das erfolgreiche Leader-Projekt<\/li>\n\n\n\n<li>Erfolge und R\u00fcckschl\u00e4ge beim Coronavirus<\/li>\n<\/ul>\n\n\n\n<h3 class=\"wp-block-heading\"><strong>F\u00fcr Besucherorganisationen<\/strong><\/h3>\n\n\n\n<ul class=\"wp-block-list\">\n<li><span style=\"color: initial;\">Marketing f\u00fcr Kleinstunternehmen<\/span><\/li>\n\n\n\n<li>Gemeinsames Marketing<\/li>\n\n\n\n<li>Markenbildung<\/li>\n\n\n\n<li>Elektronischer Gesch\u00e4ftsverkehr f\u00fcr Kleinstunternehmen<\/li>\n\n\n\n<li>Verbesserung der Rentabilit\u00e4t durch Zusammenarbeit<\/li>\n\n\n\n<li>Nachhaltigkeit in der Praxis<\/li>\n\n\n\n<li>Bem\u00fchungen um mehr Wettbewerber<\/li>\n<\/ul>\n\n\n\n<p>Alle Vortr\u00e4ge k\u00f6nnen physisch oder digital abgehalten werden und durch einen Workshop erg\u00e4nzt werden. Die Inhalte werden auf die W\u00fcnsche und Bed\u00fcrfnisse des Auftraggebers und der Teilnehmer abgestimmt. Es gibt auch gute M\u00f6glichkeiten, die Vortr\u00e4ge mit <a href=\"https:\/\/www.riksdagen.se\/sv\/dokument-och-lagar\/dokument\/skriftlig-fraga\/besoksnaringsstrategi_ha11248\/\" target=\"_blank\" rel=\"noopener\">der Tourismusstrategie der Regierung<\/a> oder anderen lokalen Strategien verkn\u00fcpft werden. <\/p>\n\n\n\n<p>Die Vortr\u00e4ge werden von Mats Thorburn gehalten, der von 2014 bis 2021 Vorsitzender des Vereins Fj\u00e4rdhundraland und von Anfang an dabei war. Heute ist er stellvertretender Vorsitzender des Verbandes und \u00fcbt dieses Amt neben seinem Gesch\u00e4ft als E-Retailer und Berater f\u00fcr digitales Marketing aus.<\/p>\n\n\n\n<p>Die Vortr\u00e4ge sind ansprechend und unterhaltsam, mit vielen Beispielen, die in der Praxis angewendet werden k\u00f6nnen. Auch das Bildmaterial soll inspirieren - keine langen Texte, sondern viele Fotos und Schl\u00fcsselw\u00f6rter, die das Wesentliche zusammenfassen und hervorheben.<\/p>\n\n\n\n<blockquote class=\"wp-block-quote is-layout-flow wp-block-quote-is-layout-flow\">\n<p>Vortr\u00e4ge zu halten und engagierte Menschen in verschiedenen Teilen des Landes zu treffen, macht gro\u00dfen Spa\u00df! Ich gebe meine Erfahrungen weiter, lerne aber oft genauso viel von denen, die ich treffe. Gemeinsam schaffen wir ein Engagement, das hoffentlich l\u00e4nger anh\u00e4lt als nur eine kurzfristige Inspiration.<\/p>\n<cite>Mats Thorburn<\/cite><\/blockquote>\n\n\n\n<h3 class=\"wp-block-heading\">Was denken die Kunden?<\/h3>\n\n\n\n<blockquote class=\"wp-block-quote is-style-plain is-layout-flow wp-block-quote-is-layout-flow\">\n<p>Wir bekamen den Tipp, Mats Thorburn als Dozenten zu engagieren, und dieser Tipp hat wirklich den Ausschlag gegeben. Es war der perfekte Start von Inspiration, Realit\u00e4t und ein bisschen verdammtem Geist f\u00fcr uns, mitten in unserem LEADER-Projekt \u201dzur Entwicklung der Tourismusindustrie\u201d teilzunehmen.<\/p>\n\n\n\n<p>F\u00fcr uns, die wir in der Landtourismusbranche t\u00e4tig sind, war es \u00e4u\u00dferst lohnend, den Entwicklungsweg von Fj\u00e4rdhundraland kennenzulernen. Was sie getan haben, um anzufangen, und was sie immer noch tun, damit es funktioniert, w\u00e4chst und gr\u00f6\u00dfer wird. Trotz ihrer Erfolge wirkte der Vortrag unpr\u00e4tenti\u00f6s, echt und bodenst\u00e4ndig. Der Enthusiasmus, der im H\u00f6rsaal aufkam, war sp\u00fcrbar, und ich glaube, es war die Zeit der Abfahrt des Zuges, die uns dazu zwang, mit den anderen zu reden. Es f\u00fchlte sich echt an, und wir m\u00f6chten Mats wirklich f\u00fcr den Eindruck danken, den er hinterlassen hat, gemeinsam kann man es weit bringen, und es macht vor allem viel mehr Spa\u00df, wenn man mehr ist.<\/p>\n<cite>Sandra Oskarsson, Wirtschaftskoordinatorin der Gemeinde Lekeberg, Projektleiter LEADER-Projekt: <a href=\"https:\/\/lekeberg.se\/naringslivocharbete\/foretagstodochradgivning\/projektforbesoksnaringen.4.2c44dc0418529b6ed7f19e7.html\" target=\"_blank\" rel=\"noreferrer noopener\">Entwicklung der Tourismusindustrie in der Gemeinde Lekeberg<\/a><\/cite><\/blockquote>\n\n\n\n<blockquote class=\"wp-block-quote is-layout-flow wp-block-quote-is-layout-flow\">\n<p>Mats war ein gesch\u00e4tzter Dozent bei den Schulungsprogrammen des LRF M\u00e4lardalen (Lantbrukarnas riksf\u00f6rbund) f\u00fcr Lebensmittelproduzenten. Das Thema war, wie man eine nachhaltige Kooperation und Zusammenarbeit beginnt und entwickelt, und es ging auch viel um Markenbildung.  Mats ist ein sehr inspirierender und engagierter Dozent und wird von den Teilnehmern sehr gesch\u00e4tzt. Mit seiner umfangreichen Erfahrung in diesem Bereich hat er viele gute praktische Beispiele gegeben, was sehr gesch\u00e4tzt wurde.<\/p>\n<cite><em>Helena Isaksson, Regionalleiterin Gesch\u00e4ftsentwicklung und Schulkontakt, LRF M\u00e4lardalen<\/em><\/cite><\/blockquote>\n\n\n\n<blockquote class=\"wp-block-quote is-layout-flow wp-block-quote-is-layout-flow\">\n<p><em>Mats hat ein digitales Seminar zu unserem Programm \u201dNachhaltiges Unternehmertum\u201d abgehalten, an dem Kleinunternehmen teilgenommen haben. Das Thema war, wie man sich als Kleinunternehmer mit einem gro\u00dfen Interesse an Nachhaltigkeit sozial und wirtschaftlich entwickeln kann. Wie man Kooperationen und Netzwerke \u00fcber Unterschiede aufbaut und wie man positiv hervorhebt, dass man beim Markenaufbau anders ist. Der Vortrag kam bei den Teilnehmern gut an, sowohl wegen der Wiedererkennung vieler der Kleinunternehmen in Fj\u00e4rdhundraland als auch wegen der Art und Weise, wie Mats seine Erfahrungen beim Aufbau von Fj\u00e4rdhundraland erz\u00e4hlt und pr\u00e4sentiert.&nbsp;<\/em>&nbsp;<\/p>\n<cite>Jenny Kangas, Projektleiterin f\u00fcr nachhaltiges Unternehmertum, Upplandsbygd Locally Led Development<\/cite><\/blockquote>\n\n\n\n<p><\/p>\n\n\n\n<p>H\u00f6rt sich das interessant an? Kontaktieren Sie Mats, Tel. 0701-73 93 99, mats@fjardhundraland.se.<\/p>","protected":false},"excerpt":{"rendered":"<p>En f\u00f6rel\u00e4sning \u00e4r en bra start p\u00e5 ett projekt inom landsbygdsutveckling eller destinationsutveckling, eller n\u00e4r ni vill visa nyttan med att samarbeta! Fj\u00e4rdhundraland har byggt en destination fr\u00e5n noll till 150 medlemmar p\u00e5 tio \u00e5r, med start i ett Leader-projekt. Nu kan ni boka en av Mats Thorburns uppskattade f\u00f6rel\u00e4sningar inom \u00e4mnen som om hur [&hellip;]<\/p>\n","protected":false},"author":1,"featured_media":9494,"parent":1515,"menu_order":32,"comment_status":"closed","ping_status":"closed","template":"","meta":{"_acf_changed":false,"_relevanssi_hide_post":"","_relevanssi_hide_content":"","_relevanssi_pin_for_all":"","_relevanssi_pin_keywords":"","_relevanssi_unpin_keywords":"","_relevanssi_related_keywords":"","_relevanssi_related_include_ids":"","_relevanssi_related_exclude_ids":"","_relevanssi_related_no_append":"","_relevanssi_related_not_related":"","_relevanssi_related_posts":"6890,7937,2228,399,13560,5692","_relevanssi_noindex_reason":"","_genesis_hide_title":false,"_genesis_hide_breadcrumbs":false,"_genesis_hide_singular_image":false,"_genesis_hide_footer_widgets":false,"_genesis_custom_body_class":"","_genesis_custom_post_class":"","_genesis_layout":"","footnotes":""},"categories":[],"tags":[],"class_list":{"0":"post-9481","1":"page","2":"type-page","3":"status-publish","4":"has-post-thumbnail","6":"entry"},"acf":[],"visa":null,"geo_latitude":null,"geo_longitude":null,"featured_image_src":"https:\/\/www.fjardhundraland.se\/wp-content\/uploads\/2021\/11\/stora-turismpriset-utdelning-december-2019-mats-thorburn.jpg","featured_image_src_square":"https:\/\/www.fjardhundraland.se\/wp-content\/uploads\/2021\/11\/stora-turismpriset-utdelning-december-2019-mats-thorburn.jpg","jetpack-related-posts":[{"id":12897,"url":"https:\/\/www.fjardhundraland.se\/de\/uber-fjardhundraland\/einen-studienaufenthalt-buchen\/","url_meta":{"origin":9481,"position":0},"title":"Buchen Sie einen Studienbesuch","author":"Mats Thorburn","date":"1 Juni 2023","format":false,"excerpt":"M\u00f6chten Sie einen Einblick in die Funktionsweise von Fj\u00e4rdhundraland, den Aufbau des Reiseziels und die Nutzung des Netzes durch die Mitglieder erhalten? Dann ist ein Studienbesuch eine gute M\u00f6glichkeit dazu. Sie werden nicht nur die Geschichte von Fj\u00e4rdhundraland kennenlernen, sondern auch die einzelnen Mitglieder, die \u00fcber ihre Erfahrungen und Beweggr\u00fcnde berichten werden. Ein Studienbesuch bei Fj\u00e4rdhundraland bietet neue...","rel":"","context":"\u00c4hnlicher Beitrag","block_context":{"text":"\u00c4hnlicher Beitrag","link":""},"img":{"alt_text":"Studiebes\u00f6k Fj\u00e4rdhundraland jhos Axel & Gren","src":"https:\/\/i0.wp.com\/www.fjardhundraland.se\/wp-content\/uploads\/2023\/06\/studiebesok-fjardhundraland-axel-gren.jpg?resize=350%2C200&ssl=1","width":350,"height":200,"srcset":"https:\/\/i0.wp.com\/www.fjardhundraland.se\/wp-content\/uploads\/2023\/06\/studiebesok-fjardhundraland-axel-gren.jpg?resize=350%2C200&ssl=1 1x, https:\/\/i0.wp.com\/www.fjardhundraland.se\/wp-content\/uploads\/2023\/06\/studiebesok-fjardhundraland-axel-gren.jpg?resize=525%2C300&ssl=1 1.5x, https:\/\/i0.wp.com\/www.fjardhundraland.se\/wp-content\/uploads\/2023\/06\/studiebesok-fjardhundraland-axel-gren.jpg?resize=700%2C400&ssl=1 2x, https:\/\/i0.wp.com\/www.fjardhundraland.se\/wp-content\/uploads\/2023\/06\/studiebesok-fjardhundraland-axel-gren.jpg?resize=1050%2C600&ssl=1 3x, https:\/\/i0.wp.com\/www.fjardhundraland.se\/wp-content\/uploads\/2023\/06\/studiebesok-fjardhundraland-axel-gren.jpg?resize=1400%2C800&ssl=1 4x"},"classes":[]},{"id":6016,"url":"https:\/\/www.fjardhundraland.se\/de\/uber-fjardhundraland\/haufig-gestellte-fragen\/","url_meta":{"origin":9481,"position":1},"title":"H\u00e4ufig gestellte Fragen","author":"Mats Thorburn","date":"11 September 2019","format":false,"excerpt":"Wo befindet sich Fj\u00e4rdhundraland? Unser Gebiet wird dadurch definiert, wo sich unsere Mitglieder befinden - zwischen V\u00e4ster\u00e5s, Sala, Str\u00e4ngn\u00e4s, Uppsala, Enk\u00f6ping und Stockholm. Wir haben keine Grenzen festgelegt, weil Grenzen f\u00fcr Besucher uninteressant sind. Werfen Sie einen Blick auf die Karte! Was bedeutet \u201dFj\u00e4rdhundraland\u201d? Der Name stammt von der gleichnamigen wikingischen\/mittelalterlichen Nation....","rel":"","context":"\u00c4hnlicher Beitrag","block_context":{"text":"\u00c4hnlicher Beitrag","link":""},"img":{"alt_text":"","src":"","width":0,"height":0},"classes":[]},{"id":2124,"url":"https:\/\/www.fjardhundraland.se\/de\/uber-fjardhundraland\/kontakt\/","url_meta":{"origin":9481,"position":2},"title":"Kontakt","author":"Mats Thorburn","date":"15 M\u00e4rz 2014","format":false,"excerpt":"Kontaktinformationen zu den einzelnen Mitgliedern und Reisezielen finden Sie auf jeder Seite unter Do &amp; Visit, Shop, Eat und Stay. Folgen Sie uns: Facebook - Instagram Rechnungsadresse: Fj\u00e4rdhundraland ek f\u00f6rc\/o EkblomFr\u00f6sthults-Brunnby 11749 72 Fj\u00e4rdhundra Organisationsnummer: 769622-7417 Bankgiro 735-2693. Swish 123 261 48 32. M\u00f6chten Sie mehr \u00fcber den Verein Fj\u00e4rdhundraland erfahren, einen Vortrag buchen oder...","rel":"","context":"\u00c4hnlicher Beitrag","block_context":{"text":"\u00c4hnlicher Beitrag","link":""},"img":{"alt_text":"","src":"","width":0,"height":0},"classes":[]},{"id":15836,"url":"https:\/\/www.fjardhundraland.se\/de\/projekt\/","url_meta":{"origin":9481,"position":3},"title":"Das Projekt","author":"Mats Thorburn","date":"26 Mai 2024","format":false,"excerpt":"Manchmal sucht der Wirtschaftsverband Fj\u00e4rhundraland nach Projekten, um Ideen umsetzen zu k\u00f6nnen, die mehr Ressourcen erfordern, als wir f\u00fcr unsere regul\u00e4ren Aktivit\u00e4ten haben. Hier sind Projekte aufgelistet, die wir durchf\u00fchren oder durchgef\u00fchrt haben. Die Liste ist nicht vollst\u00e4ndig und wird laufend erg\u00e4nzt. Wandern und Tourismus in Fj\u00e4rdhundraland - 2023 - 31. Oktober 2024....","rel":"","context":"\u00c4hnlicher Beitrag","block_context":{"text":"\u00c4hnlicher Beitrag","link":""},"img":{"alt_text":"","src":"","width":0,"height":0},"classes":[]},{"id":5242,"url":"https:\/\/www.fjardhundraland.se\/de\/zyklus\/fjardhundralandsleden\/","url_meta":{"origin":9481,"position":4},"title":"Fj\u00e4rdhundralands","author":"Mats Thorburn","date":"29 Juni 2018","format":false,"excerpt":"Die Strecke Fj\u00e4rdhundraland ist unsere Fahrradroute durch das Zentrum unseres Gebiets. Die erste 38 km lange Etappe verl\u00e4uft zwischen Fj\u00e4rdhundra und \u00d6rsundsbro, auf guten Stra\u00dfen mit vielen Gelegenheiten zum Anhalten f\u00fcr einen Kaffee, einen Abstecher oder ein Bad. In der N\u00e4he von Fj\u00e4rdhundraland befinden sich auch mehrere andere Ziele, so dass Sie die Strecke nutzen k\u00f6nnen...","rel":"","context":"In &quot;Cykling&quot;","block_context":{"text":"Cykling","link":"https:\/\/www.fjardhundraland.se\/de\/radfahren\/"},"img":{"alt_text":"Cyklar parkerade framf\u00f6r Nys\u00e4tra kyrka","src":"https:\/\/i0.wp.com\/www.fjardhundraland.se\/wp-content\/uploads\/2018\/06\/cykling.jpg?resize=350%2C200&ssl=1","width":350,"height":200,"srcset":"https:\/\/i0.wp.com\/www.fjardhundraland.se\/wp-content\/uploads\/2018\/06\/cykling.jpg?resize=350%2C200&ssl=1 1x, https:\/\/i0.wp.com\/www.fjardhundraland.se\/wp-content\/uploads\/2018\/06\/cykling.jpg?resize=525%2C300&ssl=1 1.5x, https:\/\/i0.wp.com\/www.fjardhundraland.se\/wp-content\/uploads\/2018\/06\/cykling.jpg?resize=700%2C400&ssl=1 2x, https:\/\/i0.wp.com\/www.fjardhundraland.se\/wp-content\/uploads\/2018\/06\/cykling.jpg?resize=1050%2C600&ssl=1 3x, https:\/\/i0.wp.com\/www.fjardhundraland.se\/wp-content\/uploads\/2018\/06\/cykling.jpg?resize=1400%2C800&ssl=1 4x"},"classes":[]},{"id":7759,"url":"https:\/\/www.fjardhundraland.se\/de\/uber-fjardhundraland\/fur-sie-als-neues-mitglied\/","url_meta":{"origin":9481,"position":5},"title":"F\u00fcr neue Mitglieder","author":"Mats Thorburn","date":"13 M\u00e4rz 2021","format":false,"excerpt":"Willkommen bei Fj\u00e4rdhundraland! Fj\u00e4rdhundraland ist das, was wir daraus machen - gemeinsam k\u00f6nnen wir etwas wirklich Gutes f\u00fcr unsere Besucher tun! Durch die Zusammenarbeit kann ich mit dem beitragen, was mir leicht f\u00e4llt, und mir von anderen helfen lassen, was ich schwierig finde. In Fj\u00e4rdhundraland arbeiten wir im Namen unserer Besucher - sie...","rel":"","context":"In &quot;Inl\u00e4gg&quot;","block_context":{"text":"Inl\u00e4gg","link":"https:\/\/www.fjardhundraland.se\/de\/einlage\/"},"img":{"alt_text":"","src":"","width":0,"height":0},"classes":[]}],"jetpack_sharing_enabled":true,"_links":{"self":[{"href":"https:\/\/www.fjardhundraland.se\/de\/wp-json\/wp\/v2\/pages\/9481","targetHints":{"allow":["GET"]}}],"collection":[{"href":"https:\/\/www.fjardhundraland.se\/de\/wp-json\/wp\/v2\/pages"}],"about":[{"href":"https:\/\/www.fjardhundraland.se\/de\/wp-json\/wp\/v2\/types\/page"}],"author":[{"embeddable":true,"href":"https:\/\/www.fjardhundraland.se\/de\/wp-json\/wp\/v2\/users\/1"}],"replies":[{"embeddable":true,"href":"https:\/\/www.fjardhundraland.se\/de\/wp-json\/wp\/v2\/comments?post=9481"}],"version-history":[{"count":0,"href":"https:\/\/www.fjardhundraland.se\/de\/wp-json\/wp\/v2\/pages\/9481\/revisions"}],"up":[{"embeddable":true,"href":"https:\/\/www.fjardhundraland.se\/de\/wp-json\/wp\/v2\/pages\/1515"}],"wp:featuredmedia":[{"embeddable":true,"href":"https:\/\/www.fjardhundraland.se\/de\/wp-json\/wp\/v2\/media\/9494"}],"wp:attachment":[{"href":"https:\/\/www.fjardhundraland.se\/de\/wp-json\/wp\/v2\/media?parent=9481"}],"wp:term":[{"taxonomy":"category","embeddable":true,"href":"https:\/\/www.fjardhundraland.se\/de\/wp-json\/wp\/v2\/categories?post=9481"},{"taxonomy":"post_tag","embeddable":true,"href":"https:\/\/www.fjardhundraland.se\/de\/wp-json\/wp\/v2\/tags?post=9481"}],"curies":[{"name":"wp","href":"https:\/\/api.w.org\/{rel}","templated":true}]}}