
{"id":8098,"date":"2021-04-16T13:05:00","date_gmt":"2021-04-16T11:05:00","guid":{"rendered":"https:\/\/www.fjardhundraland.se\/?page_id=8098"},"modified":"2021-04-16T14:03:14","modified_gmt":"2021-04-16T12:03:14","slug":"sich-anmelden","status":"publish","type":"page","link":"https:\/\/www.fjardhundraland.se\/de\/sich-anmelden\/","title":{"rendered":"Einloggen auf der Website"},"content":{"rendered":"<div id=\"wpmem_login\"><a id=\"login\"><\/a><form action=\"https:\/\/www.fjardhundraland.se\/de\/sich-anmelden\/\" method=\"POST\" id=\"wpmem_login_form\" class=\"form\" data-trp-original-action=\"https:\/\/www.fjardhundraland.se\/de\/sich-anmelden\/\"><input type=\"hidden\" id=\"_wpmem_login_nonce\" name=\"_wpmem_login_nonce\" value=\"a09a4a8881\" \/><input type=\"hidden\" name=\"_wp_http_referer\" value=\"\/de\/wp-json\/wp\/v2\/pages\/8098\" \/><fieldset><legend>Eintragen<\/legend><label for=\"log\">Benutzername oder E-Mail Adresse<\/label><div class=\"div_text\"><input name=\"log\" type=\"text\" id=\"log\" value=\"\" class=\"username\" required \/><\/div><label for=\"pwd\">Passwort<\/label><div class=\"div_text\"><input name=\"pwd\" type=\"password\" id=\"pwd\" class=\"password\" required \/><\/div><input name=\"a\" type=\"hidden\" value=\"login\" \/><input name=\"redirect_to\" type=\"hidden\" value=\"https:\/\/www.fjardhundraland.se\/om-fjardhundraland\/for-medlemmar\/\" \/><div class=\"button_div\"><input name=\"rememberme\" type=\"checkbox\" id=\"rememberme\" value=\"forever\" \/>&nbsp;<label for=\"rememberme\">Eingeschrieben bleiben<\/label>&nbsp;&nbsp;<input type=\"submit\" name=\"Submit\" value=\"Eintragen\" class=\"buttons\" \/><\/div><\/fieldset><input type=\"hidden\" name=\"trp-form-language\" value=\"de\"\/><\/form><\/div>\n\n\n\n<p><\/p>","protected":false},"excerpt":{"rendered":"","protected":false},"author":1,"featured_media":0,"parent":0,"menu_order":3,"comment_status":"closed","ping_status":"closed","template":"","meta":{"_acf_changed":false,"_relevanssi_hide_post":"","_relevanssi_hide_content":"","_relevanssi_pin_for_all":"","_relevanssi_pin_keywords":"","_relevanssi_unpin_keywords":"","_relevanssi_related_keywords":"","_relevanssi_related_include_ids":"","_relevanssi_related_exclude_ids":"","_relevanssi_related_no_append":"","_relevanssi_related_not_related":"","_relevanssi_related_posts":"","_relevanssi_noindex_reason":"","_genesis_hide_title":false,"_genesis_hide_breadcrumbs":false,"_genesis_hide_singular_image":false,"_genesis_hide_footer_widgets":false,"_genesis_custom_body_class":"","_genesis_custom_post_class":"","_genesis_layout":"","footnotes":""},"categories":[],"tags":[],"class_list":{"0":"post-8098","1":"page","2":"type-page","3":"status-publish","5":"entry"},"acf":[],"visa":null,"geo_latitude":null,"geo_longitude":null,"featured_image_src":null,"featured_image_src_square":null,"jetpack-related-posts":[{"id":6725,"url":"https:\/\/www.fjardhundraland.se\/de\/uber-fjardhundraland\/anvisningar-digitalt-arsmote\/","url_meta":{"origin":8098,"position":0},"title":"Anleitung f\u00fcr das digitale Jahrestreffen","author":"Mats Thorburn","date":"18 April 2020","format":false,"excerpt":"Willkommen zur Jahresversammlung von Fj\u00e4rdhundraland am Sonntag, den 19. April 2020! Hier ist der Link zur Videokonferenz: bit.ly\/fj-arsmHier sind die Unterlagen zur Jahresversammlung. Wir verwenden den Videokonferenzdienst Jitsi. F\u00fcr die Teilnahme ben\u00f6tigen Sie entweder einen Computer mit Internet und dem Google Chrome Browser (Firefox kann auch funktionieren) oder ein Smartphone \/ Tablet mit der Jitsi Meet App (Android - iPhone \/ iPad).","rel":"","context":"\u00c4hnlicher Beitrag","block_context":{"text":"\u00c4hnlicher Beitrag","link":""},"img":{"alt_text":"","src":"https:\/\/i0.wp.com\/www.fjardhundraland.se\/wp-content\/uploads\/2020\/04\/4-2.jpg?resize=350%2C200&ssl=1","width":350,"height":200,"srcset":"https:\/\/i0.wp.com\/www.fjardhundraland.se\/wp-content\/uploads\/2020\/04\/4-2.jpg?resize=350%2C200&ssl=1 1x, https:\/\/i0.wp.com\/www.fjardhundraland.se\/wp-content\/uploads\/2020\/04\/4-2.jpg?resize=525%2C300&ssl=1 1.5x, https:\/\/i0.wp.com\/www.fjardhundraland.se\/wp-content\/uploads\/2020\/04\/4-2.jpg?resize=700%2C400&ssl=1 2x, https:\/\/i0.wp.com\/www.fjardhundraland.se\/wp-content\/uploads\/2020\/04\/4-2.jpg?resize=1050%2C600&ssl=1 3x, https:\/\/i0.wp.com\/www.fjardhundraland.se\/wp-content\/uploads\/2020\/04\/4-2.jpg?resize=1400%2C800&ssl=1 4x"},"classes":[]},{"id":7759,"url":"https:\/\/www.fjardhundraland.se\/de\/uber-fjardhundraland\/fur-sie-als-neues-mitglied\/","url_meta":{"origin":8098,"position":1},"title":"F\u00fcr neue Mitglieder","author":"Mats Thorburn","date":"13 M\u00e4rz 2021","format":false,"excerpt":"Willkommen bei Fj\u00e4rdhundraland! Fj\u00e4rdhundraland ist das, was wir daraus machen - gemeinsam k\u00f6nnen wir etwas wirklich Gutes f\u00fcr unsere Besucher tun! Durch die Zusammenarbeit kann ich mit dem beitragen, was mir leicht f\u00e4llt, und mir von anderen helfen lassen, was ich schwierig finde. In Fj\u00e4rdhundraland arbeiten wir im Namen unserer Besucher - sie...","rel":"","context":"In &quot;Inl\u00e4gg&quot;","block_context":{"text":"Inl\u00e4gg","link":"https:\/\/www.fjardhundraland.se\/de\/einlage\/"},"img":{"alt_text":"","src":"","width":0,"height":0},"classes":[]},{"id":6557,"url":"https:\/\/www.fjardhundraland.se\/de\/uber-fjardhundraland\/jetzt-eingeben\/","url_meta":{"origin":8098,"position":2},"title":"Aktivit\u00e4t eingeben","author":"Mats Thorburn","date":"31 M\u00e4rz 2020","format":false,"excerpt":"Es besteht ein gro\u00dfes Interesse daran, in die Natur zu gehen, und wir haben einen gro\u00dfartigen Ort, um zu zeigen, was wir tun - genau jetzt. Hier k\u00f6nnen Sie Veranstaltungen, Aktivit\u00e4ten und vor\u00fcbergehende \u00d6ffnungszeiten hinzuf\u00fcgen. Nach manueller Freigabe wird es hier ver\u00f6ffentlicht: https:\/\/www.fjardhundraland.se\/nu\/ Wenn Sie kein Bild hochladen...","rel":"","context":"\u00c4hnlicher Beitrag","block_context":{"text":"\u00c4hnlicher Beitrag","link":""},"img":{"alt_text":"","src":"","width":0,"height":0},"classes":[]},{"id":18106,"url":"https:\/\/www.fjardhundraland.se\/de\/zeitschrift-fjardhundraland\/","url_meta":{"origin":8098,"position":3},"title":"Magasin Fj\u00e4rdhundraland","author":"Mats Thorburn","date":"3 Mai 2025","format":false,"excerpt":"Fj\u00e4rdhundraland-Magazin und -Karte Das diesj\u00e4hrige Magazin ist jetzt erh\u00e4ltlich, zusammen mit einer aktualisierten Papierkarte. Das Fj\u00e4rdhundraland-Magazin erz\u00e4hlt die Geschichten der Menschen, die in der Region Gesch\u00e4fte betreiben, und der Orte, die sie besuchen. Jede Ausgabe enth\u00e4lt in der Regel Artikel \u00fcber Lebensmittel, Kaffee, Gartenarbeit, Handwerk, Kultur und Geschichte. Zusammen mit dem Magazin haben wir eine Karte erstellt, auf der Sie...","rel":"","context":"\u00c4hnlicher Beitrag","block_context":{"text":"\u00c4hnlicher Beitrag","link":""},"img":{"alt_text":"","src":"https:\/\/i0.wp.com\/www.fjardhundraland.se\/wp-content\/uploads\/2025\/05\/magasin-2025-framsida.jpg?resize=350%2C200&ssl=1","width":350,"height":200,"srcset":"https:\/\/i0.wp.com\/www.fjardhundraland.se\/wp-content\/uploads\/2025\/05\/magasin-2025-framsida.jpg?resize=350%2C200&ssl=1 1x, https:\/\/i0.wp.com\/www.fjardhundraland.se\/wp-content\/uploads\/2025\/05\/magasin-2025-framsida.jpg?resize=525%2C300&ssl=1 1.5x, https:\/\/i0.wp.com\/www.fjardhundraland.se\/wp-content\/uploads\/2025\/05\/magasin-2025-framsida.jpg?resize=700%2C400&ssl=1 2x, https:\/\/i0.wp.com\/www.fjardhundraland.se\/wp-content\/uploads\/2025\/05\/magasin-2025-framsida.jpg?resize=1050%2C600&ssl=1 3x, https:\/\/i0.wp.com\/www.fjardhundraland.se\/wp-content\/uploads\/2025\/05\/magasin-2025-framsida.jpg?resize=1400%2C800&ssl=1 4x"},"classes":[]},{"id":12897,"url":"https:\/\/www.fjardhundraland.se\/de\/uber-fjardhundraland\/einen-studienaufenthalt-buchen\/","url_meta":{"origin":8098,"position":4},"title":"Buchen Sie einen Studienbesuch","author":"Mats Thorburn","date":"1 Juni 2023","format":false,"excerpt":"M\u00f6chten Sie einen Einblick in die Funktionsweise von Fj\u00e4rdhundraland, den Aufbau des Reiseziels und die Nutzung des Netzes durch die Mitglieder erhalten? Dann ist ein Studienbesuch eine gute M\u00f6glichkeit dazu. Sie werden nicht nur die Geschichte von Fj\u00e4rdhundraland kennenlernen, sondern auch die einzelnen Mitglieder, die \u00fcber ihre Erfahrungen und Beweggr\u00fcnde berichten werden. Ein Studienbesuch bei Fj\u00e4rdhundraland bietet neue...","rel":"","context":"\u00c4hnlicher Beitrag","block_context":{"text":"\u00c4hnlicher Beitrag","link":""},"img":{"alt_text":"Studiebes\u00f6k Fj\u00e4rdhundraland jhos Axel & Gren","src":"https:\/\/i0.wp.com\/www.fjardhundraland.se\/wp-content\/uploads\/2023\/06\/studiebesok-fjardhundraland-axel-gren.jpg?resize=350%2C200&ssl=1","width":350,"height":200,"srcset":"https:\/\/i0.wp.com\/www.fjardhundraland.se\/wp-content\/uploads\/2023\/06\/studiebesok-fjardhundraland-axel-gren.jpg?resize=350%2C200&ssl=1 1x, https:\/\/i0.wp.com\/www.fjardhundraland.se\/wp-content\/uploads\/2023\/06\/studiebesok-fjardhundraland-axel-gren.jpg?resize=525%2C300&ssl=1 1.5x, https:\/\/i0.wp.com\/www.fjardhundraland.se\/wp-content\/uploads\/2023\/06\/studiebesok-fjardhundraland-axel-gren.jpg?resize=700%2C400&ssl=1 2x, https:\/\/i0.wp.com\/www.fjardhundraland.se\/wp-content\/uploads\/2023\/06\/studiebesok-fjardhundraland-axel-gren.jpg?resize=1050%2C600&ssl=1 3x, https:\/\/i0.wp.com\/www.fjardhundraland.se\/wp-content\/uploads\/2023\/06\/studiebesok-fjardhundraland-axel-gren.jpg?resize=1400%2C800&ssl=1 4x"},"classes":[]},{"id":13123,"url":"https:\/\/www.fjardhundraland.se\/de\/uber-fjardhundraland\/gruppenreisen-nach-fjardhundraland\/","url_meta":{"origin":8098,"position":5},"title":"Gruppenreisen nach Fj\u00e4rdhundraland","author":"Mats Thorburn","date":"19 Juni 2023","format":false,"excerpt":"M\u00f6chten Sie mit einer Reisegruppe nach Fj\u00e4rdhundraland kommen? Wir sind im Gruppenreisekatalog der Region Uppsala aufgef\u00fchrt. Lesen Sie ihn hier. Gartentourismus Enk\u00f6ping organisiert ma\u00dfgeschneiderte Gruppenreisen in Fj\u00e4rdhundraland. H\u00f6gbergs buss ist Mitglied von Fj\u00e4rdhundraland und kann Sie bei Ihrer Gruppenreise unterst\u00fctzen. Kontaktieren Sie uns, wenn Sie Fragen zu Ihrer Reise haben!","rel":"","context":"\u00c4hnlicher Beitrag","block_context":{"text":"\u00c4hnlicher Beitrag","link":""},"img":{"alt_text":"","src":"","width":0,"height":0},"classes":[]}],"jetpack_sharing_enabled":true,"_links":{"self":[{"href":"https:\/\/www.fjardhundraland.se\/de\/wp-json\/wp\/v2\/pages\/8098","targetHints":{"allow":["GET"]}}],"collection":[{"href":"https:\/\/www.fjardhundraland.se\/de\/wp-json\/wp\/v2\/pages"}],"about":[{"href":"https:\/\/www.fjardhundraland.se\/de\/wp-json\/wp\/v2\/types\/page"}],"author":[{"embeddable":true,"href":"https:\/\/www.fjardhundraland.se\/de\/wp-json\/wp\/v2\/users\/1"}],"replies":[{"embeddable":true,"href":"https:\/\/www.fjardhundraland.se\/de\/wp-json\/wp\/v2\/comments?post=8098"}],"version-history":[{"count":0,"href":"https:\/\/www.fjardhundraland.se\/de\/wp-json\/wp\/v2\/pages\/8098\/revisions"}],"wp:attachment":[{"href":"https:\/\/www.fjardhundraland.se\/de\/wp-json\/wp\/v2\/media?parent=8098"}],"wp:term":[{"taxonomy":"category","embeddable":true,"href":"https:\/\/www.fjardhundraland.se\/de\/wp-json\/wp\/v2\/categories?post=8098"},{"taxonomy":"post_tag","embeddable":true,"href":"https:\/\/www.fjardhundraland.se\/de\/wp-json\/wp\/v2\/tags?post=8098"}],"curies":[{"name":"wp","href":"https:\/\/api.w.org\/{rel}","templated":true}]}}