
{"id":7759,"date":"2021-03-13T09:09:01","date_gmt":"2021-03-13T08:09:01","guid":{"rendered":"https:\/\/www.fjardhundraland.se\/till-dig-som-ar-ny-medlem\/"},"modified":"2021-12-14T10:31:04","modified_gmt":"2021-12-14T09:31:04","slug":"fur-sie-als-neues-mitglied","status":"publish","type":"page","link":"https:\/\/www.fjardhundraland.se\/de\/uber-fjardhundraland\/fur-sie-als-neues-mitglied\/","title":{"rendered":"F\u00fcr neue Mitglieder"},"content":{"rendered":"<p><strong>Willkommen im Programm!<\/strong><\/p>\n\n\n\n<p>Fj\u00e4rdhundraland ist das, was wir daraus machen - gemeinsam k\u00f6nnen wir etwas wirklich Gutes f\u00fcr unsere Besucher tun! Indem wir zusammenarbeiten, kann ich das beitragen, was mir leicht f\u00e4llt, und mir von anderen helfen lassen, was mir schwerf\u00e4llt.<\/p>\n\n\n\n<p>Bei Fj\u00e4rdhundraland arbeiten wir im Namen unserer Besucher - wir wollen, dass sie hier den bestm\u00f6glichen Aufenthalt haben. Um das zu erreichen, m\u00fcssen wir uns kennen und zusammenarbeiten. Dann werden wir mehr Spa\u00df haben, und die Besucher werden das Gef\u00fchl haben, unter Freunden zu sein. <\/p>\n\n\n\n<p>Ein guter Einstieg ist die Teilnahme an den von uns organisierten Treffen und das Kennenlernen anderer Mitglieder und ihrer Aktivit\u00e4ten.<\/p>\n\n\n\n<p>Sie haben den gr\u00f6\u00dften Nutzen von der Organisation, wenn Sie sich f\u00fcr ein Thema engagieren, das Sie interessiert, zum Beispiel in einer Arbeitsgruppe zu einer Veranstaltung. Wenn Sie an den Sitzungen teilnehmen, haben Sie auch mehr von Ihrer Mitgliedschaft, da wir ein Netzwerk von engagierten Menschen aufbauen.<\/p>\n\n\n\n<p><strong>Sie erhalten <a href=\"https:\/\/www.fjardhundraland.se\/de\/internt\/for-medlemmar\/skyltar\/\" target=\"_blank\" rel=\"noreferrer noopener nofollow\">Zeichen<\/a><\/strong>. Sie sind erh\u00e4ltlich bei J\u00e4dra G\u00e5rd, Enk\u00f6ping (Thomas Bj\u00f6rk, 070-899 29 19, thomas@fjardhundraland.se) und bei Pekoe organic tea, \u00d6sterunda (Mats Thorburn, 0701-73 93 99, <a class=\"mailto-link\" href=\"javascript:;\">mats@fjardhundraland.se<\/a>).<\/p>\n\n\n\n<p><strong>Wir haben eine Facebook-Gruppe<\/strong>. <a rel=\"noreferrer noopener\" href=\"https:\/\/www.facebook.com\/groups\/365657026778029\/\" target=\"_blank\">Sie k\u00f6nnen dort gerne mitmachen<\/a> wenn Sie Facebook benutzen. Es handelt sich um eine geschlossene Gruppe, in der wir gemeinsame Anliegen diskutieren k\u00f6nnen. Wir machen dort keine Werbung f\u00fcr die Aktivit\u00e4ten unserer Unternehmen, aber Sie k\u00f6nnen gerne Tipps austauschen und um Hilfe bitten!<\/p>\n\n\n\n<p><strong>Veranstaltungen<\/strong>Fj\u00e4rdhundraland organisiert verschiedene Veranstaltungen, darunter <a href=\"https:\/\/www.fjardhundraland.se\/de\/veranstaltungen\/\">die Runden<\/a>. Die Anmeldung f\u00fcr diese Runden wird im Fr\u00fchjahr ver\u00f6ffentlicht. Bei Fragen zu den Runden wenden Sie sich bitte an Carl-Erik Ekblom (070-521 07 49, carlerik.ekblom@gmail.com).<\/p>\n\n\n\n<p><strong>Zur Aufnahme in die Website<\/strong><br>Die Websites werden von einem Redakteur verwaltet. Schicken Sie Bilder und einen Text \u00fcber Ihre Organisation (muss nicht perfekt sein, wir werden ihn bearbeiten), Tipps und Kommentare an <a class=\"mailto-link\" href=\"javascript:;\">webb@fjardhundraland.se<\/a>.<\/p>\n\n\n\n<p><strong>Hinzuf\u00fcgen von zeitlich begrenzten Aktivit\u00e4ten und Veranstaltungen auf der Website<\/strong><br>Bei vor\u00fcbergehenden Aktivit\u00e4ten (z. B. Veranstaltungen, vor\u00fcbergehende \u00d6ffnungszeiten, Jubil\u00e4um, saisonale \u00d6ffnung) <a href=\"https:\/\/www.fjardhundraland.se\/de\/uber-fjardhundraland\/jetzt-eingeben\/\">hier einf\u00fcgen<\/a>.<\/p>\n\n\n\n<p><a href=\"https:\/\/www.fjardhundraland.se\/de\/uber-fjardhundraland\/aktivitatenpaket-hinzufugen\/\">Hier k\u00f6nnen Sie buchbare Aktivit\u00e4ten und Pakete hinzuf\u00fcgen<\/a>. Zusammengestellte Pakete aus verschiedenen Aktivit\u00e4ten oder einzelne Aktivit\u00e4ten, die Einzelpersonen und Gruppen f\u00fcr sich selbst buchen k\u00f6nnen. Keine Veranstaltungen.<\/p>\n\n\n\n<p><strong>Soziale Medien<\/strong><br>Wir verwenden haupts\u00e4chlich <a href=\"https:\/\/www.instagram.com\/fjardhundraland\/\" target=\"_blank\" rel=\"noreferrer noopener\">Instagram<\/a> und <a href=\"https:\/\/facebook.com\/fjardhundraland\" target=\"_blank\" rel=\"noopener\">Facebook<\/a>, wo wir die Beitr\u00e4ge der Mitglieder teilen. Wir sind viele Mitglieder, und es ist nicht einfach, all die sch\u00f6nen Dinge zu sehen, die gepostet werden. Daher k\u00f6nnen Sie @fjardhundraland taggen und #fj\u00e4rdhundraland verwenden. Sie k\u00f6nnen uns auch gerne eine Nachricht auf Facebook oder Instagram schicken, wenn Sie etwas besonders Wichtiges mitteilen m\u00f6chten.<\/p>\n\n\n\n<p><strong>Wir berichten aus der Sicht des Besuchers<\/strong>. Sie richtet sich danach, was f\u00fcr die Besucher unserer Zielgruppen interessant ist, nicht nach Fairness. Orte, die viel ge\u00f6ffnet sind, werden st\u00e4rker hervorgehoben als solche, die weniger ge\u00f6ffnet sind, ebenso wie klare Veranstaltungen und Angebote. Beitr\u00e4ge \u00fcber Kooperationen mit anderen Mitgliedern, Beitr\u00e4ge \u00fcber Fj\u00e4rdhundraland und Ausflugstipps, die andere Mitglieder einbeziehen. Unsere Besucher sch\u00e4tzen das Gef\u00fchl, unter Freunden zu sein.<\/p>\n\n\n\n<p>Haben Sie Fragen oder Ideen? Sprechen Sie mit <a href=\"https:\/\/www.fjardhundraland.se\/de\/uber-fjardhundraland\/wirtschaftsverband-fjardhundraland\/\" data-type=\"URL\">jeder im Vorstand<\/a>.<\/p>","protected":false},"excerpt":{"rendered":"<p>V\u00e4lkommen! Fj\u00e4rdhundraland \u00e4r vad vi g\u00f6r det till \u2013 tillsammans kan vi g\u00f6ra n\u00e5got riktigt bra f\u00f6r v\u00e5ra bes\u00f6kare! Genom samarbetet\u00a0kan jag\u00a0bidra med det som \u00e4r l\u00e4tt f\u00f6r mig, och f\u00e5 hj\u00e4lp av andra med s\u00e5dant jag\u00a0tycker \u00e4r sv\u00e5rt. I Fj\u00e4rdhundraland jobbar vi p\u00e5 uppdrag av v\u00e5ra bes\u00f6kare \u2013 de ska f\u00e5 det s\u00e5 bra [&hellip;]<\/p>\n","protected":false},"author":1,"featured_media":0,"parent":1515,"menu_order":36,"comment_status":"closed","ping_status":"closed","template":"","meta":{"_acf_changed":false,"_relevanssi_hide_post":"","_relevanssi_hide_content":"","_relevanssi_pin_for_all":"","_relevanssi_pin_keywords":"","_relevanssi_unpin_keywords":"","_relevanssi_related_keywords":"","_relevanssi_related_include_ids":"","_relevanssi_related_exclude_ids":"","_relevanssi_related_no_append":"","_relevanssi_related_not_related":"","_relevanssi_related_posts":"12584,13560,10783,8656,10896,3022","_relevanssi_noindex_reason":"","_genesis_hide_title":false,"_genesis_hide_breadcrumbs":false,"_genesis_hide_singular_image":false,"_genesis_hide_footer_widgets":false,"_genesis_custom_body_class":"","_genesis_custom_post_class":"","_genesis_layout":"","footnotes":""},"categories":[1],"tags":[],"class_list":{"0":"post-7759","1":"page","2":"type-page","3":"status-publish","5":"category-inlagg","6":"entry"},"acf":[],"visa":null,"geo_latitude":null,"geo_longitude":null,"featured_image_src":null,"featured_image_src_square":null,"jetpack-related-posts":[{"id":12897,"url":"https:\/\/www.fjardhundraland.se\/de\/uber-fjardhundraland\/einen-studienaufenthalt-buchen\/","url_meta":{"origin":7759,"position":0},"title":"Buchen Sie einen Studienbesuch","author":"Mats Thorburn","date":"1 Juni 2023","format":false,"excerpt":"M\u00f6chten Sie einen Einblick in die Funktionsweise von Fj\u00e4rdhundraland, den Aufbau des Reiseziels und die Nutzung des Netzes durch die Mitglieder erhalten? Dann ist ein Studienbesuch eine gute M\u00f6glichkeit dazu. Sie werden nicht nur die Geschichte von Fj\u00e4rdhundraland kennenlernen, sondern auch die einzelnen Mitglieder, die \u00fcber ihre Erfahrungen und Beweggr\u00fcnde berichten werden. Ein Studienbesuch bei Fj\u00e4rdhundraland bietet neue...","rel":"","context":"\u00c4hnlicher Beitrag","block_context":{"text":"\u00c4hnlicher Beitrag","link":""},"img":{"alt_text":"Studiebes\u00f6k Fj\u00e4rdhundraland jhos Axel & Gren","src":"https:\/\/i0.wp.com\/www.fjardhundraland.se\/wp-content\/uploads\/2023\/06\/studiebesok-fjardhundraland-axel-gren.jpg?resize=350%2C200&ssl=1","width":350,"height":200,"srcset":"https:\/\/i0.wp.com\/www.fjardhundraland.se\/wp-content\/uploads\/2023\/06\/studiebesok-fjardhundraland-axel-gren.jpg?resize=350%2C200&ssl=1 1x, https:\/\/i0.wp.com\/www.fjardhundraland.se\/wp-content\/uploads\/2023\/06\/studiebesok-fjardhundraland-axel-gren.jpg?resize=525%2C300&ssl=1 1.5x, https:\/\/i0.wp.com\/www.fjardhundraland.se\/wp-content\/uploads\/2023\/06\/studiebesok-fjardhundraland-axel-gren.jpg?resize=700%2C400&ssl=1 2x, https:\/\/i0.wp.com\/www.fjardhundraland.se\/wp-content\/uploads\/2023\/06\/studiebesok-fjardhundraland-axel-gren.jpg?resize=1050%2C600&ssl=1 3x, https:\/\/i0.wp.com\/www.fjardhundraland.se\/wp-content\/uploads\/2023\/06\/studiebesok-fjardhundraland-axel-gren.jpg?resize=1400%2C800&ssl=1 4x"},"classes":[]},{"id":7312,"url":"https:\/\/www.fjardhundraland.se\/de\/uber-fjardhundraland\/wirtschaftsverband-fjardhundraland\/mitglied-werden\/","url_meta":{"origin":7759,"position":1},"title":"Mitglied werden","author":"Mats Thorburn","date":"8 September 2020","format":false,"excerpt":"Willkommen als Mitglied der Wirtschaftsvereinigung Fj\u00e4rdhundraland! Die Tatsache, dass Sie Mitglied werden, st\u00e4rkt unser gemeinsames Netzwerk und macht uns noch besser, um unseren Besuchern ein gutes Erlebnis zu bieten. F\u00fcllen Sie hier das Anmeldeformular aus. Zehn gute Gr\u00fcnde, Mitglied zu werden Sie finden es wichtig, zusammenzuarbeiten. 1+1=3.Sie...","rel":"","context":"\u00c4hnlicher Beitrag","block_context":{"text":"\u00c4hnlicher Beitrag","link":""},"img":{"alt_text":"","src":"","width":0,"height":0},"classes":[]},{"id":6016,"url":"https:\/\/www.fjardhundraland.se\/de\/uber-fjardhundraland\/haufig-gestellte-fragen\/","url_meta":{"origin":7759,"position":2},"title":"H\u00e4ufig gestellte Fragen","author":"Mats Thorburn","date":"11 September 2019","format":false,"excerpt":"Wo befindet sich Fj\u00e4rdhundraland? Unser Gebiet wird dadurch definiert, wo sich unsere Mitglieder befinden - zwischen V\u00e4ster\u00e5s, Sala, Str\u00e4ngn\u00e4s, Uppsala, Enk\u00f6ping und Stockholm. Wir haben keine Grenzen festgelegt, weil Grenzen f\u00fcr Besucher uninteressant sind. Werfen Sie einen Blick auf die Karte! Was bedeutet \u201dFj\u00e4rdhundraland\u201d? Der Name stammt von der gleichnamigen wikingischen\/mittelalterlichen Nation....","rel":"","context":"\u00c4hnlicher Beitrag","block_context":{"text":"\u00c4hnlicher Beitrag","link":""},"img":{"alt_text":"","src":"","width":0,"height":0},"classes":[]},{"id":9481,"url":"https:\/\/www.fjardhundraland.se\/de\/uber-fjardhundraland\/vortrag-entwicklungszusammenarbeit\/","url_meta":{"origin":7759,"position":3},"title":"Einen Vortrag buchen","author":"Mats Thorburn","date":"10 November 2021","format":false,"excerpt":"Ein Vortrag ist ein gro\u00dfartiger Start f\u00fcr ein Projekt zur Entwicklung des l\u00e4ndlichen Raums oder eines Reiseziels, oder wenn Sie die Vorteile der Zusammenarbeit aufzeigen wollen! Fj\u00e4rdhundraland hat ein Reiseziel innerhalb von zehn Jahren von Null auf 150 Mitglieder aufgebaut, angefangen mit einem Leader-Projekt. Jetzt k\u00f6nnen Sie einen der beliebten Vortr\u00e4ge von Mats Thorburn buchen...","rel":"","context":"\u00c4hnlicher Beitrag","block_context":{"text":"\u00c4hnlicher Beitrag","link":""},"img":{"alt_text":"Stora turismpriset utdelning december 2019 Mats Thorburn","src":"https:\/\/i0.wp.com\/www.fjardhundraland.se\/wp-content\/uploads\/2021\/11\/stora-turismpriset-utdelning-december-2019-mats-thorburn.jpg?resize=350%2C200&ssl=1","width":350,"height":200,"srcset":"https:\/\/i0.wp.com\/www.fjardhundraland.se\/wp-content\/uploads\/2021\/11\/stora-turismpriset-utdelning-december-2019-mats-thorburn.jpg?resize=350%2C200&ssl=1 1x, https:\/\/i0.wp.com\/www.fjardhundraland.se\/wp-content\/uploads\/2021\/11\/stora-turismpriset-utdelning-december-2019-mats-thorburn.jpg?resize=525%2C300&ssl=1 1.5x, https:\/\/i0.wp.com\/www.fjardhundraland.se\/wp-content\/uploads\/2021\/11\/stora-turismpriset-utdelning-december-2019-mats-thorburn.jpg?resize=700%2C400&ssl=1 2x, https:\/\/i0.wp.com\/www.fjardhundraland.se\/wp-content\/uploads\/2021\/11\/stora-turismpriset-utdelning-december-2019-mats-thorburn.jpg?resize=1050%2C600&ssl=1 3x, https:\/\/i0.wp.com\/www.fjardhundraland.se\/wp-content\/uploads\/2021\/11\/stora-turismpriset-utdelning-december-2019-mats-thorburn.jpg?resize=1400%2C800&ssl=1 4x"},"classes":[]},{"id":4530,"url":"https:\/\/www.fjardhundraland.se\/de\/veranstaltungen\/rebus-rund10\/die-uppsala-rundfahrt-mit-12-haltestellen\/","url_meta":{"origin":7759,"position":4},"title":"Uppsalaour mit 12 Haltestellen","author":"Ylva Fontell","date":"25 Juli 2017","format":false,"excerpt":"Dies ist ein Routenvorschlag f\u00fcr die Rebus-Runde, der f\u00fcr diejenigen geeignet ist, die von Uppsala kommen. Die Route f\u00fchrt durch die landwirtschaftlich gepr\u00e4gte Landschaft von Fj\u00e4rdhundraland, gemischt mit Wald und sch\u00f6nen T\u00e4lern. Viele tolle Naturerlebnisse warten auf Sie! Sie werden verschiedene Formen des Lebensmittelhandwerks finden, wie K\u00e4se, Marmeladen, Wurstwaren und Geb\u00e4ck. Sie k\u00f6nnen auch Eier, Blumen und Gartenpflanzen kaufen....","rel":"","context":"\u00c4hnlicher Beitrag","block_context":{"text":"\u00c4hnlicher Beitrag","link":""},"img":{"alt_text":"","src":"","width":0,"height":0},"classes":[]},{"id":1515,"url":"https:\/\/www.fjardhundraland.se\/de\/uber-fjardhundraland\/","url_meta":{"origin":7759,"position":5},"title":"\u00dcber Fj\u00e4rdhundraland","author":"Mats Thorburn","date":"8 Januar 2014","format":false,"excerpt":"In Fj\u00e4rdhundraland bringen wir tolle Erlebnisse in einer lebendigen Landschaft mit Geschichte, Naturerlebnissen und aufstrebenden Kleinunternehmen zusammen: Caf\u00e9s, Unterk\u00fcnfte, Hofl\u00e4den und vieles mehr! Jede Menge Lebensmittel, Kunsthandwerk, Natur, Kultur - alles innerhalb einer Stunde von Stockholm, Uppsala und V\u00e4ster\u00e5s. Der Name Fj\u00e4rdhundraland stammt aus dem mittelalterlichen Volksland Fj\u00e4drundaland. Das heutige Fj\u00e4rdhundraland hat keine Grenzen. Das Ziel ist es, ein gro\u00dfes Gebiet von...","rel":"","context":"\u00c4hnlicher Beitrag","block_context":{"text":"\u00c4hnlicher Beitrag","link":""},"img":{"alt_text":"","src":"","width":0,"height":0},"classes":[]}],"jetpack_sharing_enabled":true,"_links":{"self":[{"href":"https:\/\/www.fjardhundraland.se\/de\/wp-json\/wp\/v2\/pages\/7759","targetHints":{"allow":["GET"]}}],"collection":[{"href":"https:\/\/www.fjardhundraland.se\/de\/wp-json\/wp\/v2\/pages"}],"about":[{"href":"https:\/\/www.fjardhundraland.se\/de\/wp-json\/wp\/v2\/types\/page"}],"author":[{"embeddable":true,"href":"https:\/\/www.fjardhundraland.se\/de\/wp-json\/wp\/v2\/users\/1"}],"replies":[{"embeddable":true,"href":"https:\/\/www.fjardhundraland.se\/de\/wp-json\/wp\/v2\/comments?post=7759"}],"version-history":[{"count":0,"href":"https:\/\/www.fjardhundraland.se\/de\/wp-json\/wp\/v2\/pages\/7759\/revisions"}],"up":[{"embeddable":true,"href":"https:\/\/www.fjardhundraland.se\/de\/wp-json\/wp\/v2\/pages\/1515"}],"wp:attachment":[{"href":"https:\/\/www.fjardhundraland.se\/de\/wp-json\/wp\/v2\/media?parent=7759"}],"wp:term":[{"taxonomy":"category","embeddable":true,"href":"https:\/\/www.fjardhundraland.se\/de\/wp-json\/wp\/v2\/categories?post=7759"},{"taxonomy":"post_tag","embeddable":true,"href":"https:\/\/www.fjardhundraland.se\/de\/wp-json\/wp\/v2\/tags?post=7759"}],"curies":[{"name":"wp","href":"https:\/\/api.w.org\/{rel}","templated":true}]}}