
{"id":7312,"date":"2020-09-08T12:18:07","date_gmt":"2020-09-08T10:18:07","guid":{"rendered":"https:\/\/www.fjardhundraland.se\/?page_id=7312"},"modified":"2021-09-09T15:17:37","modified_gmt":"2021-09-09T13:17:37","slug":"mitglied-werden","status":"publish","type":"page","link":"https:\/\/www.fjardhundraland.se\/de\/uber-fjardhundraland\/wirtschaftsverband-fjardhundraland\/mitglied-werden\/","title":{"rendered":"Mitglied werden"},"content":{"rendered":"<p>Willkommen als Mitglied der Wirtschaftsvereinigung Fj\u00e4rdhundraland! Die Tatsache, dass Sie Mitglied werden, st\u00e4rkt unser gemeinsames Netzwerk und macht uns noch besser darin, unseren Besuchern eine gute Erfahrung zu bieten.<\/p>\n\n\n\n<p><a href=\"https:\/\/docs.google.com\/forms\/d\/1lmu7elNURv-f8WGdf5dA4tQK4BN85xkYL_j-1j53cnc\/edit?ts=6040cdb5&amp;gxids=7628\" target=\"_blank\" aria-label=\"F\u00fcllen Sie hier das Bewerbungsformular aus.  (\u00f6ffnet in einer neuen Registerkarte)\" rel=\"noreferrer noopener\" class=\"rank-math-link\"><strong>F\u00fcllen Sie hier das Bewerbungsformular aus.<\/strong> <\/a><\/p>\n\n\n\n<h2 class=\"wp-block-heading\"><strong>Zehn gute Gr\u00fcnde, Mitglied zu werden<\/strong><\/h2>\n\n\n\n<ul class=\"wp-block-list\"><li>Sie halten es f\u00fcr wichtig, zusammenzuarbeiten. 1+1=3.<\/li><li>Sie haben oder wollen eine Form der Besucheraktivit\u00e4t entwickeln, z. B. Bed &amp; Breakfast, Veranstaltungen, Aktivit\u00e4ten, F\u00fchrungen, Verkauf von lokal erzeugten Produkten, Restaurant oder Caf\u00e9.<\/li><li>Sie halten es f\u00fcr eine gro\u00dfartige Idee, die Landschaft zu entwickeln, und m\u00f6chten all die gro\u00dfartigen Dinge zeigen, die sie zu bieten hat, um mehr Besucher anzuziehen.<\/li><li>Sie wollen sich f\u00fcr die St\u00e4rkung der lokalen Produktion einsetzen.<\/li><li>Sie m\u00f6chten Ihr Unternehmen\/Ihre Besch\u00e4ftigung durch touristische Aktivit\u00e4ten erg\u00e4nzen.<\/li><li>Sie m\u00f6chten Ihr spezielles Interesse entwickeln, indem Sie mit anderen zusammenarbeiten und es den Besuchern pr\u00e4sentieren.<\/li><li>Sie haben leere R\u00e4ume, mit denen Sie etwas anfangen k\u00f6nnen.<\/li><li>Ihre Organisation hat etwas, das Besucher interessieren k\u00f6nnte.<\/li><li>Sie halten es f\u00fcr eine gute Idee, \u00f6ffentliche Mittel f\u00fcr die Umsetzung neuer Ideen beantragen zu k\u00f6nnen.<\/li><li>Sie meinen, wir sollten uns \u00fcber eine gemeinsame Marke vermarkten, die f\u00fcr Qualit\u00e4t und nachhaltiges Wirtschaften steht.<\/li><\/ul>\n\n\n\n<h2 class=\"wp-block-heading\">Was Sie als Mitglied erhalten<\/h2>\n\n\n\n<ul class=\"wp-block-list\"><li>Sie werden Teil einer starken Marke mit loyalen Zielgruppen sein, die das Landleben, die Qualit\u00e4t im kleinen Rahmen und den pers\u00f6nlichen Service sch\u00e4tzen.<\/li><li>Sie werden Teil eines Netzwerks von engagierten Menschen sein, die sich f\u00fcr ihre Organisationen einsetzen.<\/li><li>Sie werden in den sozialen Medien von Fj\u00e4rdhundraland beworben.<\/li><li>Sie werden eine Seite auf der beliebten Website von Fj\u00e4rdhundraland haben.<\/li><li>Sie k\u00f6nnen an Veranstaltungen wie Tuva &amp; t\u00e4ppa, Loppisrundan, Rebusrundan, Mat &amp; m\u00e4nniskor teilnehmen.<\/li><li>Sie erhalten Materialien, mit denen Sie Fj\u00e4rdhundraland in Ihrem Marketing einsetzen und so Ihre eigene Marke st\u00e4rken k\u00f6nnen.<\/li><\/ul>\n\n\n\n<h2 class=\"wp-block-heading\"><strong>Zwei Formen der Mitgliedschaft<\/strong><\/h2>\n\n\n\n<p><strong>Mitglied des Europ\u00e4ischen Parlaments<\/strong>&nbsp;k\u00f6nnen Sie werden<\/p>\n\n\n\n<ul class=\"wp-block-list\"><li>Wenn Sie etwas f\u00fcr Touristen\/G\u00e4ste\/Besucher\/Kunden anbieten oder anbieten wollen.<\/li><li>Verabschiedet vom Vorstand der Organisation.<\/li><li>sich an den Aktivit\u00e4ten des Vereins und der gemeinsamen Werbung beteiligen wollen.<\/li><\/ul>\n\n\n\n<p>Um Vollmitglied zu werden, zahlen Sie einen Beitrag von 1000 SEK (den Sie bei Austritt zur\u00fcckerhalten) und einen j\u00e4hrlichen Mitgliedsbeitrag von maximal 300 SEK. Hinzu kommt eine Servicegeb\u00fchr (die der Mehrwertsteuer unterliegt und ebenfalls steuerlich absetzbar ist).<\/p>\n\n\n\n<p>Ab 2019 betr\u00e4gt die Servicegeb\u00fchr 1.000 SEK\/Jahr (500 SEK f\u00fcr gemeinn\u00fctzige Organisationen und Start-ups\/Kleinunternehmen mit einem Umsatz von weniger als 50.000 SEK).<\/p>\n\n\n\n<p><strong>Unterst\u00fctzendes Mitglied<\/strong>&nbsp;k\u00f6nnen Sie werden<\/p>\n\n\n\n<ul class=\"wp-block-list\"><li>wenn Sie die Aktivit\u00e4ten der Organisation unterst\u00fctzen<\/li><\/ul>\n\n\n\n<p>F\u00f6rdernde Mitglieder zahlen nur einen j\u00e4hrlichen Mitgliedsbeitrag. F\u00f6rdermitglieder k\u00f6nnen sich an den Aktivit\u00e4ten der Vereinigung beteiligen, haben aber keinen Anspruch auf Leistungen, die die Vereinigung Geld kosten, wie Marketing und subventionierte Veranstaltungen.<\/p>\n\n\n\n<p><a href=\"https:\/\/docs.google.com\/forms\/d\/1lmu7elNURv-f8WGdf5dA4tQK4BN85xkYL_j-1j53cnc\/edit?ts=6040cdb5&amp;gxids=7628\" target=\"_blank\" aria-label=\"Werden Sie Mitglied! F\u00fcllen Sie hier das Anmeldeformular aus.  (\u00f6ffnet in einer neuen Registerkarte)\" rel=\"noreferrer noopener\" class=\"rank-math-link\">Werden Sie Mitglied! F\u00fcllen Sie hier das Anmeldeformular aus. <\/a><\/p>","protected":false},"excerpt":{"rendered":"<p>V\u00e4lkommen som medlem i Fj\u00e4rdhundraland ekonomisk f\u00f6rening! Att just du kommer med st\u00e4rker v\u00e5rt gemensamma n\u00e4tverk, och g\u00f6r att vi blir \u00e4nnu b\u00e4ttre p\u00e5 att ge v\u00e5ra bes\u00f6kare en bra upplevelse. Fyll i anm\u00e4lan h\u00e4r. Tio bra sk\u00e4l att bli medlem Ni tycker att det \u00e4r viktigt att samarbeta. 1+1=3. Ni har eller vill utveckla [&hellip;]<\/p>\n","protected":false},"author":1,"featured_media":0,"parent":1903,"menu_order":42,"comment_status":"closed","ping_status":"closed","template":"","meta":{"_acf_changed":false,"_relevanssi_hide_post":"","_relevanssi_hide_content":"","_relevanssi_pin_for_all":"","_relevanssi_pin_keywords":"","_relevanssi_unpin_keywords":"","_relevanssi_related_keywords":"","_relevanssi_related_include_ids":"","_relevanssi_related_exclude_ids":"","_relevanssi_related_no_append":"","_relevanssi_related_not_related":"","_relevanssi_related_posts":"","_relevanssi_noindex_reason":"","_genesis_hide_title":false,"_genesis_hide_breadcrumbs":false,"_genesis_hide_singular_image":false,"_genesis_hide_footer_widgets":false,"_genesis_custom_body_class":"","_genesis_custom_post_class":"","_genesis_layout":"","footnotes":""},"categories":[],"tags":[],"class_list":{"0":"post-7312","1":"page","2":"type-page","3":"status-publish","5":"entry"},"acf":[],"visa":null,"geo_latitude":null,"geo_longitude":null,"featured_image_src":null,"featured_image_src_square":null,"jetpack-related-posts":[{"id":1903,"url":"https:\/\/www.fjardhundraland.se\/de\/uber-fjardhundraland\/wirtschaftsverband-fjardhundraland\/","url_meta":{"origin":7312,"position":0},"title":"Verein Fj\u00e4rdhundraland","author":"Mats Thorburn","date":"2 M\u00e4rz 2014","format":false,"excerpt":"Fj\u00e4rdhundraland wird im Rahmen des 2011 gegr\u00fcndeten Wirtschaftsverbands Fj\u00e4rdhundraland entwickelt. Der Verband arbeitet an der Entwicklung der Tourismusindustrie und der Schaffung neuer Partnerschaften. Alle Arbeiten zielen darauf ab, unseren Besuchern ein besseres Erlebnis zu bieten.  M\u00f6chten Sie mehr \u00fcber die Wirtschaftsvereinigung Fj\u00e4rdhundraland erfahren? Lesen Sie hier die h\u00e4ufig gestellten Fragen. Fj\u00e4rdhundraland hat seinen Ursprung in dem LEADER-Projekt Tourismus in Fj\u00e4rdhundrabygden, das...","rel":"","context":"\u00c4hnlicher Beitrag","block_context":{"text":"\u00c4hnlicher Beitrag","link":""},"img":{"alt_text":"","src":"","width":0,"height":0},"classes":[]},{"id":7759,"url":"https:\/\/www.fjardhundraland.se\/de\/uber-fjardhundraland\/fur-sie-als-neues-mitglied\/","url_meta":{"origin":7312,"position":1},"title":"F\u00fcr neue Mitglieder","author":"Mats Thorburn","date":"13 M\u00e4rz 2021","format":false,"excerpt":"Willkommen bei Fj\u00e4rdhundraland! Fj\u00e4rdhundraland ist das, was wir daraus machen - gemeinsam k\u00f6nnen wir etwas wirklich Gutes f\u00fcr unsere Besucher tun! Durch die Zusammenarbeit kann ich mit dem beitragen, was mir leicht f\u00e4llt, und mir von anderen helfen lassen, was ich schwierig finde. In Fj\u00e4rdhundraland arbeiten wir im Namen unserer Besucher - sie...","rel":"","context":"In &quot;Inl\u00e4gg&quot;","block_context":{"text":"Inl\u00e4gg","link":"https:\/\/www.fjardhundraland.se\/de\/einlage\/"},"img":{"alt_text":"","src":"","width":0,"height":0},"classes":[]},{"id":6016,"url":"https:\/\/www.fjardhundraland.se\/de\/uber-fjardhundraland\/haufig-gestellte-fragen\/","url_meta":{"origin":7312,"position":2},"title":"H\u00e4ufig gestellte Fragen","author":"Mats Thorburn","date":"11 September 2019","format":false,"excerpt":"Wo befindet sich Fj\u00e4rdhundraland? Unser Gebiet wird dadurch definiert, wo sich unsere Mitglieder befinden - zwischen V\u00e4ster\u00e5s, Sala, Str\u00e4ngn\u00e4s, Uppsala, Enk\u00f6ping und Stockholm. Wir haben keine Grenzen festgelegt, weil Grenzen f\u00fcr Besucher uninteressant sind. Werfen Sie einen Blick auf die Karte! Was bedeutet \u201dFj\u00e4rdhundraland\u201d? Der Name stammt von der gleichnamigen wikingischen\/mittelalterlichen Nation....","rel":"","context":"\u00c4hnlicher Beitrag","block_context":{"text":"\u00c4hnlicher Beitrag","link":""},"img":{"alt_text":"","src":"","width":0,"height":0},"classes":[]},{"id":1515,"url":"https:\/\/www.fjardhundraland.se\/de\/uber-fjardhundraland\/","url_meta":{"origin":7312,"position":3},"title":"\u00dcber Fj\u00e4rdhundraland","author":"Mats Thorburn","date":"8 Januar 2014","format":false,"excerpt":"In Fj\u00e4rdhundraland bringen wir tolle Erlebnisse in einer lebendigen Landschaft mit Geschichte, Naturerlebnissen und aufstrebenden Kleinunternehmen zusammen: Caf\u00e9s, Unterk\u00fcnfte, Hofl\u00e4den und vieles mehr! Jede Menge Lebensmittel, Kunsthandwerk, Natur, Kultur - alles innerhalb einer Stunde von Stockholm, Uppsala und V\u00e4ster\u00e5s. Der Name Fj\u00e4rdhundraland stammt aus dem mittelalterlichen Volksland Fj\u00e4drundaland. Das heutige Fj\u00e4rdhundraland hat keine Grenzen. Das Ziel ist es, ein gro\u00dfes Gebiet von...","rel":"","context":"\u00c4hnlicher Beitrag","block_context":{"text":"\u00c4hnlicher Beitrag","link":""},"img":{"alt_text":"","src":"","width":0,"height":0},"classes":[]},{"id":12299,"url":"https:\/\/www.fjardhundraland.se\/de\/sdfsdf\/","url_meta":{"origin":7312,"position":4},"title":"Registrierung von privaten Verk\u00e4ufern Loppisrundan","author":"Mats Thorburn","date":"23 M\u00e4rz 2023","format":false,"excerpt":"Neu! Im Jahr 2023 k\u00f6nnen Sie, auch wenn Sie kein Mitglied von Fj\u00e4rdhundraland sind, an der Flohmarktrunde teilnehmen, und zwar in Ihrem eigenen Haus! F\u00fcllen Sie das untenstehende Formular aus. Die Kosten betragen 500 SEK und werden nach der Anmeldung per Swish oder Bakgiro an Fj\u00e4rdhundraland bezahlt. Ihr Standort wird in die Karte aufgenommen, die im Fr\u00fchjahr im Internet ver\u00f6ffentlicht wird...","rel":"","context":"\u00c4hnlicher Beitrag","block_context":{"text":"\u00c4hnlicher Beitrag","link":""},"img":{"alt_text":"","src":"","width":0,"height":0},"classes":[]},{"id":9481,"url":"https:\/\/www.fjardhundraland.se\/de\/uber-fjardhundraland\/vortrag-entwicklungszusammenarbeit\/","url_meta":{"origin":7312,"position":5},"title":"Einen Vortrag buchen","author":"Mats Thorburn","date":"10 November 2021","format":false,"excerpt":"Ein Vortrag ist ein gro\u00dfartiger Start f\u00fcr ein Projekt zur Entwicklung des l\u00e4ndlichen Raums oder eines Reiseziels, oder wenn Sie die Vorteile der Zusammenarbeit aufzeigen wollen! Fj\u00e4rdhundraland hat ein Reiseziel innerhalb von zehn Jahren von Null auf 150 Mitglieder aufgebaut, angefangen mit einem Leader-Projekt. Jetzt k\u00f6nnen Sie einen der beliebten Vortr\u00e4ge von Mats Thorburn buchen...","rel":"","context":"\u00c4hnlicher Beitrag","block_context":{"text":"\u00c4hnlicher Beitrag","link":""},"img":{"alt_text":"Stora turismpriset utdelning december 2019 Mats Thorburn","src":"https:\/\/i0.wp.com\/www.fjardhundraland.se\/wp-content\/uploads\/2021\/11\/stora-turismpriset-utdelning-december-2019-mats-thorburn.jpg?resize=350%2C200&ssl=1","width":350,"height":200,"srcset":"https:\/\/i0.wp.com\/www.fjardhundraland.se\/wp-content\/uploads\/2021\/11\/stora-turismpriset-utdelning-december-2019-mats-thorburn.jpg?resize=350%2C200&ssl=1 1x, https:\/\/i0.wp.com\/www.fjardhundraland.se\/wp-content\/uploads\/2021\/11\/stora-turismpriset-utdelning-december-2019-mats-thorburn.jpg?resize=525%2C300&ssl=1 1.5x, https:\/\/i0.wp.com\/www.fjardhundraland.se\/wp-content\/uploads\/2021\/11\/stora-turismpriset-utdelning-december-2019-mats-thorburn.jpg?resize=700%2C400&ssl=1 2x, https:\/\/i0.wp.com\/www.fjardhundraland.se\/wp-content\/uploads\/2021\/11\/stora-turismpriset-utdelning-december-2019-mats-thorburn.jpg?resize=1050%2C600&ssl=1 3x, https:\/\/i0.wp.com\/www.fjardhundraland.se\/wp-content\/uploads\/2021\/11\/stora-turismpriset-utdelning-december-2019-mats-thorburn.jpg?resize=1400%2C800&ssl=1 4x"},"classes":[]}],"jetpack_sharing_enabled":true,"_links":{"self":[{"href":"https:\/\/www.fjardhundraland.se\/de\/wp-json\/wp\/v2\/pages\/7312","targetHints":{"allow":["GET"]}}],"collection":[{"href":"https:\/\/www.fjardhundraland.se\/de\/wp-json\/wp\/v2\/pages"}],"about":[{"href":"https:\/\/www.fjardhundraland.se\/de\/wp-json\/wp\/v2\/types\/page"}],"author":[{"embeddable":true,"href":"https:\/\/www.fjardhundraland.se\/de\/wp-json\/wp\/v2\/users\/1"}],"replies":[{"embeddable":true,"href":"https:\/\/www.fjardhundraland.se\/de\/wp-json\/wp\/v2\/comments?post=7312"}],"version-history":[{"count":0,"href":"https:\/\/www.fjardhundraland.se\/de\/wp-json\/wp\/v2\/pages\/7312\/revisions"}],"up":[{"embeddable":true,"href":"https:\/\/www.fjardhundraland.se\/de\/wp-json\/wp\/v2\/pages\/1903"}],"wp:attachment":[{"href":"https:\/\/www.fjardhundraland.se\/de\/wp-json\/wp\/v2\/media?parent=7312"}],"wp:term":[{"taxonomy":"category","embeddable":true,"href":"https:\/\/www.fjardhundraland.se\/de\/wp-json\/wp\/v2\/categories?post=7312"},{"taxonomy":"post_tag","embeddable":true,"href":"https:\/\/www.fjardhundraland.se\/de\/wp-json\/wp\/v2\/tags?post=7312"}],"curies":[{"name":"wp","href":"https:\/\/api.w.org\/{rel}","templated":true}]}}