
{"id":6557,"date":"2020-03-31T23:03:32","date_gmt":"2020-03-31T21:03:32","guid":{"rendered":"https:\/\/www.fjardhundraland.se\/?page_id=6557"},"modified":"2024-06-20T12:03:26","modified_gmt":"2024-06-20T10:03:26","slug":"jetzt-eingeben","status":"publish","type":"page","link":"https:\/\/www.fjardhundraland.se\/de\/om-fjardhundraland\/lagg-in-nu\/","title":{"rendered":"Aktivit\u00e4t eingeben"},"content":{"rendered":"\n<p class=\"extramargin\"><strong>Intresset \u00e4r stort f\u00f6r att komma ut p\u00e5 landet, och vi har en en bra plats d\u00e4r vi kan visa upp vad vi g\u00f6r \u2013 just nu. <\/strong><\/p>\n\n\n\n<p class=\"extramargin\"><strong>H\u00e4r l\u00e4gger du in t.ex. evenemang, aktiviteter och tillf\u00e4lliga \u00f6ppettider.<\/strong><\/p>\n\n\n\n<p class=\"extramargin\">Efter manuellt godk\u00e4nnande publiceras det h\u00e4r: <a class=\"rank-math-link\" href=\"https:\/\/www.fjardhundraland.se\/nu\/\">https:\/\/www.fjardhundraland.se\/nu\/<\/a><\/p>\n\n\n\n<p class=\"extramargin\">Laddar du inte upp en bild h\u00e4mtas det automatiskt en bild fr\u00e5n din sida p\u00e5 fjardhundraland.se.<\/p>\n\n\n<form class=\"af-form acf-form\" method=\"POST\" action=\"https:\/\/www.fjardhundraland.se\/de\/wp-json\/wp\/v2\/pages\/6557\" id=\"form_5e81b0a83e275\" data-key=\"form_5e81b0a83e275\"><div class=\"af-fields acf-fields acf-form-fields -top\">\t<div id=\"acf-form-data\" class=\"acf-hidden\">\n\t\t<input type=\"hidden\" id=\"_acf_screen\" name=\"_acf_screen\" value=\"acf_form\"\/><input type=\"hidden\" id=\"_acf_post_id\" name=\"_acf_post_id\" value=\"0\"\/><input type=\"hidden\" id=\"_acf_validation\" name=\"_acf_validation\" value=\"1\"\/><input type=\"hidden\" id=\"_acf_form\" name=\"_acf_form\" value=\"0\"\/><input type=\"hidden\" id=\"_acf_nonce\" name=\"_acf_nonce\" value=\"91ff7781f4\"\/><input type=\"hidden\" id=\"_acf_changed\" name=\"_acf_changed\" value=\"0\"\/><input type=\"hidden\" id=\"_acf_location[af_form]\" name=\"_acf_location[af_form]\" value=\"form_5e81b0a83e275\"\/>\t<\/div>\n\t<div class=\"acf-hidden\"><input type=\"hidden\" name=\"_acfnonce\" value=\"62bcea0ac3\"><input type=\"hidden\" name=\"nonce\" value=\"62bcea0ac3\"><input type=\"hidden\" name=\"af_form\" value=\"form_5e81b0a83e275\"><input type=\"hidden\" name=\"af_form_args\" value=\"eyJhamF4IjpmYWxzZSwiZGlzcGxheV90aXRsZSI6ZmFsc2UsImRpc3BsYXlfZGVzY3JpcHRpb24iOmZhbHNlLCJpZCI6ImZvcm1fNWU4MWIwYTgzZTI3NSIsInZhbHVlcyI6W10sInN1Ym1pdF90ZXh0IjoiU3VibWl0IiwicmVkaXJlY3QiOm51bGwsInRhcmdldCI6Imh0dHBzOlwvXC93d3cuZmphcmRodW5kcmFsYW5kLnNlXC9kZVwvd3AtanNvblwvd3BcL3YyXC9wYWdlc1wvNjU1NyIsImVjaG8iOnRydWUsImV4Y2x1ZGVfZmllbGRzIjpbImZpZWxkXzY2NzJhODJjZWUwMTIiXSwidXBsb2FkZXIiOiJ3cCIsImZpbHRlcl9tb2RlIjpmYWxzZSwibGFiZWxfcGxhY2VtZW50IjoidG9wIiwiaW5zdHJ1Y3Rpb25fcGxhY2VtZW50IjoibGFiZWwiLCJob25leXBvdCI6dHJ1ZSwicG9zdCI6Im5ldyJ9\"><input type=\"hidden\" name=\"_acf_form\" value=\"eyJhamF4IjpmYWxzZSwiZGlzcGxheV90aXRsZSI6ZmFsc2UsImRpc3BsYXlfZGVzY3JpcHRpb24iOmZhbHNlLCJpZCI6ImZvcm1fNWU4MWIwYTgzZTI3NSIsInZhbHVlcyI6W10sInN1Ym1pdF90ZXh0IjoiU3VibWl0IiwicmVkaXJlY3QiOm51bGwsInRhcmdldCI6Imh0dHBzOlwvXC93d3cuZmphcmRodW5kcmFsYW5kLnNlXC9kZVwvd3AtanNvblwvd3BcL3YyXC9wYWdlc1wvNjU1NyIsImVjaG8iOnRydWUsImV4Y2x1ZGVfZmllbGRzIjpbImZpZWxkXzY2NzJhODJjZWUwMTIiXSwidXBsb2FkZXIiOiJ3cCIsImZpbHRlcl9tb2RlIjpmYWxzZSwibGFiZWxfcGxhY2VtZW50IjoidG9wIiwiaW5zdHJ1Y3Rpb25fcGxhY2VtZW50IjoibGFiZWwiLCJob25leXBvdCI6dHJ1ZSwicG9zdCI6Im5ldyJ9\"><input type=\"hidden\" name=\"af_form_nonce\" value=\"74d2806c1c\"><label for=\"af_email_for_non_humans_form_5e81b0a83e275\" aria-hidden=\"true\">Email for non-humans<\/label><input type=\"text\" name=\"email_for_non_humans\" id=\"af_email_for_non_humans_form_5e81b0a83e275\" tabindex=\"-1\" autocomplete=\"off\" \/><input type=\"hidden\" name=\"af_origin_url\" value=\"https:\/\/www.fjardhundraland.se\/de\/wp-json\/wp\/v2\/pages\/6557\" \/><\/div><div class=\"af-field af-field-type-post-object af-field-foretagplats acf-field acf-field-post-object acf-field-5e7729d6d0cfc af-field-required\" data-name=\"foretagplats\" data-key=\"field_5e7729d6d0cfc\" data-type=\"post_object\"><div class=\"af-label acf-label\"><label for=\"acf-field_5e7729d6d0cfc\">F\u00f6retag\/plats <span class=\"acf-required\">*<\/span><\/label><\/div><div class=\"af-input acf-input\"><input type=\"hidden\" id=\"acf-field_5e7729d6d0cfc-input\" name=\"acf[field_5e7729d6d0cfc]\"\/><select id=\"acf-field_5e7729d6d0cfc\" class=\"\" name=\"acf[field_5e7729d6d0cfc]\" data-ui=\"1\" data-ajax=\"1\" data-multiple=\"0\" data-placeholder=\"Ausw\u00e4hlen\" data-allow_null=\"0\" data-nonce=\"f0a2b384b2\"><\/select><\/div><\/div><div class=\"af-field af-field-type-text af-field-titel acf-field acf-field-text acf-field-5e769342e4492 af-field-required\" data-name=\"titel\" data-key=\"field_5e769342e4492\" data-type=\"text\"><div class=\"af-label acf-label\"><label for=\"acf-field_5e769342e4492\">Titel <span class=\"acf-required\">*<\/span><\/label><p class=\"af-field-instructions -placement-label\">Namnet\/rubriken p\u00e5 erbjudandet\/evenemanget.<\/p><\/div><div class=\"af-input acf-input\"><div class=\"acf-input-wrap\"><input type=\"text\" id=\"acf-field_5e769342e4492\" name=\"acf[field_5e769342e4492]\" required=\"required\"\/><\/div><\/div><\/div><div class=\"af-field af-field-type-group af-field-visningsdatum acf-field acf-field-group acf-field-5e77247e5b07e af-field-required\" data-name=\"visningsdatum\" data-key=\"field_5e77247e5b07e\" data-type=\"group\"><div class=\"af-label acf-label\"><label for=\"acf-field_5e77247e5b07e\">Visningsdatum <span class=\"acf-required\">*<\/span><\/label><p class=\"af-field-instructions -placement-label\">De datum mellan vilka inl\u00e4gget ska visas p\u00e5 Fj\u00e4rdhundralands webbsida.<\/p><\/div><div class=\"af-input acf-input\"><div class=\"acf-fields -top -border\"><div class=\"acf-field acf-field-date-picker acf-field-5e7724ac5b07f\" style=\"width:49%;\" data-name=\"fran\" data-type=\"date_picker\" data-key=\"field_5e7724ac5b07f\" data-width=\"49\">\n<div class=\"acf-label\">\n<label for=\"acf-field_5e77247e5b07e-field_5e7724ac5b07f\">Fr\u00e5n<\/label><\/div>\n<div class=\"acf-input\">\n\t\t<div class=\"acf-date-picker acf-input-wrap\" data-date_format=\"d MM yy\" data-first_day=\"1\">\n\t\t\t<input type=\"hidden\" id=\"acf-field_5e77247e5b07e-field_5e7724ac5b07f\" name=\"acf[field_5e77247e5b07e][field_5e7724ac5b07f]\" value=\"\"\/>\t\t\t<input type=\"text\" class=\"input\" value=\"\" data-default-to-today=\"0\"\/>\t\t<\/div>\n\t\t\t<\/div>\n<\/div>\n<div class=\"acf-field acf-field-date-picker acf-field-5e7724d65b080\" style=\"width:49%;\" data-name=\"till\" data-type=\"date_picker\" data-key=\"field_5e7724d65b080\" data-width=\"49\">\n<div class=\"acf-label\">\n<label for=\"acf-field_5e77247e5b07e-field_5e7724d65b080\">Till<\/label><\/div>\n<div class=\"acf-input\">\n\t\t<div class=\"acf-date-picker acf-input-wrap\" data-date_format=\"d MM yy\" data-first_day=\"1\">\n\t\t\t<input type=\"hidden\" id=\"acf-field_5e77247e5b07e-field_5e7724d65b080\" name=\"acf[field_5e77247e5b07e][field_5e7724d65b080]\" value=\"\"\/>\t\t\t<input type=\"text\" class=\"input\" value=\"\" data-default-to-today=\"0\"\/>\t\t<\/div>\n\t\t\t<\/div>\n<\/div>\n<\/div><\/div><\/div><div class=\"af-field af-field-type-wysiwyg af-field-datum-oppettider acf-field acf-field-wysiwyg acf-field-6673fea3af76e af-field-required\" data-name=\"datum_oppettider\" data-key=\"field_6673fea3af76e\" data-type=\"wysiwyg\"><div class=\"af-label acf-label\"><label for=\"acf-field_6673fea3af76e\">Tid och plats <span class=\"acf-required\">*<\/span><\/label><p class=\"af-field-instructions -placement-label\">Aktivitetens \u00f6ppettider och datum.<\/p><\/div><div class=\"af-input acf-input\">\t\t<div id=\"wp-acf-editor-69e7685ab23e8-wrap\" class=\"acf-editor-wrap wp-core-ui wp-editor-wrap tmce-active\" data-toolbar=\"basic\">\n\t\t\t<div id=\"wp-acf-editor-69e7685ab23e8-editor-tools\" class=\"wp-editor-tools hide-if-no-js\">\n\t\t\t\t\t\t\t\t\t\t\t\t<\/div>\n\t\t\t<div id=\"wp-acf-editor-69e7685ab23e8-editor-container\" class=\"wp-editor-container\">\n\t\t\t\t\t\t\t\t\t\t<textarea id=\"acf-editor-69e7685ab23e8\" class=\"wp-editor-area\" name=\"acf[field_6673fea3af76e]\" style=\"height:300px;\"><\/textarea>\t\t\t<\/div>\n\t\t<\/div>\n\t\t\t<\/div><\/div><div class=\"af-field af-field-type-wysiwyg af-field-beskrivning acf-field acf-field-wysiwyg acf-field-5e771a196e2a4 af-field-required\" data-name=\"beskrivning\" data-key=\"field_5e771a196e2a4\" data-type=\"wysiwyg\"><div class=\"af-label acf-label\"><label for=\"acf-field_5e771a196e2a4\">Beskrivning <span class=\"acf-required\">*<\/span><\/label><p class=\"af-field-instructions -placement-label\">Beskriv vad det \u00e4r ni ska g\u00f6ra.<\/p><\/div><div class=\"af-input acf-input\">\t\t<div id=\"wp-acf-editor-69e7685ab24d6-wrap\" class=\"acf-editor-wrap wp-core-ui wp-editor-wrap tmce-active\" data-toolbar=\"full\">\n\t\t\t<div id=\"wp-acf-editor-69e7685ab24d6-editor-tools\" class=\"wp-editor-tools hide-if-no-js\">\n\t\t\t\t\t\t\t\t\t\t\t\t<\/div>\n\t\t\t<div id=\"wp-acf-editor-69e7685ab24d6-editor-container\" class=\"wp-editor-container\">\n\t\t\t\t\t\t\t\t\t\t<textarea id=\"acf-editor-69e7685ab24d6\" class=\"wp-editor-area\" name=\"acf[field_5e771a196e2a4]\" style=\"height:300px;\"><\/textarea>\t\t\t<\/div>\n\t\t<\/div>\n\t\t\t<\/div><\/div><div class=\"af-field af-field-type-image af-field-bild acf-field acf-field-image acf-field-5e77250e05b3f\" data-name=\"bild\" data-key=\"field_5e77250e05b3f\" data-type=\"image\"><div class=\"af-label acf-label\"><label for=\"acf-field_5e77250e05b3f\">Bild<\/label><p class=\"af-field-instructions -placement-label\">\u2022 Inte bilder med text p\u00e5 bilden\r\n\u2022 Ladda upp i full storlek, beh\u00f6ver inte skalas ner.<\/p><\/div><div class=\"af-input acf-input\"><div class=\"acf-image-uploader\" data-preview_size=\"medium\" data-library=\"all\" data-mime_types=\"\" data-uploader=\"basic\">\n\t\t\t<input type=\"hidden\" name=\"acf[field_5e77250e05b3f]\" value=\"\"\/>\t<div class=\"show-if-value image-wrap\" style=\"max-width: 300px\" tabindex=\"0\" role=\"button\" aria-label=\"Selected image. Press tab to access image options.\">\n\t\t<img decoding=\"async\" src=\"\" alt=\"\" data-name=\"image\" style=\"max-height: 300px;\" title=\"\">\n\t\t<div class=\"acf-actions -hover\">\n\t\t\t\t\t\t<a class=\"acf-icon -cancel dark\" data-name=\"remove\" href=\"#\" title=\"Entfernen\" aria-label=\"Bild entfernen\"><\/a>\n\t\t<\/div>\n\t<\/div>\n\t<div class=\"hide-if-value\">\n\t\t\t\t\t\t\t\t\t\t<label class=\"acf-basic-uploader\">\n\t\t\t\t<input type=\"file\" name=\"acf[field_5e77250e05b3f]\" id=\"acf-field_5e77250e05b3f\" key=\"field_5e77250e05b3f\" \/><input type=\"hidden\" name=\"acf[field_5e77250e05b3f_file_nonce]\" value=\"a3ffc64a30\" \/>\t\t\t<\/label>\n\t\t\t<\/div>\n<\/div>\n\t\t\t<\/div><\/div><div class=\"af-field af-field-type-url af-field-biljettlank-billetto acf-field acf-field-url acf-field-67111b9ce8af5\" data-name=\"biljettlank_billetto\" data-key=\"field_67111b9ce8af5\" data-type=\"url\"><div class=\"af-label acf-label\"><label for=\"acf-field_67111b9ce8af5\">Billetto bokningsl\u00e4nk<\/label><p class=\"af-field-instructions -placement-label\">L\u00e4nk till bokningssida hos Billetto (om ni anv\u00e4nder det). L\u00e4gger till en knapp f\u00f6r bokning direkt h\u00e4r p\u00e5 webbsidan.<\/p><\/div><div class=\"af-input acf-input\"><div class=\"acf-input-wrap acf-url\"><i class=\"acf-icon -globe -small\"><\/i><input type=\"url\" id=\"acf-field_67111b9ce8af5\" name=\"acf[field_67111b9ce8af5]\"\/><\/div><\/div><\/div><div class=\"af-field af-field-type-true-false af-field-dolj-karta acf-field acf-field-true-false acf-field-64df4730c7b12\" data-name=\"dolj_karta\" data-key=\"field_64df4730c7b12\" data-type=\"true_false\"><div class=\"af-label acf-label\"><label for=\"acf-field_64df4730c7b12\">D\u00f6lj karta<\/label><\/div><div class=\"af-input acf-input\"><div class=\"acf-true-false\">\n\t\t\t<input type=\"hidden\" name=\"acf[field_64df4730c7b12]\" value=\"0\"\/>\t<label>\n\t\t<input type=\"checkbox\" id=\"acf-field_64df4730c7b12\" name=\"acf[field_64df4730c7b12]\" value=\"1\" class=\"\" autocomplete=\"off\"\/>\n\t\t\t\t\t\t\t<\/label>\n<\/div>\n\t\t\t<\/div><\/div><div class=\"af-field af-field-type-taxonomy af-field-kategori acf-field acf-field-taxonomy acf-field-6548ac6770aeb\" data-name=\"kategori\" data-key=\"field_6548ac6770aeb\" data-type=\"taxonomy\"><div class=\"af-label acf-label\"><label for=\"acf-field_6548ac6770aeb\">Kategori<\/label><\/div><div class=\"af-input acf-input\"><div class=\"acf-taxonomy-field\" data-save=\"1\" data-ftype=\"checkbox\" data-taxonomy=\"tema\" data-allow_null=\"0\" data-nonce=\"a81238c64d\">\n\t\t\t<input type=\"hidden\" type=\"hidden\" name=\"acf[field_6548ac6770aeb]\"\/><div class=\"categorychecklist-holder\">\n\t<ul class=\"acf-checkbox-list acf-bl\" role=\"group\" aria-labelledby=\"acf-field_6548ac6770aeb-label\">\n\t\t\t\n<li data-id=\"341\"><label><input type=\"checkbox\" name=\"acf[field_6548ac6770aeb][]\" value=\"341\"\/> <span>Hantverk<\/span><\/label><\/li>\n\n<li data-id=\"326\"><label><input type=\"checkbox\" name=\"acf[field_6548ac6770aeb][]\" value=\"326\"\/> <span>H\u00f6st<\/span><\/label><\/li>\n\n<li data-id=\"304\"><label><input type=\"checkbox\" name=\"acf[field_6548ac6770aeb][]\" value=\"304\"\/> <span>Jul p\u00e5 landet<\/span><\/label><\/li>\n\n<li data-id=\"325\"><label><input type=\"checkbox\" name=\"acf[field_6548ac6770aeb][]\" value=\"325\"\/> <span>Julbord<\/span><\/label><\/li>\n\n<li data-id=\"315\"><label><input type=\"checkbox\" name=\"acf[field_6548ac6770aeb][]\" value=\"315\"\/> <span>Julmarknader<\/span><\/label><\/li>\n\n<li data-id=\"322\"><label><input type=\"checkbox\" name=\"acf[field_6548ac6770aeb][]\" value=\"322\"\/> <span>Kanelbullens dag<\/span><\/label><\/li>\n\n<li data-id=\"349\"><label><input type=\"checkbox\" name=\"acf[field_6548ac6770aeb][]\" value=\"349\"\/> <span>Konst<\/span><\/label><\/li>\n\n<li data-id=\"351\"><label><input type=\"checkbox\" name=\"acf[field_6548ac6770aeb][]\" value=\"351\"\/> <span>Kurser<\/span><\/label><\/li>\n\n<li data-id=\"348\"><label><input type=\"checkbox\" name=\"acf[field_6548ac6770aeb][]\" value=\"348\"\/> <span>Landsbygdsveckan<\/span><\/label><\/li>\n\n<li data-id=\"309\"><label><input type=\"checkbox\" name=\"acf[field_6548ac6770aeb][]\" value=\"309\"\/> <span>Loppisrundan<\/span><\/label><\/li>\n\n<li data-id=\"310\"><label><input type=\"checkbox\" name=\"acf[field_6548ac6770aeb][]\" value=\"310\"\/> <span>Mat &amp; M\u00e4nniskor<\/span><\/label><\/li>\n\n<li data-id=\"312\"><label><input type=\"checkbox\" name=\"acf[field_6548ac6770aeb][]\" value=\"312\"\/> <span>Midsommar<\/span><\/label><\/li>\n\n<li data-id=\"317\"><label><input type=\"checkbox\" name=\"acf[field_6548ac6770aeb][]\" value=\"317\"\/> <span>Musik<\/span><\/label><\/li>\n\n<li data-id=\"311\"><label><input type=\"checkbox\" name=\"acf[field_6548ac6770aeb][]\" value=\"311\"\/> <span>P\u00e5sk<\/span><\/label><\/li>\n\n<li data-id=\"308\"><label><input type=\"checkbox\" name=\"acf[field_6548ac6770aeb][]\" value=\"308\"\/> <span>Rebusrundan<\/span><\/label><\/li>\n\n<li data-id=\"329\"><label><input type=\"checkbox\" name=\"acf[field_6548ac6770aeb][]\" value=\"329\"\/> <span>Sommar<\/span><\/label><\/li>\n\n<li data-id=\"345\"><label><input type=\"checkbox\" name=\"acf[field_6548ac6770aeb][]\" value=\"345\"\/> <span>Sportlov<\/span><\/label><\/li>\n\n<li data-id=\"343\"><label><input type=\"checkbox\" name=\"acf[field_6548ac6770aeb][]\" value=\"343\"\/> <span>Upplandsleden<\/span><\/label><\/li>\n\n<li data-id=\"328\"><label><input type=\"checkbox\" name=\"acf[field_6548ac6770aeb][]\" value=\"328\"\/> <span>V\u00e5r<\/span><\/label><\/li>\n\n<li data-id=\"327\"><label><input type=\"checkbox\" name=\"acf[field_6548ac6770aeb][]\" value=\"327\"\/> <span>Vinter<\/span><\/label><\/li>\n\t<\/ul>\n<\/div>\n\t\t\t<\/div>\n\t\t\t<\/div><\/div><div class=\"af-field af-field-type-email af-field-din-epost acf-field acf-field-email acf-field-5e83b8b416cc1 af-field-required\" data-name=\"din_epost\" data-key=\"field_5e83b8b416cc1\" data-type=\"email\"><div class=\"af-label acf-label\"><label for=\"acf-field_5e83b8b416cc1\">Din e-post <span class=\"acf-required\">*<\/span><\/label><\/div><div class=\"af-input acf-input\"><div class=\"acf-input-wrap\"><input type=\"email\" id=\"acf-field_5e83b8b416cc1\" name=\"acf[field_5e83b8b416cc1]\" required=\"required\"\/><\/div><\/div><\/div><div class=\"af-submit acf-form-submit\"><button type=\"submit\" class=\"acf-button af-submit-button\">Submit<\/button><span class=\"acf-spinner af-spinner\"><\/span><\/div><\/div><\/form>\n","protected":false},"excerpt":{"rendered":"<p>Intresset \u00e4r stort f\u00f6r att komma ut p\u00e5 landet, och vi har en en bra plats d\u00e4r vi kan visa upp vad vi g\u00f6r \u2013 just nu. H\u00e4r l\u00e4gger du in t.ex. evenemang, aktiviteter och tillf\u00e4lliga \u00f6ppettider. Efter manuellt godk\u00e4nnande publiceras det h\u00e4r: https:\/\/www.fjardhundraland.se\/nu\/ Laddar du inte upp en bild h\u00e4mtas det automatiskt en bild [&hellip;]<\/p>\n","protected":false},"author":1,"featured_media":0,"parent":1515,"menu_order":37,"comment_status":"closed","ping_status":"closed","template":"","meta":{"_acf_changed":false,"_relevanssi_hide_post":"","_relevanssi_hide_content":"","_relevanssi_pin_for_all":"","_relevanssi_pin_keywords":"","_relevanssi_unpin_keywords":"","_relevanssi_related_keywords":"","_relevanssi_related_include_ids":"","_relevanssi_related_exclude_ids":"","_relevanssi_related_no_append":"","_relevanssi_related_not_related":"","_relevanssi_related_posts":"10783,10366,13215,13833,11478,10641","_relevanssi_noindex_reason":"Rank Math Uteslut fr\u00e5n Relevanssi index","_genesis_hide_title":false,"_genesis_hide_breadcrumbs":false,"_genesis_hide_singular_image":false,"_genesis_hide_footer_widgets":false,"_genesis_custom_body_class":"","_genesis_custom_post_class":"","_genesis_layout":"","footnotes":""},"categories":[],"tags":[],"class_list":{"0":"post-6557","1":"page","2":"type-page","3":"status-publish","5":"entry"},"acf":[],"visa":null,"geo_latitude":null,"geo_longitude":null,"featured_image_src":null,"featured_image_src_square":null,"jetpack-related-posts":[],"jetpack_sharing_enabled":true,"_links":{"self":[{"href":"https:\/\/www.fjardhundraland.se\/de\/wp-json\/wp\/v2\/pages\/6557","targetHints":{"allow":["GET"]}}],"collection":[{"href":"https:\/\/www.fjardhundraland.se\/de\/wp-json\/wp\/v2\/pages"}],"about":[{"href":"https:\/\/www.fjardhundraland.se\/de\/wp-json\/wp\/v2\/types\/page"}],"author":[{"embeddable":true,"href":"https:\/\/www.fjardhundraland.se\/de\/wp-json\/wp\/v2\/users\/1"}],"replies":[{"embeddable":true,"href":"https:\/\/www.fjardhundraland.se\/de\/wp-json\/wp\/v2\/comments?post=6557"}],"version-history":[{"count":0,"href":"https:\/\/www.fjardhundraland.se\/de\/wp-json\/wp\/v2\/pages\/6557\/revisions"}],"up":[{"embeddable":true,"href":"https:\/\/www.fjardhundraland.se\/de\/wp-json\/wp\/v2\/pages\/1515"}],"wp:attachment":[{"href":"https:\/\/www.fjardhundraland.se\/de\/wp-json\/wp\/v2\/media?parent=6557"}],"wp:term":[{"taxonomy":"category","embeddable":true,"href":"https:\/\/www.fjardhundraland.se\/de\/wp-json\/wp\/v2\/categories?post=6557"},{"taxonomy":"post_tag","embeddable":true,"href":"https:\/\/www.fjardhundraland.se\/de\/wp-json\/wp\/v2\/tags?post=6557"}],"curies":[{"name":"wp","href":"https:\/\/api.w.org\/{rel}","templated":true}]}}