
{"id":6016,"date":"2019-09-11T18:32:30","date_gmt":"2019-09-11T16:32:30","guid":{"rendered":"https:\/\/www.fjardhundraland.se\/?page_id=6016"},"modified":"2024-09-16T20:02:27","modified_gmt":"2024-09-16T18:02:27","slug":"haufig-gestellte-fragen","status":"publish","type":"page","link":"https:\/\/www.fjardhundraland.se\/de\/uber-fjardhundraland\/haufig-gestellte-fragen\/","title":{"rendered":"H\u00e4ufig gestellte Fragen"},"content":{"rendered":"<div class=\"wp-block-genesis-blocks-gb-accordion gb-block-accordion\"><details><summary class=\"gb-accordion-title\">Wo liegt Fj\u00e4rdhundraland?<\/summary><div class=\"gb-accordion-text\">\n<p>Unser Gebiet ist dadurch definiert, wo sich unsere Mitglieder befinden - zwischen V\u00e4ster\u00e5s, Sala, Str\u00e4ngn\u00e4s, Uppsala, Enk\u00f6ping und Stockholm. Wir haben keine Grenzen gesetzt, weil Grenzen f\u00fcr Besucher nicht interessant sind. Werfen Sie einen Blick auf <a href=\"https:\/\/www.fjardhundraland.se\/de\/karte\/\">die Karte<\/a>!<\/p>\n<\/div><\/details><\/div>\n\n\n\n<div class=\"wp-block-genesis-blocks-gb-accordion gb-block-accordion\"><details><summary class=\"gb-accordion-title\">Was bedeutet \u201dFj\u00e4rdhundraland\u201d?<\/summary><div class=\"gb-accordion-text\">\n<p>Der Name stammt von der gleichnamigen wikingischen\/mittelalterlichen Nation. <a href=\"https:\/\/www.fjardhundraland.se\/de\/2019\/04\/was-bedeutet-fjardhundraland\/\">Lesen Sie mehr hier!<\/a><\/p>\n<\/div><\/details><\/div>\n\n\n\n<div class=\"wp-block-genesis-blocks-gb-accordion gb-block-accordion\"><details><summary class=\"gb-accordion-title\">Wann wurde Fj\u00e4rdhundraland gegr\u00fcndet?<\/summary><div class=\"gb-accordion-text\">\n<p>Der Verein wurde 2011 als Ergebnis eines von der EU gef\u00f6rderten Leaderprojekts gegr\u00fcndet. Das Projekt <a href=\"https:\/\/www.fjardhundraland.se\/de\/2019\/10\/tourismus-in-der-fjardhundra-region\/\">Tourismus in Fj\u00e4rdhundrabygden<\/a> wurde von 2009 bis 2011 durchgef\u00fchrt.<\/p>\n<\/div><\/details><\/div>\n\n\n\n<div class=\"wp-block-genesis-blocks-gb-accordion gb-block-accordion\"><details><summary class=\"gb-accordion-title\">Wie viele Mitglieder hat Fj\u00e4rdhundraland?<\/summary><div class=\"gb-accordion-text\">\n<p>Im Dezember 2023 hat die Organisation etwas mehr als <a href=\"https:\/\/www.fjardhundraland.se\/de\/uber-fjardhundraland\/mitglieder\/\">170 Mitglieder<\/a>.<\/p>\n<\/div><\/details><\/div>\n\n\n\n<div class=\"wp-block-genesis-blocks-gb-accordion gb-block-accordion\"><details><summary class=\"gb-accordion-title\">Wie arbeiten Sie?<\/summary><div class=\"gb-accordion-text\">\n<p>Wir arbeiten von zwei Seiten:<\/p>\n\n\n\n<p><strong>Wir arbeiten f\u00fcr Sie, die Sie uns besuchen<\/strong>. Wir m\u00f6chten Ihnen den Besuch bei uns leicht und angenehm machen. Deshalb ignorieren wir alte Grenzen und langweilige Dinge wie Gemeinden und Landkreise und konzentrieren uns darauf, das Reiseziel Fj\u00e4rdhundraland f\u00fcr Sie als Besucher so vollst\u00e4ndig wie m\u00f6glich zu erfassen.. Wir tun dies, indem wir uns selbst aus der Sicht der Besucher sehen und starke Netzwerke schaffen. Wir besuchen uns gegenseitig, bleiben neugierig, wie andere arbeiten, und sind offen f\u00fcr Ver\u00e4nderungen in der Au\u00dfenwelt. Auf diese Weise k\u00f6nnen wir Ihnen entgegenkommen, wenn Sie zu Besuch kommen.<\/p>\n\n\n\n<p><strong>Wir arbeiten an der Entwicklung des Gebiets<\/strong>. Fj\u00e4rdhundraland ist eine wirtschaftliche Vereinigung, die von ihren Mitgliedern gef\u00fchrt wird, deren eigene Antriebskr\u00e4fte die Grundlage bilden. Es sind Menschen mit einem starken Willen, \"ihr Ding\" zu machen - Unternehmer, Nerds, Heimatforscher, K\u00fcnstler. Wir wollen ein Klima schaffen, in dem eine Vielfalt von starken Willen ein interessantes Ganzes ergibt. Die Vereinigung wird durch das Fachwissen und den Tatendrang ihrer einzelnen Mitglieder angetrieben. Indem wir neue Kooperationen f\u00f6rdern, schaffen wir ein Ziel, das mehr ist als die Summe seiner Teile. <\/p>\n<\/div><\/details><\/div>\n\n\n\n<div class=\"wp-block-genesis-blocks-gb-accordion gb-block-accordion\"><details><summary class=\"gb-accordion-title\">Wie wird Fj\u00e4rdhundraland finanziert?<\/summary><div class=\"gb-accordion-text\">\n<p>Unsere Hauptaktivit\u00e4ten werden durch Mitgliedsbeitr\u00e4ge, Servicegeb\u00fchren und Teilnahmegeb\u00fchren bei unseren Veranstaltungen finanziert. Dar\u00fcber hinaus machen wir viel unentgeltliche Arbeit, weil sie Spa\u00df macht und viel zur\u00fcckgibt! So schaffen wir es, unsere Veranstaltungen und laufenden Aktivit\u00e4ten so zu gestalten, dass wir unseren Mitgliedern genug zur\u00fcckgeben. <\/p>\n\n\n\n<p>Wenn sich Angebote ergeben, die zu uns passen, bewerben wir uns und k\u00f6nnen so eine Entwicklung finanzieren, die \u00fcber das hinausgeht, was wir aus eigener Kraft leisten k\u00f6nnen. Indem wir uns f\u00fcr einen begrenzten Zeitraum auf einen Bereich konzentrieren und ein bezahltes Projektmanagement in Anspruch nehmen, k\u00f6nnen wir weitere Schritte in unserer Entwicklung machen.<\/p>\n<\/div><\/details><\/div>\n\n\n\n<div class=\"wp-block-genesis-blocks-gb-accordion gb-block-accordion\"><details><summary class=\"gb-accordion-title\">Wer kann Mitglied werden?<\/summary><div class=\"gb-accordion-text\">\n<p>Laut Satzung besteht der Zweck des Vereins darin, \u201ddie Entwicklung des l\u00e4ndlichen Raums zu f\u00f6rdern, zum Beispiel durch die Durchf\u00fchrung von Projekten, gemeinsames Marketing und eine verst\u00e4rkte Zusammenarbeit zwischen den Mitgliedern. Der Schwerpunkt liegt auf dem Tourismus und dem l\u00e4ndlichen Kleinunternehmertum sowie damit verbundenen Aktivit\u00e4ten\u201d.\u201d<\/p>\n\n\n\n<p>Wenn Sie eine Organisation haben, die sich f\u00fcr die Entwicklung des l\u00e4ndlichen Raums einsetzt, indem sie Besucher anzieht, sind Sie herzlich eingeladen, Mitglied zu werden. Unser Prinzip ist es, f\u00fcr verschiedene Arten von Aktivit\u00e4ten offen zu sein. Wenn Sie sich aktiv um die Zusammenarbeit in der Vereinigung bem\u00fchen, werden Sie den gr\u00f6\u00dften Nutzen aus der Mitgliedschaft ziehen, insbesondere wenn Sie sich an Gruppen wenden, die sich f\u00fcr Qualit\u00e4t in kleinem Ma\u00dfstab, lokale Produktion und lokale Entwicklung interessieren.<\/p>\n\n\n\n<p>Hier k\u00f6nnen Sie mehr lesen <a href=\"https:\/\/www.fjardhundraland.se\/de\/2016\/03\/kom-med\/\">Mitglied werden<\/a>.<\/p>\n<\/div><\/details><\/div>\n\n\n\n<div class=\"wp-block-genesis-blocks-gb-accordion gb-block-accordion\"><details><summary class=\"gb-accordion-title\">K\u00f6nnen Sie mir bei meinem neuen Unternehmen helfen?<\/summary><div class=\"gb-accordion-text\">\n<h3 class=\"wp-block-heading\">Unterst\u00fctzung f\u00fcr einen lebendigen l\u00e4ndlichen Raum<\/h3>\n\n\n\n<p>Wir wollen einen lebendigen l\u00e4ndlichen Raum f\u00f6rdern. Deshalb helfen wir Ihnen gerne, wenn Sie ein neues, besucherorientiertes Unternehmen gr\u00fcnden wollen. Es geht vor allem darum, Sie mit anderen Mitgliedern zusammenzubringen, die einen \u00e4hnlichen Weg wie Sie gegangen sind. Wenn Sie einmal angefangen haben, helfen wir Ihnen dabei, indem wir Ihre Beitr\u00e4ge in den sozialen Medien teilen und Sie auf unserer beliebten Website vorstellen. Senden Sie eine E-Mail an <a href=\"mailto:mats@fjardhundraland.se\">mats@fjardhundraland.se<\/a> oder rufen Sie 0701-73 93 99 an und wir besprechen alles Weitere.<\/p>\n<\/div><\/details><\/div>\n\n\n\n<div class=\"wp-block-genesis-blocks-gb-accordion gb-block-accordion\"><details><summary class=\"gb-accordion-title\">Wie arbeiten Sie mit Nachhaltigkeit?<\/summary><div class=\"gb-accordion-text\">\n<h3 class=\"wp-block-heading\"><strong>Soziale Nachhaltigkeit<\/strong> <\/h3>\n\n\n\n<p>Einer der Eckpfeiler des Verbandes ist es, einen Rahmen f\u00fcr Existenzgr\u00fcnder und eine Plattform f\u00fcr diejenigen zu bieten, die Kunden finden m\u00fcssen.  Wir verbinden kleine Unternehmen mit dem gemeinn\u00fctzigen Sektor und schaffen ein Klima, in dem es M\u00f6glichkeiten gibt, sein Ding in einem freiz\u00fcgigen und offenen Kontext zu machen.<\/p>\n\n\n\n<p>Wir arbeiten auch an der F\u00f6rderung eines qualitativ hochwertigen, kleinen Tourismus, der organisch wachsen kann. Ziel ist es, Besucher anzulocken, die ein starkes Interesse an unserem Angebot haben, damit unsere Unternehmen und Attraktionen Zugang zu Zielgruppen haben, die genug zahlen, um gut leben zu k\u00f6nnen. Auf diese Weise werden wir ein nachhaltiges Wachstum des Tourismus erreichen und die Nachteile des Massentourismus vermeiden.<\/p>\n\n\n\n<h3 class=\"wp-block-heading\"><strong>\u00d6kologische Nachhaltigkeit<\/strong><\/h3>\n\n\n\n<p>Der R\u00fcckgang des Pendlerverkehrs ist eine der Auswirkungen der Zunahme von Kleinunternehmen in der Region. Die Abh\u00e4ngigkeit vom Auto ist jedoch hoch - auch bei Kunden, die uns besuchen wollen. Deshalb investieren wir in den Radverkehr, mit einem Zuckerbrot in Form von Rabatten, Radwegen und Informationen. <\/p>\n\n\n\n<p>Wir haben unsere Mitglieder mit Informationen \u00fcber Verbesserungsm\u00f6glichkeiten unterst\u00fctzt, zum Beispiel durch Klimatklivet. Wir ermutigen unsere Mitglieder, \u00fcber die lokalen M\u00e4rkte REKO zu verkaufen, um die Logistik zu verbessern. Wir haben eine Initiative gestartet, um mit Naturgebieten zusammenzuarbeiten und dort Verst\u00e4ndnis und Wissen \u00fcber Themen wie Klima und Biodiversit\u00e4t zu schaffen.<\/p>\n\n\n\n<p>Unser sozialvertr\u00e4glicher, qualitativer, kleinr\u00e4umiger Tourismus ist auch \u00f6kologisch nachhaltiger, da er nicht auf Quantit\u00e4t, sondern auf Qualit\u00e4t setzt.<\/p>\n\n\n\n<h3 class=\"wp-block-heading\"><strong>Wirtschaftliche Nachhaltigkeit<\/strong><\/h3>\n\n\n\n<p>Wir messen die wirtschaftliche Entwicklung des Verbandes in einer j\u00e4hrlichen Umfrage und sehen eine sehr positive Entwicklung, mit 2018 sch\u00e4tzungsweise 100 Vollzeitarbeitspl\u00e4tzen und einem Umsatz von bis zu 100 Millionen SEK. <\/p>\n\n\n\n<p>Aber nicht zuletzt ist es jetzt viel einfacher, ein neues Unternehmen in der Region zu gr\u00fcnden, als es zu Beginn unseres ersten Projekts im Jahr 2009 war. Es gibt jetzt eine Infrastruktur, die es viel einfacher macht, spezialisierte Kunden zu erreichen, die bereit sind, das zu zahlen, was n\u00f6tig ist, um von ihrem hochwertigen Kleinunternehmen leben zu k\u00f6nnen. Indem wir zusammenarbeiten, handeln wir auch auf lokaler Ebene und st\u00e4rken die lokale Wirtschaft in der gesamten Region.<\/p>\n<\/div><\/details><\/div>\n\n\n\n<div class=\"wp-block-genesis-blocks-gb-accordion gb-block-accordion\"><details><summary class=\"gb-accordion-title\">K\u00f6nnen wir auf einen Studienbesuch kommen oder k\u00f6nnen Sie zu uns kommen?<\/summary><div class=\"gb-accordion-text\">\n<p>Wir freuen uns \u00fcber Besucher, die wir \u00fcber unseren Weg und unsere Arbeit informieren k\u00f6nnen. Gew\u00f6hnlich besuchen wir im Rahmen eines Studienbesuches ein oder zwei Mitglieder , h\u00f6ren ihre Geschichte, essen einen Happen und dann  sprechen wir eine Weile \u00fcber Fj\u00e4rdhundraland - mit einem inspirierenden Vortrag \u00fcber die Erkenntnisse, die wir in zehn Jahren mit und ohne Projekte gelernt haben. <a href=\"https:\/\/www.fjardhundraland.se\/de\/uber-fjardhundraland\/kontakt\/\">Nehmen Sie Kontakt auf, wenn Sie mehr wissen m\u00f6chten<\/a>!<\/p>\n\n\n\n<p>M\u00f6chten Sie einen Vortrag oder Workshop in Ihrem Unternehmen organisieren? Mats Thorburn h\u00e4lt regelm\u00e4\u00dfig popul\u00e4re Vortr\u00e4ge \u00fcber l\u00e4ndliche Entwicklung, Marketing und nachhaltige Projekte, die auf den Erkenntnissen des Fj\u00e4rdhundraland basieren. Die Vortr\u00e4ge werden an Ihre Bedingungen und W\u00fcnsche angepasst. <a href=\"https:\/\/www.fjardhundraland.se\/de\/uber-fjardhundraland\/kontakt\/\">Kontakt aufnehmen<\/a>!<\/p>\n<\/div><\/details><\/div>","protected":false},"excerpt":{"rendered":"","protected":false},"author":1,"featured_media":0,"parent":1515,"menu_order":39,"comment_status":"closed","ping_status":"closed","template":"","meta":{"_acf_changed":false,"_relevanssi_hide_post":"","_relevanssi_hide_content":"","_relevanssi_pin_for_all":"","_relevanssi_pin_keywords":"","_relevanssi_unpin_keywords":"","_relevanssi_related_keywords":"","_relevanssi_related_include_ids":"","_relevanssi_related_exclude_ids":"","_relevanssi_related_no_append":"","_relevanssi_related_not_related":"","_relevanssi_related_posts":"12584,3563,3905,4379,218,2490","_relevanssi_noindex_reason":"","_genesis_hide_title":false,"_genesis_hide_breadcrumbs":false,"_genesis_hide_singular_image":false,"_genesis_hide_footer_widgets":false,"_genesis_custom_body_class":"","_genesis_custom_post_class":"","_genesis_layout":"","footnotes":""},"categories":[],"tags":[],"class_list":{"0":"post-6016","1":"page","2":"type-page","3":"status-publish","5":"entry"},"acf":[],"visa":null,"geo_latitude":null,"geo_longitude":null,"featured_image_src":null,"featured_image_src_square":null,"jetpack-related-posts":[{"id":1515,"url":"https:\/\/www.fjardhundraland.se\/de\/uber-fjardhundraland\/","url_meta":{"origin":6016,"position":0},"title":"\u00dcber Fj\u00e4rdhundraland","author":"Mats Thorburn","date":"8 Januar 2014","format":false,"excerpt":"In Fj\u00e4rdhundraland bringen wir tolle Erlebnisse in einer lebendigen Landschaft mit Geschichte, Naturerlebnissen und aufstrebenden Kleinunternehmen zusammen: Caf\u00e9s, Unterk\u00fcnfte, Hofl\u00e4den und vieles mehr! Jede Menge Lebensmittel, Kunsthandwerk, Natur, Kultur - alles innerhalb einer Stunde von Stockholm, Uppsala und V\u00e4ster\u00e5s. Der Name Fj\u00e4rdhundraland stammt aus dem mittelalterlichen Volksland Fj\u00e4drundaland. Das heutige Fj\u00e4rdhundraland hat keine Grenzen. Das Ziel ist es, ein gro\u00dfes Gebiet von...","rel":"","context":"\u00c4hnlicher Beitrag","block_context":{"text":"\u00c4hnlicher Beitrag","link":""},"img":{"alt_text":"","src":"","width":0,"height":0},"classes":[]},{"id":13123,"url":"https:\/\/www.fjardhundraland.se\/de\/uber-fjardhundraland\/gruppenreisen-nach-fjardhundraland\/","url_meta":{"origin":6016,"position":1},"title":"Gruppenreisen nach Fj\u00e4rdhundraland","author":"Mats Thorburn","date":"19 Juni 2023","format":false,"excerpt":"M\u00f6chten Sie mit einer Reisegruppe nach Fj\u00e4rdhundraland kommen? Wir sind im Gruppenreisekatalog der Region Uppsala aufgef\u00fchrt. Lesen Sie ihn hier. Gartentourismus Enk\u00f6ping organisiert ma\u00dfgeschneiderte Gruppenreisen in Fj\u00e4rdhundraland. H\u00f6gbergs buss ist Mitglied von Fj\u00e4rdhundraland und kann Sie bei Ihrer Gruppenreise unterst\u00fctzen. Kontaktieren Sie uns, wenn Sie Fragen zu Ihrer Reise haben!","rel":"","context":"\u00c4hnlicher Beitrag","block_context":{"text":"\u00c4hnlicher Beitrag","link":""},"img":{"alt_text":"","src":"","width":0,"height":0},"classes":[]},{"id":1903,"url":"https:\/\/www.fjardhundraland.se\/de\/uber-fjardhundraland\/wirtschaftsverband-fjardhundraland\/","url_meta":{"origin":6016,"position":2},"title":"Verein Fj\u00e4rdhundraland","author":"Mats Thorburn","date":"2 M\u00e4rz 2014","format":false,"excerpt":"Fj\u00e4rdhundraland wird im Rahmen des 2011 gegr\u00fcndeten Wirtschaftsverbands Fj\u00e4rdhundraland entwickelt. Der Verband arbeitet an der Entwicklung der Tourismusindustrie und der Schaffung neuer Partnerschaften. Alle Arbeiten zielen darauf ab, unseren Besuchern ein besseres Erlebnis zu bieten.  M\u00f6chten Sie mehr \u00fcber die Wirtschaftsvereinigung Fj\u00e4rdhundraland erfahren? Lesen Sie hier die h\u00e4ufig gestellten Fragen. Fj\u00e4rdhundraland hat seinen Ursprung in dem LEADER-Projekt Tourismus in Fj\u00e4rdhundrabygden, das...","rel":"","context":"\u00c4hnlicher Beitrag","block_context":{"text":"\u00c4hnlicher Beitrag","link":""},"img":{"alt_text":"","src":"","width":0,"height":0},"classes":[]},{"id":18106,"url":"https:\/\/www.fjardhundraland.se\/de\/zeitschrift-fjardhundraland\/","url_meta":{"origin":6016,"position":3},"title":"Magasin Fj\u00e4rdhundraland","author":"Mats Thorburn","date":"3 Mai 2025","format":false,"excerpt":"Fj\u00e4rdhundraland-Magazin und -Karte Das diesj\u00e4hrige Magazin ist jetzt erh\u00e4ltlich, zusammen mit einer aktualisierten Papierkarte. Das Fj\u00e4rdhundraland-Magazin erz\u00e4hlt die Geschichten der Menschen, die in der Region Gesch\u00e4fte betreiben, und der Orte, die sie besuchen. Jede Ausgabe enth\u00e4lt in der Regel Artikel \u00fcber Lebensmittel, Kaffee, Gartenarbeit, Handwerk, Kultur und Geschichte. Zusammen mit dem Magazin haben wir eine Karte erstellt, auf der Sie...","rel":"","context":"\u00c4hnlicher Beitrag","block_context":{"text":"\u00c4hnlicher Beitrag","link":""},"img":{"alt_text":"","src":"https:\/\/i0.wp.com\/www.fjardhundraland.se\/wp-content\/uploads\/2025\/05\/magasin-2025-framsida.jpg?resize=350%2C200&ssl=1","width":350,"height":200,"srcset":"https:\/\/i0.wp.com\/www.fjardhundraland.se\/wp-content\/uploads\/2025\/05\/magasin-2025-framsida.jpg?resize=350%2C200&ssl=1 1x, https:\/\/i0.wp.com\/www.fjardhundraland.se\/wp-content\/uploads\/2025\/05\/magasin-2025-framsida.jpg?resize=525%2C300&ssl=1 1.5x, https:\/\/i0.wp.com\/www.fjardhundraland.se\/wp-content\/uploads\/2025\/05\/magasin-2025-framsida.jpg?resize=700%2C400&ssl=1 2x, https:\/\/i0.wp.com\/www.fjardhundraland.se\/wp-content\/uploads\/2025\/05\/magasin-2025-framsida.jpg?resize=1050%2C600&ssl=1 3x, https:\/\/i0.wp.com\/www.fjardhundraland.se\/wp-content\/uploads\/2025\/05\/magasin-2025-framsida.jpg?resize=1400%2C800&ssl=1 4x"},"classes":[]},{"id":1800,"url":"https:\/\/www.fjardhundraland.se\/de\/uber-fjardhundraland\/ausgezogen\/","url_meta":{"origin":6016,"position":4},"title":"Austritt","author":"Ylva Fontell","date":"28 Februar 2014","format":false,"excerpt":"Wenn Sie Ihre Mitgliedschaft bei Fj\u00e4rdhundraland ek. beenden m\u00f6chten. Verein beenden m\u00f6chten, f\u00fcllen Sie bitte dieses Formular aus: Austrittsformular HINWEIS! Dies gilt nur f\u00fcr Vollmitglieder. Wenn Sie nicht mehr F\u00f6rdermitglied sein wollen, senden Sie bitte eine Nachricht an inga@fjardhundraland.se","rel":"","context":"\u00c4hnlicher Beitrag","block_context":{"text":"\u00c4hnlicher Beitrag","link":""},"img":{"alt_text":"","src":"","width":0,"height":0},"classes":[]},{"id":20264,"url":"https:\/\/www.fjardhundraland.se\/de\/uber-fjardhundraland\/offene-daten\/","url_meta":{"origin":6016,"position":5},"title":"Offene Daten","author":"Mats Thorburn","date":"18 M\u00e4rz 2026","format":false,"excerpt":"Die Standortdaten von Fj\u00e4rdhundraland sind in der API von Visit Sweden als offene Daten verf\u00fcgbar, die von denjenigen genutzt werden k\u00f6nnen, die Dienste mit schwedischen Besucherzielen erstellen. Die gleichen Informationen, die wir an Visit Sweden senden, stehen auch in dieser json-Datei zum Download bereit.","rel":"","context":"\u00c4hnlicher Beitrag","block_context":{"text":"\u00c4hnlicher Beitrag","link":""},"img":{"alt_text":"","src":"","width":0,"height":0},"classes":[]}],"jetpack_sharing_enabled":true,"_links":{"self":[{"href":"https:\/\/www.fjardhundraland.se\/de\/wp-json\/wp\/v2\/pages\/6016","targetHints":{"allow":["GET"]}}],"collection":[{"href":"https:\/\/www.fjardhundraland.se\/de\/wp-json\/wp\/v2\/pages"}],"about":[{"href":"https:\/\/www.fjardhundraland.se\/de\/wp-json\/wp\/v2\/types\/page"}],"author":[{"embeddable":true,"href":"https:\/\/www.fjardhundraland.se\/de\/wp-json\/wp\/v2\/users\/1"}],"replies":[{"embeddable":true,"href":"https:\/\/www.fjardhundraland.se\/de\/wp-json\/wp\/v2\/comments?post=6016"}],"version-history":[{"count":1,"href":"https:\/\/www.fjardhundraland.se\/de\/wp-json\/wp\/v2\/pages\/6016\/revisions"}],"predecessor-version":[{"id":16550,"href":"https:\/\/www.fjardhundraland.se\/de\/wp-json\/wp\/v2\/pages\/6016\/revisions\/16550"}],"up":[{"embeddable":true,"href":"https:\/\/www.fjardhundraland.se\/de\/wp-json\/wp\/v2\/pages\/1515"}],"wp:attachment":[{"href":"https:\/\/www.fjardhundraland.se\/de\/wp-json\/wp\/v2\/media?parent=6016"}],"wp:term":[{"taxonomy":"category","embeddable":true,"href":"https:\/\/www.fjardhundraland.se\/de\/wp-json\/wp\/v2\/categories?post=6016"},{"taxonomy":"post_tag","embeddable":true,"href":"https:\/\/www.fjardhundraland.se\/de\/wp-json\/wp\/v2\/tags?post=6016"}],"curies":[{"name":"wp","href":"https:\/\/api.w.org\/{rel}","templated":true}]}}