
{"id":5364,"date":"2019-10-01T16:28:51","date_gmt":"2019-10-01T14:28:51","guid":{"rendered":"http:\/\/www.fjardhundraland.se\/?page_id=5364"},"modified":"2019-10-01T16:32:08","modified_gmt":"2019-10-01T14:32:08","slug":"datenschutzbestimmungen","status":"publish","type":"page","link":"https:\/\/www.fjardhundraland.se\/de\/datenschutzbestimmungen\/","title":{"rendered":"Policy personenbezogene Daten"},"content":{"rendered":"<p>Fj\u00e4rdhundraland nutzt diese Website, um Ihnen bei der Suche nach neuen Orten zu helfen, und muss in den meisten F\u00e4llen keine personenbezogenen Daten verarbeiten. Die F\u00e4lle, in denen wir dies tun, werden im Folgenden beschrieben:<\/p>\n\n\n\n<ul class=\"wp-block-list\"><li><strong>Cookies.<\/strong> Die WordPress-Website verwendet Cookies, um angemeldete Benutzer zu verwalten, aber keine Informationen \u00fcber Sie als Besucher werden von WordPress-Cookies verwaltet. Facebook und Google Analytics setzen Cookies auf der Website - siehe unten.<\/li><li><strong>Facebook. <\/strong>Um uns kosteneffizient auf Facebook und Instagram zu vermarkten, verwenden wir ein sogenanntes Facebook-Pixel, was bedeutet, dass Sie von uns gesponserte Beitr\u00e4ge f\u00fcr unsere Veranstaltungen erhalten k\u00f6nnen. Facebook ist <a rel=\"noreferrer noopener\" aria-label=\"Kontrolleur der Daten, die sie f\u00fcr die Werbung sammeln (\u00f6ffnet in einem neuen Tab)\" href=\"https:\/\/www.facebook.com\/about\/privacy\/update\" target=\"_blank\">f\u00fcr die Verarbeitung der f\u00fcr die Werbung erhobenen Daten verantwortlich<\/a>.<\/li><li><strong>Google Analytics<\/strong>. Um die Entwicklung des Verkehrs auf unserer Website zu verfolgen, verwenden wir Google Analytics. Wir verwenden Google nicht f\u00fcr Werbefunktionen, wie zum Beispiel <em>Wiedervermarktung<\/em>, d.h. Anzeigen, die fr\u00fcheren Besuchern der Website angezeigt werden. Google ist der Datenverarbeiter f\u00fcr die \u00fcber Google Analytics auf unserer Website erhobenen personenbezogenen Daten. Alle Daten, die mit Ihnen als Besucher in Verbindung gebracht werden k\u00f6nnen, werden nach 26 Monaten automatisch gel\u00f6scht.<\/li><li><strong>Newsletter.<\/strong> Sie haben die M\u00f6glichkeit, sich f\u00fcr den Newsletter anzumelden. Sie werden dann in unsere Liste aufgenommen, die von Mailchimp, dem Datenverarbeiter, verwaltet wird. Wir fragen nicht nach mehr Informationen, als wir f\u00fcr den Versand eines Newsletters ben\u00f6tigen, und Sie k\u00f6nnen sich jederzeit \u00fcber einen Link im Newsletter wieder abmelden.<\/li><\/ul>\n\n\n\n<p>Der f\u00fcr die Datenverarbeitung bei fjardhundraland.se Verantwortliche ist Fj\u00e4rdhundraland ekonomisk f\u00f6rening.<\/p>","protected":false},"excerpt":{"rendered":"<p>Fj\u00e4rdhundraland anv\u00e4nder den h\u00e4r webbsidan f\u00f6r att hj\u00e4lpa dig att hitta nya st\u00e4llen och beh\u00f6ver f\u00f6r det i huvudsak inte hantera n\u00e5gra personuppgifter. De tillf\u00e4llen d\u00e5 vi g\u00f6r det beskrivs nedan: Cookies. Webbplatformen WordPress anv\u00e4nder cookies f\u00f6r att hantera inloggade anv\u00e4ndare, men inga uppgifter om dig som bes\u00f6kare hanteras av WordPress cookies. Facebook och Google [&hellip;]<\/p>\n","protected":false},"author":1,"featured_media":0,"parent":0,"menu_order":5,"comment_status":"closed","ping_status":"closed","template":"","meta":{"_acf_changed":false,"_relevanssi_hide_post":"","_relevanssi_hide_content":"","_relevanssi_pin_for_all":"","_relevanssi_pin_keywords":"","_relevanssi_unpin_keywords":"","_relevanssi_related_keywords":"","_relevanssi_related_include_ids":"","_relevanssi_related_exclude_ids":"","_relevanssi_related_no_append":"","_relevanssi_related_not_related":"","_relevanssi_related_posts":"","_relevanssi_noindex_reason":"","_genesis_hide_title":false,"_genesis_hide_breadcrumbs":false,"_genesis_hide_singular_image":false,"_genesis_hide_footer_widgets":false,"_genesis_custom_body_class":"","_genesis_custom_post_class":"","_genesis_layout":"","footnotes":""},"categories":[],"tags":[],"class_list":{"0":"post-5364","1":"page","2":"type-page","3":"status-publish","5":"entry"},"acf":[],"visa":null,"geo_latitude":null,"geo_longitude":null,"featured_image_src":null,"featured_image_src_square":null,"jetpack-related-posts":[{"id":7759,"url":"https:\/\/www.fjardhundraland.se\/de\/uber-fjardhundraland\/fur-sie-als-neues-mitglied\/","url_meta":{"origin":5364,"position":0},"title":"F\u00fcr neue Mitglieder","author":"Mats Thorburn","date":"13 M\u00e4rz 2021","format":false,"excerpt":"Willkommen bei Fj\u00e4rdhundraland! Fj\u00e4rdhundraland ist das, was wir daraus machen - gemeinsam k\u00f6nnen wir etwas wirklich Gutes f\u00fcr unsere Besucher tun! Durch die Zusammenarbeit kann ich mit dem beitragen, was mir leicht f\u00e4llt, und mir von anderen helfen lassen, was ich schwierig finde. In Fj\u00e4rdhundraland arbeiten wir im Namen unserer Besucher - sie...","rel":"","context":"In &quot;Inl\u00e4gg&quot;","block_context":{"text":"Inl\u00e4gg","link":"https:\/\/www.fjardhundraland.se\/de\/einlage\/"},"img":{"alt_text":"","src":"","width":0,"height":0},"classes":[]},{"id":2124,"url":"https:\/\/www.fjardhundraland.se\/de\/uber-fjardhundraland\/kontakt\/","url_meta":{"origin":5364,"position":1},"title":"Kontakt","author":"Mats Thorburn","date":"15 M\u00e4rz 2014","format":false,"excerpt":"Kontaktinformationen zu den einzelnen Mitgliedern und Reisezielen finden Sie auf jeder Seite unter Do &amp; Visit, Shop, Eat und Stay. Folgen Sie uns: Facebook - Instagram Rechnungsadresse: Fj\u00e4rdhundraland ek f\u00f6rc\/o EkblomFr\u00f6sthults-Brunnby 11749 72 Fj\u00e4rdhundra Organisationsnummer: 769622-7417 Bankgiro 735-2693. Swish 123 261 48 32. M\u00f6chten Sie mehr \u00fcber den Verein Fj\u00e4rdhundraland erfahren, einen Vortrag buchen oder...","rel":"","context":"\u00c4hnlicher Beitrag","block_context":{"text":"\u00c4hnlicher Beitrag","link":""},"img":{"alt_text":"","src":"","width":0,"height":0},"classes":[]},{"id":6725,"url":"https:\/\/www.fjardhundraland.se\/de\/uber-fjardhundraland\/anvisningar-digitalt-arsmote\/","url_meta":{"origin":5364,"position":2},"title":"Anleitung f\u00fcr das digitale Jahrestreffen","author":"Mats Thorburn","date":"18 April 2020","format":false,"excerpt":"Willkommen zur Jahresversammlung von Fj\u00e4rdhundraland am Sonntag, den 19. April 2020! Hier ist der Link zur Videokonferenz: bit.ly\/fj-arsmHier sind die Unterlagen zur Jahresversammlung. Wir verwenden den Videokonferenzdienst Jitsi. F\u00fcr die Teilnahme ben\u00f6tigen Sie entweder einen Computer mit Internet und dem Google Chrome Browser (Firefox kann auch funktionieren) oder ein Smartphone \/ Tablet mit der Jitsi Meet App (Android - iPhone \/ iPad).","rel":"","context":"\u00c4hnlicher Beitrag","block_context":{"text":"\u00c4hnlicher Beitrag","link":""},"img":{"alt_text":"","src":"https:\/\/i0.wp.com\/www.fjardhundraland.se\/wp-content\/uploads\/2020\/04\/4-2.jpg?resize=350%2C200&ssl=1","width":350,"height":200,"srcset":"https:\/\/i0.wp.com\/www.fjardhundraland.se\/wp-content\/uploads\/2020\/04\/4-2.jpg?resize=350%2C200&ssl=1 1x, https:\/\/i0.wp.com\/www.fjardhundraland.se\/wp-content\/uploads\/2020\/04\/4-2.jpg?resize=525%2C300&ssl=1 1.5x, https:\/\/i0.wp.com\/www.fjardhundraland.se\/wp-content\/uploads\/2020\/04\/4-2.jpg?resize=700%2C400&ssl=1 2x, https:\/\/i0.wp.com\/www.fjardhundraland.se\/wp-content\/uploads\/2020\/04\/4-2.jpg?resize=1050%2C600&ssl=1 3x, https:\/\/i0.wp.com\/www.fjardhundraland.se\/wp-content\/uploads\/2020\/04\/4-2.jpg?resize=1400%2C800&ssl=1 4x"},"classes":[]},{"id":1809,"url":"https:\/\/www.fjardhundraland.se\/de\/uber-fjardhundraland\/grafikprofil\/","url_meta":{"origin":5364,"position":3},"title":"Grafisches Profil","author":"Ylva Fontell","date":"28 Februar 2014","format":false,"excerpt":"Das Profil ist einfach. Es hat drei Hauptelemente: das Logo, die Farben und die Schriftart der \u00dcberschrift. Das Logo Das Logo hat sich etabliert. Indem wir es so oft wie m\u00f6glich verwenden, st\u00e4rken wir die Marke und machen die Website attraktiver. Download f\u00fcr Druck - f\u00fcr Office - f\u00fcr Web. Logo mit Text Gro\u00dfer Tourismuspreis...","rel":"","context":"\u00c4hnlicher Beitrag","block_context":{"text":"\u00c4hnlicher Beitrag","link":""},"img":{"alt_text":"LogoFjardhundraland250px","src":"https:\/\/i0.wp.com\/www.fjardhundraland.se\/wp-content\/uploads\/2013\/12\/LogoFjardhundraland250px.png?resize=350%2C200&ssl=1","width":350,"height":200},"classes":[]},{"id":20264,"url":"https:\/\/www.fjardhundraland.se\/de\/uber-fjardhundraland\/offene-daten\/","url_meta":{"origin":5364,"position":4},"title":"Offene Daten","author":"Mats Thorburn","date":"18 M\u00e4rz 2026","format":false,"excerpt":"Die Standortdaten von Fj\u00e4rdhundraland sind in der API von Visit Sweden als offene Daten verf\u00fcgbar, die von denjenigen genutzt werden k\u00f6nnen, die Dienste mit schwedischen Besucherzielen erstellen. Die gleichen Informationen, die wir an Visit Sweden senden, stehen auch in dieser json-Datei zum Download bereit.","rel":"","context":"\u00c4hnlicher Beitrag","block_context":{"text":"\u00c4hnlicher Beitrag","link":""},"img":{"alt_text":"","src":"","width":0,"height":0},"classes":[]},{"id":12897,"url":"https:\/\/www.fjardhundraland.se\/de\/uber-fjardhundraland\/einen-studienaufenthalt-buchen\/","url_meta":{"origin":5364,"position":5},"title":"Buchen Sie einen Studienbesuch","author":"Mats Thorburn","date":"1 Juni 2023","format":false,"excerpt":"M\u00f6chten Sie einen Einblick in die Funktionsweise von Fj\u00e4rdhundraland, den Aufbau des Reiseziels und die Nutzung des Netzes durch die Mitglieder erhalten? Dann ist ein Studienbesuch eine gute M\u00f6glichkeit dazu. Sie werden nicht nur die Geschichte von Fj\u00e4rdhundraland kennenlernen, sondern auch die einzelnen Mitglieder, die \u00fcber ihre Erfahrungen und Beweggr\u00fcnde berichten werden. Ein Studienbesuch bei Fj\u00e4rdhundraland bietet neue...","rel":"","context":"\u00c4hnlicher Beitrag","block_context":{"text":"\u00c4hnlicher Beitrag","link":""},"img":{"alt_text":"Studiebes\u00f6k Fj\u00e4rdhundraland jhos Axel & Gren","src":"https:\/\/i0.wp.com\/www.fjardhundraland.se\/wp-content\/uploads\/2023\/06\/studiebesok-fjardhundraland-axel-gren.jpg?resize=350%2C200&ssl=1","width":350,"height":200,"srcset":"https:\/\/i0.wp.com\/www.fjardhundraland.se\/wp-content\/uploads\/2023\/06\/studiebesok-fjardhundraland-axel-gren.jpg?resize=350%2C200&ssl=1 1x, https:\/\/i0.wp.com\/www.fjardhundraland.se\/wp-content\/uploads\/2023\/06\/studiebesok-fjardhundraland-axel-gren.jpg?resize=525%2C300&ssl=1 1.5x, https:\/\/i0.wp.com\/www.fjardhundraland.se\/wp-content\/uploads\/2023\/06\/studiebesok-fjardhundraland-axel-gren.jpg?resize=700%2C400&ssl=1 2x, https:\/\/i0.wp.com\/www.fjardhundraland.se\/wp-content\/uploads\/2023\/06\/studiebesok-fjardhundraland-axel-gren.jpg?resize=1050%2C600&ssl=1 3x, https:\/\/i0.wp.com\/www.fjardhundraland.se\/wp-content\/uploads\/2023\/06\/studiebesok-fjardhundraland-axel-gren.jpg?resize=1400%2C800&ssl=1 4x"},"classes":[]}],"jetpack_sharing_enabled":true,"_links":{"self":[{"href":"https:\/\/www.fjardhundraland.se\/de\/wp-json\/wp\/v2\/pages\/5364","targetHints":{"allow":["GET"]}}],"collection":[{"href":"https:\/\/www.fjardhundraland.se\/de\/wp-json\/wp\/v2\/pages"}],"about":[{"href":"https:\/\/www.fjardhundraland.se\/de\/wp-json\/wp\/v2\/types\/page"}],"author":[{"embeddable":true,"href":"https:\/\/www.fjardhundraland.se\/de\/wp-json\/wp\/v2\/users\/1"}],"replies":[{"embeddable":true,"href":"https:\/\/www.fjardhundraland.se\/de\/wp-json\/wp\/v2\/comments?post=5364"}],"version-history":[{"count":0,"href":"https:\/\/www.fjardhundraland.se\/de\/wp-json\/wp\/v2\/pages\/5364\/revisions"}],"wp:attachment":[{"href":"https:\/\/www.fjardhundraland.se\/de\/wp-json\/wp\/v2\/media?parent=5364"}],"wp:term":[{"taxonomy":"category","embeddable":true,"href":"https:\/\/www.fjardhundraland.se\/de\/wp-json\/wp\/v2\/categories?post=5364"},{"taxonomy":"post_tag","embeddable":true,"href":"https:\/\/www.fjardhundraland.se\/de\/wp-json\/wp\/v2\/tags?post=5364"}],"curies":[{"name":"wp","href":"https:\/\/api.w.org\/{rel}","templated":true}]}}