
{"id":5242,"date":"2018-06-29T09:33:22","date_gmt":"2018-06-29T07:33:22","guid":{"rendered":"http:\/\/www.fjardhundraland.se\/?page_id=5242"},"modified":"2020-08-13T23:16:06","modified_gmt":"2020-08-13T21:16:06","slug":"fjardhundralandsleden","status":"publish","type":"page","link":"https:\/\/www.fjardhundraland.se\/de\/zyklus\/fjardhundralandsleden\/","title":{"rendered":"Fj\u00e4rdhundralands"},"content":{"rendered":"<p><strong>Fj\u00e4rdhundralandsleden ist unsere Fahrradroute<\/strong> durch das Zentrum unserer Region. Die erste Etappe von 38 km verl\u00e4uft zwischen Fj\u00e4rdhundra und \u00d6rsundsbro, auf guten Stra\u00dfen mit vielen Gelegenheiten zum Anhalten f\u00fcr einen Kaffee, einen Abstecher oder ein Bad. In der N\u00e4he von Fj\u00e4rdhundraland befinden sich auch mehrere andere Ziele, so dass Sie die Strecke als Ausgangspunkt f\u00fcr Ihre eigene Route nutzen k\u00f6nnen.<\/p>\n<p>Die Strecke verl\u00e4uft gr\u00f6\u00dftenteils auf Asphalt, umfasst aber auch einige Kilometer auf leicht befahrbaren Schotterstra\u00dfen. Wenn Sie 100% Asphalt wollen, gibt es eine <a href=\"https:\/\/bit.ly\/fjh-asfalt\" target=\"_blank\" rel=\"noopener\">alternative Route hier<\/a>.<\/p>\n<h2>Neun Standorte mit Audiof\u00fchrung<\/h2>\n<p>An neun Orten entlang des Weges wird die Geschichte in der App erz\u00e4hlt <a href=\"https:\/\/www.fjardhundraland.se\/de\/2019\/03\/storyspot-fuhrer-in-fjardhundraland\/\">Storyspot<\/a>. <a href=\"https:\/\/www.storyspot.se\/sv\/\" target=\"_blank\" rel=\"noopener noreferrer\">Herunterladen und anh\u00f6ren<\/a>!<\/p>\n<h2>Eine Fahrradroute in der N\u00e4he von Uppsala, Stockholm, Sala und V\u00e4ster\u00e5s<\/h2>\n<p>Der Weg beginnt und endet an einer Bushaltestelle. <a href=\"https:\/\/www.ul.se\/reseinfo\/resa-med-oss\/vad-galler-ombord\/\" target=\"_blank\" rel=\"noopener\">Sie k\u00f6nnen Ihr Fahrrad mit an Bord des Busses nehmen<\/a> Bus 804 f\u00e4hrt von \u00d6rsundbro nach Uppsala oder Enk\u00f6ping. Bus 225 f\u00e4hrt zwischen Enk\u00f6ping und  Fj\u00e4rdhundra.<\/p>\n<p><strong>Von Uppsala\u00a0<\/strong>Sie k\u00f6nnen auf dem alten Bahndamm die \u201dC55\u201d fahren <strong> zu \u00d6rsundsbro\u00a0<\/strong>oder w\u00e4hlen Sie Ihre eigene Route in der Landschaft \u00f6stlich der 55, zum Beispiel \u00fcber Schloss Wik.<\/p>\n<p><strong>Von V\u00e4ster\u00e5s aus<\/strong> k\u00f6nnen Sie die Stra\u00dfe \u00fcber Tortuna in Richtung K\u00e4rsta\/Bred nehmen und kurz nach Sag\u00e5n der Ausschilderung nach Fj\u00e4rdhundra folgen.<\/p>\n<p><strong>Von Stockholm aus<\/strong> k\u00f6nnen Sie den Radweg <a href=\"https:\/\/sl.se\/sv\/info\/resa\/regler\/cykel\/\" target=\"_blank\" rel=\"noopener noreferrer\">Radfahren auf dem Weg zur Arbeit<\/a> in Richtung B\u00e5lsta und nehmen <a href=\"https:\/\/www.google.se\/maps\/dir\/B%C3%A5lsta+station,+746+33+B%C3%A5lsta\/%C3%96rsundsbro+centrum,+%C3%96rsundsbro\/@59.6514317,17.2782124,11z\/data=!3m1!4b1!4m14!4m13!1m5!1m1!1s0x465fae3566714395:0xff2d5f6bb3642209!2m2!1d17.531016!2d59.5692486!1m5!1m1!1s0x465e4b9bb209a301:0xc0f995bc743d6015!2m2!1d17.3077897!2d59.7338649!3e1\" target=\"_blank\" rel=\"noopener noreferrer\">kleine Stra\u00dfen \u00fcber Hj\u00e4lsta nach \u00d6rsundsbro<\/a> 25 Kilometer. Wenn Sie eine l\u00e4ngere Strecke mit dem Fahrrad zur\u00fccklegen m\u00f6chten, gibt es auch sch\u00f6ne Wege ab Kungs\u00e4ngen.<\/p>\n<h2>Das Richtige finden<\/h2>\n<p>Hier auf <a href=\"https:\/\/drive.google.com\/open?id=1CxRdRV4IPx4dBWTHZIWCFXfTdDA0y4Hy&amp;usp=sharing\" target=\"_blank\" rel=\"noopener noreferrer\">Google Maps.<\/a>\u00a0Herunterladen <a href=\"https:\/\/www.fjardhundraland.se\/wp-content\/uploads\/2018\/07\/Fjardhundralandsleden.pdf\">im PDF-Format<\/a>. Der Weg ist nicht ausgeschildert.<\/p>\n<p><iframe style=\"border: 1px #d5d5d5 solid; min-height: 300px;\" src=\"https:\/\/embed.alpacamaps.com\/journey\/d1cfbc4d-6898-11e8-a4a7-024bc0398b11\/default\" width=\"100%\" height=\"850\" allowfullscreen=\"allowfullscreen\"><\/iframe><\/p>\n<p><em>Die Arbeiten am Pfad und am Storyspot wurden teilweise durch einen Zuschuss von Leader M\u00e4lardalen finanziert.<\/em><\/p>\n<p><img decoding=\"async\" data-attachment-id=\"5257\" data-permalink=\"https:\/\/www.fjardhundraland.se\/de\/zyklus\/fjardhundralandsleden\/attachment\/logo-leader_malardalen\/\" data-orig-file=\"https:\/\/www.fjardhundraland.se\/wp-content\/uploads\/2018\/06\/logo-leader_malardalen.jpg\" data-orig-size=\"2330,696\" data-comments-opened=\"0\" data-image-meta=\"{&quot;aperture&quot;:&quot;0&quot;,&quot;credit&quot;:&quot;&quot;,&quot;camera&quot;:&quot;&quot;,&quot;caption&quot;:&quot;&quot;,&quot;created_timestamp&quot;:&quot;0&quot;,&quot;copyright&quot;:&quot;&quot;,&quot;focal_length&quot;:&quot;0&quot;,&quot;iso&quot;:&quot;0&quot;,&quot;shutter_speed&quot;:&quot;0&quot;,&quot;title&quot;:&quot;&quot;,&quot;orientation&quot;:&quot;0&quot;}\" data-image-title=\"Logo LEADER_MALARDALEN\" data-image-description=\"\" data-image-caption=\"\" data-medium-file=\"https:\/\/www.fjardhundraland.se\/wp-content\/uploads\/2018\/06\/logo-leader_malardalen.jpg\" data-large-file=\"https:\/\/www.fjardhundraland.se\/wp-content\/uploads\/2018\/06\/logo-leader_malardalen.jpg\" class=\"alignnone size-medium wp-image-5257\" src=\"https:\/\/www.fjardhundraland.se\/wp-content\/uploads\/2018\/06\/logo-leader_malardalen-300x90.jpg\" alt=\"\" width=\"300\" height=\"90\" title=\"\"> <img decoding=\"async\" data-attachment-id=\"5258\" data-permalink=\"https:\/\/www.fjardhundraland.se\/de\/zyklus\/fjardhundralandsleden\/attachment\/eu-flagga\/\" data-orig-file=\"https:\/\/www.fjardhundraland.se\/wp-content\/uploads\/2018\/06\/eu-flagga.jpg\" data-orig-size=\"278,271\" data-comments-opened=\"0\" data-image-meta=\"{&quot;aperture&quot;:&quot;0&quot;,&quot;credit&quot;:&quot;&quot;,&quot;camera&quot;:&quot;&quot;,&quot;caption&quot;:&quot;&quot;,&quot;created_timestamp&quot;:&quot;0&quot;,&quot;copyright&quot;:&quot;&quot;,&quot;focal_length&quot;:&quot;0&quot;,&quot;iso&quot;:&quot;0&quot;,&quot;shutter_speed&quot;:&quot;0&quot;,&quot;title&quot;:&quot;&quot;,&quot;orientation&quot;:&quot;0&quot;}\" data-image-title=\"EU-flagga\" data-image-description=\"\" data-image-caption=\"\" data-medium-file=\"https:\/\/www.fjardhundraland.se\/wp-content\/uploads\/2018\/06\/eu-flagga.jpg\" data-large-file=\"https:\/\/www.fjardhundraland.se\/wp-content\/uploads\/2018\/06\/eu-flagga.jpg\" class=\"alignnone size-thumbnail wp-image-5258\" src=\"https:\/\/www.fjardhundraland.se\/wp-content\/uploads\/2018\/06\/eu-flagga-150x150.jpg\" alt=\"\" width=\"150\" height=\"150\" title=\"\"> <img decoding=\"async\" data-attachment-id=\"5259\" data-permalink=\"https:\/\/www.fjardhundraland.se\/de\/zyklus\/fjardhundralandsleden\/attachment\/leader\/\" data-orig-file=\"https:\/\/www.fjardhundraland.se\/wp-content\/uploads\/2018\/06\/leader.jpg\" data-orig-size=\"763,764\" data-comments-opened=\"0\" data-image-meta=\"{&quot;aperture&quot;:&quot;0&quot;,&quot;credit&quot;:&quot;&quot;,&quot;camera&quot;:&quot;&quot;,&quot;caption&quot;:&quot;&quot;,&quot;created_timestamp&quot;:&quot;0&quot;,&quot;copyright&quot;:&quot;&quot;,&quot;focal_length&quot;:&quot;0&quot;,&quot;iso&quot;:&quot;0&quot;,&quot;shutter_speed&quot;:&quot;0&quot;,&quot;title&quot;:&quot;&quot;,&quot;orientation&quot;:&quot;0&quot;}\" data-image-title=\"Leader\" data-image-description=\"\" data-image-caption=\"\" data-medium-file=\"https:\/\/www.fjardhundraland.se\/wp-content\/uploads\/2018\/06\/leader.jpg\" data-large-file=\"https:\/\/www.fjardhundraland.se\/wp-content\/uploads\/2018\/06\/leader.jpg\" class=\"alignnone size-thumbnail wp-image-5259\" src=\"https:\/\/www.fjardhundraland.se\/wp-content\/uploads\/2018\/06\/leader-150x150.jpg\" alt=\"\" width=\"150\" height=\"150\" title=\"\"><\/p>","protected":false},"excerpt":{"rendered":"<p>Fj\u00e4rdhundralandsleden \u00e4r v\u00e5r cykelrutt genom k\u00e4rnan av v\u00e5rt omr\u00e5de. Den f\u00f6rsta etappen, p\u00e5 38 km, g\u00e5r mellan Fj\u00e4rdhundra och \u00d6rsundsbro, p\u00e5 fina v\u00e4gar med goda m\u00f6jligheter till pauser f\u00f6r fika, avstickare eller ett dopp. Du har dessutom n\u00e4ra till flera andra bes\u00f6ksm\u00e5l i Fj\u00e4rdhundraland, s\u00e5 att du kan anv\u00e4nda leden som en bas f\u00f6r din [&hellip;]<\/p>\n","protected":false},"author":1,"featured_media":5238,"parent":5231,"menu_order":8,"comment_status":"closed","ping_status":"closed","template":"","meta":{"_acf_changed":false,"_relevanssi_hide_post":"","_relevanssi_hide_content":"","_relevanssi_pin_for_all":"","_relevanssi_pin_keywords":"","_relevanssi_unpin_keywords":"","_relevanssi_related_keywords":"","_relevanssi_related_include_ids":"","_relevanssi_related_exclude_ids":"","_relevanssi_related_no_append":"","_relevanssi_related_not_related":"","_relevanssi_related_posts":"5638,18099,16006,13215,14540,19177","_relevanssi_noindex_reason":"","_genesis_hide_title":false,"_genesis_hide_breadcrumbs":false,"_genesis_hide_singular_image":false,"_genesis_hide_footer_widgets":false,"_genesis_custom_body_class":"","_genesis_custom_post_class":"","_genesis_layout":"","footnotes":""},"categories":[263,290,25,87],"tags":[],"class_list":{"0":"post-5242","1":"page","2":"type-page","3":"status-publish","4":"has-post-thumbnail","6":"category-cykling","7":"category-hemester","8":"category-upplevelser","9":"category-utflykt","10":"entry"},"acf":[],"visa":null,"geo_latitude":null,"geo_longitude":null,"featured_image_src":"https:\/\/www.fjardhundraland.se\/wp-content\/uploads\/2018\/06\/cykling.jpg","featured_image_src_square":"https:\/\/www.fjardhundraland.se\/wp-content\/uploads\/2018\/06\/cykling.jpg","jetpack-related-posts":[{"id":5231,"url":"https:\/\/www.fjardhundraland.se\/de\/zyklus\/","url_meta":{"origin":5242,"position":0},"title":"Radfahren auf dem Lande in der N\u00e4he von Natur und Kultur","author":"Mats Thorburn","date":"28 Juni 2018","format":false,"excerpt":"Radfahren auf kleinen Stra\u00dfen in der N\u00e4he von Stockholm, Uppsala und V\u00e4ster\u00e5s Aussichten, Caf\u00e9s, gutes Essen, Sehensw\u00fcrdigkeiten - aber vor allem diese kurvenreichen kleinen Stra\u00dfen durch eine sch\u00f6ne Agrarlandschaft, begleitet von Vogelgezwitscher und den Fl\u00fcgeln der Geschichte! Fj\u00e4rdhundraland hei\u00dft Sie als Radfahrer willkommen. Kleine Stra\u00dfen gibt es \u00fcberall, und das ist kein Zufall. In der Antike und im Mittelalter reisten die Menschen zu Fu\u00df und...","rel":"","context":"In &quot;Cykling&quot;","block_context":{"text":"Cykling","link":"https:\/\/www.fjardhundraland.se\/de\/radfahren\/"},"img":{"alt_text":"Cyklar parkerade framf\u00f6r Nys\u00e4tra kyrka","src":"https:\/\/i0.wp.com\/www.fjardhundraland.se\/wp-content\/uploads\/2018\/06\/cykling.jpg?resize=350%2C200&ssl=1","width":350,"height":200,"srcset":"https:\/\/i0.wp.com\/www.fjardhundraland.se\/wp-content\/uploads\/2018\/06\/cykling.jpg?resize=350%2C200&ssl=1 1x, https:\/\/i0.wp.com\/www.fjardhundraland.se\/wp-content\/uploads\/2018\/06\/cykling.jpg?resize=525%2C300&ssl=1 1.5x, https:\/\/i0.wp.com\/www.fjardhundraland.se\/wp-content\/uploads\/2018\/06\/cykling.jpg?resize=700%2C400&ssl=1 2x, https:\/\/i0.wp.com\/www.fjardhundraland.se\/wp-content\/uploads\/2018\/06\/cykling.jpg?resize=1050%2C600&ssl=1 3x, https:\/\/i0.wp.com\/www.fjardhundraland.se\/wp-content\/uploads\/2018\/06\/cykling.jpg?resize=1400%2C800&ssl=1 4x"},"classes":[]},{"id":4537,"url":"https:\/\/www.fjardhundraland.se\/de\/veranstaltungen\/rebus-rund10\/sala-hebyrundan-mit-13-anschlagen\/","url_meta":{"origin":5242,"position":1},"title":"Sala-Hebyrundan mit 13 Haltestellen","author":"Ylva Fontell","date":"25 Juli 2017","format":false,"excerpt":"Dies ist ein Routenvorschlag f\u00fcr Rebusrundan, der f\u00fcr diejenigen geeignet ist, die von Sala oder Heby kommen. Die Route f\u00fchrt durch die landwirtschaftliche Landschaft des Fj\u00e4rdhundraland, gemischt mit W\u00e4ldern und sch\u00f6nen T\u00e4lern. Viele tolle Naturerlebnisse warten auf Sie! Mehrere Haltestellen haben eine Menge Geschichte zu erz\u00e4hlen \u00fcber Runensteine, Soldatend\u00f6rfer und alte Dorfschulen. An mehreren Stellen gibt es \u00f6kologische...","rel":"","context":"\u00c4hnlicher Beitrag","block_context":{"text":"\u00c4hnlicher Beitrag","link":""},"img":{"alt_text":"","src":"","width":0,"height":0},"classes":[]},{"id":4530,"url":"https:\/\/www.fjardhundraland.se\/de\/veranstaltungen\/rebus-rund10\/die-uppsala-rundfahrt-mit-12-haltestellen\/","url_meta":{"origin":5242,"position":2},"title":"Uppsalaour mit 12 Haltestellen","author":"Ylva Fontell","date":"25 Juli 2017","format":false,"excerpt":"Dies ist ein Routenvorschlag f\u00fcr die Rebus-Runde, der f\u00fcr diejenigen geeignet ist, die von Uppsala kommen. Die Route f\u00fchrt durch die landwirtschaftlich gepr\u00e4gte Landschaft von Fj\u00e4rdhundraland, gemischt mit Wald und sch\u00f6nen T\u00e4lern. Viele tolle Naturerlebnisse warten auf Sie! Sie werden verschiedene Formen des Lebensmittelhandwerks finden, wie K\u00e4se, Marmeladen, Wurstwaren und Geb\u00e4ck. Sie k\u00f6nnen auch Eier, Blumen und Gartenpflanzen kaufen....","rel":"","context":"\u00c4hnlicher Beitrag","block_context":{"text":"\u00c4hnlicher Beitrag","link":""},"img":{"alt_text":"","src":"","width":0,"height":0},"classes":[]},{"id":4539,"url":"https:\/\/www.fjardhundraland.se\/de\/veranstaltungen\/rebus-rund10\/balsta-stockholmsrundan-mit-11-haltestellen\/","url_meta":{"origin":5242,"position":3},"title":"B\u00e5lsta-Stockholm Hin- und R\u00fcckfahrt mit 11 Haltestellen","author":"Ylva Fontell","date":"25 Juli 2017","format":false,"excerpt":"Dies ist eine vorgeschlagene Route f\u00fcr die Rebusrundan, die f\u00fcr diejenigen geeignet ist, die aus Stockholm kommen. Die Route f\u00fchrt durch die landwirtschaftlich gepr\u00e4gte Landschaft des Fj\u00e4rdhundraland, gemischt mit W\u00e4ldern und sch\u00f6nen T\u00e4lern. Viele tolle Naturerlebnisse warten auf Sie! Mehrere Haltestellen mit biologischem Lebensmittelhandwerk wie K\u00e4se, Marmeladen, Wurstwaren, Apfelsaft und Geb\u00e4ck. Sie k\u00f6nnen auch Eier, Blumen und Gartenpflanzen kaufen ....","rel":"","context":"\u00c4hnlicher Beitrag","block_context":{"text":"\u00c4hnlicher Beitrag","link":""},"img":{"alt_text":"","src":"","width":0,"height":0},"classes":[]},{"id":4533,"url":"https:\/\/www.fjardhundraland.se\/de\/veranstaltungen\/rebus-rund10\/vasteras-rundfahrt-mit-12-haltestellen\/","url_meta":{"origin":5242,"position":4},"title":"V\u00e4ster\u00e5s Rundfahrt mit 12 Haltestellen","author":"Ylva Fontell","date":"25 Juli 2017","format":false,"excerpt":"Dies ist ein Routenvorschlag f\u00fcr die Rebusrundan, der f\u00fcr diejenigen geeignet ist, die aus V\u00e4ster\u00e5s kommen. Die Route f\u00fchrt durch die landwirtschaftlich gepr\u00e4gte Landschaft des Fj\u00e4rdhundraland, gemischt mit Wald und sch\u00f6nen T\u00e4lern. Viele tolle Naturerlebnisse warten auf Sie! Ein Rundgang mit allem von der Inneneinrichtung bis zu alten Autos!  Lebensmittelhandwerk in verschiedenen Formen wie Kalbstanz und Schokolade. Verkauf von...","rel":"","context":"\u00c4hnlicher Beitrag","block_context":{"text":"\u00c4hnlicher Beitrag","link":""},"img":{"alt_text":"","src":"","width":0,"height":0},"classes":[]},{"id":1489,"url":"https:\/\/www.fjardhundraland.se\/de\/lokales-essen-und-akta-kansla-in-der-nahe-der-stadt\/","url_meta":{"origin":5242,"position":5},"title":"1TP1Grundst\u00fccke in Stadtn\u00e4he","author":"Mats Thorburn","date":"30 Dezember 2013","format":false,"excerpt":"M\u00f6chten Sie der Natur nahe kommen? Die Menschen kennenlernen, die Ihr Essen angebaut haben? In Fj\u00e4rdhundraland f\u00fchren Sie gewundene Landstra\u00dfen zwischen Caf\u00e9s und Hofl\u00e4den, w\u00e4hrend Runensteine und mittelalterliche Kirchen den Weg s\u00e4umen. Nehmen Sie eine Auszeit vom Alltag und erleben Sie das Land in Ihrer N\u00e4he. Nirgendwo sonst finden Sie so viel fantastisches Lebensmittelhandwerk, Naturerlebnisse und spannende Geschichte...","rel":"","context":"\u00c4hnlicher Beitrag","block_context":{"text":"\u00c4hnlicher Beitrag","link":""},"img":{"alt_text":"","src":"","width":0,"height":0},"classes":[]}],"jetpack_sharing_enabled":true,"_links":{"self":[{"href":"https:\/\/www.fjardhundraland.se\/de\/wp-json\/wp\/v2\/pages\/5242","targetHints":{"allow":["GET"]}}],"collection":[{"href":"https:\/\/www.fjardhundraland.se\/de\/wp-json\/wp\/v2\/pages"}],"about":[{"href":"https:\/\/www.fjardhundraland.se\/de\/wp-json\/wp\/v2\/types\/page"}],"author":[{"embeddable":true,"href":"https:\/\/www.fjardhundraland.se\/de\/wp-json\/wp\/v2\/users\/1"}],"replies":[{"embeddable":true,"href":"https:\/\/www.fjardhundraland.se\/de\/wp-json\/wp\/v2\/comments?post=5242"}],"version-history":[{"count":0,"href":"https:\/\/www.fjardhundraland.se\/de\/wp-json\/wp\/v2\/pages\/5242\/revisions"}],"up":[{"embeddable":true,"href":"https:\/\/www.fjardhundraland.se\/de\/wp-json\/wp\/v2\/pages\/5231"}],"wp:featuredmedia":[{"embeddable":true,"href":"https:\/\/www.fjardhundraland.se\/de\/wp-json\/wp\/v2\/media\/5238"}],"wp:attachment":[{"href":"https:\/\/www.fjardhundraland.se\/de\/wp-json\/wp\/v2\/media?parent=5242"}],"wp:term":[{"taxonomy":"category","embeddable":true,"href":"https:\/\/www.fjardhundraland.se\/de\/wp-json\/wp\/v2\/categories?post=5242"},{"taxonomy":"post_tag","embeddable":true,"href":"https:\/\/www.fjardhundraland.se\/de\/wp-json\/wp\/v2\/tags?post=5242"}],"curies":[{"name":"wp","href":"https:\/\/api.w.org\/{rel}","templated":true}]}}