
{"id":5231,"date":"2018-06-28T17:11:59","date_gmt":"2018-06-28T15:11:59","guid":{"rendered":"http:\/\/www.fjardhundraland.se\/?page_id=5231"},"modified":"2023-04-28T15:31:04","modified_gmt":"2023-04-28T13:31:04","slug":"zyklus","status":"publish","type":"page","link":"https:\/\/www.fjardhundraland.se\/de\/zyklus\/","title":{"rendered":"Radfahren auf dem Lande in der N\u00e4he von Natur und Kultur"},"content":{"rendered":"<h2>Radfahren auf kleinen Stra\u00dfen bei Stockholm, Uppsala und V\u00e4ster\u00e5s<\/h2>\n<p><strong>Aussichten, Caf\u00e9s, gutes Essen, Sehensw\u00fcrdigkeiten - aber vor allem all die kurvenreichen Str\u00e4\u00dfchen durch eine wundersch\u00f6ne Agrarlandschaft, begleitet von Vogelgezwitscher und den Kl\u00e4ngen der Geschichte! Fj\u00e4rdhundraland hei\u00dft Sie als Radfahrer willkommen.<\/strong><\/p>\n<p>Nebenstra\u00dfen gibt es \u00fcberall, und das ist kein Zufall. Die Menschen des Altertums und des Mittelalters haben diese Wege zu Fu\u00df und zu Pferd zur\u00fcckgelegt - und sie lassen sich auch heute noch am besten in einem gem\u00e4chlichen Tempo genie\u00dfen. Das Fahrrad ist perfekt. Die Ger\u00fcche sind anders als im Auto und in der Stadt. Hier gibt es Heu, Blumen und Kuhmist.<\/p>\n<h2>Radfahren auf dem Lande<\/h2>\n<p>Es gibt viele m\u00f6gliche Kombinationen. Sie k\u00f6nnen es anstreben <a href=\"https:\/\/www.fjardhundraland.se\/de\/die-standorte\/ata\/cafes\/\">Coffeeshop<\/a> die interessant klingt, und finden Sie eine Route mit Google Maps, zum Beispiel. Vermeiden Sie die Hauptstra\u00dfen (70, 72, 55) und die Chancen stehen gut, dass es eine sch\u00f6ne Fahrt wird. Aber noch besser ist es mit einer qualit\u00e4tsgesicherten, vorgefertigten Radroute oder einem Radweg!<\/p>\n<h3>Ein neuer Radweg<\/h3>\n<p><a href=\"https:\/\/www.fjardhundraland.se\/de\/zyklus\/fjardhundralandsleden\/\">Erste Phase des Fj\u00e4rdhundraland-Trails<\/a> ist eingerichtet und in Betrieb! Es l\u00e4uft zwischen Fj\u00e4rdhundra und \u00d6rsundsbro. <a href=\"https:\/\/www.fjardhundraland.se\/de\/zyklus\/fjardhundralandsleden\/\">Lesen Sie hier mehr<\/a>!<\/p>\n<h3>Fj\u00e4rdhundraland bei Schweden mit dem Fahrrad<\/h3>\n<p>Sweden by Bike investiert in Fj\u00e4rdhundraland mit neuen Radtouren in der Region. Hier finden Sie <a href=\"https:\/\/swedenbybike.com\/resmal\/enkoping-o-fjardhundraland\/\" target=\"_blank\" rel=\"noopener\">Radfahren in Fj\u00e4rdhundraland<\/a>!<\/p>","protected":false},"excerpt":{"rendered":"<p>Cykla sm\u00e5v\u00e4gar n\u00e4ra Stockholm, Uppsala och V\u00e4ster\u00e5s Utsikter, kaf\u00e9er, god mat, sev\u00e4rdheter\u00a0\u2013 men framf\u00f6rallt alla dessa kurviga sm\u00e5 v\u00e4gar genom ett vackert jordbrukslandskap, ackompanjerade av f\u00e5gels\u00e5ng och historiens vingslag! Fj\u00e4rdhundraland\u00a0v\u00e4lkomnar dig som cyklar. Sm\u00e5v\u00e4garna finns \u00f6verallt, och det \u00e4r ingen slump. Forntidens och medeltidens m\u00e4nniskor r\u00f6rde sig till fots och till h\u00e4st p\u00e5 de h\u00e4r [&hellip;]<\/p>\n","protected":false},"author":1,"featured_media":5238,"parent":0,"menu_order":7,"comment_status":"closed","ping_status":"closed","template":"","meta":{"_acf_changed":false,"_relevanssi_hide_post":"","_relevanssi_hide_content":"","_relevanssi_pin_for_all":"","_relevanssi_pin_keywords":"","_relevanssi_unpin_keywords":"","_relevanssi_related_keywords":"","_relevanssi_related_include_ids":"","_relevanssi_related_exclude_ids":"","_relevanssi_related_no_append":"","_relevanssi_related_not_related":"","_relevanssi_related_posts":"12584,8656,10783,3619,3905,13560","_relevanssi_noindex_reason":"","_genesis_hide_title":false,"_genesis_hide_breadcrumbs":false,"_genesis_hide_singular_image":false,"_genesis_hide_footer_widgets":false,"_genesis_custom_body_class":"","_genesis_custom_post_class":"","_genesis_layout":"","footnotes":""},"categories":[263,290,280,89,87],"tags":[],"class_list":{"0":"post-5231","1":"page","2":"type-page","3":"status-publish","4":"has-post-thumbnail","6":"category-cykling","7":"category-hemester","8":"category-svensk-landsbygd","9":"category-turistinformation","10":"category-utflykt","11":"entry"},"acf":[],"visa":null,"geo_latitude":null,"geo_longitude":null,"featured_image_src":"https:\/\/www.fjardhundraland.se\/wp-content\/uploads\/2018\/06\/cykling.jpg","featured_image_src_square":"https:\/\/www.fjardhundraland.se\/wp-content\/uploads\/2018\/06\/cykling.jpg","jetpack-related-posts":[{"id":5242,"url":"https:\/\/www.fjardhundraland.se\/de\/zyklus\/fjardhundralandsleden\/","url_meta":{"origin":5231,"position":0},"title":"Fj\u00e4rdhundralands","author":"Mats Thorburn","date":"29 Juni 2018","format":false,"excerpt":"Die Strecke Fj\u00e4rdhundraland ist unsere Fahrradroute durch das Zentrum unseres Gebiets. Die erste 38 km lange Etappe verl\u00e4uft zwischen Fj\u00e4rdhundra und \u00d6rsundsbro, auf guten Stra\u00dfen mit vielen Gelegenheiten zum Anhalten f\u00fcr einen Kaffee, einen Abstecher oder ein Bad. In der N\u00e4he von Fj\u00e4rdhundraland befinden sich auch mehrere andere Ziele, so dass Sie die Strecke nutzen k\u00f6nnen...","rel":"","context":"In &quot;Cykling&quot;","block_context":{"text":"Cykling","link":"https:\/\/www.fjardhundraland.se\/de\/radfahren\/"},"img":{"alt_text":"Cyklar parkerade framf\u00f6r Nys\u00e4tra kyrka","src":"https:\/\/i0.wp.com\/www.fjardhundraland.se\/wp-content\/uploads\/2018\/06\/cykling.jpg?resize=350%2C200&ssl=1","width":350,"height":200,"srcset":"https:\/\/i0.wp.com\/www.fjardhundraland.se\/wp-content\/uploads\/2018\/06\/cykling.jpg?resize=350%2C200&ssl=1 1x, https:\/\/i0.wp.com\/www.fjardhundraland.se\/wp-content\/uploads\/2018\/06\/cykling.jpg?resize=525%2C300&ssl=1 1.5x, https:\/\/i0.wp.com\/www.fjardhundraland.se\/wp-content\/uploads\/2018\/06\/cykling.jpg?resize=700%2C400&ssl=1 2x, https:\/\/i0.wp.com\/www.fjardhundraland.se\/wp-content\/uploads\/2018\/06\/cykling.jpg?resize=1050%2C600&ssl=1 3x, https:\/\/i0.wp.com\/www.fjardhundraland.se\/wp-content\/uploads\/2018\/06\/cykling.jpg?resize=1400%2C800&ssl=1 4x"},"classes":[]},{"id":13724,"url":"https:\/\/www.fjardhundraland.se\/de\/sehen-und-tun\/","url_meta":{"origin":5231,"position":1},"title":"Sehen und erleben","author":"Mats Thorburn","date":"29 Oktober 2023","format":false,"excerpt":"Fj\u00e4rdhundraland ist ein gro\u00dfes Gebiet mit einer dichten Mischung aus Hofl\u00e4den, Handwerk, Caf\u00e9s, Unterk\u00fcnften und vielem mehr. Hier ist der gro\u00dfe Katalog mit allem, was Sie tun k\u00f6nnen, kategorisiert, mit Kontaktangaben, \u00d6ffnungszeiten und gro\u00dfen, \u00fcbersichtlichen Karten. Do The sights can be found here! Runensteine, Naturerlebnisse, mittelalterliche Kirchen, Badestellen und alles andere, was den Ausflug vergoldet. Einkaufen...","rel":"","context":"\u00c4hnlicher Beitrag","block_context":{"text":"\u00c4hnlicher Beitrag","link":""},"img":{"alt_text":"V\u00e4g och runsten, profilbild Rebusrundan 2022","src":"https:\/\/i0.wp.com\/www.fjardhundraland.se\/wp-content\/uploads\/2022\/08\/vag-o-runsten-ryda-kungsgard-u838-1455818.jpeg?resize=350%2C200&ssl=1","width":350,"height":200,"srcset":"https:\/\/i0.wp.com\/www.fjardhundraland.se\/wp-content\/uploads\/2022\/08\/vag-o-runsten-ryda-kungsgard-u838-1455818.jpeg?resize=350%2C200&ssl=1 1x, https:\/\/i0.wp.com\/www.fjardhundraland.se\/wp-content\/uploads\/2022\/08\/vag-o-runsten-ryda-kungsgard-u838-1455818.jpeg?resize=525%2C300&ssl=1 1.5x, https:\/\/i0.wp.com\/www.fjardhundraland.se\/wp-content\/uploads\/2022\/08\/vag-o-runsten-ryda-kungsgard-u838-1455818.jpeg?resize=700%2C400&ssl=1 2x, https:\/\/i0.wp.com\/www.fjardhundraland.se\/wp-content\/uploads\/2022\/08\/vag-o-runsten-ryda-kungsgard-u838-1455818.jpeg?resize=1050%2C600&ssl=1 3x, https:\/\/i0.wp.com\/www.fjardhundraland.se\/wp-content\/uploads\/2022\/08\/vag-o-runsten-ryda-kungsgard-u838-1455818.jpeg?resize=1400%2C800&ssl=1 4x"},"classes":[]},{"id":13826,"url":"https:\/\/www.fjardhundraland.se\/de\/gor\/","url_meta":{"origin":5231,"position":2},"title":"Sehen &amp; Erleben","author":"Mats Thorburn","date":"4 November 2023","format":false,"excerpt":"Fj\u00e4rdhundraland ist ein gro\u00dfes Gebiet mit einer dichten Mischung aus Hofl\u00e4den, Handwerk, Caf\u00e9s, Unterk\u00fcnften und vielem mehr. Hier ist der gro\u00dfe Katalog mit allem, was Sie tun k\u00f6nnen, kategorisiert, mit Kontaktangaben, \u00d6ffnungszeiten und gro\u00dfen, \u00fcbersichtlichen Karten. Do The sights can be found here! Runensteine, Naturerlebnisse, mittelalterliche Kirchen, Badestellen und alles andere, was den Ausflug vergoldet. Einkaufen...","rel":"","context":"\u00c4hnlicher Beitrag","block_context":{"text":"\u00c4hnlicher Beitrag","link":""},"img":{"alt_text":"V\u00e4g och runsten, profilbild Rebusrundan 2022","src":"https:\/\/i0.wp.com\/www.fjardhundraland.se\/wp-content\/uploads\/2022\/08\/vag-o-runsten-ryda-kungsgard-u838-1455818.jpeg?resize=350%2C200&ssl=1","width":350,"height":200,"srcset":"https:\/\/i0.wp.com\/www.fjardhundraland.se\/wp-content\/uploads\/2022\/08\/vag-o-runsten-ryda-kungsgard-u838-1455818.jpeg?resize=350%2C200&ssl=1 1x, https:\/\/i0.wp.com\/www.fjardhundraland.se\/wp-content\/uploads\/2022\/08\/vag-o-runsten-ryda-kungsgard-u838-1455818.jpeg?resize=525%2C300&ssl=1 1.5x, https:\/\/i0.wp.com\/www.fjardhundraland.se\/wp-content\/uploads\/2022\/08\/vag-o-runsten-ryda-kungsgard-u838-1455818.jpeg?resize=700%2C400&ssl=1 2x, https:\/\/i0.wp.com\/www.fjardhundraland.se\/wp-content\/uploads\/2022\/08\/vag-o-runsten-ryda-kungsgard-u838-1455818.jpeg?resize=1050%2C600&ssl=1 3x, https:\/\/i0.wp.com\/www.fjardhundraland.se\/wp-content\/uploads\/2022\/08\/vag-o-runsten-ryda-kungsgard-u838-1455818.jpeg?resize=1400%2C800&ssl=1 4x"},"classes":[]},{"id":13805,"url":"https:\/\/www.fjardhundraland.se\/de\/","url_meta":{"origin":5231,"position":3},"title":"Fj\u00e4rdhundraland - das Land in Stadtn\u00e4he","author":"Mats Thorburn","date":"4 November 2023","format":false,"excerpt":"M\u00f6chten Sie der Natur nahe kommen? Die Menschen kennenlernen, die Ihr Essen angebaut haben? In Fj\u00e4rdhundraland f\u00fchren Sie gewundene Landstra\u00dfen zwischen Caf\u00e9s und Hofl\u00e4den, w\u00e4hrend Runensteine und mittelalterliche Kirchen den Weg s\u00e4umen. Nehmen Sie eine Auszeit vom Alltag und erleben Sie das Land in Ihrer N\u00e4he. Nirgendwo sonst finden Sie im Umkreis von einer Stunde so viele tolle Lebensmittel, Natur und Geschichte...","rel":"","context":"\u00c4hnlicher Beitrag","block_context":{"text":"\u00c4hnlicher Beitrag","link":""},"img":{"alt_text":"Tupp Ho\u0308ns Ha\u0308rnevi plantskola","src":"https:\/\/i0.wp.com\/www.fjardhundraland.se\/wp-content\/uploads\/2018\/03\/tupp-hocc88ns-hacc88rnevi-plantskola-2017-april-15-12-00-45-_.jpg?resize=350%2C200&ssl=1","width":350,"height":200,"srcset":"https:\/\/i0.wp.com\/www.fjardhundraland.se\/wp-content\/uploads\/2018\/03\/tupp-hocc88ns-hacc88rnevi-plantskola-2017-april-15-12-00-45-_.jpg?resize=350%2C200&ssl=1 1x, https:\/\/i0.wp.com\/www.fjardhundraland.se\/wp-content\/uploads\/2018\/03\/tupp-hocc88ns-hacc88rnevi-plantskola-2017-april-15-12-00-45-_.jpg?resize=525%2C300&ssl=1 1.5x, https:\/\/i0.wp.com\/www.fjardhundraland.se\/wp-content\/uploads\/2018\/03\/tupp-hocc88ns-hacc88rnevi-plantskola-2017-april-15-12-00-45-_.jpg?resize=700%2C400&ssl=1 2x, https:\/\/i0.wp.com\/www.fjardhundraland.se\/wp-content\/uploads\/2018\/03\/tupp-hocc88ns-hacc88rnevi-plantskola-2017-april-15-12-00-45-_.jpg?resize=1050%2C600&ssl=1 3x, https:\/\/i0.wp.com\/www.fjardhundraland.se\/wp-content\/uploads\/2018\/03\/tupp-hocc88ns-hacc88rnevi-plantskola-2017-april-15-12-00-45-_.jpg?resize=1400%2C800&ssl=1 4x"},"classes":[]},{"id":1489,"url":"https:\/\/www.fjardhundraland.se\/de\/lokales-essen-und-akta-kansla-in-der-nahe-der-stadt\/","url_meta":{"origin":5231,"position":4},"title":"1TP1Grundst\u00fccke in Stadtn\u00e4he","author":"Mats Thorburn","date":"30 Dezember 2013","format":false,"excerpt":"M\u00f6chten Sie der Natur nahe kommen? Die Menschen kennenlernen, die Ihr Essen angebaut haben? In Fj\u00e4rdhundraland f\u00fchren Sie gewundene Landstra\u00dfen zwischen Caf\u00e9s und Hofl\u00e4den, w\u00e4hrend Runensteine und mittelalterliche Kirchen den Weg s\u00e4umen. Nehmen Sie eine Auszeit vom Alltag und erleben Sie das Land in Ihrer N\u00e4he. Nirgendwo sonst finden Sie so viel fantastisches Lebensmittelhandwerk, Naturerlebnisse und spannende Geschichte...","rel":"","context":"\u00c4hnlicher Beitrag","block_context":{"text":"\u00c4hnlicher Beitrag","link":""},"img":{"alt_text":"","src":"","width":0,"height":0},"classes":[]},{"id":3982,"url":"https:\/\/www.fjardhundraland.se\/de\/veranstaltungen\/loppisrundan2\/","url_meta":{"origin":5231,"position":5},"title":"Loppisrundan","author":"Ylva Fontell","date":"8 M\u00e4rz 2017","format":false,"excerpt":"Am 10. und 11. Juli 2021 findet in Fj\u00e4rdhundraland ein Flohmarkt statt. Viele Verk\u00e4ufer werden sich an verschiedenen Orten versammeln und das beste Flohmarkt-Erlebnis des Jahres in die kleinen Stra\u00dfen locken. Lesen Sie mehr auf der eigenen Website der Flohmarktrunde! \u00a0","rel":"","context":"\u00c4hnlicher Beitrag","block_context":{"text":"\u00c4hnlicher Beitrag","link":""},"img":{"alt_text":"Loppisrundan","src":"https:\/\/i0.wp.com\/www.fjardhundraland.se\/wp-content\/uploads\/2018\/02\/loppis.jpg?resize=350%2C200&ssl=1","width":350,"height":200,"srcset":"https:\/\/i0.wp.com\/www.fjardhundraland.se\/wp-content\/uploads\/2018\/02\/loppis.jpg?resize=350%2C200&ssl=1 1x, https:\/\/i0.wp.com\/www.fjardhundraland.se\/wp-content\/uploads\/2018\/02\/loppis.jpg?resize=525%2C300&ssl=1 1.5x, https:\/\/i0.wp.com\/www.fjardhundraland.se\/wp-content\/uploads\/2018\/02\/loppis.jpg?resize=700%2C400&ssl=1 2x"},"classes":[]}],"jetpack_sharing_enabled":true,"_links":{"self":[{"href":"https:\/\/www.fjardhundraland.se\/de\/wp-json\/wp\/v2\/pages\/5231","targetHints":{"allow":["GET"]}}],"collection":[{"href":"https:\/\/www.fjardhundraland.se\/de\/wp-json\/wp\/v2\/pages"}],"about":[{"href":"https:\/\/www.fjardhundraland.se\/de\/wp-json\/wp\/v2\/types\/page"}],"author":[{"embeddable":true,"href":"https:\/\/www.fjardhundraland.se\/de\/wp-json\/wp\/v2\/users\/1"}],"replies":[{"embeddable":true,"href":"https:\/\/www.fjardhundraland.se\/de\/wp-json\/wp\/v2\/comments?post=5231"}],"version-history":[{"count":0,"href":"https:\/\/www.fjardhundraland.se\/de\/wp-json\/wp\/v2\/pages\/5231\/revisions"}],"wp:featuredmedia":[{"embeddable":true,"href":"https:\/\/www.fjardhundraland.se\/de\/wp-json\/wp\/v2\/media\/5238"}],"wp:attachment":[{"href":"https:\/\/www.fjardhundraland.se\/de\/wp-json\/wp\/v2\/media?parent=5231"}],"wp:term":[{"taxonomy":"category","embeddable":true,"href":"https:\/\/www.fjardhundraland.se\/de\/wp-json\/wp\/v2\/categories?post=5231"},{"taxonomy":"post_tag","embeddable":true,"href":"https:\/\/www.fjardhundraland.se\/de\/wp-json\/wp\/v2\/tags?post=5231"}],"curies":[{"name":"wp","href":"https:\/\/api.w.org\/{rel}","templated":true}]}}