
{"id":4537,"date":"2017-07-25T23:49:53","date_gmt":"2017-07-25T21:49:53","guid":{"rendered":"http:\/\/www.fjardhundraland.se\/?page_id=4537"},"modified":"2017-08-02T14:00:42","modified_gmt":"2017-08-02T12:00:42","slug":"sala-hebyrundan-mit-13-anschlagen","status":"publish","type":"page","link":"https:\/\/www.fjardhundraland.se\/de\/evenemang-rundor\/rebusrundan10\/sala-hebyrundan-med-13-stopp\/","title":{"rendered":"Sala-Hebyrundan mit 13 Haltestellen"},"content":{"rendered":"<p>Dies ist eine vorgeschlagene Route f\u00fcr <a href=\"https:\/\/www.fjardhundraland.se\/de\/veranstaltungen\/rebusrunde-2\/\">Die Weinreben-Tour<\/a> geeignet f\u00fcr diejenigen, die von Sala oder Heby kommen. Die Route f\u00fchrt durch die landwirtschaftliche Landschaft von Fj\u00e4rdhundraland, gemischt mit W\u00e4ldern und sch\u00f6nen T\u00e4lern. Viele tolle Naturerlebnisse warten auf Sie!<\/p>\n<p>An mehreren Haltestellen gibt es viel Geschichtliches \u00fcber Runensteine, Soldatend\u00f6rfer und alte Dorfschulen zu erfahren. An mehreren Stellen werden Bioprodukte wie Fleisch, Gem\u00fcse, Tee und Geb\u00e4ck verkauft. Es gibt St\u00e4nde, die Kunsthandwerk wie Textilien, Teppiche und Kerzen verkaufen. An einem Ort k\u00f6nnen Sie alte Kleidung kaufen, an einem anderen Blumen und Gartenpflanzen. Wenn Sie Zwerge m\u00f6gen, kommen Sie in einem Zwergenmuseum auf Ihre Kosten. Vielerorts k\u00f6nnen Sie in gem\u00fctlicher Atmosph\u00e4re einen Kaffee trinken und einen Snack zu sich nehmen.<\/p>\n<p><a href=\"https:\/\/drive.google.com\/open?id=11PO6gTOWTDjCXlkKYmM7w6wM1KA&amp;usp=sharing\" target=\"_blank\" rel=\"noopener\">\u00d6ffnen Sie die Karte.<\/a><\/p>\n<p>Wenn Sie der Kartennummerierung in aufsteigender oder absteigender Reihenfolge folgen, reisen Sie auf dem intelligentesten Weg durch die Route. Benutzen Sie Ihr Mobiltelefon und Google Map f\u00fcr die Navigation und ausf\u00fchrlichere Informationen \u00fcber die von Ihnen besuchten Unternehmen\/Organisationen.<\/p>\n<p>Haben Sie noch nie mit Google Maps navigiert? <a href=\"https:\/\/www.fjardhundraland.se\/de\/veranstaltungen\/rebusrunde-2\/mit-google-maps-navigieren\/\">So geht's<\/a>.<\/p>\n<p>Die Rebus-Tour umfasst 40 Orte, es gibt also noch mehr zu entdecken! Lesen Sie mehr \u00fcber <a href=\"https:\/\/www.fjardhundraland.se\/de\/veranstaltungen\/rebusrunde-2\/\">Die Rebus-Tour und alle Standorte sehen.<\/a><\/p>\n<p><iframe src=\"https:\/\/www.google.com\/maps\/d\/embed?mid=11PO6gTOWTDjCXlkKYmM7w6wM1KA\" width=\"100%\" height=\"700\"><\/iframe><\/p>","protected":false},"excerpt":{"rendered":"<p>Detta \u00e4r ett ruttf\u00f6rslag f\u00f6r Rebusrundan som passar dig som kommer fr\u00e5n Sala eller Heby. Rundan str\u00e4cker sig genom Fj\u00e4rdhundralands jordbrukslandskap blandat med skog och vackra dalg\u00e5ngar. M\u00e5nga fina naturupplevelser v\u00e4ntar dig! Flera stopp har mycket historia att ber\u00e4tta om runstenar, soldattorp och gamla byskolor. P\u00e5 flera st\u00e4llen finns ekologiska produkter, som k\u00f6tt, gr\u00f6nsaker, te [&hellip;]<\/p>\n","protected":false},"author":4,"featured_media":0,"parent":2394,"menu_order":22,"comment_status":"closed","ping_status":"closed","template":"","meta":{"_acf_changed":false,"_relevanssi_hide_post":"","_relevanssi_hide_content":"","_relevanssi_pin_for_all":"","_relevanssi_pin_keywords":"","_relevanssi_unpin_keywords":"","_relevanssi_related_keywords":"","_relevanssi_related_include_ids":"","_relevanssi_related_exclude_ids":"","_relevanssi_related_no_append":"","_relevanssi_related_not_related":"","_relevanssi_related_posts":"","_relevanssi_noindex_reason":"","_genesis_hide_title":false,"_genesis_hide_breadcrumbs":false,"_genesis_hide_singular_image":false,"_genesis_hide_footer_widgets":false,"_genesis_custom_body_class":"","_genesis_custom_post_class":"","_genesis_layout":"","footnotes":""},"categories":[],"tags":[],"class_list":{"0":"post-4537","1":"page","2":"type-page","3":"status-publish","5":"entry"},"acf":[],"visa":null,"geo_latitude":null,"geo_longitude":null,"featured_image_src":null,"featured_image_src_square":null,"jetpack-related-posts":[{"id":4533,"url":"https:\/\/www.fjardhundraland.se\/de\/evenemang-rundor\/rebusrundan10\/vasterasrundan-med-12-stopp\/","url_meta":{"origin":4537,"position":0},"title":"V\u00e4ster\u00e5s Rundfahrt mit 12 Haltestellen","author":"Ylva Fontell","date":"25 Juli 2017","format":false,"excerpt":"Dies ist ein Routenvorschlag f\u00fcr die Rebusrundan, der f\u00fcr diejenigen geeignet ist, die aus V\u00e4ster\u00e5s kommen. Die Route f\u00fchrt durch die landwirtschaftlich gepr\u00e4gte Landschaft des Fj\u00e4rdhundraland, gemischt mit Wald und sch\u00f6nen T\u00e4lern. Viele tolle Naturerlebnisse warten auf Sie! Ein Rundgang mit allem von der Inneneinrichtung bis zu alten Autos!  Lebensmittelhandwerk in verschiedenen Formen wie Kalbstanz und Schokolade. Verkauf von...","rel":"","context":"\u00c4hnlicher Beitrag","block_context":{"text":"\u00c4hnlicher Beitrag","link":""},"img":{"alt_text":"","src":"","width":0,"height":0},"classes":[]},{"id":4539,"url":"https:\/\/www.fjardhundraland.se\/de\/evenemang-rundor\/rebusrundan10\/balsta-stockholmsrundan-med-11-stopp\/","url_meta":{"origin":4537,"position":1},"title":"B\u00e5lsta-Stockholm Hin- und R\u00fcckfahrt mit 11 Haltestellen","author":"Ylva Fontell","date":"25 Juli 2017","format":false,"excerpt":"Dies ist eine vorgeschlagene Route f\u00fcr die Rebusrundan, die f\u00fcr diejenigen geeignet ist, die aus Stockholm kommen. Die Route f\u00fchrt durch die landwirtschaftlich gepr\u00e4gte Landschaft des Fj\u00e4rdhundraland, gemischt mit W\u00e4ldern und sch\u00f6nen T\u00e4lern. Viele tolle Naturerlebnisse warten auf Sie! Mehrere Haltestellen mit biologischem Lebensmittelhandwerk wie K\u00e4se, Marmeladen, Wurstwaren, Apfelsaft und Geb\u00e4ck. Sie k\u00f6nnen auch Eier, Blumen und Gartenpflanzen kaufen ....","rel":"","context":"\u00c4hnlicher Beitrag","block_context":{"text":"\u00c4hnlicher Beitrag","link":""},"img":{"alt_text":"","src":"","width":0,"height":0},"classes":[]},{"id":4530,"url":"https:\/\/www.fjardhundraland.se\/de\/evenemang-rundor\/rebusrundan10\/uppsalarundan-med-12-stopp\/","url_meta":{"origin":4537,"position":2},"title":"Uppsalaour mit 12 Haltestellen","author":"Ylva Fontell","date":"25 Juli 2017","format":false,"excerpt":"Dies ist ein Routenvorschlag f\u00fcr die Rebus-Runde, der f\u00fcr diejenigen geeignet ist, die von Uppsala kommen. Die Route f\u00fchrt durch die landwirtschaftlich gepr\u00e4gte Landschaft von Fj\u00e4rdhundraland, gemischt mit Wald und sch\u00f6nen T\u00e4lern. Viele tolle Naturerlebnisse warten auf Sie! Sie werden verschiedene Formen des Lebensmittelhandwerks finden, wie K\u00e4se, Marmeladen, Wurstwaren und Geb\u00e4ck. Sie k\u00f6nnen auch Eier, Blumen und Gartenpflanzen kaufen....","rel":"","context":"\u00c4hnlicher Beitrag","block_context":{"text":"\u00c4hnlicher Beitrag","link":""},"img":{"alt_text":"","src":"","width":0,"height":0},"classes":[]},{"id":18106,"url":"https:\/\/www.fjardhundraland.se\/de\/magasin-fjardhundraland\/","url_meta":{"origin":4537,"position":3},"title":"Magasin Fj\u00e4rdhundraland","author":"Mats Thorburn","date":"3 Mai 2025","format":false,"excerpt":"Fj\u00e4rdhundraland-Magazin und -Karte Das diesj\u00e4hrige Magazin ist jetzt erh\u00e4ltlich, zusammen mit einer aktualisierten Papierkarte. Das Fj\u00e4rdhundraland-Magazin erz\u00e4hlt die Geschichten der Menschen, die in der Region Gesch\u00e4fte betreiben, und der Orte, die sie besuchen. Jede Ausgabe enth\u00e4lt in der Regel Artikel \u00fcber Lebensmittel, Kaffee, Gartenarbeit, Handwerk, Kultur und Geschichte. Zusammen mit dem Magazin haben wir eine Karte erstellt, auf der Sie...","rel":"","context":"\u00c4hnlicher Beitrag","block_context":{"text":"\u00c4hnlicher Beitrag","link":""},"img":{"alt_text":"","src":"https:\/\/i0.wp.com\/www.fjardhundraland.se\/wp-content\/uploads\/2025\/05\/magasin-2025-framsida.jpg?resize=350%2C200&ssl=1","width":350,"height":200,"srcset":"https:\/\/i0.wp.com\/www.fjardhundraland.se\/wp-content\/uploads\/2025\/05\/magasin-2025-framsida.jpg?resize=350%2C200&ssl=1 1x, https:\/\/i0.wp.com\/www.fjardhundraland.se\/wp-content\/uploads\/2025\/05\/magasin-2025-framsida.jpg?resize=525%2C300&ssl=1 1.5x, https:\/\/i0.wp.com\/www.fjardhundraland.se\/wp-content\/uploads\/2025\/05\/magasin-2025-framsida.jpg?resize=700%2C400&ssl=1 2x, https:\/\/i0.wp.com\/www.fjardhundraland.se\/wp-content\/uploads\/2025\/05\/magasin-2025-framsida.jpg?resize=1050%2C600&ssl=1 3x, https:\/\/i0.wp.com\/www.fjardhundraland.se\/wp-content\/uploads\/2025\/05\/magasin-2025-framsida.jpg?resize=1400%2C800&ssl=1 4x"},"classes":[]},{"id":4572,"url":"https:\/\/www.fjardhundraland.se\/de\/evenemang-rundor\/rebusrundan10\/navigera-med-google-maps\/","url_meta":{"origin":4537,"position":4},"title":"Navigieren mit Google Maps","author":"Ylva Fontell","date":"26 Juli 2017","format":false,"excerpt":"Es gibt viele kurvenreiche Nebenstra\u00dfen in Fj\u00e4rdhundraland. Sie sind wundersch\u00f6n und Teil der Reise, aber manchmal ist es schwer zu wissen, welche die richtige ist, um an Ihr Ziel zu gelangen. Die Navigation mit Google Maps hilft Ihnen, Ihren Weg zu finden. Und so geht's: \u00d6ffnen Sie die...","rel":"","context":"\u00c4hnlicher Beitrag","block_context":{"text":"\u00c4hnlicher Beitrag","link":""},"img":{"alt_text":"","src":"","width":0,"height":0},"classes":[]},{"id":12299,"url":"https:\/\/www.fjardhundraland.se\/de\/sdfsdf\/","url_meta":{"origin":4537,"position":5},"title":"Registrierung von privaten Verk\u00e4ufern Loppisrundan","author":"Mats Thorburn","date":"23 M\u00e4rz 2023","format":false,"excerpt":"Neu! Im Jahr 2023 k\u00f6nnen Sie, auch wenn Sie kein Mitglied von Fj\u00e4rdhundraland sind, an der Flohmarktrunde teilnehmen, und zwar in Ihrem eigenen Haus! F\u00fcllen Sie das untenstehende Formular aus. Die Kosten betragen 500 SEK und werden nach der Anmeldung per Swish oder Bakgiro an Fj\u00e4rdhundraland bezahlt. Ihr Standort wird in die Karte aufgenommen, die im Fr\u00fchjahr im Internet ver\u00f6ffentlicht wird...","rel":"","context":"\u00c4hnlicher Beitrag","block_context":{"text":"\u00c4hnlicher Beitrag","link":""},"img":{"alt_text":"","src":"","width":0,"height":0},"classes":[]}],"jetpack_sharing_enabled":true,"_links":{"self":[{"href":"https:\/\/www.fjardhundraland.se\/de\/wp-json\/wp\/v2\/pages\/4537","targetHints":{"allow":["GET"]}}],"collection":[{"href":"https:\/\/www.fjardhundraland.se\/de\/wp-json\/wp\/v2\/pages"}],"about":[{"href":"https:\/\/www.fjardhundraland.se\/de\/wp-json\/wp\/v2\/types\/page"}],"author":[{"embeddable":true,"href":"https:\/\/www.fjardhundraland.se\/de\/wp-json\/wp\/v2\/users\/4"}],"replies":[{"embeddable":true,"href":"https:\/\/www.fjardhundraland.se\/de\/wp-json\/wp\/v2\/comments?post=4537"}],"version-history":[{"count":0,"href":"https:\/\/www.fjardhundraland.se\/de\/wp-json\/wp\/v2\/pages\/4537\/revisions"}],"up":[{"embeddable":true,"href":"https:\/\/www.fjardhundraland.se\/de\/wp-json\/wp\/v2\/pages\/2394"}],"wp:attachment":[{"href":"https:\/\/www.fjardhundraland.se\/de\/wp-json\/wp\/v2\/media?parent=4537"}],"wp:term":[{"taxonomy":"category","embeddable":true,"href":"https:\/\/www.fjardhundraland.se\/de\/wp-json\/wp\/v2\/categories?post=4537"},{"taxonomy":"post_tag","embeddable":true,"href":"https:\/\/www.fjardhundraland.se\/de\/wp-json\/wp\/v2\/tags?post=4537"}],"curies":[{"name":"wp","href":"https:\/\/api.w.org\/{rel}","templated":true}]}}