
{"id":4530,"date":"2017-07-25T23:19:29","date_gmt":"2017-07-25T21:19:29","guid":{"rendered":"http:\/\/www.fjardhundraland.se\/?page_id=4530"},"modified":"2017-08-02T12:18:33","modified_gmt":"2017-08-02T10:18:33","slug":"die-uppsala-rundfahrt-mit-12-haltestellen","status":"publish","type":"page","link":"https:\/\/www.fjardhundraland.se\/de\/evenemang-rundor\/rebusrundan10\/uppsalarundan-med-12-stopp\/","title":{"rendered":"Uppsalaour mit 12 Haltestellen"},"content":{"rendered":"<p>Dies ist eine vorgeschlagene Route f\u00fcr <a href=\"https:\/\/www.fjardhundraland.se\/de\/veranstaltungen\/rebusrunde-2\/\">Die Weinreben-Tour<\/a> die f\u00fcr diejenigen geeignet ist, die von Uppsala kommen. Die Route f\u00fchrt durch die landwirtschaftliche Landschaft von Fj\u00e4rdhundraland, gemischt mit W\u00e4ldern und sch\u00f6nen T\u00e4lern. Viele tolle Naturerlebnisse warten auf Sie!<\/p>\n<p>Sie finden hier Lebensmittelhandwerk in verschiedenen Formen wie K\u00e4se, Marmeladen, Wurstwaren und Geb\u00e4ck. Sie k\u00f6nnen auch Eier, Blumen und Gartenpflanzen kaufen. Auf mehreren Bauernh\u00f6fen begegnen Sie Ziegen, Schafen, Pferden, K\u00fchen, Schweinen oder H\u00fchnern. Wenn Sie sich f\u00fcr Kunst und Geschichte interessieren, k\u00f6nnen Sie eine Galerie besuchen, Kirchengem\u00e4lde betrachten und ein Schloss aus dem 17. Jahrhundert zu besichtigen. An vielen Orten k\u00f6nnen Sie einen Kaffee und einen Snack zu sich nehmen.<\/p>\n<p><a href=\"https:\/\/drive.google.com\/open?id=1ofs3lwO-mxTIcbh0WJZrhTg4nb4&amp;usp=sharing\" target=\"_blank\" rel=\"noopener\">\u00d6ffnen Sie die Karte.<\/a><\/p>\n<p>Wenn Sie der Kartennummerierung in aufsteigender oder absteigender Reihenfolge folgen, reisen Sie auf dem intelligentesten Weg durch die Route. Benutzen Sie Ihr Mobiltelefon und Google Map f\u00fcr die Navigation und ausf\u00fchrlichere Informationen \u00fcber die von Ihnen besuchten Unternehmen\/Organisationen.<\/p>\n<p>Haben Sie noch nie mit Google Maps navigiert? <a href=\"https:\/\/www.fjardhundraland.se\/de\/veranstaltungen\/rebusrunde-2\/mit-google-maps-navigieren\/\">So geht's<\/a>.<\/p>\n<p>Die Rebus-Tour umfasst 40 Orte, es gibt also noch mehr zu entdecken! Lesen Sie mehr \u00fcber <a href=\"https:\/\/www.fjardhundraland.se\/de\/veranstaltungen\/rebusrunde-2\/\">Die Rebus-Tour und alle Standorte sehen.<\/a><\/p>\n<p><iframe src=\"https:\/\/www.google.com\/maps\/d\/embed?mid=1ofs3lwO-mxTIcbh0WJZrhTg4nb4\" width=\"100%\" height=\"480\"><\/iframe><\/p>","protected":false},"excerpt":{"rendered":"<p>Detta \u00e4r ett ruttf\u00f6rslag f\u00f6r Rebusrundan som passar dig som kommer fr\u00e5n Uppsala. Rundan str\u00e4cker sig genom Fj\u00e4rdhundralands jordbrukslandskap blandat med skog och vackra dalg\u00e5ngar. M\u00e5nga fina naturupplevelser v\u00e4ntar dig! Du hittar mathantverk i olika former som ostar, marmelader, charkuterier och bakverk. Du kan ocks\u00e5 handla \u00e4gg, blommor och tr\u00e4dg\u00e5rdsv\u00e4xter. P\u00e5 flera g\u00e5rdar tr\u00e4ffar du [&hellip;]<\/p>\n","protected":false},"author":4,"featured_media":0,"parent":2394,"menu_order":23,"comment_status":"closed","ping_status":"closed","template":"","meta":{"_acf_changed":false,"_relevanssi_hide_post":"","_relevanssi_hide_content":"","_relevanssi_pin_for_all":"","_relevanssi_pin_keywords":"","_relevanssi_unpin_keywords":"","_relevanssi_related_keywords":"","_relevanssi_related_include_ids":"","_relevanssi_related_exclude_ids":"","_relevanssi_related_no_append":"","_relevanssi_related_not_related":"","_relevanssi_related_posts":"","_relevanssi_noindex_reason":"","_genesis_hide_title":false,"_genesis_hide_breadcrumbs":false,"_genesis_hide_singular_image":false,"_genesis_hide_footer_widgets":false,"_genesis_custom_body_class":"","_genesis_custom_post_class":"","_genesis_layout":"","footnotes":""},"categories":[],"tags":[],"class_list":{"0":"post-4530","1":"page","2":"type-page","3":"status-publish","5":"entry"},"acf":[],"visa":null,"geo_latitude":null,"geo_longitude":null,"featured_image_src":null,"featured_image_src_square":null,"jetpack-related-posts":[{"id":4533,"url":"https:\/\/www.fjardhundraland.se\/de\/evenemang-rundor\/rebusrundan10\/vasterasrundan-med-12-stopp\/","url_meta":{"origin":4530,"position":0},"title":"V\u00e4ster\u00e5s Rundfahrt mit 12 Haltestellen","author":"Ylva Fontell","date":"25 Juli 2017","format":false,"excerpt":"Dies ist ein Routenvorschlag f\u00fcr die Rebusrundan, der f\u00fcr diejenigen geeignet ist, die aus V\u00e4ster\u00e5s kommen. Die Route f\u00fchrt durch die landwirtschaftlich gepr\u00e4gte Landschaft des Fj\u00e4rdhundraland, gemischt mit Wald und sch\u00f6nen T\u00e4lern. Viele tolle Naturerlebnisse warten auf Sie! Ein Rundgang mit allem von der Inneneinrichtung bis zu alten Autos!  Lebensmittelhandwerk in verschiedenen Formen wie Kalbstanz und Schokolade. Verkauf von...","rel":"","context":"\u00c4hnlicher Beitrag","block_context":{"text":"\u00c4hnlicher Beitrag","link":""},"img":{"alt_text":"","src":"","width":0,"height":0},"classes":[]},{"id":4539,"url":"https:\/\/www.fjardhundraland.se\/de\/evenemang-rundor\/rebusrundan10\/balsta-stockholmsrundan-med-11-stopp\/","url_meta":{"origin":4530,"position":1},"title":"B\u00e5lsta-Stockholm Hin- und R\u00fcckfahrt mit 11 Haltestellen","author":"Ylva Fontell","date":"25 Juli 2017","format":false,"excerpt":"Dies ist eine vorgeschlagene Route f\u00fcr die Rebusrundan, die f\u00fcr diejenigen geeignet ist, die aus Stockholm kommen. Die Route f\u00fchrt durch die landwirtschaftlich gepr\u00e4gte Landschaft des Fj\u00e4rdhundraland, gemischt mit W\u00e4ldern und sch\u00f6nen T\u00e4lern. Viele tolle Naturerlebnisse warten auf Sie! Mehrere Haltestellen mit biologischem Lebensmittelhandwerk wie K\u00e4se, Marmeladen, Wurstwaren, Apfelsaft und Geb\u00e4ck. Sie k\u00f6nnen auch Eier, Blumen und Gartenpflanzen kaufen ....","rel":"","context":"\u00c4hnlicher Beitrag","block_context":{"text":"\u00c4hnlicher Beitrag","link":""},"img":{"alt_text":"","src":"","width":0,"height":0},"classes":[]},{"id":4537,"url":"https:\/\/www.fjardhundraland.se\/de\/evenemang-rundor\/rebusrundan10\/sala-hebyrundan-med-13-stopp\/","url_meta":{"origin":4530,"position":2},"title":"Sala-Hebyrundan mit 13 Haltestellen","author":"Ylva Fontell","date":"25 Juli 2017","format":false,"excerpt":"Dies ist ein Routenvorschlag f\u00fcr Rebusrundan, der f\u00fcr diejenigen geeignet ist, die von Sala oder Heby kommen. Die Route f\u00fchrt durch die landwirtschaftliche Landschaft des Fj\u00e4rdhundraland, gemischt mit W\u00e4ldern und sch\u00f6nen T\u00e4lern. Viele tolle Naturerlebnisse warten auf Sie! Mehrere Haltestellen haben eine Menge Geschichte zu erz\u00e4hlen \u00fcber Runensteine, Soldatend\u00f6rfer und alte Dorfschulen. An mehreren Stellen gibt es \u00f6kologische...","rel":"","context":"\u00c4hnlicher Beitrag","block_context":{"text":"\u00c4hnlicher Beitrag","link":""},"img":{"alt_text":"","src":"","width":0,"height":0},"classes":[]},{"id":18106,"url":"https:\/\/www.fjardhundraland.se\/de\/magasin-fjardhundraland\/","url_meta":{"origin":4530,"position":3},"title":"Magasin Fj\u00e4rdhundraland","author":"Mats Thorburn","date":"3 Mai 2025","format":false,"excerpt":"Fj\u00e4rdhundraland-Magazin und -Karte Das diesj\u00e4hrige Magazin ist jetzt erh\u00e4ltlich, zusammen mit einer aktualisierten Papierkarte. Das Fj\u00e4rdhundraland-Magazin erz\u00e4hlt die Geschichten der Menschen, die in der Region Gesch\u00e4fte betreiben, und der Orte, die sie besuchen. Jede Ausgabe enth\u00e4lt in der Regel Artikel \u00fcber Lebensmittel, Kaffee, Gartenarbeit, Handwerk, Kultur und Geschichte. Zusammen mit dem Magazin haben wir eine Karte erstellt, auf der Sie...","rel":"","context":"\u00c4hnlicher Beitrag","block_context":{"text":"\u00c4hnlicher Beitrag","link":""},"img":{"alt_text":"","src":"https:\/\/i0.wp.com\/www.fjardhundraland.se\/wp-content\/uploads\/2025\/05\/magasin-2025-framsida.jpg?resize=350%2C200&ssl=1","width":350,"height":200,"srcset":"https:\/\/i0.wp.com\/www.fjardhundraland.se\/wp-content\/uploads\/2025\/05\/magasin-2025-framsida.jpg?resize=350%2C200&ssl=1 1x, https:\/\/i0.wp.com\/www.fjardhundraland.se\/wp-content\/uploads\/2025\/05\/magasin-2025-framsida.jpg?resize=525%2C300&ssl=1 1.5x, https:\/\/i0.wp.com\/www.fjardhundraland.se\/wp-content\/uploads\/2025\/05\/magasin-2025-framsida.jpg?resize=700%2C400&ssl=1 2x, https:\/\/i0.wp.com\/www.fjardhundraland.se\/wp-content\/uploads\/2025\/05\/magasin-2025-framsida.jpg?resize=1050%2C600&ssl=1 3x, https:\/\/i0.wp.com\/www.fjardhundraland.se\/wp-content\/uploads\/2025\/05\/magasin-2025-framsida.jpg?resize=1400%2C800&ssl=1 4x"},"classes":[]},{"id":12299,"url":"https:\/\/www.fjardhundraland.se\/de\/sdfsdf\/","url_meta":{"origin":4530,"position":4},"title":"Registrierung von privaten Verk\u00e4ufern Loppisrundan","author":"Mats Thorburn","date":"23 M\u00e4rz 2023","format":false,"excerpt":"Neu! Im Jahr 2023 k\u00f6nnen Sie, auch wenn Sie kein Mitglied von Fj\u00e4rdhundraland sind, an der Flohmarktrunde teilnehmen, und zwar in Ihrem eigenen Haus! F\u00fcllen Sie das untenstehende Formular aus. Die Kosten betragen 500 SEK und werden nach der Anmeldung per Swish oder Bakgiro an Fj\u00e4rdhundraland bezahlt. Ihr Standort wird in die Karte aufgenommen, die im Fr\u00fchjahr im Internet ver\u00f6ffentlicht wird...","rel":"","context":"\u00c4hnlicher Beitrag","block_context":{"text":"\u00c4hnlicher Beitrag","link":""},"img":{"alt_text":"","src":"","width":0,"height":0},"classes":[]},{"id":3963,"url":"https:\/\/www.fjardhundraland.se\/de\/evenemang-rundor\/djurens-dag\/","url_meta":{"origin":4530,"position":5},"title":"Tag der Tiere 2017","author":"Ylva Fontell","date":"17 Februar 2017","format":false,"excerpt":"Verschmitzte L\u00e4mmer, niedliche H\u00fchner oder gl\u00fcckliche Schweine. Gibt es etwas Sch\u00f6neres, als Tiere zu sehen, die sich an der Sonne, der W\u00e4rme und dem frischen Gr\u00fcn erfreuen? Fr\u00fchlingszeit ist Tierzeit. Zum vierten Mal laden einige der Bauernh\u00f6fe von Fj\u00e4rdhundraland am Samstag, den 27. Mai von 11 bis 16 Uhr zum Tag der Tiere ein.","rel":"","context":"\u00c4hnlicher Beitrag","block_context":{"text":"\u00c4hnlicher Beitrag","link":""},"img":{"alt_text":"","src":"https:\/\/i0.wp.com\/www.fjardhundraland.se\/wp-content\/uploads\/2017\/02\/18157411_1484046814959071_3875511745731358846_n.jpg?resize=350%2C200&ssl=1","width":350,"height":200,"srcset":"https:\/\/i0.wp.com\/www.fjardhundraland.se\/wp-content\/uploads\/2017\/02\/18157411_1484046814959071_3875511745731358846_n.jpg?resize=350%2C200&ssl=1 1x, https:\/\/i0.wp.com\/www.fjardhundraland.se\/wp-content\/uploads\/2017\/02\/18157411_1484046814959071_3875511745731358846_n.jpg?resize=525%2C300&ssl=1 1.5x, https:\/\/i0.wp.com\/www.fjardhundraland.se\/wp-content\/uploads\/2017\/02\/18157411_1484046814959071_3875511745731358846_n.jpg?resize=700%2C400&ssl=1 2x"},"classes":[]}],"jetpack_sharing_enabled":true,"_links":{"self":[{"href":"https:\/\/www.fjardhundraland.se\/de\/wp-json\/wp\/v2\/pages\/4530","targetHints":{"allow":["GET"]}}],"collection":[{"href":"https:\/\/www.fjardhundraland.se\/de\/wp-json\/wp\/v2\/pages"}],"about":[{"href":"https:\/\/www.fjardhundraland.se\/de\/wp-json\/wp\/v2\/types\/page"}],"author":[{"embeddable":true,"href":"https:\/\/www.fjardhundraland.se\/de\/wp-json\/wp\/v2\/users\/4"}],"replies":[{"embeddable":true,"href":"https:\/\/www.fjardhundraland.se\/de\/wp-json\/wp\/v2\/comments?post=4530"}],"version-history":[{"count":0,"href":"https:\/\/www.fjardhundraland.se\/de\/wp-json\/wp\/v2\/pages\/4530\/revisions"}],"up":[{"embeddable":true,"href":"https:\/\/www.fjardhundraland.se\/de\/wp-json\/wp\/v2\/pages\/2394"}],"wp:attachment":[{"href":"https:\/\/www.fjardhundraland.se\/de\/wp-json\/wp\/v2\/media?parent=4530"}],"wp:term":[{"taxonomy":"category","embeddable":true,"href":"https:\/\/www.fjardhundraland.se\/de\/wp-json\/wp\/v2\/categories?post=4530"},{"taxonomy":"post_tag","embeddable":true,"href":"https:\/\/www.fjardhundraland.se\/de\/wp-json\/wp\/v2\/tags?post=4530"}],"curies":[{"name":"wp","href":"https:\/\/api.w.org\/{rel}","templated":true}]}}