
{"id":3963,"date":"2017-02-17T16:24:45","date_gmt":"2017-02-17T15:24:45","guid":{"rendered":"http:\/\/www.fjardhundraland.se\/?page_id=3963"},"modified":"2018-02-08T17:49:29","modified_gmt":"2018-02-08T16:49:29","slug":"tag-der-tiere","status":"publish","type":"page","link":"https:\/\/www.fjardhundraland.se\/de\/evenemang-rundor\/djurens-dag\/","title":{"rendered":"Tag der Tiere 2017"},"content":{"rendered":"<p>Verschmitzte L\u00e4mmer, niedliche H\u00fchner oder gl\u00fcckliche Schweine. Gibt es etwas Sch\u00f6neres, als Tiere zu sehen, die sich an der Sonne, der W\u00e4rme und dem frischen Gr\u00fcn erfreuen? Fr\u00fchlingszeit ist Tierzeit.<\/p>\n<p>Zum vierten Mal laden einige der Fj\u00e4rdhundraland-Betriebe zum Animal Day ein <strong>Samstag, 27. Mai, 11 Uhr bis 16 Uhr<\/strong>. Auf dieser Tour zwischen einigen der Fj\u00e4rdhundraland-Bauernh\u00f6fe k\u00f6nnen Sie streicheln, knuddeln und erleben!<\/p>\n<h3>Teilnehmer - was Sie tun k\u00f6nnen<\/h3>\n<p><a href=\"https:\/\/www.fjardhundraland.se\/de\/gerichte\/bjornbo-gard-4h\/\">Bj\u00f6rnbo G\u00e5rd 4H<\/a>. Begr\u00fc\u00dfen Sie die H\u00fchner, streicheln Sie Pferde und Schafe. Suchen Sie nach Eiern. Ponyreiten f\u00fcr alle Gr\u00f6\u00dfen.<\/p>\n<p><a href=\"https:\/\/www.fjardhundraland.se\/de\/gerichte\/kromsta-bauernhaus\/\">Bauernhof Kromsta<\/a>. Sehen und begr\u00fc\u00dfen Sie Ochsen, F\u00e4rsen, Schweine, H\u00fchner, Kaninchen und Schafe mit L\u00e4mmern. Hamburger grillen. Traktor und Winde. Spitze Spaziergang.<\/p>\n<p><a href=\"https:\/\/www.fjardhundraland.se\/de\/gerichte\/franzens-charcuterie\/\">Franz\u00e9ns Charkuterier<\/a>. Beobachten Sie die Linder\u00f6d-Schweine und Kinda-H\u00fchner und kommen Sie ihnen nahe. F\u00fcttern Sie die Tiere, wenn Sie Gem\u00fcse oder Obst mitbringen. Kaufen Sie Schweinefleischprodukte.<\/p>\n<p><a href=\"https:\/\/www.fjardhundraland.se\/de\/gerichte\/eile-und-der-gemusebauer\/\">Pferde- und Gem\u00fcsebauer<\/a>. Reiten ohne Sattel auf Ardenner Pferden und Reisen mit Pferd und Wagen.<\/p>\n<p><a href=\"https:\/\/www.fjardhundraland.se\/de\/gerichte\/gula-stallet-butik-kafe\/\">Gula Stallet Shop &amp; Cafe<\/a>. Treffen Sie einige unserer Mutterschafe mit L\u00e4mmern im Caf\u00e9. Gehen Sie auf einen Quiz-Spaziergang. Backen Sie Br\u00f6tchen in der Au\u00dfenk\u00fcche. Armb\u00e4nder aus Schafwolle herstellen (20 SEK). Lammsafari mit Traktor und Wagen (auf Vorbestellung).<\/p>\n<p><a href=\"https:\/\/www.google.com\/maps\/d\/u\/0\/viewer?mid=1_mUG2UdkYhzSUsJWxsg1YfdtTnU\" target=\"_blank\" rel=\"noopener noreferrer\">Klicken Sie hier, um die Karte in Google Maps zu \u00f6ffnen!<\/a><\/p>\n<p><iframe src=\"https:\/\/www.google.com\/maps\/d\/u\/3\/embed?mid=1_mUG2UdkYhzSUsJWxsg1YfdtTnU\" width=\"100%\" height=\"600\"><\/iframe><\/p>","protected":false},"excerpt":{"rendered":"<p>Busiga lamm, s\u00f6ta kycklingar eller glada grisar. Finns det n\u00e5got h\u00e4rligare att se \u00e4n djur som njuter av sol, v\u00e4rme och fr\u00e4scht gr\u00f6nt? V\u00e5rtid \u00e4r djurtid. F\u00f6r fj\u00e4rde \u00e5ret inbjuder n\u00e5gra av Fj\u00e4rdhundralands g\u00e5rdar till Djurens dag l\u00f6rdagen den 27 maj kl 11\u201316. \u00c5k runt\u00a0och klappa, gossa, upplev p\u00e5 denna runda mellan n\u00e5gra av\u00a0Fj\u00e4rdhundralands g\u00e5rdar! [&hellip;]<\/p>\n","protected":false},"author":4,"featured_media":4105,"parent":2163,"menu_order":26,"comment_status":"closed","ping_status":"closed","template":"","meta":{"_acf_changed":false,"_relevanssi_hide_post":"","_relevanssi_hide_content":"","_relevanssi_pin_for_all":"","_relevanssi_pin_keywords":"","_relevanssi_unpin_keywords":"","_relevanssi_related_keywords":"","_relevanssi_related_include_ids":"","_relevanssi_related_exclude_ids":"","_relevanssi_related_no_append":"","_relevanssi_related_not_related":"","_relevanssi_related_posts":"","_relevanssi_noindex_reason":"","_genesis_hide_title":false,"_genesis_hide_breadcrumbs":false,"_genesis_hide_singular_image":false,"_genesis_hide_footer_widgets":false,"_genesis_custom_body_class":"","_genesis_custom_post_class":"","_genesis_layout":"","footnotes":""},"categories":[],"tags":[],"class_list":{"0":"post-3963","1":"page","2":"type-page","3":"status-publish","4":"has-post-thumbnail","6":"entry"},"acf":[],"visa":null,"geo_latitude":null,"geo_longitude":null,"featured_image_src":"https:\/\/www.fjardhundraland.se\/wp-content\/uploads\/2017\/02\/18157411_1484046814959071_3875511745731358846_n.jpg","featured_image_src_square":"https:\/\/www.fjardhundraland.se\/wp-content\/uploads\/2017\/02\/18157411_1484046814959071_3875511745731358846_n.jpg","jetpack-related-posts":[{"id":4517,"url":"https:\/\/www.fjardhundraland.se\/de\/evenemang-rundor\/rebusrundan10\/barnrebusrundan\/","url_meta":{"origin":3963,"position":0},"title":"Bustour f\u00fcr Kinder","author":"Ylva Fontell","date":"23 Juli 2017","format":false,"excerpt":"Zw\u00f6lf Stationen der Rebus-Tour sind auf die j\u00fcngsten Familienmitglieder ausgerichtet. Es gibt spezielle R\u00e4tsel, die f\u00fcr Kinder zwischen 5 und 11 Jahren geeignet sind. An jeder Station kann man auch etwas Lustiges machen: Im Gelben Stall zeigt Ojja, der Hund, den Kindern die Kaninchen, Enten und H\u00fchner des Stalls. Das gl\u00fcckliche Schaf hat...","rel":"","context":"\u00c4hnlicher Beitrag","block_context":{"text":"\u00c4hnlicher Beitrag","link":""},"img":{"alt_text":"","src":"https:\/\/i0.wp.com\/www.fjardhundraland.se\/wp-content\/uploads\/2017\/07\/algar.jpg?resize=350%2C200&ssl=1","width":350,"height":200,"srcset":"https:\/\/i0.wp.com\/www.fjardhundraland.se\/wp-content\/uploads\/2017\/07\/algar.jpg?resize=350%2C200&ssl=1 1x, https:\/\/i0.wp.com\/www.fjardhundraland.se\/wp-content\/uploads\/2017\/07\/algar.jpg?resize=525%2C300&ssl=1 1.5x, https:\/\/i0.wp.com\/www.fjardhundraland.se\/wp-content\/uploads\/2017\/07\/algar.jpg?resize=700%2C400&ssl=1 2x, https:\/\/i0.wp.com\/www.fjardhundraland.se\/wp-content\/uploads\/2017\/07\/algar.jpg?resize=1050%2C600&ssl=1 3x, https:\/\/i0.wp.com\/www.fjardhundraland.se\/wp-content\/uploads\/2017\/07\/algar.jpg?resize=1400%2C800&ssl=1 4x"},"classes":[]},{"id":4530,"url":"https:\/\/www.fjardhundraland.se\/de\/evenemang-rundor\/rebusrundan10\/uppsalarundan-med-12-stopp\/","url_meta":{"origin":3963,"position":1},"title":"Uppsalaour mit 12 Haltestellen","author":"Ylva Fontell","date":"25 Juli 2017","format":false,"excerpt":"Dies ist ein Routenvorschlag f\u00fcr die Rebus-Runde, der f\u00fcr diejenigen geeignet ist, die von Uppsala kommen. Die Route f\u00fchrt durch die landwirtschaftlich gepr\u00e4gte Landschaft von Fj\u00e4rdhundraland, gemischt mit Wald und sch\u00f6nen T\u00e4lern. Viele tolle Naturerlebnisse warten auf Sie! Sie werden verschiedene Formen des Lebensmittelhandwerks finden, wie K\u00e4se, Marmeladen, Wurstwaren und Geb\u00e4ck. Sie k\u00f6nnen auch Eier, Blumen und Gartenpflanzen kaufen....","rel":"","context":"\u00c4hnlicher Beitrag","block_context":{"text":"\u00c4hnlicher Beitrag","link":""},"img":{"alt_text":"","src":"","width":0,"height":0},"classes":[]},{"id":4533,"url":"https:\/\/www.fjardhundraland.se\/de\/evenemang-rundor\/rebusrundan10\/vasterasrundan-med-12-stopp\/","url_meta":{"origin":3963,"position":2},"title":"V\u00e4ster\u00e5s Rundfahrt mit 12 Haltestellen","author":"Ylva Fontell","date":"25 Juli 2017","format":false,"excerpt":"Dies ist ein Routenvorschlag f\u00fcr die Rebusrundan, der f\u00fcr diejenigen geeignet ist, die aus V\u00e4ster\u00e5s kommen. Die Route f\u00fchrt durch die landwirtschaftlich gepr\u00e4gte Landschaft des Fj\u00e4rdhundraland, gemischt mit Wald und sch\u00f6nen T\u00e4lern. Viele tolle Naturerlebnisse warten auf Sie! Ein Rundgang mit allem von der Inneneinrichtung bis zu alten Autos!  Lebensmittelhandwerk in verschiedenen Formen wie Kalbstanz und Schokolade. Verkauf von...","rel":"","context":"\u00c4hnlicher Beitrag","block_context":{"text":"\u00c4hnlicher Beitrag","link":""},"img":{"alt_text":"","src":"","width":0,"height":0},"classes":[]},{"id":1805,"url":"https:\/\/www.fjardhundraland.se\/de\/om-fjardhundraland\/medlemmar\/","url_meta":{"origin":3963,"position":3},"title":"Mitglieder","author":"Ylva Fontell","date":"28 Februar 2014","format":false,"excerpt":"...Wood Shop Thorsvi Farm Tibble Old School Torstuna Hembygdsf\u00f6rening Tr\u00e4dg\u00e5rdsturism i Enk\u00f6ping med Pr\u00e4stg\u00e5rdsflygeln Tullens Gr\u00f6nska Tuna Tr\u00e4dg\u00e5rd T\u00e4rna bygdeg\u00e5rdsf\u00f6rening Uppdrag Kultur \/Eva Wrede Vagabond Haven AB Var Dags Rum...","rel":"","context":"\u00c4hnlicher Beitrag","block_context":{"text":"\u00c4hnlicher Beitrag","link":""},"img":{"alt_text":"","src":"","width":0,"height":0},"classes":[]},{"id":20251,"url":"https:\/\/www.fjardhundraland.se\/de\/inlagg\/2026\/pask-i-fjardhundraland\/","url_meta":{"origin":3963,"position":4},"title":"Ostern in Fj\u00e4rdhundraland","author":"Marloes","date":"18 M\u00e4rz 2026","format":false,"excerpt":"Den Fr\u00fchling erlebt man am besten auf dem Lande in der N\u00e4he der Stadt. Das ist die feste \u00dcberzeugung vieler Fj\u00e4rdhundraland-Mitglieder. Denn naturnah, in einer h\u00fcgeligen Kulturlandschaft mit Hofl\u00e4den, T\u00f6pferwerkst\u00e4tten und Caf\u00e9s, kann man im Fr\u00fchling den Gesang der V\u00f6gel noch besser h\u00f6ren und den w\u00fcrzigen Duft der lebendig werdenden Erde riechen. Und das...","rel":"","context":"\u00c4hnlicher Beitrag","block_context":{"text":"\u00c4hnlicher Beitrag","link":""},"img":{"alt_text":"","src":"https:\/\/i0.wp.com\/www.fjardhundraland.se\/wp-content\/uploads\/2021\/04\/pask-i-fjardhundraland-tupp-och-hona.jpg?resize=350%2C200&ssl=1","width":350,"height":200,"srcset":"https:\/\/i0.wp.com\/www.fjardhundraland.se\/wp-content\/uploads\/2021\/04\/pask-i-fjardhundraland-tupp-och-hona.jpg?resize=350%2C200&ssl=1 1x, https:\/\/i0.wp.com\/www.fjardhundraland.se\/wp-content\/uploads\/2021\/04\/pask-i-fjardhundraland-tupp-och-hona.jpg?resize=525%2C300&ssl=1 1.5x, https:\/\/i0.wp.com\/www.fjardhundraland.se\/wp-content\/uploads\/2021\/04\/pask-i-fjardhundraland-tupp-och-hona.jpg?resize=700%2C400&ssl=1 2x, https:\/\/i0.wp.com\/www.fjardhundraland.se\/wp-content\/uploads\/2021\/04\/pask-i-fjardhundraland-tupp-och-hona.jpg?resize=1050%2C600&ssl=1 3x, https:\/\/i0.wp.com\/www.fjardhundraland.se\/wp-content\/uploads\/2021\/04\/pask-i-fjardhundraland-tupp-och-hona.jpg?resize=1400%2C800&ssl=1 4x"},"classes":[]},{"id":2163,"url":"https:\/\/www.fjardhundraland.se\/de\/evenemang-rundor\/","url_meta":{"origin":3963,"position":5},"title":"Veranstaltungen 2026","author":"Mats Thorburn","date":"4 April 2014","format":false,"excerpt":"INHALT","rel":"","context":"\u00c4hnlicher Beitrag","block_context":{"text":"\u00c4hnlicher Beitrag","link":""},"img":{"alt_text":"Loppisrundan p\u00e5 Dunderbo ljus & hantverk","src":"https:\/\/i0.wp.com\/www.fjardhundraland.se\/wp-content\/uploads\/2021\/06\/dunderbo-ljus-hantverk-loppisrundan2019juli06-15.jpg?resize=350%2C200&ssl=1","width":350,"height":200,"srcset":"https:\/\/i0.wp.com\/www.fjardhundraland.se\/wp-content\/uploads\/2021\/06\/dunderbo-ljus-hantverk-loppisrundan2019juli06-15.jpg?resize=350%2C200&ssl=1 1x, https:\/\/i0.wp.com\/www.fjardhundraland.se\/wp-content\/uploads\/2021\/06\/dunderbo-ljus-hantverk-loppisrundan2019juli06-15.jpg?resize=525%2C300&ssl=1 1.5x, https:\/\/i0.wp.com\/www.fjardhundraland.se\/wp-content\/uploads\/2021\/06\/dunderbo-ljus-hantverk-loppisrundan2019juli06-15.jpg?resize=700%2C400&ssl=1 2x, https:\/\/i0.wp.com\/www.fjardhundraland.se\/wp-content\/uploads\/2021\/06\/dunderbo-ljus-hantverk-loppisrundan2019juli06-15.jpg?resize=1050%2C600&ssl=1 3x, https:\/\/i0.wp.com\/www.fjardhundraland.se\/wp-content\/uploads\/2021\/06\/dunderbo-ljus-hantverk-loppisrundan2019juli06-15.jpg?resize=1400%2C800&ssl=1 4x"},"classes":[]}],"jetpack_sharing_enabled":true,"_links":{"self":[{"href":"https:\/\/www.fjardhundraland.se\/de\/wp-json\/wp\/v2\/pages\/3963","targetHints":{"allow":["GET"]}}],"collection":[{"href":"https:\/\/www.fjardhundraland.se\/de\/wp-json\/wp\/v2\/pages"}],"about":[{"href":"https:\/\/www.fjardhundraland.se\/de\/wp-json\/wp\/v2\/types\/page"}],"author":[{"embeddable":true,"href":"https:\/\/www.fjardhundraland.se\/de\/wp-json\/wp\/v2\/users\/4"}],"replies":[{"embeddable":true,"href":"https:\/\/www.fjardhundraland.se\/de\/wp-json\/wp\/v2\/comments?post=3963"}],"version-history":[{"count":0,"href":"https:\/\/www.fjardhundraland.se\/de\/wp-json\/wp\/v2\/pages\/3963\/revisions"}],"up":[{"embeddable":true,"href":"https:\/\/www.fjardhundraland.se\/de\/wp-json\/wp\/v2\/pages\/2163"}],"wp:featuredmedia":[{"embeddable":true,"href":"https:\/\/www.fjardhundraland.se\/de\/wp-json\/wp\/v2\/media\/4105"}],"wp:attachment":[{"href":"https:\/\/www.fjardhundraland.se\/de\/wp-json\/wp\/v2\/media?parent=3963"}],"wp:term":[{"taxonomy":"category","embeddable":true,"href":"https:\/\/www.fjardhundraland.se\/de\/wp-json\/wp\/v2\/categories?post=3963"},{"taxonomy":"post_tag","embeddable":true,"href":"https:\/\/www.fjardhundraland.se\/de\/wp-json\/wp\/v2\/tags?post=3963"}],"curies":[{"name":"wp","href":"https:\/\/api.w.org\/{rel}","templated":true}]}}