
{"id":2738,"date":"2015-07-15T23:25:59","date_gmt":"2015-07-15T21:25:59","guid":{"rendered":"http:\/\/www.fjardhundraland.se\/?page_id=2738"},"modified":"2025-08-29T12:08:35","modified_gmt":"2025-08-29T10:08:35","slug":"menschen-essen","status":"publish","type":"page","link":"https:\/\/www.fjardhundraland.se\/de\/evenemang-rundor\/mat-manniskor\/","title":{"rendered":"Essen &amp; Menschen - die Foodtour"},"content":{"rendered":"<p class=\"has-medium-font-size\"><strong>Essen &amp; Menschen - <\/strong>Wochenende vom 20. und 21. September 2025, 11-17 Uhr<\/p>\n\n\n\n<p>Riechen, schmecken, schauen, genie\u00dfen - Food &amp; People ist die Tour f\u00fcr alle Sinne, bei der Essen und Menschen im Mittelpunkt stehen.<\/p>\n\n\n\n<p>Lesen Sie mehr unter <a href=\"https:\/\/www.fjardhundraland.se\/de\/matomanniskor\/\">https:\/\/www.fjardhundraland.se\/matomanniskor\/<\/a><\/p>","protected":false},"excerpt":{"rendered":"<p>Food &amp; People - Wochenende 20. - 21. September 2025 von 11-17 Uhr Riechen, schmecken, schauen, genie\u00dfen - Food &amp; People ist der Reigen f\u00fcr alle Sinne, bei dem Essen und Menschen im Mittelpunkt stehen. Lesen Sie mehr unter https:\/\/www.fjardhundraland.se\/matomanniskor\/<\/p>","protected":false},"author":1,"featured_media":5371,"parent":2163,"menu_order":15,"comment_status":"closed","ping_status":"closed","template":"","meta":{"_acf_changed":false,"_relevanssi_hide_post":"","_relevanssi_hide_content":"","_relevanssi_pin_for_all":"","_relevanssi_pin_keywords":"","_relevanssi_unpin_keywords":"","_relevanssi_related_keywords":"","_relevanssi_related_include_ids":"","_relevanssi_related_exclude_ids":"","_relevanssi_related_no_append":"","_relevanssi_related_not_related":"","_relevanssi_related_posts":"7284,16533,16405,4687,5416,3568","_relevanssi_noindex_reason":"","_genesis_hide_title":false,"_genesis_hide_breadcrumbs":false,"_genesis_hide_singular_image":false,"_genesis_hide_footer_widgets":false,"_genesis_custom_body_class":"","_genesis_custom_post_class":"","_genesis_layout":"","footnotes":""},"categories":[],"tags":[],"class_list":{"0":"post-2738","1":"page","2":"type-page","3":"status-publish","4":"has-post-thumbnail","6":"entry"},"acf":[],"visa":null,"geo_latitude":null,"geo_longitude":null,"featured_image_src":"https:\/\/www.fjardhundraland.se\/wp-content\/uploads\/2018\/08\/mat-och-macc88nniskor-header.jpg","featured_image_src_square":"https:\/\/www.fjardhundraland.se\/wp-content\/uploads\/2018\/08\/mat-och-macc88nniskor-header.jpg","jetpack-related-posts":[{"id":2942,"url":"https:\/\/www.fjardhundraland.se\/de\/evenemang-rundor\/mat-manniskor\/enkat-mat-manniskor\/","url_meta":{"origin":2738,"position":0},"title":"Umfrage \u00fcber Lebensmittel und Menschen","author":"Mats Thorburn","date":"26 September 2015","format":false,"excerpt":"[gravityform id=\"6\" title=\"false\" description=\"true\"] Tack f\u00f6r hj\u00e4lpen! Vi v\u00e4ljer ut n\u00e5gra vinnare bland de inl\u00e4mnade synpunkterna och meddelar per e-post och h\u00e4r p\u00e5 webbsidan senast 15 oktober.","rel":"","context":"\u00c4hnlicher Beitrag","block_context":{"text":"\u00c4hnlicher Beitrag","link":""},"img":{"alt_text":"","src":"","width":0,"height":0},"classes":[]},{"id":2163,"url":"https:\/\/www.fjardhundraland.se\/de\/evenemang-rundor\/","url_meta":{"origin":2738,"position":1},"title":"Veranstaltungen 2026","author":"Mats Thorburn","date":"4 April 2014","format":false,"excerpt":"INHALT","rel":"","context":"\u00c4hnlicher Beitrag","block_context":{"text":"\u00c4hnlicher Beitrag","link":""},"img":{"alt_text":"Loppisrundan p\u00e5 Dunderbo ljus & hantverk","src":"https:\/\/i0.wp.com\/www.fjardhundraland.se\/wp-content\/uploads\/2021\/06\/dunderbo-ljus-hantverk-loppisrundan2019juli06-15.jpg?resize=350%2C200&ssl=1","width":350,"height":200,"srcset":"https:\/\/i0.wp.com\/www.fjardhundraland.se\/wp-content\/uploads\/2021\/06\/dunderbo-ljus-hantverk-loppisrundan2019juli06-15.jpg?resize=350%2C200&ssl=1 1x, https:\/\/i0.wp.com\/www.fjardhundraland.se\/wp-content\/uploads\/2021\/06\/dunderbo-ljus-hantverk-loppisrundan2019juli06-15.jpg?resize=525%2C300&ssl=1 1.5x, https:\/\/i0.wp.com\/www.fjardhundraland.se\/wp-content\/uploads\/2021\/06\/dunderbo-ljus-hantverk-loppisrundan2019juli06-15.jpg?resize=700%2C400&ssl=1 2x, https:\/\/i0.wp.com\/www.fjardhundraland.se\/wp-content\/uploads\/2021\/06\/dunderbo-ljus-hantverk-loppisrundan2019juli06-15.jpg?resize=1050%2C600&ssl=1 3x, https:\/\/i0.wp.com\/www.fjardhundraland.se\/wp-content\/uploads\/2021\/06\/dunderbo-ljus-hantverk-loppisrundan2019juli06-15.jpg?resize=1400%2C800&ssl=1 4x"},"classes":[]},{"id":18106,"url":"https:\/\/www.fjardhundraland.se\/de\/magasin-fjardhundraland\/","url_meta":{"origin":2738,"position":2},"title":"Magasin Fj\u00e4rdhundraland","author":"Mats Thorburn","date":"3 Mai 2025","format":false,"excerpt":"Fj\u00e4rdhundraland-Magazin und -Karte Das diesj\u00e4hrige Magazin ist jetzt erh\u00e4ltlich, zusammen mit einer aktualisierten Papierkarte. Das Fj\u00e4rdhundraland-Magazin erz\u00e4hlt die Geschichten der Menschen, die in der Region Gesch\u00e4fte betreiben, und der Orte, die sie besuchen. Jede Ausgabe enth\u00e4lt in der Regel Artikel \u00fcber Lebensmittel, Kaffee, Gartenarbeit, Handwerk, Kultur und Geschichte. Zusammen mit dem Magazin haben wir eine Karte erstellt, auf der Sie...","rel":"","context":"\u00c4hnlicher Beitrag","block_context":{"text":"\u00c4hnlicher Beitrag","link":""},"img":{"alt_text":"","src":"https:\/\/i0.wp.com\/www.fjardhundraland.se\/wp-content\/uploads\/2025\/05\/magasin-2025-framsida.jpg?resize=350%2C200&ssl=1","width":350,"height":200,"srcset":"https:\/\/i0.wp.com\/www.fjardhundraland.se\/wp-content\/uploads\/2025\/05\/magasin-2025-framsida.jpg?resize=350%2C200&ssl=1 1x, https:\/\/i0.wp.com\/www.fjardhundraland.se\/wp-content\/uploads\/2025\/05\/magasin-2025-framsida.jpg?resize=525%2C300&ssl=1 1.5x, https:\/\/i0.wp.com\/www.fjardhundraland.se\/wp-content\/uploads\/2025\/05\/magasin-2025-framsida.jpg?resize=700%2C400&ssl=1 2x, https:\/\/i0.wp.com\/www.fjardhundraland.se\/wp-content\/uploads\/2025\/05\/magasin-2025-framsida.jpg?resize=1050%2C600&ssl=1 3x, https:\/\/i0.wp.com\/www.fjardhundraland.se\/wp-content\/uploads\/2025\/05\/magasin-2025-framsida.jpg?resize=1400%2C800&ssl=1 4x"},"classes":[]},{"id":5231,"url":"https:\/\/www.fjardhundraland.se\/de\/cykla\/","url_meta":{"origin":2738,"position":3},"title":"Radfahren auf dem Lande in der N\u00e4he von Natur und Kultur","author":"Mats Thorburn","date":"28 Juni 2018","format":false,"excerpt":"Radfahren auf kleinen Stra\u00dfen in der N\u00e4he von Stockholm, Uppsala und V\u00e4ster\u00e5s Aussichten, Caf\u00e9s, gutes Essen, Sehensw\u00fcrdigkeiten - aber vor allem diese kurvenreichen kleinen Stra\u00dfen durch eine sch\u00f6ne Agrarlandschaft, begleitet von Vogelgezwitscher und den Fl\u00fcgeln der Geschichte! Fj\u00e4rdhundraland hei\u00dft Sie als Radfahrer willkommen. Kleine Stra\u00dfen gibt es \u00fcberall, und das ist kein Zufall. In der Antike und im Mittelalter reisten die Menschen zu Fu\u00df und...","rel":"","context":"In &quot;Cykling&quot;","block_context":{"text":"Cykling","link":"https:\/\/www.fjardhundraland.se\/de\/cykling\/"},"img":{"alt_text":"Cyklar parkerade framf\u00f6r Nys\u00e4tra kyrka","src":"https:\/\/i0.wp.com\/www.fjardhundraland.se\/wp-content\/uploads\/2018\/06\/cykling.jpg?resize=350%2C200&ssl=1","width":350,"height":200,"srcset":"https:\/\/i0.wp.com\/www.fjardhundraland.se\/wp-content\/uploads\/2018\/06\/cykling.jpg?resize=350%2C200&ssl=1 1x, https:\/\/i0.wp.com\/www.fjardhundraland.se\/wp-content\/uploads\/2018\/06\/cykling.jpg?resize=525%2C300&ssl=1 1.5x, https:\/\/i0.wp.com\/www.fjardhundraland.se\/wp-content\/uploads\/2018\/06\/cykling.jpg?resize=700%2C400&ssl=1 2x, https:\/\/i0.wp.com\/www.fjardhundraland.se\/wp-content\/uploads\/2018\/06\/cykling.jpg?resize=1050%2C600&ssl=1 3x, https:\/\/i0.wp.com\/www.fjardhundraland.se\/wp-content\/uploads\/2018\/06\/cykling.jpg?resize=1400%2C800&ssl=1 4x"},"classes":[]},{"id":7312,"url":"https:\/\/www.fjardhundraland.se\/de\/om-fjardhundraland\/fjardhundraland-ekonomisk-forening\/bli-medlem\/","url_meta":{"origin":2738,"position":4},"title":"Mitglied werden","author":"Mats Thorburn","date":"8 September 2020","format":false,"excerpt":"Willkommen als Mitglied der Wirtschaftsvereinigung Fj\u00e4rdhundraland! Die Tatsache, dass Sie Mitglied werden, st\u00e4rkt unser gemeinsames Netzwerk und macht uns noch besser, um unseren Besuchern ein gutes Erlebnis zu bieten. F\u00fcllen Sie hier das Anmeldeformular aus. Zehn gute Gr\u00fcnde, Mitglied zu werden Sie finden es wichtig, zusammenzuarbeiten. 1+1=3.Sie...","rel":"","context":"\u00c4hnlicher Beitrag","block_context":{"text":"\u00c4hnlicher Beitrag","link":""},"img":{"alt_text":"","src":"","width":0,"height":0},"classes":[]},{"id":4572,"url":"https:\/\/www.fjardhundraland.se\/de\/evenemang-rundor\/rebusrundan10\/navigera-med-google-maps\/","url_meta":{"origin":2738,"position":5},"title":"Navigieren mit Google Maps","author":"Ylva Fontell","date":"26 Juli 2017","format":false,"excerpt":"Es gibt viele kurvenreiche Nebenstra\u00dfen in Fj\u00e4rdhundraland. Sie sind wundersch\u00f6n und Teil der Reise, aber manchmal ist es schwer zu wissen, welche die richtige ist, um an Ihr Ziel zu gelangen. Die Navigation mit Google Maps hilft Ihnen, Ihren Weg zu finden. Und so geht's: \u00d6ffnen Sie die...","rel":"","context":"\u00c4hnlicher Beitrag","block_context":{"text":"\u00c4hnlicher Beitrag","link":""},"img":{"alt_text":"","src":"","width":0,"height":0},"classes":[]}],"jetpack_sharing_enabled":true,"_links":{"self":[{"href":"https:\/\/www.fjardhundraland.se\/de\/wp-json\/wp\/v2\/pages\/2738","targetHints":{"allow":["GET"]}}],"collection":[{"href":"https:\/\/www.fjardhundraland.se\/de\/wp-json\/wp\/v2\/pages"}],"about":[{"href":"https:\/\/www.fjardhundraland.se\/de\/wp-json\/wp\/v2\/types\/page"}],"author":[{"embeddable":true,"href":"https:\/\/www.fjardhundraland.se\/de\/wp-json\/wp\/v2\/users\/1"}],"replies":[{"embeddable":true,"href":"https:\/\/www.fjardhundraland.se\/de\/wp-json\/wp\/v2\/comments?post=2738"}],"version-history":[{"count":1,"href":"https:\/\/www.fjardhundraland.se\/de\/wp-json\/wp\/v2\/pages\/2738\/revisions"}],"predecessor-version":[{"id":18818,"href":"https:\/\/www.fjardhundraland.se\/de\/wp-json\/wp\/v2\/pages\/2738\/revisions\/18818"}],"up":[{"embeddable":true,"href":"https:\/\/www.fjardhundraland.se\/de\/wp-json\/wp\/v2\/pages\/2163"}],"wp:featuredmedia":[{"embeddable":true,"href":"https:\/\/www.fjardhundraland.se\/de\/wp-json\/wp\/v2\/media\/5371"}],"wp:attachment":[{"href":"https:\/\/www.fjardhundraland.se\/de\/wp-json\/wp\/v2\/media?parent=2738"}],"wp:term":[{"taxonomy":"category","embeddable":true,"href":"https:\/\/www.fjardhundraland.se\/de\/wp-json\/wp\/v2\/categories?post=2738"},{"taxonomy":"post_tag","embeddable":true,"href":"https:\/\/www.fjardhundraland.se\/de\/wp-json\/wp\/v2\/tags?post=2738"}],"curies":[{"name":"wp","href":"https:\/\/api.w.org\/{rel}","templated":true}]}}