
{"id":2394,"date":"2014-06-18T08:44:45","date_gmt":"2014-06-18T06:44:45","guid":{"rendered":"http:\/\/www.fjardhundraland.se\/?page_id=2394"},"modified":"2021-07-26T15:30:59","modified_gmt":"2021-07-26T13:30:59","slug":"rebus-rund10","status":"publish","type":"page","link":"https:\/\/www.fjardhundraland.se\/de\/veranstaltungen\/rebus-rund10\/","title":{"rendered":"Die Runde 2021 von Rebus"},"content":{"rendered":"<p><strong>Datum\/Uhrzeit<br \/>\n<\/strong>Sonntag 1. und 8. August 2021 von 11-17 Uhr.<\/p>\n<div class=\"entry-content\">\n<div id=\"em-wrapper\">\n<p><a href=\"https:\/\/www.fjardhundraland.se\/de\/rebusrunde-2\/\">Die Weinreben-Tour<\/a> l\u00e4dt Sie, Ihre Familie und Freunde zu einem Tag in Fj\u00e4rdhundraland ein. An zwei Sonntagen im August gibt es besondere Veranstaltungen in unseren Attraktionen und Gesch\u00e4ften - und alle kommen auf ihre Kosten! Besuchen Sie uns und l\u00f6sen Sie R\u00e4tsel, kaufen Sie ein, nehmen Sie an Wettbewerben teil, essen und trinken Sie Kaffee, erleben Sie unsere sch\u00f6ne Landschaft.<\/p>\n<\/div>\n<\/div>\n<p>Lesen Sie mehr unter <strong><a href=\"https:\/\/www.fjardhundraland.se\/de\/rebusrunde-2\/\">rebusrundan.se<\/a><\/strong>!<\/p>","protected":false},"excerpt":{"rendered":"<p>Datum\/Tid S\u00f6ndag 1 och 8 augusti 2021 kl 11\u201317. Rebusrundan bjuder in dig, familjen och v\u00e4nnerna till en utflykt i Fj\u00e4rdhundraland. Tv\u00e5 s\u00f6ndagar i augusti \u00e4r det extra mycket \u00f6ppet p\u00e5 bes\u00f6ksm\u00e5l och verksamheter\u2013och alla bjuder bjuder p\u00e5 lite extra! G\u00f6r ett bes\u00f6k och l\u00f6s rebusar, handla, t\u00e4vla, \u00e4t &amp; fika, upplev v\u00e5r sk\u00f6na landsbygd. [&hellip;]<\/p>\n","protected":false},"author":1,"featured_media":4858,"parent":2163,"menu_order":18,"comment_status":"closed","ping_status":"closed","template":"","meta":{"_acf_changed":false,"_relevanssi_hide_post":"","_relevanssi_hide_content":"","_relevanssi_pin_for_all":"","_relevanssi_pin_keywords":"","_relevanssi_unpin_keywords":"","_relevanssi_related_keywords":"","_relevanssi_related_include_ids":"","_relevanssi_related_exclude_ids":"","_relevanssi_related_no_append":"","_relevanssi_related_not_related":"","_relevanssi_related_posts":"","_relevanssi_noindex_reason":"","_genesis_hide_title":false,"_genesis_hide_breadcrumbs":false,"_genesis_hide_singular_image":false,"_genesis_hide_footer_widgets":false,"_genesis_custom_body_class":"","_genesis_custom_post_class":"","_genesis_layout":"","footnotes":""},"categories":[],"tags":[],"class_list":{"0":"post-2394","1":"page","2":"type-page","3":"status-publish","4":"has-post-thumbnail","6":"entry"},"acf":[],"visa":null,"geo_latitude":null,"geo_longitude":null,"featured_image_src":"https:\/\/www.fjardhundraland.se\/wp-content\/uploads\/2018\/02\/rebusrundan.jpg","featured_image_src_square":"https:\/\/www.fjardhundraland.se\/wp-content\/uploads\/2018\/02\/rebusrundan.jpg","jetpack-related-posts":[{"id":2163,"url":"https:\/\/www.fjardhundraland.se\/de\/veranstaltungen\/","url_meta":{"origin":2394,"position":0},"title":"Veranstaltungen 2026","author":"Mats Thorburn","date":"4 April 2014","format":false,"excerpt":"INHALT","rel":"","context":"\u00c4hnlicher Beitrag","block_context":{"text":"\u00c4hnlicher Beitrag","link":""},"img":{"alt_text":"Loppisrundan p\u00e5 Dunderbo ljus & hantverk","src":"https:\/\/i0.wp.com\/www.fjardhundraland.se\/wp-content\/uploads\/2021\/06\/dunderbo-ljus-hantverk-loppisrundan2019juli06-15.jpg?resize=350%2C200&ssl=1","width":350,"height":200,"srcset":"https:\/\/i0.wp.com\/www.fjardhundraland.se\/wp-content\/uploads\/2021\/06\/dunderbo-ljus-hantverk-loppisrundan2019juli06-15.jpg?resize=350%2C200&ssl=1 1x, https:\/\/i0.wp.com\/www.fjardhundraland.se\/wp-content\/uploads\/2021\/06\/dunderbo-ljus-hantverk-loppisrundan2019juli06-15.jpg?resize=525%2C300&ssl=1 1.5x, https:\/\/i0.wp.com\/www.fjardhundraland.se\/wp-content\/uploads\/2021\/06\/dunderbo-ljus-hantverk-loppisrundan2019juli06-15.jpg?resize=700%2C400&ssl=1 2x, https:\/\/i0.wp.com\/www.fjardhundraland.se\/wp-content\/uploads\/2021\/06\/dunderbo-ljus-hantverk-loppisrundan2019juli06-15.jpg?resize=1050%2C600&ssl=1 3x, https:\/\/i0.wp.com\/www.fjardhundraland.se\/wp-content\/uploads\/2021\/06\/dunderbo-ljus-hantverk-loppisrundan2019juli06-15.jpg?resize=1400%2C800&ssl=1 4x"},"classes":[]},{"id":2795,"url":"https:\/\/www.fjardhundraland.se\/de\/veranstaltungen\/rebus-rund10\/antwortformular-rebusrunde\/","url_meta":{"origin":2394,"position":1},"title":"Antwortformular Rebus-Runde","author":"Mats Thorburn","date":"1 August 2015","format":false,"excerpt":"Vielen Dank, dass Sie an der Rebus-Runde 2015 teilgenommen haben! Jetzt k\u00f6nnen Sie keine Antworten mehr einreichen. Sehen Sie hier, wer gewonnen hat!","rel":"","context":"\u00c4hnlicher Beitrag","block_context":{"text":"\u00c4hnlicher Beitrag","link":""},"img":{"alt_text":"","src":"","width":0,"height":0},"classes":[]},{"id":4517,"url":"https:\/\/www.fjardhundraland.se\/de\/veranstaltungen\/rebus-rund10\/die-kinderbustour\/","url_meta":{"origin":2394,"position":2},"title":"Bustour f\u00fcr Kinder","author":"Ylva Fontell","date":"23 Juli 2017","format":false,"excerpt":"Zw\u00f6lf Stationen der Rebus-Tour sind auf die j\u00fcngsten Familienmitglieder ausgerichtet. Es gibt spezielle R\u00e4tsel, die f\u00fcr Kinder zwischen 5 und 11 Jahren geeignet sind. An jeder Station kann man auch etwas Lustiges machen: Im Gelben Stall zeigt Ojja, der Hund, den Kindern die Kaninchen, Enten und H\u00fchner des Stalls. Das gl\u00fcckliche Schaf hat...","rel":"","context":"\u00c4hnlicher Beitrag","block_context":{"text":"\u00c4hnlicher Beitrag","link":""},"img":{"alt_text":"","src":"https:\/\/i0.wp.com\/www.fjardhundraland.se\/wp-content\/uploads\/2017\/07\/algar.jpg?resize=350%2C200&ssl=1","width":350,"height":200,"srcset":"https:\/\/i0.wp.com\/www.fjardhundraland.se\/wp-content\/uploads\/2017\/07\/algar.jpg?resize=350%2C200&ssl=1 1x, https:\/\/i0.wp.com\/www.fjardhundraland.se\/wp-content\/uploads\/2017\/07\/algar.jpg?resize=525%2C300&ssl=1 1.5x, https:\/\/i0.wp.com\/www.fjardhundraland.se\/wp-content\/uploads\/2017\/07\/algar.jpg?resize=700%2C400&ssl=1 2x, https:\/\/i0.wp.com\/www.fjardhundraland.se\/wp-content\/uploads\/2017\/07\/algar.jpg?resize=1050%2C600&ssl=1 3x, https:\/\/i0.wp.com\/www.fjardhundraland.se\/wp-content\/uploads\/2017\/07\/algar.jpg?resize=1400%2C800&ssl=1 4x"},"classes":[]},{"id":4539,"url":"https:\/\/www.fjardhundraland.se\/de\/veranstaltungen\/rebus-rund10\/balsta-stockholmsrundan-mit-11-haltestellen\/","url_meta":{"origin":2394,"position":3},"title":"B\u00e5lsta-Stockholm Hin- und R\u00fcckfahrt mit 11 Haltestellen","author":"Ylva Fontell","date":"25 Juli 2017","format":false,"excerpt":"Dies ist eine vorgeschlagene Route f\u00fcr die Rebusrundan, die f\u00fcr diejenigen geeignet ist, die aus Stockholm kommen. Die Route f\u00fchrt durch die landwirtschaftlich gepr\u00e4gte Landschaft des Fj\u00e4rdhundraland, gemischt mit W\u00e4ldern und sch\u00f6nen T\u00e4lern. Viele tolle Naturerlebnisse warten auf Sie! Mehrere Haltestellen mit biologischem Lebensmittelhandwerk wie K\u00e4se, Marmeladen, Wurstwaren, Apfelsaft und Geb\u00e4ck. Sie k\u00f6nnen auch Eier, Blumen und Gartenpflanzen kaufen ....","rel":"","context":"\u00c4hnlicher Beitrag","block_context":{"text":"\u00c4hnlicher Beitrag","link":""},"img":{"alt_text":"","src":"","width":0,"height":0},"classes":[]},{"id":4533,"url":"https:\/\/www.fjardhundraland.se\/de\/veranstaltungen\/rebus-rund10\/vasteras-rundfahrt-mit-12-haltestellen\/","url_meta":{"origin":2394,"position":4},"title":"V\u00e4ster\u00e5s Rundfahrt mit 12 Haltestellen","author":"Ylva Fontell","date":"25 Juli 2017","format":false,"excerpt":"Dies ist ein Routenvorschlag f\u00fcr die Rebusrundan, der f\u00fcr diejenigen geeignet ist, die aus V\u00e4ster\u00e5s kommen. Die Route f\u00fchrt durch die landwirtschaftlich gepr\u00e4gte Landschaft des Fj\u00e4rdhundraland, gemischt mit Wald und sch\u00f6nen T\u00e4lern. Viele tolle Naturerlebnisse warten auf Sie! Ein Rundgang mit allem von der Inneneinrichtung bis zu alten Autos!  Lebensmittelhandwerk in verschiedenen Formen wie Kalbstanz und Schokolade. Verkauf von...","rel":"","context":"\u00c4hnlicher Beitrag","block_context":{"text":"\u00c4hnlicher Beitrag","link":""},"img":{"alt_text":"","src":"","width":0,"height":0},"classes":[]},{"id":4537,"url":"https:\/\/www.fjardhundraland.se\/de\/veranstaltungen\/rebus-rund10\/sala-hebyrundan-mit-13-anschlagen\/","url_meta":{"origin":2394,"position":5},"title":"Sala-Hebyrundan mit 13 Haltestellen","author":"Ylva Fontell","date":"25 Juli 2017","format":false,"excerpt":"Dies ist ein Routenvorschlag f\u00fcr Rebusrundan, der f\u00fcr diejenigen geeignet ist, die von Sala oder Heby kommen. Die Route f\u00fchrt durch die landwirtschaftliche Landschaft des Fj\u00e4rdhundraland, gemischt mit W\u00e4ldern und sch\u00f6nen T\u00e4lern. Viele tolle Naturerlebnisse warten auf Sie! Mehrere Haltestellen haben eine Menge Geschichte zu erz\u00e4hlen \u00fcber Runensteine, Soldatend\u00f6rfer und alte Dorfschulen. An mehreren Stellen gibt es \u00f6kologische...","rel":"","context":"\u00c4hnlicher Beitrag","block_context":{"text":"\u00c4hnlicher Beitrag","link":""},"img":{"alt_text":"","src":"","width":0,"height":0},"classes":[]}],"jetpack_sharing_enabled":true,"_links":{"self":[{"href":"https:\/\/www.fjardhundraland.se\/de\/wp-json\/wp\/v2\/pages\/2394","targetHints":{"allow":["GET"]}}],"collection":[{"href":"https:\/\/www.fjardhundraland.se\/de\/wp-json\/wp\/v2\/pages"}],"about":[{"href":"https:\/\/www.fjardhundraland.se\/de\/wp-json\/wp\/v2\/types\/page"}],"author":[{"embeddable":true,"href":"https:\/\/www.fjardhundraland.se\/de\/wp-json\/wp\/v2\/users\/1"}],"replies":[{"embeddable":true,"href":"https:\/\/www.fjardhundraland.se\/de\/wp-json\/wp\/v2\/comments?post=2394"}],"version-history":[{"count":0,"href":"https:\/\/www.fjardhundraland.se\/de\/wp-json\/wp\/v2\/pages\/2394\/revisions"}],"up":[{"embeddable":true,"href":"https:\/\/www.fjardhundraland.se\/de\/wp-json\/wp\/v2\/pages\/2163"}],"wp:featuredmedia":[{"embeddable":true,"href":"https:\/\/www.fjardhundraland.se\/de\/wp-json\/wp\/v2\/media\/4858"}],"wp:attachment":[{"href":"https:\/\/www.fjardhundraland.se\/de\/wp-json\/wp\/v2\/media?parent=2394"}],"wp:term":[{"taxonomy":"category","embeddable":true,"href":"https:\/\/www.fjardhundraland.se\/de\/wp-json\/wp\/v2\/categories?post=2394"},{"taxonomy":"post_tag","embeddable":true,"href":"https:\/\/www.fjardhundraland.se\/de\/wp-json\/wp\/v2\/tags?post=2394"}],"curies":[{"name":"wp","href":"https:\/\/api.w.org\/{rel}","templated":true}]}}