
{"id":2163,"date":"2014-04-04T17:00:43","date_gmt":"2014-04-04T15:00:43","guid":{"rendered":"http:\/\/www.fjardhundraland.se\/event\/"},"modified":"2026-01-23T11:31:32","modified_gmt":"2026-01-23T10:31:32","slug":"veranstaltungen","status":"publish","type":"page","link":"https:\/\/www.fjardhundraland.se\/de\/veranstaltungen\/","title":{"rendered":"Veranstaltungen 2026"},"content":{"rendered":"<p>Der Verein Fj\u00e4rdhundraland organisiert jedes Jahr mehrere gemeinsame Veranstaltungen, zus\u00e4tzlich zu all den <a href=\"https:\/\/www.fjardhundraland.se\/nu\/\">Hunderte von Aktivit\u00e4ten, die von unseren Mitgliedern das ganze Jahr \u00fcber in eigener Regie organisiert werden<\/a>.<\/p>\n\n\n\n<p>Die Runden sind beliebte Veranstaltungen, die Besucher dazu verleitet, die Hauptstra\u00dfe zu verlassen und neue Orte entlang der Nebenstra\u00dfen zu entdecken.<\/p>\n\n\n\n<h2 class=\"wp-block-heading\">Neu <strong>Rebus-Runde - Samstag 9. und Sonntag 10. Mai 2026<\/strong><\/h2>\n\n\n\n<p>Offene Bauernh\u00f6fe, Gesch\u00e4fte, Caf\u00e9s und Restaurants in der ganzen Region. An jedem Ort gibt es f\u00fcr die Besucher ein R\u00e4tsel zu l\u00f6sen - mit etwas Gl\u00fcck k\u00f6nnen Sie an einem der besuchten Orte Preise gewinnen. Die Preise werden von den Teilnehmern gestiftet. Zus\u00e4tzliche Preise sind ebenfalls erh\u00e4ltlich. Lesen Sie mehr \u00fcber <a href=\"https:\/\/www.fjardhundraland.se\/de\/rebusrunde-2\/\" target=\"_blank\" rel=\"noreferrer noopener\">Die neue Rebus-Runde<\/a>.<\/p>\n\n\n\n<h2 class=\"wp-block-heading\"><strong>Flohmarktrunde - Samstag 4. und Sonntag 5. Juli 2026<\/strong><\/h2>\n\n\n\n<p>Eine Tour mit vielen Flohm\u00e4rkten an vielen verschiedenen Orten. Lesen Sie mehr \u00fcber <a href=\"https:\/\/www.fjardhundraland.se\/de\/runde-der-flohmarkte\/\" target=\"_blank\" rel=\"noreferrer noopener\">Loppisrundan<\/a>.<\/p>\n\n\n\n<h2 class=\"wp-block-heading\"><strong>Tuva &amp; T\u00e4ppa - Samstag 1. und Sonntag 2. August 2026<\/strong><\/h2>\n\n\n\n<p>Die Gartentour, bei der sich private G\u00e4rten und kommerzielle G\u00e4rten im Verein \u00f6ffnen, um Garteninspirationen zu geben. Mehr \u00fcber <a href=\"https:\/\/www.fjardhundraland.se\/de\/tuva\/\">Tuva &amp; T\u00e4ppa<\/a> .<\/p>\n\n\n\n<h2 class=\"wp-block-heading\"><strong>Mat &amp; M\u00e4nniskor<\/strong> \u2013<strong>Samstag 29. und Sonntag 30. August 2026<\/strong><\/h2>\n\n\n\n<p>Die Food Tour, bei der die Besucher zwischen Lebensmittelherstellern und Restaurants reisen. An jedem Ort k\u00f6nnen Sie eine Degustationsportion kaufen - es ist wie ein Geschmacksprobenmen\u00fc mit allen Geschm\u00e4ckern des Fj\u00e4rdhundralands. Au\u00dferdem haben Sie die M\u00f6glichkeit, mit den Erzeugern ins Gespr\u00e4ch zu kommen und ihre Produkte einzukaufen, um sie zu Hause zu genie\u00dfen. Mat &amp; M\u00e4nniskor:  Der Mensch und seine Essgewohnheiten! Lesen Sie mehr \u00fcber <a href=\"https:\/\/www.fjardhundraland.se\/de\/matomanniskor\/\">Mat &amp; M\u00e4nniskor<\/a> <\/p>\n\n\n\n<h2 class=\"wp-block-heading\"><strong>Die Kreativrunde<\/strong> \u2013 <strong>Samstag 17. und Sonntag 18. Oktober 2026<\/strong><\/h2>\n\n\n\n<p>Die Macher von Fj\u00e4rdhundraland laden Sie, Ihre Familie und Freunde zu einem Ausflug in die Welt der Kreativit\u00e4t ein! Sie werden die Gelegenheit haben, Werkst\u00e4tten zu besuchen und zu sehen, wie Objekte hergestellt werden, und mit einigen der Teilnehmer k\u00f6nnen Sie sich sogar selbst daran versuchen. Lesen Sie mehr \u00fcber <a href=\"https:\/\/www.fjardhundraland.se\/de\/kreativa\/\" data-type=\"link\" data-id=\"https:\/\/www.fjardhundraland.se\/kreativa\/\">Die Kreativrunde<\/a><\/p>\n\n\n\n<hr class=\"wp-block-separator has-alpha-channel-opacity is-style-wide\"\/>\n\n\n\n<p><\/p>","protected":false},"excerpt":{"rendered":"<p>INHALT<\/p>","protected":false},"author":1,"featured_media":9097,"parent":0,"menu_order":12,"comment_status":"open","ping_status":"closed","template":"","meta":{"_acf_changed":false,"_relevanssi_hide_post":"","_relevanssi_hide_content":"","_relevanssi_pin_for_all":"","_relevanssi_pin_keywords":"","_relevanssi_unpin_keywords":"","_relevanssi_related_keywords":"","_relevanssi_related_include_ids":"","_relevanssi_related_exclude_ids":"","_relevanssi_related_no_append":"","_relevanssi_related_not_related":"","_relevanssi_related_posts":"10366,12584,13560,4786,10768,11244","_relevanssi_noindex_reason":"","_genesis_hide_title":false,"_genesis_hide_breadcrumbs":false,"_genesis_hide_singular_image":false,"_genesis_hide_footer_widgets":false,"_genesis_custom_body_class":"","_genesis_custom_post_class":"","_genesis_layout":"","footnotes":""},"categories":[],"tags":[],"class_list":{"0":"post-2163","1":"page","2":"type-page","3":"status-publish","4":"has-post-thumbnail","6":"entry"},"acf":[],"visa":null,"geo_latitude":null,"geo_longitude":null,"featured_image_src":"https:\/\/www.fjardhundraland.se\/wp-content\/uploads\/2021\/06\/dunderbo-ljus-hantverk-loppisrundan2019juli06-15.jpg","featured_image_src_square":"https:\/\/www.fjardhundraland.se\/wp-content\/uploads\/2021\/06\/dunderbo-ljus-hantverk-loppisrundan2019juli06-15.jpg","jetpack-related-posts":[{"id":2394,"url":"https:\/\/www.fjardhundraland.se\/de\/veranstaltungen\/rebus-rund10\/","url_meta":{"origin":2163,"position":0},"title":"Die Runde 2021 von Rebus","author":"Mats Thorburn","date":"18 Juni 2014","format":false,"excerpt":"Datum\/Zeit Sonntag, 1. und 8. August 2021, 11-17 Uhr: Rebusrundan l\u00e4dt Sie, Ihre Familie und Freunde zu einem Ausflug in Fj\u00e4rdhundraland ein. An zwei Sonntagen im August haben die Attraktionen und Gesch\u00e4fte ge\u00f6ffnet - und alle kommen auf ihre Kosten! Besuchen und R\u00e4tsel l\u00f6sen, einkaufen, wetteifern, essen &amp;...","rel":"","context":"\u00c4hnlicher Beitrag","block_context":{"text":"\u00c4hnlicher Beitrag","link":""},"img":{"alt_text":"","src":"https:\/\/i0.wp.com\/www.fjardhundraland.se\/wp-content\/uploads\/2018\/02\/rebusrundan.jpg?resize=350%2C200&ssl=1","width":350,"height":200,"srcset":"https:\/\/i0.wp.com\/www.fjardhundraland.se\/wp-content\/uploads\/2018\/02\/rebusrundan.jpg?resize=350%2C200&ssl=1 1x, https:\/\/i0.wp.com\/www.fjardhundraland.se\/wp-content\/uploads\/2018\/02\/rebusrundan.jpg?resize=525%2C300&ssl=1 1.5x, https:\/\/i0.wp.com\/www.fjardhundraland.se\/wp-content\/uploads\/2018\/02\/rebusrundan.jpg?resize=700%2C400&ssl=1 2x, https:\/\/i0.wp.com\/www.fjardhundraland.se\/wp-content\/uploads\/2018\/02\/rebusrundan.jpg?resize=1050%2C600&ssl=1 3x, https:\/\/i0.wp.com\/www.fjardhundraland.se\/wp-content\/uploads\/2018\/02\/rebusrundan.jpg?resize=1400%2C800&ssl=1 4x"},"classes":[]},{"id":4537,"url":"https:\/\/www.fjardhundraland.se\/de\/veranstaltungen\/rebus-rund10\/sala-hebyrundan-mit-13-anschlagen\/","url_meta":{"origin":2163,"position":1},"title":"Sala-Hebyrundan mit 13 Haltestellen","author":"Ylva Fontell","date":"25 Juli 2017","format":false,"excerpt":"Dies ist ein Routenvorschlag f\u00fcr Rebusrundan, der f\u00fcr diejenigen geeignet ist, die von Sala oder Heby kommen. Die Route f\u00fchrt durch die landwirtschaftliche Landschaft des Fj\u00e4rdhundraland, gemischt mit W\u00e4ldern und sch\u00f6nen T\u00e4lern. Viele tolle Naturerlebnisse warten auf Sie! Mehrere Haltestellen haben eine Menge Geschichte zu erz\u00e4hlen \u00fcber Runensteine, Soldatend\u00f6rfer und alte Dorfschulen. An mehreren Stellen gibt es \u00f6kologische...","rel":"","context":"\u00c4hnlicher Beitrag","block_context":{"text":"\u00c4hnlicher Beitrag","link":""},"img":{"alt_text":"","src":"","width":0,"height":0},"classes":[]},{"id":4533,"url":"https:\/\/www.fjardhundraland.se\/de\/veranstaltungen\/rebus-rund10\/vasteras-rundfahrt-mit-12-haltestellen\/","url_meta":{"origin":2163,"position":2},"title":"V\u00e4ster\u00e5s Rundfahrt mit 12 Haltestellen","author":"Ylva Fontell","date":"25 Juli 2017","format":false,"excerpt":"Dies ist ein Routenvorschlag f\u00fcr die Rebusrundan, der f\u00fcr diejenigen geeignet ist, die aus V\u00e4ster\u00e5s kommen. Die Route f\u00fchrt durch die landwirtschaftlich gepr\u00e4gte Landschaft des Fj\u00e4rdhundraland, gemischt mit Wald und sch\u00f6nen T\u00e4lern. Viele tolle Naturerlebnisse warten auf Sie! Ein Rundgang mit allem von der Inneneinrichtung bis zu alten Autos!  Lebensmittelhandwerk in verschiedenen Formen wie Kalbstanz und Schokolade. Verkauf von...","rel":"","context":"\u00c4hnlicher Beitrag","block_context":{"text":"\u00c4hnlicher Beitrag","link":""},"img":{"alt_text":"","src":"","width":0,"height":0},"classes":[]},{"id":4036,"url":"https:\/\/www.fjardhundraland.se\/de\/veranstaltungen\/tradgardsrunda-tuva-tappa\/","url_meta":{"origin":2163,"position":3},"title":"Tuva &amp; T\u00e4ppa","author":"Ylva Fontell","date":"7 April 2017","format":false,"excerpt":"Eine Gartentour in der N\u00e4he von Stockholm, Uppsala und V\u00e4ster\u00e5s Tr\u00e4dg\u00e5rdsrundan Tuva &amp; t\u00e4ppa ist die j\u00e4hrliche Veranstaltung von Fj\u00e4rdhundraland f\u00fcr Gartenliebhaber! Besuchen Sie Schaug\u00e4rten, private G\u00e4rten und Kleing\u00e4rten - sprechen Sie mit Gartenliebhabern und professionellen G\u00e4rtnern \u00fcber Gartenarbeit und Anbau. Holen Sie sich Inspirationen und Tipps, was Sie zu Hause in Ihrem eigenen Beet tun k\u00f6nnen. Tuva &amp;...","rel":"","context":"\u00c4hnlicher Beitrag","block_context":{"text":"\u00c4hnlicher Beitrag","link":""},"img":{"alt_text":"Tr\u00e4dg\u00e5rdsrundan Tuva & T\u00e4ppa","src":"https:\/\/i0.wp.com\/www.fjardhundraland.se\/wp-content\/uploads\/2017\/04\/buskage-kopia.jpg?resize=350%2C200&ssl=1","width":350,"height":200,"srcset":"https:\/\/i0.wp.com\/www.fjardhundraland.se\/wp-content\/uploads\/2017\/04\/buskage-kopia.jpg?resize=350%2C200&ssl=1 1x, https:\/\/i0.wp.com\/www.fjardhundraland.se\/wp-content\/uploads\/2017\/04\/buskage-kopia.jpg?resize=525%2C300&ssl=1 1.5x, https:\/\/i0.wp.com\/www.fjardhundraland.se\/wp-content\/uploads\/2017\/04\/buskage-kopia.jpg?resize=700%2C400&ssl=1 2x, https:\/\/i0.wp.com\/www.fjardhundraland.se\/wp-content\/uploads\/2017\/04\/buskage-kopia.jpg?resize=1050%2C600&ssl=1 3x, https:\/\/i0.wp.com\/www.fjardhundraland.se\/wp-content\/uploads\/2017\/04\/buskage-kopia.jpg?resize=1400%2C800&ssl=1 4x"},"classes":[]},{"id":4530,"url":"https:\/\/www.fjardhundraland.se\/de\/veranstaltungen\/rebus-rund10\/die-uppsala-rundfahrt-mit-12-haltestellen\/","url_meta":{"origin":2163,"position":4},"title":"Uppsalaour mit 12 Haltestellen","author":"Ylva Fontell","date":"25 Juli 2017","format":false,"excerpt":"Dies ist ein Routenvorschlag f\u00fcr die Rebus-Runde, der f\u00fcr diejenigen geeignet ist, die von Uppsala kommen. Die Route f\u00fchrt durch die landwirtschaftlich gepr\u00e4gte Landschaft von Fj\u00e4rdhundraland, gemischt mit Wald und sch\u00f6nen T\u00e4lern. Viele tolle Naturerlebnisse warten auf Sie! Sie werden verschiedene Formen des Lebensmittelhandwerks finden, wie K\u00e4se, Marmeladen, Wurstwaren und Geb\u00e4ck. Sie k\u00f6nnen auch Eier, Blumen und Gartenpflanzen kaufen....","rel":"","context":"\u00c4hnlicher Beitrag","block_context":{"text":"\u00c4hnlicher Beitrag","link":""},"img":{"alt_text":"","src":"","width":0,"height":0},"classes":[]},{"id":4539,"url":"https:\/\/www.fjardhundraland.se\/de\/veranstaltungen\/rebus-rund10\/balsta-stockholmsrundan-mit-11-haltestellen\/","url_meta":{"origin":2163,"position":5},"title":"B\u00e5lsta-Stockholm Hin- und R\u00fcckfahrt mit 11 Haltestellen","author":"Ylva Fontell","date":"25 Juli 2017","format":false,"excerpt":"Dies ist eine vorgeschlagene Route f\u00fcr die Rebusrundan, die f\u00fcr diejenigen geeignet ist, die aus Stockholm kommen. Die Route f\u00fchrt durch die landwirtschaftlich gepr\u00e4gte Landschaft des Fj\u00e4rdhundraland, gemischt mit W\u00e4ldern und sch\u00f6nen T\u00e4lern. Viele tolle Naturerlebnisse warten auf Sie! Mehrere Haltestellen mit biologischem Lebensmittelhandwerk wie K\u00e4se, Marmeladen, Wurstwaren, Apfelsaft und Geb\u00e4ck. Sie k\u00f6nnen auch Eier, Blumen und Gartenpflanzen kaufen ....","rel":"","context":"\u00c4hnlicher Beitrag","block_context":{"text":"\u00c4hnlicher Beitrag","link":""},"img":{"alt_text":"","src":"","width":0,"height":0},"classes":[]}],"jetpack_sharing_enabled":true,"_links":{"self":[{"href":"https:\/\/www.fjardhundraland.se\/de\/wp-json\/wp\/v2\/pages\/2163","targetHints":{"allow":["GET"]}}],"collection":[{"href":"https:\/\/www.fjardhundraland.se\/de\/wp-json\/wp\/v2\/pages"}],"about":[{"href":"https:\/\/www.fjardhundraland.se\/de\/wp-json\/wp\/v2\/types\/page"}],"author":[{"embeddable":true,"href":"https:\/\/www.fjardhundraland.se\/de\/wp-json\/wp\/v2\/users\/1"}],"replies":[{"embeddable":true,"href":"https:\/\/www.fjardhundraland.se\/de\/wp-json\/wp\/v2\/comments?post=2163"}],"version-history":[{"count":12,"href":"https:\/\/www.fjardhundraland.se\/de\/wp-json\/wp\/v2\/pages\/2163\/revisions"}],"predecessor-version":[{"id":19489,"href":"https:\/\/www.fjardhundraland.se\/de\/wp-json\/wp\/v2\/pages\/2163\/revisions\/19489"}],"wp:featuredmedia":[{"embeddable":true,"href":"https:\/\/www.fjardhundraland.se\/de\/wp-json\/wp\/v2\/media\/9097"}],"wp:attachment":[{"href":"https:\/\/www.fjardhundraland.se\/de\/wp-json\/wp\/v2\/media?parent=2163"}],"wp:term":[{"taxonomy":"category","embeddable":true,"href":"https:\/\/www.fjardhundraland.se\/de\/wp-json\/wp\/v2\/categories?post=2163"},{"taxonomy":"post_tag","embeddable":true,"href":"https:\/\/www.fjardhundraland.se\/de\/wp-json\/wp\/v2\/tags?post=2163"}],"curies":[{"name":"wp","href":"https:\/\/api.w.org\/{rel}","templated":true}]}}