
{"id":2124,"date":"2014-03-15T10:03:21","date_gmt":"2014-03-15T09:03:21","guid":{"rendered":"http:\/\/www.fjardhundraland.se\/?page_id=2124"},"modified":"2025-10-14T10:11:46","modified_gmt":"2025-10-14T08:11:46","slug":"kontakt","status":"publish","type":"page","link":"https:\/\/www.fjardhundraland.se\/de\/uber-fjardhundraland\/kontakt\/","title":{"rendered":"Kontakt"},"content":{"rendered":"<p><strong>Kontaktinformationen der einzelnen Mitglieder und Reiseziele<\/strong> finden Sie auf der Seite <a href=\"https:\/\/www.fjardhundraland.se\/de\/die-standorte\/gora\/\">Erleben<\/a>, <a href=\"https:\/\/www.fjardhundraland.se\/de\/die-standorte\/shop\/\">Einkaufen<\/a>, <a href=\"https:\/\/www.fjardhundraland.se\/de\/die-standorte\/ata\/\">Essen<\/a> und <a href=\"https:\/\/www.fjardhundraland.se\/de\/die-standorte\/nest\/\">Wohnen<\/a>.<\/p>\n\n\n\n<p><strong>Folgen Sie uns:<\/strong> <br><i class=\"fa fa-facebook-official\" aria-hidden=\"true\"><\/i> <a rel=\"noopener noreferrer\" href=\"https:\/\/www.facebook.com\/fjardhundraland\/\" target=\"_blank\">Facebook<\/a> \u2022 <i class=\"fa fa-instagram\" aria-hidden=\"true\"><\/i><span style=\"font-size: inherit;\"> <\/span><a rel=\"noopener noreferrer\" style=\"font-size: inherit;\" href=\"https:\/\/www.instagram.com\/fjardhundraland\/\" target=\"_blank\">Instagram<\/a><\/p>\n\n\n\n<h3 class=\"wp-block-heading\">Rechnungsadresse:<\/h3>\n\n\n\n<p>Fj\u00e4rdhundraland ekonomisk f\u00f6rening<br>c\/o Ekblom<br>Fr\u00f6sthults-Brunnby 11<br>749 72 Fj\u00e4rdhundra<\/p>\n\n\n\n<p><strong>Nummer der Organisation:<\/strong>&nbsp;769622-7417<\/p>\n\n\n\n<p><strong>Bank\u00fcberweisung<\/strong> 735-2693. <strong>Swish <\/strong>123 261 48 32.<\/p>\n\n\n\n<p>Wollen Sie mehr \u00fcber den Verein Fj\u00e4rdhundraland erfahren m\u00f6chten, einen <a href=\"https:\/\/www.fjardhundraland.se\/de\/uber-fjardhundraland\/boka-en-forelasning\/\">Vortrag<\/a> oder einen <a href=\"https:\/\/www.fjardhundraland.se\/de\/uber-fjardhundraland\/boka-ett-studiebesok\/\">Studienbesuch<\/a>buchen? Dann wenden Sie sich an den Vorsitzenden Thomas Bj\u00f6rk, 070-899 29 19, <a href=\"mailto:thomas@fjardhundraland.se\">thomas@fjardhundraland.se<\/a>.<\/p>","protected":false},"excerpt":{"rendered":"<p>Kontaktuppgifter till enskilda medlemmar och bes\u00f6ksm\u00e5l finns p\u00e5 respektive sida, under G\u00f6ra &amp; bes\u00f6ka, Handla, \u00c4ta och Bo. F\u00f6lj oss: Facebook \u2022 Instagram Fakturaadress: Fj\u00e4rdhundraland ek f\u00f6rc\/o EkblomFr\u00f6sthults-Brunnby 11749 72 Fj\u00e4rdhundra Organisationsnummer:&nbsp;769622-7417 Bankgiro 735-2693. Swish 123 261 48 32. Vill du veta mer om f\u00f6reningen Fj\u00e4rdhundraland, boka en f\u00f6rel\u00e4sning eller ett studiebes\u00f6k? Kontakta ordf\u00f6randen Thomas [&hellip;]<\/p>\n","protected":false},"author":1,"featured_media":0,"parent":1515,"menu_order":40,"comment_status":"open","ping_status":"closed","template":"","meta":{"_acf_changed":false,"_relevanssi_hide_post":"","_relevanssi_hide_content":"","_relevanssi_pin_for_all":"","_relevanssi_pin_keywords":"","_relevanssi_unpin_keywords":"","_relevanssi_related_keywords":"","_relevanssi_related_include_ids":"","_relevanssi_related_exclude_ids":"","_relevanssi_related_no_append":"","_relevanssi_related_not_related":"","_relevanssi_related_posts":"16533,17239,2495,4945,41,1167","_relevanssi_noindex_reason":"","_genesis_hide_title":false,"_genesis_hide_breadcrumbs":false,"_genesis_hide_singular_image":false,"_genesis_hide_footer_widgets":false,"_genesis_custom_body_class":"","_genesis_custom_post_class":"","_genesis_layout":"","footnotes":""},"categories":[],"tags":[],"class_list":{"0":"post-2124","1":"page","2":"type-page","3":"status-publish","5":"entry"},"acf":[],"visa":null,"geo_latitude":null,"geo_longitude":null,"featured_image_src":null,"featured_image_src_square":null,"jetpack-related-posts":[{"id":1800,"url":"https:\/\/www.fjardhundraland.se\/de\/uber-fjardhundraland\/ausgezogen\/","url_meta":{"origin":2124,"position":0},"title":"Austritt","author":"Ylva Fontell","date":"28 Februar 2014","format":false,"excerpt":"Wenn Sie Ihre Mitgliedschaft bei Fj\u00e4rdhundraland ek. beenden m\u00f6chten. Verein beenden m\u00f6chten, f\u00fcllen Sie bitte dieses Formular aus: Austrittsformular HINWEIS! Dies gilt nur f\u00fcr Vollmitglieder. Wenn Sie nicht mehr F\u00f6rdermitglied sein wollen, senden Sie bitte eine Nachricht an inga@fjardhundraland.se","rel":"","context":"\u00c4hnlicher Beitrag","block_context":{"text":"\u00c4hnlicher Beitrag","link":""},"img":{"alt_text":"","src":"","width":0,"height":0},"classes":[]}],"jetpack_sharing_enabled":true,"_links":{"self":[{"href":"https:\/\/www.fjardhundraland.se\/de\/wp-json\/wp\/v2\/pages\/2124","targetHints":{"allow":["GET"]}}],"collection":[{"href":"https:\/\/www.fjardhundraland.se\/de\/wp-json\/wp\/v2\/pages"}],"about":[{"href":"https:\/\/www.fjardhundraland.se\/de\/wp-json\/wp\/v2\/types\/page"}],"author":[{"embeddable":true,"href":"https:\/\/www.fjardhundraland.se\/de\/wp-json\/wp\/v2\/users\/1"}],"replies":[{"embeddable":true,"href":"https:\/\/www.fjardhundraland.se\/de\/wp-json\/wp\/v2\/comments?post=2124"}],"version-history":[{"count":1,"href":"https:\/\/www.fjardhundraland.se\/de\/wp-json\/wp\/v2\/pages\/2124\/revisions"}],"predecessor-version":[{"id":18978,"href":"https:\/\/www.fjardhundraland.se\/de\/wp-json\/wp\/v2\/pages\/2124\/revisions\/18978"}],"up":[{"embeddable":true,"href":"https:\/\/www.fjardhundraland.se\/de\/wp-json\/wp\/v2\/pages\/1515"}],"wp:attachment":[{"href":"https:\/\/www.fjardhundraland.se\/de\/wp-json\/wp\/v2\/media?parent=2124"}],"wp:term":[{"taxonomy":"category","embeddable":true,"href":"https:\/\/www.fjardhundraland.se\/de\/wp-json\/wp\/v2\/categories?post=2124"},{"taxonomy":"post_tag","embeddable":true,"href":"https:\/\/www.fjardhundraland.se\/de\/wp-json\/wp\/v2\/tags?post=2124"}],"curies":[{"name":"wp","href":"https:\/\/api.w.org\/{rel}","templated":true}]}}